{"id":8106,"date":"2025-02-27T11:15:03","date_gmt":"2025-02-27T10:15:03","guid":{"rendered":"https:\/\/test2.bolderparis.com\/?post_type=product&#038;p=8106"},"modified":"2025-03-14T15:42:00","modified_gmt":"2025-03-14T14:42:00","slug":"kit-zodiaque-essentiels","status":"publish","type":"product","link":"https:\/\/test2.bolderparis.com\/fr\/produit\/kit-zodiaque-essentiels\/","title":{"rendered":"Kit Zodiaque Essentiels"},"content":{"rendered":"","protected":false},"excerpt":{"rendered":"<p>Choisis 1 Coque Zodiaque, 1 Cordon ajustable et 1 ensemble de Switchie de ton choix (5 par pack).<\/p>\n<p>Disponibilit\u00e9 : 12 signes du zodiaque, 7 couleurs de cordons avec finitions argent\u00e9es ou noires, et 2 ensembles de Switchies diff\u00e9rents.<\/p>\n","protected":false},"featured_media":8136,"comment_status":"open","ping_status":"closed","template":"","meta":{"_uag_custom_page_level_css":"","site-sidebar-layout":"default","site-content-layout":"","ast-site-content-layout":"default","site-content-style":"default","site-sidebar-style":"default","ast-global-header-display":"","ast-banner-title-visibility":"","ast-main-header-display":"","ast-hfb-above-header-display":"","ast-hfb-below-header-display":"","ast-hfb-mobile-header-display":"","site-post-title":"","ast-breadcrumbs-content":"","ast-featured-img":"","footer-sml-layout":"","ast-disable-related-posts":"","theme-transparent-header-meta":"default","adv-header-id-meta":"","stick-header-meta":"","header-above-stick-meta":"","header-main-stick-meta":"","header-below-stick-meta":"","astra-migrate-meta-layouts":"set","ast-page-background-enabled":"default","ast-page-background-meta":{"desktop":{"background-color":"var(--ast-global-color-4)","background-image":"","background-repeat":"repeat","background-position":"center center","background-size":"auto","background-attachment":"scroll","background-type":"","background-media":"","overlay-type":"","overlay-color":"","overlay-opacity":"","overlay-gradient":""},"tablet":{"background-color":"","background-image":"","background-repeat":"repeat","background-position":"center center","background-size":"auto","background-attachment":"scroll","background-type":"","background-media":"","overlay-type":"","overlay-color":"","overlay-opacity":"","overlay-gradient":""},"mobile":{"background-color":"","background-image":"","background-repeat":"repeat","background-position":"center center","background-size":"auto","background-attachment":"scroll","background-type":"","background-media":"","overlay-type":"","overlay-color":"","overlay-opacity":"","overlay-gradient":""}},"ast-content-background-meta":{"desktop":{"background-color":"var(--ast-global-color-5)","background-image":"","background-repeat":"repeat","background-position":"center center","background-size":"auto","background-attachment":"scroll","background-type":"","background-media":"","overlay-type":"","overlay-color":"","overlay-opacity":"","overlay-gradient":""},"tablet":{"background-color":"var(--ast-global-color-5)","background-image":"","background-repeat":"repeat","background-position":"center center","background-size":"auto","background-attachment":"scroll","background-type":"","background-media":"","overlay-type":"","overlay-color":"","overlay-opacity":"","overlay-gradient":""},"mobile":{"background-color":"var(--ast-global-color-5)","background-image":"","background-repeat":"repeat","background-position":"center center","background-size":"auto","background-attachment":"scroll","background-type":"","background-media":"","overlay-type":"","overlay-color":"","overlay-opacity":"","overlay-gradient":""}},"_themeisle_gutenberg_block_has_review":false},"product_brand":[],"product_cat":[94,101,125,89,103],"product_tag":[],"class_list":{"0":"post-8106","1":"product","2":"type-product","3":"status-publish","4":"has-post-thumbnail","6":"product_cat-accessoires","7":"product_cat-coques-de-telephone","8":"product_cat-nouveautes","9":"product_cat-voir-tous","10":"product_cat-zodiaque","11":"desktop-align-center","12":"tablet-align-center","13":"mobile-align-center","15":"first","16":"instock","17":"sale","18":"taxable","19":"shipping-taxable","20":"purchasable","21":"product-type-simple"},"acf":[],"yoast_head":"<!-- This site is optimized with the Yoast SEO plugin v25.1 - https:\/\/yoast.com\/wordpress\/plugins\/seo\/ -->\n<title>Kit Zodiaque Essentiels - test2.bolderparis.com<\/title>\n<meta name=\"description\" content=\"Le Kit Zodiaque essentiels comprend une coque de t\u00e9l\u00e9phone, un cordon et un set de 5 Switchies, parfait pour ajouter style et fonctionnalit\u00e9 \u00e0 votre quotidien.\" \/>\n<meta name=\"robots\" content=\"index, follow, max-snippet:-1, max-image-preview:large, max-video-preview:-1\" \/>\n<link rel=\"canonical\" href=\"https:\/\/test2.bolderparis.com\/produit\/zodiac-essentials-set\/\" \/>\n<meta property=\"og:locale\" content=\"fr_FR\" \/>\n<meta property=\"og:type\" content=\"article\" \/>\n<meta property=\"og:title\" content=\"Kit Zodiaque Essentiels - test2.bolderparis.com\" \/>\n<meta property=\"og:description\" content=\"Le Kit Zodiaque essentiels comprend une coque de t\u00e9l\u00e9phone, un cordon et un set de 5 Switchies, parfait pour ajouter style et fonctionnalit\u00e9 \u00e0 votre quotidien.\" \/>\n<meta property=\"og:url\" content=\"https:\/\/test2.bolderparis.com\/produit\/zodiac-essentials-set\/\" \/>\n<meta property=\"og:site_name\" content=\"test2.bolderparis.com\" \/>\n<meta property=\"article:modified_time\" content=\"2025-03-14T14:42:00+00:00\" \/>\n<meta property=\"og:image\" content=\"https:\/\/test2.bolderparis.com\/wp-content\/uploads\/2025\/02\/LIBRA-01-scaled.jpg\" \/>\n\t<meta property=\"og:image:width\" content=\"2560\" \/>\n\t<meta property=\"og:image:height\" content=\"2522\" \/>\n\t<meta property=\"og:image:type\" content=\"image\/jpeg\" \/>\n<meta name=\"twitter:card\" content=\"summary_large_image\" \/>\n<meta name=\"twitter:label1\" content=\"Dur\u00e9e de lecture estim\u00e9e\" \/>\n\t<meta name=\"twitter:data1\" content=\"1 minute\" \/>\n<script type=\"application\/ld+json\" class=\"yoast-schema-graph\">{\"@context\":\"https:\/\/schema.org\",\"@graph\":[{\"@type\":\"WebPage\",\"@id\":\"https:\/\/test2.bolderparis.com\/produit\/zodiac-essentials-set\/\",\"url\":\"https:\/\/test2.bolderparis.com\/produit\/zodiac-essentials-set\/\",\"name\":\"Kit Zodiaque Essentiels - test2.bolderparis.com\",\"isPartOf\":{\"@id\":\"https:\/\/test2.bolderparis.com\/#website\"},\"primaryImageOfPage\":{\"@id\":\"https:\/\/test2.bolderparis.com\/produit\/zodiac-essentials-set\/#primaryimage\"},\"image\":{\"@id\":\"https:\/\/test2.bolderparis.com\/produit\/zodiac-essentials-set\/#primaryimage\"},\"thumbnailUrl\":\"https:\/\/test2.bolderparis.com\/wp-content\/uploads\/2025\/02\/LIBRA-01-scaled.jpg\",\"datePublished\":\"2025-02-27T10:15:03+00:00\",\"dateModified\":\"2025-03-14T14:42:00+00:00\",\"description\":\"Le Kit Zodiaque essentiels comprend une coque de t\u00e9l\u00e9phone, un cordon et un set de 5 Switchies, parfait pour ajouter style et fonctionnalit\u00e9 \u00e0 votre quotidien.\",\"breadcrumb\":{\"@id\":\"https:\/\/test2.bolderparis.com\/produit\/zodiac-essentials-set\/#breadcrumb\"},\"inLanguage\":\"fr-FR\",\"potentialAction\":[{\"@type\":\"ReadAction\",\"target\":[\"https:\/\/test2.bolderparis.com\/produit\/zodiac-essentials-set\/\"]}]},{\"@type\":\"ImageObject\",\"inLanguage\":\"fr-FR\",\"@id\":\"https:\/\/test2.bolderparis.com\/produit\/zodiac-essentials-set\/#primaryimage\",\"url\":\"https:\/\/test2.bolderparis.com\/wp-content\/uploads\/2025\/02\/LIBRA-01-scaled.jpg\",\"contentUrl\":\"https:\/\/test2.bolderparis.com\/wp-content\/uploads\/2025\/02\/LIBRA-01-scaled.jpg\",\"width\":2560,\"height\":2522},{\"@type\":\"BreadcrumbList\",\"@id\":\"https:\/\/test2.bolderparis.com\/produit\/zodiac-essentials-set\/#breadcrumb\",\"itemListElement\":[{\"@type\":\"ListItem\",\"position\":1,\"name\":\"Home\",\"item\":\"https:\/\/test2.bolderparis.com\/fr\/\"},{\"@type\":\"ListItem\",\"position\":2,\"name\":\"Boutique\",\"item\":\"https:\/\/test2.bolderparis.com\/shop\/\"},{\"@type\":\"ListItem\",\"position\":3,\"name\":\"Kit Zodiaque Essentiels\"}]},{\"@type\":\"WebSite\",\"@id\":\"https:\/\/test2.bolderparis.com\/#website\",\"url\":\"https:\/\/test2.bolderparis.com\/\",\"name\":\"test2.bolderparis.com\",\"description\":\"only cute people wear kasey\",\"publisher\":{\"@id\":\"https:\/\/test2.bolderparis.com\/#organization\"},\"potentialAction\":[{\"@type\":\"SearchAction\",\"target\":{\"@type\":\"EntryPoint\",\"urlTemplate\":\"https:\/\/test2.bolderparis.com\/?s={search_term_string}\"},\"query-input\":{\"@type\":\"PropertyValueSpecification\",\"valueRequired\":true,\"valueName\":\"search_term_string\"}}],\"inLanguage\":\"fr-FR\"},{\"@type\":\"Organization\",\"@id\":\"https:\/\/test2.bolderparis.com\/#organization\",\"name\":\"KASEY CASES\",\"url\":\"https:\/\/test2.bolderparis.com\/\",\"logo\":{\"@type\":\"ImageObject\",\"inLanguage\":\"fr-FR\",\"@id\":\"https:\/\/test2.bolderparis.com\/#\/schema\/logo\/image\/\",\"url\":\"https:\/\/test2.bolderparis.com\/wp-content\/uploads\/2024\/07\/cropped-Logo-kasey-2.jpg\",\"contentUrl\":\"https:\/\/test2.bolderparis.com\/wp-content\/uploads\/2024\/07\/cropped-Logo-kasey-2.jpg\",\"width\":620,\"height\":357,\"caption\":\"KASEY CASES\"},\"image\":{\"@id\":\"https:\/\/test2.bolderparis.com\/#\/schema\/logo\/image\/\"},\"sameAs\":[\"https:\/\/www.instagram.com\/kaseycases\/\",\"https:\/\/www.tiktok.com\/@kaseycases\"]}]}<\/script>\n<!-- \/ Yoast SEO plugin. -->","yoast_head_json":{"title":"Kit Zodiaque Essentiels - test2.bolderparis.com","description":"Le Kit Zodiaque essentiels comprend une coque de t\u00e9l\u00e9phone, un cordon et un set de 5 Switchies, parfait pour ajouter style et fonctionnalit\u00e9 \u00e0 votre quotidien.","robots":{"index":"index","follow":"follow","max-snippet":"max-snippet:-1","max-image-preview":"max-image-preview:large","max-video-preview":"max-video-preview:-1"},"canonical":"https:\/\/test2.bolderparis.com\/produit\/zodiac-essentials-set\/","og_locale":"fr_FR","og_type":"article","og_title":"Kit Zodiaque Essentiels - test2.bolderparis.com","og_description":"Le Kit Zodiaque essentiels comprend une coque de t\u00e9l\u00e9phone, un cordon et un set de 5 Switchies, parfait pour ajouter style et fonctionnalit\u00e9 \u00e0 votre quotidien.","og_url":"https:\/\/test2.bolderparis.com\/produit\/zodiac-essentials-set\/","og_site_name":"test2.bolderparis.com","article_modified_time":"2025-03-14T14:42:00+00:00","og_image":[{"width":2560,"height":2522,"url":"https:\/\/test2.bolderparis.com\/wp-content\/uploads\/2025\/02\/LIBRA-01-scaled.jpg","type":"image\/jpeg"}],"twitter_card":"summary_large_image","twitter_misc":{"Dur\u00e9e de lecture estim\u00e9e":"1 minute"},"schema":{"@context":"https:\/\/schema.org","@graph":[{"@type":"WebPage","@id":"https:\/\/test2.bolderparis.com\/produit\/zodiac-essentials-set\/","url":"https:\/\/test2.bolderparis.com\/produit\/zodiac-essentials-set\/","name":"Kit Zodiaque Essentiels - test2.bolderparis.com","isPartOf":{"@id":"https:\/\/test2.bolderparis.com\/#website"},"primaryImageOfPage":{"@id":"https:\/\/test2.bolderparis.com\/produit\/zodiac-essentials-set\/#primaryimage"},"image":{"@id":"https:\/\/test2.bolderparis.com\/produit\/zodiac-essentials-set\/#primaryimage"},"thumbnailUrl":"https:\/\/test2.bolderparis.com\/wp-content\/uploads\/2025\/02\/LIBRA-01-scaled.jpg","datePublished":"2025-02-27T10:15:03+00:00","dateModified":"2025-03-14T14:42:00+00:00","description":"Le Kit Zodiaque essentiels comprend une coque de t\u00e9l\u00e9phone, un cordon et un set de 5 Switchies, parfait pour ajouter style et fonctionnalit\u00e9 \u00e0 votre quotidien.","breadcrumb":{"@id":"https:\/\/test2.bolderparis.com\/produit\/zodiac-essentials-set\/#breadcrumb"},"inLanguage":"fr-FR","potentialAction":[{"@type":"ReadAction","target":["https:\/\/test2.bolderparis.com\/produit\/zodiac-essentials-set\/"]}]},{"@type":"ImageObject","inLanguage":"fr-FR","@id":"https:\/\/test2.bolderparis.com\/produit\/zodiac-essentials-set\/#primaryimage","url":"https:\/\/test2.bolderparis.com\/wp-content\/uploads\/2025\/02\/LIBRA-01-scaled.jpg","contentUrl":"https:\/\/test2.bolderparis.com\/wp-content\/uploads\/2025\/02\/LIBRA-01-scaled.jpg","width":2560,"height":2522},{"@type":"BreadcrumbList","@id":"https:\/\/test2.bolderparis.com\/produit\/zodiac-essentials-set\/#breadcrumb","itemListElement":[{"@type":"ListItem","position":1,"name":"Home","item":"https:\/\/test2.bolderparis.com\/fr\/"},{"@type":"ListItem","position":2,"name":"Boutique","item":"https:\/\/test2.bolderparis.com\/shop\/"},{"@type":"ListItem","position":3,"name":"Kit Zodiaque Essentiels"}]},{"@type":"WebSite","@id":"https:\/\/test2.bolderparis.com\/#website","url":"https:\/\/test2.bolderparis.com\/","name":"test2.bolderparis.com","description":"only cute people wear kasey","publisher":{"@id":"https:\/\/test2.bolderparis.com\/#organization"},"potentialAction":[{"@type":"SearchAction","target":{"@type":"EntryPoint","urlTemplate":"https:\/\/test2.bolderparis.com\/?s={search_term_string}"},"query-input":{"@type":"PropertyValueSpecification","valueRequired":true,"valueName":"search_term_string"}}],"inLanguage":"fr-FR"},{"@type":"Organization","@id":"https:\/\/test2.bolderparis.com\/#organization","name":"KASEY CASES","url":"https:\/\/test2.bolderparis.com\/","logo":{"@type":"ImageObject","inLanguage":"fr-FR","@id":"https:\/\/test2.bolderparis.com\/#\/schema\/logo\/image\/","url":"https:\/\/test2.bolderparis.com\/wp-content\/uploads\/2024\/07\/cropped-Logo-kasey-2.jpg","contentUrl":"https:\/\/test2.bolderparis.com\/wp-content\/uploads\/2024\/07\/cropped-Logo-kasey-2.jpg","width":620,"height":357,"caption":"KASEY CASES"},"image":{"@id":"https:\/\/test2.bolderparis.com\/#\/schema\/logo\/image\/"},"sameAs":["https:\/\/www.instagram.com\/kaseycases\/","https:\/\/www.tiktok.com\/@kaseycases"]}]}},"uagb_featured_image_src":{"full":["https:\/\/test2.bolderparis.com\/wp-content\/uploads\/2025\/02\/LIBRA-01-scaled.jpg",2560,2522,false],"thumbnail":["https:\/\/test2.bolderparis.com\/wp-content\/uploads\/2025\/02\/LIBRA-01-300x296.jpg",300,296,true],"medium":["https:\/\/test2.bolderparis.com\/wp-content\/uploads\/2025\/02\/LIBRA-01-360x355.jpg",360,355,true],"medium_large":["https:\/\/test2.bolderparis.com\/wp-content\/uploads\/2025\/02\/LIBRA-01-768x757.jpg",768,757,true],"large":["https:\/\/test2.bolderparis.com\/wp-content\/uploads\/2025\/02\/LIBRA-01-900x887.jpg",900,887,true],"1536x1536":["https:\/\/test2.bolderparis.com\/wp-content\/uploads\/2025\/02\/LIBRA-01-1536x1513.jpg",1536,1513,true],"2048x2048":["https:\/\/test2.bolderparis.com\/wp-content\/uploads\/2025\/02\/LIBRA-01-2048x2018.jpg",2048,2018,true],"product-search-thumbnail-32x32":["https:\/\/test2.bolderparis.com\/wp-content\/uploads\/2025\/02\/LIBRA-01-32x32.jpg",32,32,true],"woocommerce_thumbnail":["https:\/\/test2.bolderparis.com\/wp-content\/uploads\/2025\/02\/LIBRA-01-360x360.jpg",360,360,true],"woocommerce_single":["https:\/\/test2.bolderparis.com\/wp-content\/uploads\/2025\/02\/LIBRA-01-900x887.jpg",900,887,true],"woocommerce_gallery_thumbnail":["https:\/\/test2.bolderparis.com\/wp-content\/uploads\/2025\/02\/LIBRA-01-200x200.jpg",200,200,true],"variation_swatches_image_size":["https:\/\/test2.bolderparis.com\/wp-content\/uploads\/2025\/02\/LIBRA-01-50x50.jpg",50,50,true],"variation_swatches_tooltip_size":["https:\/\/test2.bolderparis.com\/wp-content\/uploads\/2025\/02\/LIBRA-01-100x100.jpg",100,100,true]},"uagb_author_info":{"display_name":"test2.bolderparis.com","author_link":"https:\/\/test2.bolderparis.com\/fr\/author\/"},"uagb_comment_info":0,"uagb_excerpt":"Choisis 1 Coque Zodiaque, 1 Cordon ajustable et 1 ensemble de Switchie de ton choix (5 par pack). Disponibilit\u00e9 : 12 signes du zodiaque, 7 couleurs de cordons avec finitions argent\u00e9es ou noires, et 2 ensembles de Switchies diff\u00e9rents.","jetpack_sharing_enabled":true,"_links":{"self":[{"href":"https:\/\/test2.bolderparis.com\/fr\/wp-json\/wp\/v2\/product\/8106","targetHints":{"allow":["GET"]}}],"collection":[{"href":"https:\/\/test2.bolderparis.com\/fr\/wp-json\/wp\/v2\/product"}],"about":[{"href":"https:\/\/test2.bolderparis.com\/fr\/wp-json\/wp\/v2\/types\/product"}],"replies":[{"embeddable":true,"href":"https:\/\/test2.bolderparis.com\/fr\/wp-json\/wp\/v2\/comments?post=8106"}],"wp:featuredmedia":[{"embeddable":true,"href":"https:\/\/test2.bolderparis.com\/fr\/wp-json\/wp\/v2\/media\/8136"}],"wp:attachment":[{"href":"https:\/\/test2.bolderparis.com\/fr\/wp-json\/wp\/v2\/media?parent=8106"}],"wp:term":[{"taxonomy":"product_brand","embeddable":true,"href":"https:\/\/test2.bolderparis.com\/fr\/wp-json\/wp\/v2\/product_brand?post=8106"},{"taxonomy":"product_cat","embeddable":true,"href":"https:\/\/test2.bolderparis.com\/fr\/wp-json\/wp\/v2\/product_cat?post=8106"},{"taxonomy":"product_tag","embeddable":true,"href":"https:\/\/test2.bolderparis.com\/fr\/wp-json\/wp\/v2\/product_tag?post=8106"}],"curies":[{"name":"wp","href":"https:\/\/api.w.org\/{rel}","templated":true}]}}