{"id":7354,"date":"2025-02-13T20:00:22","date_gmt":"2025-02-13T19:00:22","guid":{"rendered":"https:\/\/test2.bolderparis.com\/?post_type=product&#038;p=7354"},"modified":"2025-02-24T19:09:45","modified_gmt":"2025-02-24T18:09:45","slug":"mini-chaine-pop-violet","status":"publish","type":"product","link":"https:\/\/test2.bolderparis.com\/fr\/produit\/mini-chaine-pop-violet\/","title":{"rendered":"Mini Cha\u00eene Pop Violet"},"content":{"rendered":"","protected":false},"excerpt":{"rendered":"<p>&#8211; Charms de coeur et nounours avec des perles<br \/>\n&#8211; Peut \u00eatre ins\u00e9r\u00e9 sur le c\u00f4t\u00e9 de votre \u00e9tui de t\u00e9l\u00e9phone Kasey ou attach\u00e9 avec notre carte de sangle m\u00e9tallique solide dans le trou du chargeur<br \/>\n&#8211; Peut \u00e9galement \u00eatre utilis\u00e9 comme porte-cl\u00e9s ou accessoiris\u00e9 sur votre sac<br \/>\n&#8211; Crochet et carte de sangle inclus<\/p>\n<p>&#8211; Gardez \u00e0 l&rsquo;esprit que la carte de sangle ne peut \u00eatre utilis\u00e9e que sur les \u00e9tuis de t\u00e9l\u00e9phone \u00e0 couverture compl\u00e8te.<\/p>\n","protected":false},"featured_media":7621,"comment_status":"closed","ping_status":"closed","template":"","meta":{"_uag_custom_page_level_css":"","site-sidebar-layout":"default","site-content-layout":"","ast-site-content-layout":"default","site-content-style":"default","site-sidebar-style":"default","ast-global-header-display":"","ast-banner-title-visibility":"","ast-main-header-display":"","ast-hfb-above-header-display":"","ast-hfb-below-header-display":"","ast-hfb-mobile-header-display":"","site-post-title":"","ast-breadcrumbs-content":"","ast-featured-img":"","footer-sml-layout":"","ast-disable-related-posts":"","theme-transparent-header-meta":"default","adv-header-id-meta":"","stick-header-meta":"","header-above-stick-meta":"","header-main-stick-meta":"","header-below-stick-meta":"","astra-migrate-meta-layouts":"set","ast-page-background-enabled":"default","ast-page-background-meta":{"desktop":{"background-color":"var(--ast-global-color-4)","background-image":"","background-repeat":"repeat","background-position":"center center","background-size":"auto","background-attachment":"scroll","background-type":"","background-media":"","overlay-type":"","overlay-color":"","overlay-opacity":"","overlay-gradient":""},"tablet":{"background-color":"","background-image":"","background-repeat":"repeat","background-position":"center center","background-size":"auto","background-attachment":"scroll","background-type":"","background-media":"","overlay-type":"","overlay-color":"","overlay-opacity":"","overlay-gradient":""},"mobile":{"background-color":"","background-image":"","background-repeat":"repeat","background-position":"center center","background-size":"auto","background-attachment":"scroll","background-type":"","background-media":"","overlay-type":"","overlay-color":"","overlay-opacity":"","overlay-gradient":""}},"ast-content-background-meta":{"desktop":{"background-color":"var(--ast-global-color-5)","background-image":"","background-repeat":"repeat","background-position":"center center","background-size":"auto","background-attachment":"scroll","background-type":"","background-media":"","overlay-type":"","overlay-color":"","overlay-opacity":"","overlay-gradient":""},"tablet":{"background-color":"var(--ast-global-color-5)","background-image":"","background-repeat":"repeat","background-position":"center center","background-size":"auto","background-attachment":"scroll","background-type":"","background-media":"","overlay-type":"","overlay-color":"","overlay-opacity":"","overlay-gradient":""},"mobile":{"background-color":"var(--ast-global-color-5)","background-image":"","background-repeat":"repeat","background-position":"center center","background-size":"auto","background-attachment":"scroll","background-type":"","background-media":"","overlay-type":"","overlay-color":"","overlay-opacity":"","overlay-gradient":""}},"_themeisle_gutenberg_block_has_review":false},"product_brand":[],"product_cat":[159,91,94,125,89],"product_tag":[],"class_list":{"0":"post-7354","1":"product","2":"type-product","3":"status-publish","4":"has-post-thumbnail","6":"product_cat-mini-chaines","7":"product_cat-chaines-pour-telephone","8":"product_cat-accessoires","9":"product_cat-nouveautes","10":"product_cat-voir-tous","11":"desktop-align-center","12":"tablet-align-center","13":"mobile-align-center","15":"first","16":"instock","17":"taxable","18":"shipping-taxable","19":"purchasable","20":"product-type-simple"},"acf":[],"yoast_head":"<!-- This site is optimized with the Yoast SEO plugin v25.1 - https:\/\/yoast.com\/wordpress\/plugins\/seo\/ -->\n<title>Mini Cha\u00eene Pop Violet - test2.bolderparis.com<\/title>\n<meta name=\"description\" content=\"Accessoires de t\u00e9l\u00e9phone Kasey - Accessoirisez votre mobile ou sac avec notre cha\u00eene pop violet, orn\u00e9e de charms de coeur et nounours avec des perles.\" \/>\n<meta name=\"robots\" content=\"index, follow, max-snippet:-1, max-image-preview:large, max-video-preview:-1\" \/>\n<link rel=\"canonical\" href=\"https:\/\/test2.bolderparis.com\/fr\/produit\/mini-chaine-pop-violet\/\" \/>\n<meta property=\"og:locale\" content=\"fr_FR\" \/>\n<meta property=\"og:type\" content=\"article\" \/>\n<meta property=\"og:title\" content=\"Mini Cha\u00eene Pop Violet - test2.bolderparis.com\" \/>\n<meta property=\"og:description\" content=\"Accessoires de t\u00e9l\u00e9phone Kasey - Accessoirisez votre mobile ou sac avec notre cha\u00eene pop violet, orn\u00e9e de charms de coeur et nounours avec des perles.\" \/>\n<meta property=\"og:url\" content=\"https:\/\/test2.bolderparis.com\/fr\/produit\/mini-chaine-pop-violet\/\" \/>\n<meta property=\"og:site_name\" content=\"test2.bolderparis.com\" \/>\n<meta property=\"article:modified_time\" content=\"2025-02-24T18:09:45+00:00\" \/>\n<meta property=\"og:image\" content=\"https:\/\/test2.bolderparis.com\/wp-content\/uploads\/2025\/02\/IMG_1012.jpeg\" \/>\n\t<meta property=\"og:image:width\" content=\"1250\" \/>\n\t<meta property=\"og:image:height\" content=\"1250\" \/>\n\t<meta property=\"og:image:type\" content=\"image\/jpeg\" \/>\n<meta name=\"twitter:card\" content=\"summary_large_image\" \/>\n<meta name=\"twitter:label1\" content=\"Dur\u00e9e de lecture estim\u00e9e\" \/>\n\t<meta name=\"twitter:data1\" content=\"1 minute\" \/>\n<script type=\"application\/ld+json\" class=\"yoast-schema-graph\">{\"@context\":\"https:\/\/schema.org\",\"@graph\":[{\"@type\":\"WebPage\",\"@id\":\"https:\/\/test2.bolderparis.com\/fr\/produit\/mini-chaine-pop-violet\/\",\"url\":\"https:\/\/test2.bolderparis.com\/fr\/produit\/mini-chaine-pop-violet\/\",\"name\":\"Mini Cha\u00eene Pop Violet - test2.bolderparis.com\",\"isPartOf\":{\"@id\":\"https:\/\/test2.bolderparis.com\/#website\"},\"primaryImageOfPage\":{\"@id\":\"https:\/\/test2.bolderparis.com\/fr\/produit\/mini-chaine-pop-violet\/#primaryimage\"},\"image\":{\"@id\":\"https:\/\/test2.bolderparis.com\/fr\/produit\/mini-chaine-pop-violet\/#primaryimage\"},\"thumbnailUrl\":\"https:\/\/test2.bolderparis.com\/wp-content\/uploads\/2025\/02\/IMG_1012.jpeg\",\"datePublished\":\"2025-02-13T19:00:22+00:00\",\"dateModified\":\"2025-02-24T18:09:45+00:00\",\"description\":\"Accessoires de t\u00e9l\u00e9phone Kasey - Accessoirisez votre mobile ou sac avec notre cha\u00eene pop violet, orn\u00e9e de charms de coeur et nounours avec des perles.\",\"breadcrumb\":{\"@id\":\"https:\/\/test2.bolderparis.com\/fr\/produit\/mini-chaine-pop-violet\/#breadcrumb\"},\"inLanguage\":\"fr-FR\",\"potentialAction\":[{\"@type\":\"ReadAction\",\"target\":[\"https:\/\/test2.bolderparis.com\/fr\/produit\/mini-chaine-pop-violet\/\"]}]},{\"@type\":\"ImageObject\",\"inLanguage\":\"fr-FR\",\"@id\":\"https:\/\/test2.bolderparis.com\/fr\/produit\/mini-chaine-pop-violet\/#primaryimage\",\"url\":\"https:\/\/test2.bolderparis.com\/wp-content\/uploads\/2025\/02\/IMG_1012.jpeg\",\"contentUrl\":\"https:\/\/test2.bolderparis.com\/wp-content\/uploads\/2025\/02\/IMG_1012.jpeg\",\"width\":1250,\"height\":1250},{\"@type\":\"BreadcrumbList\",\"@id\":\"https:\/\/test2.bolderparis.com\/fr\/produit\/mini-chaine-pop-violet\/#breadcrumb\",\"itemListElement\":[{\"@type\":\"ListItem\",\"position\":1,\"name\":\"Home\",\"item\":\"https:\/\/test2.bolderparis.com\/fr\/\"},{\"@type\":\"ListItem\",\"position\":2,\"name\":\"Boutique\",\"item\":\"https:\/\/test2.bolderparis.com\/shop\/\"},{\"@type\":\"ListItem\",\"position\":3,\"name\":\"Mini Cha\u00eene Pop Violet\"}]},{\"@type\":\"WebSite\",\"@id\":\"https:\/\/test2.bolderparis.com\/#website\",\"url\":\"https:\/\/test2.bolderparis.com\/\",\"name\":\"test2.bolderparis.com\",\"description\":\"only cute people wear kasey\",\"publisher\":{\"@id\":\"https:\/\/test2.bolderparis.com\/#organization\"},\"potentialAction\":[{\"@type\":\"SearchAction\",\"target\":{\"@type\":\"EntryPoint\",\"urlTemplate\":\"https:\/\/test2.bolderparis.com\/?s={search_term_string}\"},\"query-input\":{\"@type\":\"PropertyValueSpecification\",\"valueRequired\":true,\"valueName\":\"search_term_string\"}}],\"inLanguage\":\"fr-FR\"},{\"@type\":\"Organization\",\"@id\":\"https:\/\/test2.bolderparis.com\/#organization\",\"name\":\"KASEY CASES\",\"url\":\"https:\/\/test2.bolderparis.com\/\",\"logo\":{\"@type\":\"ImageObject\",\"inLanguage\":\"fr-FR\",\"@id\":\"https:\/\/test2.bolderparis.com\/#\/schema\/logo\/image\/\",\"url\":\"https:\/\/test2.bolderparis.com\/wp-content\/uploads\/2024\/07\/cropped-Logo-kasey-2.jpg\",\"contentUrl\":\"https:\/\/test2.bolderparis.com\/wp-content\/uploads\/2024\/07\/cropped-Logo-kasey-2.jpg\",\"width\":620,\"height\":357,\"caption\":\"KASEY CASES\"},\"image\":{\"@id\":\"https:\/\/test2.bolderparis.com\/#\/schema\/logo\/image\/\"},\"sameAs\":[\"https:\/\/www.instagram.com\/kaseycases\/\",\"https:\/\/www.tiktok.com\/@kaseycases\"]}]}<\/script>\n<!-- \/ Yoast SEO plugin. -->","yoast_head_json":{"title":"Mini Cha\u00eene Pop Violet - test2.bolderparis.com","description":"Accessoires de t\u00e9l\u00e9phone Kasey - Accessoirisez votre mobile ou sac avec notre cha\u00eene pop violet, orn\u00e9e de charms de coeur et nounours avec des perles.","robots":{"index":"index","follow":"follow","max-snippet":"max-snippet:-1","max-image-preview":"max-image-preview:large","max-video-preview":"max-video-preview:-1"},"canonical":"https:\/\/test2.bolderparis.com\/fr\/produit\/mini-chaine-pop-violet\/","og_locale":"fr_FR","og_type":"article","og_title":"Mini Cha\u00eene Pop Violet - test2.bolderparis.com","og_description":"Accessoires de t\u00e9l\u00e9phone Kasey - Accessoirisez votre mobile ou sac avec notre cha\u00eene pop violet, orn\u00e9e de charms de coeur et nounours avec des perles.","og_url":"https:\/\/test2.bolderparis.com\/fr\/produit\/mini-chaine-pop-violet\/","og_site_name":"test2.bolderparis.com","article_modified_time":"2025-02-24T18:09:45+00:00","og_image":[{"width":1250,"height":1250,"url":"https:\/\/test2.bolderparis.com\/wp-content\/uploads\/2025\/02\/IMG_1012.jpeg","type":"image\/jpeg"}],"twitter_card":"summary_large_image","twitter_misc":{"Dur\u00e9e de lecture estim\u00e9e":"1 minute"},"schema":{"@context":"https:\/\/schema.org","@graph":[{"@type":"WebPage","@id":"https:\/\/test2.bolderparis.com\/fr\/produit\/mini-chaine-pop-violet\/","url":"https:\/\/test2.bolderparis.com\/fr\/produit\/mini-chaine-pop-violet\/","name":"Mini Cha\u00eene Pop Violet - test2.bolderparis.com","isPartOf":{"@id":"https:\/\/test2.bolderparis.com\/#website"},"primaryImageOfPage":{"@id":"https:\/\/test2.bolderparis.com\/fr\/produit\/mini-chaine-pop-violet\/#primaryimage"},"image":{"@id":"https:\/\/test2.bolderparis.com\/fr\/produit\/mini-chaine-pop-violet\/#primaryimage"},"thumbnailUrl":"https:\/\/test2.bolderparis.com\/wp-content\/uploads\/2025\/02\/IMG_1012.jpeg","datePublished":"2025-02-13T19:00:22+00:00","dateModified":"2025-02-24T18:09:45+00:00","description":"Accessoires de t\u00e9l\u00e9phone Kasey - Accessoirisez votre mobile ou sac avec notre cha\u00eene pop violet, orn\u00e9e de charms de coeur et nounours avec des perles.","breadcrumb":{"@id":"https:\/\/test2.bolderparis.com\/fr\/produit\/mini-chaine-pop-violet\/#breadcrumb"},"inLanguage":"fr-FR","potentialAction":[{"@type":"ReadAction","target":["https:\/\/test2.bolderparis.com\/fr\/produit\/mini-chaine-pop-violet\/"]}]},{"@type":"ImageObject","inLanguage":"fr-FR","@id":"https:\/\/test2.bolderparis.com\/fr\/produit\/mini-chaine-pop-violet\/#primaryimage","url":"https:\/\/test2.bolderparis.com\/wp-content\/uploads\/2025\/02\/IMG_1012.jpeg","contentUrl":"https:\/\/test2.bolderparis.com\/wp-content\/uploads\/2025\/02\/IMG_1012.jpeg","width":1250,"height":1250},{"@type":"BreadcrumbList","@id":"https:\/\/test2.bolderparis.com\/fr\/produit\/mini-chaine-pop-violet\/#breadcrumb","itemListElement":[{"@type":"ListItem","position":1,"name":"Home","item":"https:\/\/test2.bolderparis.com\/fr\/"},{"@type":"ListItem","position":2,"name":"Boutique","item":"https:\/\/test2.bolderparis.com\/shop\/"},{"@type":"ListItem","position":3,"name":"Mini Cha\u00eene Pop Violet"}]},{"@type":"WebSite","@id":"https:\/\/test2.bolderparis.com\/#website","url":"https:\/\/test2.bolderparis.com\/","name":"test2.bolderparis.com","description":"only cute people wear kasey","publisher":{"@id":"https:\/\/test2.bolderparis.com\/#organization"},"potentialAction":[{"@type":"SearchAction","target":{"@type":"EntryPoint","urlTemplate":"https:\/\/test2.bolderparis.com\/?s={search_term_string}"},"query-input":{"@type":"PropertyValueSpecification","valueRequired":true,"valueName":"search_term_string"}}],"inLanguage":"fr-FR"},{"@type":"Organization","@id":"https:\/\/test2.bolderparis.com\/#organization","name":"KASEY CASES","url":"https:\/\/test2.bolderparis.com\/","logo":{"@type":"ImageObject","inLanguage":"fr-FR","@id":"https:\/\/test2.bolderparis.com\/#\/schema\/logo\/image\/","url":"https:\/\/test2.bolderparis.com\/wp-content\/uploads\/2024\/07\/cropped-Logo-kasey-2.jpg","contentUrl":"https:\/\/test2.bolderparis.com\/wp-content\/uploads\/2024\/07\/cropped-Logo-kasey-2.jpg","width":620,"height":357,"caption":"KASEY CASES"},"image":{"@id":"https:\/\/test2.bolderparis.com\/#\/schema\/logo\/image\/"},"sameAs":["https:\/\/www.instagram.com\/kaseycases\/","https:\/\/www.tiktok.com\/@kaseycases"]}]}},"uagb_featured_image_src":{"full":["https:\/\/test2.bolderparis.com\/wp-content\/uploads\/2025\/02\/IMG_1012.jpeg",1250,1250,false],"thumbnail":["https:\/\/test2.bolderparis.com\/wp-content\/uploads\/2025\/02\/IMG_1012-300x300.jpeg",300,300,true],"medium":["https:\/\/test2.bolderparis.com\/wp-content\/uploads\/2025\/02\/IMG_1012-360x360.jpeg",360,360,true],"medium_large":["https:\/\/test2.bolderparis.com\/wp-content\/uploads\/2025\/02\/IMG_1012-768x768.jpeg",768,768,true],"large":["https:\/\/test2.bolderparis.com\/wp-content\/uploads\/2025\/02\/IMG_1012-900x900.jpeg",900,900,true],"1536x1536":["https:\/\/test2.bolderparis.com\/wp-content\/uploads\/2025\/02\/IMG_1012.jpeg",1250,1250,false],"2048x2048":["https:\/\/test2.bolderparis.com\/wp-content\/uploads\/2025\/02\/IMG_1012.jpeg",1250,1250,false],"product-search-thumbnail-32x32":["https:\/\/test2.bolderparis.com\/wp-content\/uploads\/2025\/02\/IMG_1012-32x32.jpeg",32,32,true],"woocommerce_thumbnail":["https:\/\/test2.bolderparis.com\/wp-content\/uploads\/2025\/02\/IMG_1012-360x360.jpeg",360,360,true],"woocommerce_single":["https:\/\/test2.bolderparis.com\/wp-content\/uploads\/2025\/02\/IMG_1012-900x900.jpeg",900,900,true],"woocommerce_gallery_thumbnail":["https:\/\/test2.bolderparis.com\/wp-content\/uploads\/2025\/02\/IMG_1012-200x200.jpeg",200,200,true],"variation_swatches_image_size":["https:\/\/test2.bolderparis.com\/wp-content\/uploads\/2025\/02\/IMG_1012-50x50.jpeg",50,50,true],"variation_swatches_tooltip_size":["https:\/\/test2.bolderparis.com\/wp-content\/uploads\/2025\/02\/IMG_1012-100x100.jpeg",100,100,true]},"uagb_author_info":{"display_name":"test2.bolderparis.com","author_link":"https:\/\/test2.bolderparis.com\/fr\/author\/"},"uagb_comment_info":0,"uagb_excerpt":"- Charms de coeur et nounours avec des perles - Peut \u00eatre ins\u00e9r\u00e9 sur le c\u00f4t\u00e9 de votre \u00e9tui de t\u00e9l\u00e9phone Kasey ou attach\u00e9 avec notre carte de sangle m\u00e9tallique solide dans le trou du chargeur - Peut \u00e9galement \u00eatre utilis\u00e9 comme porte-cl\u00e9s ou accessoiris\u00e9 sur votre sac - Crochet et carte de sangle inclus\u2026","jetpack_sharing_enabled":true,"_links":{"self":[{"href":"https:\/\/test2.bolderparis.com\/fr\/wp-json\/wp\/v2\/product\/7354","targetHints":{"allow":["GET"]}}],"collection":[{"href":"https:\/\/test2.bolderparis.com\/fr\/wp-json\/wp\/v2\/product"}],"about":[{"href":"https:\/\/test2.bolderparis.com\/fr\/wp-json\/wp\/v2\/types\/product"}],"replies":[{"embeddable":true,"href":"https:\/\/test2.bolderparis.com\/fr\/wp-json\/wp\/v2\/comments?post=7354"}],"wp:featuredmedia":[{"embeddable":true,"href":"https:\/\/test2.bolderparis.com\/fr\/wp-json\/wp\/v2\/media\/7621"}],"wp:attachment":[{"href":"https:\/\/test2.bolderparis.com\/fr\/wp-json\/wp\/v2\/media?parent=7354"}],"wp:term":[{"taxonomy":"product_brand","embeddable":true,"href":"https:\/\/test2.bolderparis.com\/fr\/wp-json\/wp\/v2\/product_brand?post=7354"},{"taxonomy":"product_cat","embeddable":true,"href":"https:\/\/test2.bolderparis.com\/fr\/wp-json\/wp\/v2\/product_cat?post=7354"},{"taxonomy":"product_tag","embeddable":true,"href":"https:\/\/test2.bolderparis.com\/fr\/wp-json\/wp\/v2\/product_tag?post=7354"}],"curies":[{"name":"wp","href":"https:\/\/api.w.org\/{rel}","templated":true}]}}