{"id":6997,"date":"2023-09-10T11:13:39","date_gmt":"2023-09-10T09:13:39","guid":{"rendered":"https:\/\/test2.bolderparis.com\/?post_type=product&#038;p=6997"},"modified":"2025-08-11T22:47:09","modified_gmt":"2025-08-11T20:47:09","slug":"accessoires-support-de-sangle-argent","status":"publish","type":"product","link":"https:\/\/test2.bolderparis.com\/fr\/produit\/accessoires-support-de-sangle-argent\/","title":{"rendered":"Support de Sangle argent\u00e9"},"content":{"rendered":"","protected":false},"excerpt":{"rendered":"<p>Am\u00e9liorez votre coque de t\u00e9l\u00e9phone avec notre Support de Sangle pour T\u00e9l\u00e9phone, un accessoire \u00e9l\u00e9gant et fonctionnel con\u00e7u pour l&rsquo;attache facile de cha\u00eenes, cordons ou sangles de poignet.<\/p>\n<p>&#8211; Installation simple<br \/>\n&#8211; Styl\u00e9 &#038; Pratique<br \/>\n&#8211; Compatibilit\u00e9 universelle : Convient \u00e0 la plupart des coques de t\u00e9l\u00e9phone avec couverture compl\u00e8te<br \/>\n&#8211; Commodit\u00e9 mains libres : Vous permet de porter votre t\u00e9l\u00e9phone confortablement avec une sangle ou une cha\u00eene.<\/p>\n","protected":false},"featured_media":7034,"comment_status":"open","ping_status":"closed","template":"","meta":{"_uag_custom_page_level_css":"","site-sidebar-layout":"default","site-content-layout":"","ast-site-content-layout":"default","site-content-style":"default","site-sidebar-style":"default","ast-global-header-display":"","ast-banner-title-visibility":"","ast-main-header-display":"","ast-hfb-above-header-display":"","ast-hfb-below-header-display":"","ast-hfb-mobile-header-display":"","site-post-title":"","ast-breadcrumbs-content":"","ast-featured-img":"","footer-sml-layout":"","ast-disable-related-posts":"","theme-transparent-header-meta":"default","adv-header-id-meta":"","stick-header-meta":"","header-above-stick-meta":"","header-main-stick-meta":"","header-below-stick-meta":"","astra-migrate-meta-layouts":"set","ast-page-background-enabled":"default","ast-page-background-meta":{"desktop":{"background-color":"var(--ast-global-color-4)","background-image":"","background-repeat":"repeat","background-position":"center center","background-size":"auto","background-attachment":"scroll","background-type":"","background-media":"","overlay-type":"","overlay-color":"","overlay-opacity":"","overlay-gradient":""},"tablet":{"background-color":"","background-image":"","background-repeat":"repeat","background-position":"center center","background-size":"auto","background-attachment":"scroll","background-type":"","background-media":"","overlay-type":"","overlay-color":"","overlay-opacity":"","overlay-gradient":""},"mobile":{"background-color":"","background-image":"","background-repeat":"repeat","background-position":"center center","background-size":"auto","background-attachment":"scroll","background-type":"","background-media":"","overlay-type":"","overlay-color":"","overlay-opacity":"","overlay-gradient":""}},"ast-content-background-meta":{"desktop":{"background-color":"var(--ast-global-color-5)","background-image":"","background-repeat":"repeat","background-position":"center center","background-size":"auto","background-attachment":"scroll","background-type":"","background-media":"","overlay-type":"","overlay-color":"","overlay-opacity":"","overlay-gradient":""},"tablet":{"background-color":"var(--ast-global-color-5)","background-image":"","background-repeat":"repeat","background-position":"center center","background-size":"auto","background-attachment":"scroll","background-type":"","background-media":"","overlay-type":"","overlay-color":"","overlay-opacity":"","overlay-gradient":""},"mobile":{"background-color":"var(--ast-global-color-5)","background-image":"","background-repeat":"repeat","background-position":"center center","background-size":"auto","background-attachment":"scroll","background-type":"","background-media":"","overlay-type":"","overlay-color":"","overlay-opacity":"","overlay-gradient":""}},"_themeisle_gutenberg_block_has_review":false},"product_brand":[],"product_cat":[91,94,89],"product_tag":[],"class_list":{"0":"post-6997","1":"product","2":"type-product","3":"status-publish","4":"has-post-thumbnail","6":"product_cat-chaines-pour-telephone","7":"product_cat-accessoires","8":"product_cat-voir-tous","9":"desktop-align-center","10":"tablet-align-center","11":"mobile-align-center","13":"first","14":"instock","15":"taxable","16":"shipping-taxable","17":"purchasable","18":"product-type-simple"},"acf":[],"yoast_head":"<!-- This site is optimized with the Yoast SEO plugin v25.1 - https:\/\/yoast.com\/wordpress\/plugins\/seo\/ -->\n<title>Support de Sangle argent\u00e9 - test2.bolderparis.com<\/title>\n<meta name=\"description\" content=\"Am\u00e9liorez votre coque de t\u00e9l\u00e9phone avec notre Support de Sangle, un accessoire \u00e9l\u00e9gant et fonctionnel con\u00e7u pour l&#039;attache facile de cha\u00eenes ou cordons.\" \/>\n<meta name=\"robots\" content=\"index, follow, max-snippet:-1, max-image-preview:large, max-video-preview:-1\" \/>\n<link rel=\"canonical\" href=\"https:\/\/test2.bolderparis.com\/produit\/accessories-phone-strap-holder-silver\/\" \/>\n<meta property=\"og:locale\" content=\"fr_FR\" \/>\n<meta property=\"og:type\" content=\"article\" \/>\n<meta property=\"og:title\" content=\"Support de Sangle argent\u00e9 - test2.bolderparis.com\" \/>\n<meta property=\"og:description\" content=\"Am\u00e9liorez votre coque de t\u00e9l\u00e9phone avec notre Support de Sangle, un accessoire \u00e9l\u00e9gant et fonctionnel con\u00e7u pour l&#039;attache facile de cha\u00eenes ou cordons.\" \/>\n<meta property=\"og:url\" content=\"https:\/\/test2.bolderparis.com\/produit\/accessories-phone-strap-holder-silver\/\" \/>\n<meta property=\"og:site_name\" content=\"test2.bolderparis.com\" \/>\n<meta property=\"article:modified_time\" content=\"2025-08-11T20:47:09+00:00\" \/>\n<meta property=\"og:image\" content=\"https:\/\/test2.bolderparis.com\/wp-content\/uploads\/2024\/10\/SILVER-PHONE-STRAP.jpg\" \/>\n\t<meta property=\"og:image:width\" content=\"641\" \/>\n\t<meta property=\"og:image:height\" content=\"641\" \/>\n\t<meta property=\"og:image:type\" content=\"image\/jpeg\" \/>\n<meta name=\"twitter:card\" content=\"summary_large_image\" \/>\n<meta name=\"twitter:label1\" content=\"Dur\u00e9e de lecture estim\u00e9e\" \/>\n\t<meta name=\"twitter:data1\" content=\"1 minute\" \/>\n<script type=\"application\/ld+json\" class=\"yoast-schema-graph\">{\"@context\":\"https:\/\/schema.org\",\"@graph\":[{\"@type\":\"WebPage\",\"@id\":\"https:\/\/test2.bolderparis.com\/produit\/accessories-phone-strap-holder-silver\/\",\"url\":\"https:\/\/test2.bolderparis.com\/produit\/accessories-phone-strap-holder-silver\/\",\"name\":\"Support de Sangle argent\u00e9 - test2.bolderparis.com\",\"isPartOf\":{\"@id\":\"https:\/\/test2.bolderparis.com\/#website\"},\"primaryImageOfPage\":{\"@id\":\"https:\/\/test2.bolderparis.com\/produit\/accessories-phone-strap-holder-silver\/#primaryimage\"},\"image\":{\"@id\":\"https:\/\/test2.bolderparis.com\/produit\/accessories-phone-strap-holder-silver\/#primaryimage\"},\"thumbnailUrl\":\"https:\/\/test2.bolderparis.com\/wp-content\/uploads\/2024\/10\/SILVER-PHONE-STRAP.jpg\",\"datePublished\":\"2023-09-10T09:13:39+00:00\",\"dateModified\":\"2025-08-11T20:47:09+00:00\",\"description\":\"Am\u00e9liorez votre coque de t\u00e9l\u00e9phone avec notre Support de Sangle, un accessoire \u00e9l\u00e9gant et fonctionnel con\u00e7u pour l'attache facile de cha\u00eenes ou cordons.\",\"breadcrumb\":{\"@id\":\"https:\/\/test2.bolderparis.com\/produit\/accessories-phone-strap-holder-silver\/#breadcrumb\"},\"inLanguage\":\"fr-FR\",\"potentialAction\":[{\"@type\":\"ReadAction\",\"target\":[\"https:\/\/test2.bolderparis.com\/produit\/accessories-phone-strap-holder-silver\/\"]}]},{\"@type\":\"ImageObject\",\"inLanguage\":\"fr-FR\",\"@id\":\"https:\/\/test2.bolderparis.com\/produit\/accessories-phone-strap-holder-silver\/#primaryimage\",\"url\":\"https:\/\/test2.bolderparis.com\/wp-content\/uploads\/2024\/10\/SILVER-PHONE-STRAP.jpg\",\"contentUrl\":\"https:\/\/test2.bolderparis.com\/wp-content\/uploads\/2024\/10\/SILVER-PHONE-STRAP.jpg\",\"width\":641,\"height\":641},{\"@type\":\"BreadcrumbList\",\"@id\":\"https:\/\/test2.bolderparis.com\/produit\/accessories-phone-strap-holder-silver\/#breadcrumb\",\"itemListElement\":[{\"@type\":\"ListItem\",\"position\":1,\"name\":\"Home\",\"item\":\"https:\/\/test2.bolderparis.com\/fr\/\"},{\"@type\":\"ListItem\",\"position\":2,\"name\":\"Boutique\",\"item\":\"https:\/\/test2.bolderparis.com\/shop\/\"},{\"@type\":\"ListItem\",\"position\":3,\"name\":\"Support de Sangle argent\u00e9\"}]},{\"@type\":\"WebSite\",\"@id\":\"https:\/\/test2.bolderparis.com\/#website\",\"url\":\"https:\/\/test2.bolderparis.com\/\",\"name\":\"test2.bolderparis.com\",\"description\":\"only cute people wear kasey\",\"publisher\":{\"@id\":\"https:\/\/test2.bolderparis.com\/#organization\"},\"potentialAction\":[{\"@type\":\"SearchAction\",\"target\":{\"@type\":\"EntryPoint\",\"urlTemplate\":\"https:\/\/test2.bolderparis.com\/?s={search_term_string}\"},\"query-input\":{\"@type\":\"PropertyValueSpecification\",\"valueRequired\":true,\"valueName\":\"search_term_string\"}}],\"inLanguage\":\"fr-FR\"},{\"@type\":\"Organization\",\"@id\":\"https:\/\/test2.bolderparis.com\/#organization\",\"name\":\"KASEY CASES\",\"url\":\"https:\/\/test2.bolderparis.com\/\",\"logo\":{\"@type\":\"ImageObject\",\"inLanguage\":\"fr-FR\",\"@id\":\"https:\/\/test2.bolderparis.com\/#\/schema\/logo\/image\/\",\"url\":\"https:\/\/test2.bolderparis.com\/wp-content\/uploads\/2024\/07\/cropped-Logo-kasey-2.jpg\",\"contentUrl\":\"https:\/\/test2.bolderparis.com\/wp-content\/uploads\/2024\/07\/cropped-Logo-kasey-2.jpg\",\"width\":620,\"height\":357,\"caption\":\"KASEY CASES\"},\"image\":{\"@id\":\"https:\/\/test2.bolderparis.com\/#\/schema\/logo\/image\/\"},\"sameAs\":[\"https:\/\/www.instagram.com\/kaseycases\/\",\"https:\/\/www.tiktok.com\/@kaseycases\"]}]}<\/script>\n<!-- \/ Yoast SEO plugin. -->","yoast_head_json":{"title":"Support de Sangle argent\u00e9 - test2.bolderparis.com","description":"Am\u00e9liorez votre coque de t\u00e9l\u00e9phone avec notre Support de Sangle, un accessoire \u00e9l\u00e9gant et fonctionnel con\u00e7u pour l'attache facile de cha\u00eenes ou cordons.","robots":{"index":"index","follow":"follow","max-snippet":"max-snippet:-1","max-image-preview":"max-image-preview:large","max-video-preview":"max-video-preview:-1"},"canonical":"https:\/\/test2.bolderparis.com\/produit\/accessories-phone-strap-holder-silver\/","og_locale":"fr_FR","og_type":"article","og_title":"Support de Sangle argent\u00e9 - test2.bolderparis.com","og_description":"Am\u00e9liorez votre coque de t\u00e9l\u00e9phone avec notre Support de Sangle, un accessoire \u00e9l\u00e9gant et fonctionnel con\u00e7u pour l'attache facile de cha\u00eenes ou cordons.","og_url":"https:\/\/test2.bolderparis.com\/produit\/accessories-phone-strap-holder-silver\/","og_site_name":"test2.bolderparis.com","article_modified_time":"2025-08-11T20:47:09+00:00","og_image":[{"width":641,"height":641,"url":"https:\/\/test2.bolderparis.com\/wp-content\/uploads\/2024\/10\/SILVER-PHONE-STRAP.jpg","type":"image\/jpeg"}],"twitter_card":"summary_large_image","twitter_misc":{"Dur\u00e9e de lecture estim\u00e9e":"1 minute"},"schema":{"@context":"https:\/\/schema.org","@graph":[{"@type":"WebPage","@id":"https:\/\/test2.bolderparis.com\/produit\/accessories-phone-strap-holder-silver\/","url":"https:\/\/test2.bolderparis.com\/produit\/accessories-phone-strap-holder-silver\/","name":"Support de Sangle argent\u00e9 - test2.bolderparis.com","isPartOf":{"@id":"https:\/\/test2.bolderparis.com\/#website"},"primaryImageOfPage":{"@id":"https:\/\/test2.bolderparis.com\/produit\/accessories-phone-strap-holder-silver\/#primaryimage"},"image":{"@id":"https:\/\/test2.bolderparis.com\/produit\/accessories-phone-strap-holder-silver\/#primaryimage"},"thumbnailUrl":"https:\/\/test2.bolderparis.com\/wp-content\/uploads\/2024\/10\/SILVER-PHONE-STRAP.jpg","datePublished":"2023-09-10T09:13:39+00:00","dateModified":"2025-08-11T20:47:09+00:00","description":"Am\u00e9liorez votre coque de t\u00e9l\u00e9phone avec notre Support de Sangle, un accessoire \u00e9l\u00e9gant et fonctionnel con\u00e7u pour l'attache facile de cha\u00eenes ou cordons.","breadcrumb":{"@id":"https:\/\/test2.bolderparis.com\/produit\/accessories-phone-strap-holder-silver\/#breadcrumb"},"inLanguage":"fr-FR","potentialAction":[{"@type":"ReadAction","target":["https:\/\/test2.bolderparis.com\/produit\/accessories-phone-strap-holder-silver\/"]}]},{"@type":"ImageObject","inLanguage":"fr-FR","@id":"https:\/\/test2.bolderparis.com\/produit\/accessories-phone-strap-holder-silver\/#primaryimage","url":"https:\/\/test2.bolderparis.com\/wp-content\/uploads\/2024\/10\/SILVER-PHONE-STRAP.jpg","contentUrl":"https:\/\/test2.bolderparis.com\/wp-content\/uploads\/2024\/10\/SILVER-PHONE-STRAP.jpg","width":641,"height":641},{"@type":"BreadcrumbList","@id":"https:\/\/test2.bolderparis.com\/produit\/accessories-phone-strap-holder-silver\/#breadcrumb","itemListElement":[{"@type":"ListItem","position":1,"name":"Home","item":"https:\/\/test2.bolderparis.com\/fr\/"},{"@type":"ListItem","position":2,"name":"Boutique","item":"https:\/\/test2.bolderparis.com\/shop\/"},{"@type":"ListItem","position":3,"name":"Support de Sangle argent\u00e9"}]},{"@type":"WebSite","@id":"https:\/\/test2.bolderparis.com\/#website","url":"https:\/\/test2.bolderparis.com\/","name":"test2.bolderparis.com","description":"only cute people wear kasey","publisher":{"@id":"https:\/\/test2.bolderparis.com\/#organization"},"potentialAction":[{"@type":"SearchAction","target":{"@type":"EntryPoint","urlTemplate":"https:\/\/test2.bolderparis.com\/?s={search_term_string}"},"query-input":{"@type":"PropertyValueSpecification","valueRequired":true,"valueName":"search_term_string"}}],"inLanguage":"fr-FR"},{"@type":"Organization","@id":"https:\/\/test2.bolderparis.com\/#organization","name":"KASEY CASES","url":"https:\/\/test2.bolderparis.com\/","logo":{"@type":"ImageObject","inLanguage":"fr-FR","@id":"https:\/\/test2.bolderparis.com\/#\/schema\/logo\/image\/","url":"https:\/\/test2.bolderparis.com\/wp-content\/uploads\/2024\/07\/cropped-Logo-kasey-2.jpg","contentUrl":"https:\/\/test2.bolderparis.com\/wp-content\/uploads\/2024\/07\/cropped-Logo-kasey-2.jpg","width":620,"height":357,"caption":"KASEY CASES"},"image":{"@id":"https:\/\/test2.bolderparis.com\/#\/schema\/logo\/image\/"},"sameAs":["https:\/\/www.instagram.com\/kaseycases\/","https:\/\/www.tiktok.com\/@kaseycases"]}]}},"uagb_featured_image_src":{"full":["https:\/\/test2.bolderparis.com\/wp-content\/uploads\/2024\/10\/SILVER-PHONE-STRAP.jpg",641,641,false],"thumbnail":["https:\/\/test2.bolderparis.com\/wp-content\/uploads\/2024\/10\/SILVER-PHONE-STRAP-300x300.jpg",300,300,true],"medium":["https:\/\/test2.bolderparis.com\/wp-content\/uploads\/2024\/10\/SILVER-PHONE-STRAP-360x360.jpg",360,360,true],"medium_large":["https:\/\/test2.bolderparis.com\/wp-content\/uploads\/2024\/10\/SILVER-PHONE-STRAP.jpg",641,641,false],"large":["https:\/\/test2.bolderparis.com\/wp-content\/uploads\/2024\/10\/SILVER-PHONE-STRAP.jpg",641,641,false],"1536x1536":["https:\/\/test2.bolderparis.com\/wp-content\/uploads\/2024\/10\/SILVER-PHONE-STRAP.jpg",641,641,false],"2048x2048":["https:\/\/test2.bolderparis.com\/wp-content\/uploads\/2024\/10\/SILVER-PHONE-STRAP.jpg",641,641,false],"product-search-thumbnail-32x32":["https:\/\/test2.bolderparis.com\/wp-content\/uploads\/2024\/10\/SILVER-PHONE-STRAP-32x32.jpg",32,32,true],"woocommerce_thumbnail":["https:\/\/test2.bolderparis.com\/wp-content\/uploads\/2024\/10\/SILVER-PHONE-STRAP-360x360.jpg",360,360,true],"woocommerce_single":["https:\/\/test2.bolderparis.com\/wp-content\/uploads\/2024\/10\/SILVER-PHONE-STRAP.jpg",641,641,false],"woocommerce_gallery_thumbnail":["https:\/\/test2.bolderparis.com\/wp-content\/uploads\/2024\/10\/SILVER-PHONE-STRAP-200x200.jpg",200,200,true],"variation_swatches_image_size":["https:\/\/test2.bolderparis.com\/wp-content\/uploads\/2024\/10\/SILVER-PHONE-STRAP-50x50.jpg",50,50,true],"variation_swatches_tooltip_size":["https:\/\/test2.bolderparis.com\/wp-content\/uploads\/2024\/10\/SILVER-PHONE-STRAP-100x100.jpg",100,100,true]},"uagb_author_info":{"display_name":"test2.bolderparis.com","author_link":"https:\/\/test2.bolderparis.com\/fr\/author\/"},"uagb_comment_info":0,"uagb_excerpt":"Am\u00e9liorez votre coque de t\u00e9l\u00e9phone avec notre Support de Sangle pour T\u00e9l\u00e9phone, un accessoire \u00e9l\u00e9gant et fonctionnel con\u00e7u pour l'attache facile de cha\u00eenes, cordons ou sangles de poignet. - Installation simple - Styl\u00e9 & Pratique - Compatibilit\u00e9 universelle : Convient \u00e0 la plupart des coques de t\u00e9l\u00e9phone avec couverture compl\u00e8te - Commodit\u00e9 mains libres :\u2026","jetpack_sharing_enabled":true,"_links":{"self":[{"href":"https:\/\/test2.bolderparis.com\/fr\/wp-json\/wp\/v2\/product\/6997","targetHints":{"allow":["GET"]}}],"collection":[{"href":"https:\/\/test2.bolderparis.com\/fr\/wp-json\/wp\/v2\/product"}],"about":[{"href":"https:\/\/test2.bolderparis.com\/fr\/wp-json\/wp\/v2\/types\/product"}],"replies":[{"embeddable":true,"href":"https:\/\/test2.bolderparis.com\/fr\/wp-json\/wp\/v2\/comments?post=6997"}],"wp:featuredmedia":[{"embeddable":true,"href":"https:\/\/test2.bolderparis.com\/fr\/wp-json\/wp\/v2\/media\/7034"}],"wp:attachment":[{"href":"https:\/\/test2.bolderparis.com\/fr\/wp-json\/wp\/v2\/media?parent=6997"}],"wp:term":[{"taxonomy":"product_brand","embeddable":true,"href":"https:\/\/test2.bolderparis.com\/fr\/wp-json\/wp\/v2\/product_brand?post=6997"},{"taxonomy":"product_cat","embeddable":true,"href":"https:\/\/test2.bolderparis.com\/fr\/wp-json\/wp\/v2\/product_cat?post=6997"},{"taxonomy":"product_tag","embeddable":true,"href":"https:\/\/test2.bolderparis.com\/fr\/wp-json\/wp\/v2\/product_tag?post=6997"}],"curies":[{"name":"wp","href":"https:\/\/api.w.org\/{rel}","templated":true}]}}