{"id":4500,"date":"2024-07-24T11:42:08","date_gmt":"2024-07-24T09:42:08","guid":{"rendered":"https:\/\/test2.bolderparis.com\/product\/accessories-twosided-suction-cup-pink\/"},"modified":"2024-11-26T00:03:14","modified_gmt":"2024-11-25T23:03:14","slug":"accessoires-ventouse-metal-double-face-rose","status":"publish","type":"product","link":"https:\/\/test2.bolderparis.com\/fr\/produit\/accessoires-ventouse-metal-double-face-rose\/","title":{"rendered":"Ventouse m\u00e9tal double face rose"},"content":{"rendered":"","protected":false},"excerpt":{"rendered":"<p>&#8211; Ventouse m\u00e9tal rose double face<br \/>\n&#8211; Ne peut \u00eatre utilis\u00e9 qu&rsquo;avec des coques lisses et sur des surfaces propres et planes (ex : miroir, porte vitr\u00e9e, vitre, murs en marbre&#8230;)<br \/>\n&#8211; Doit \u00eatre lav\u00e9 \u00e0 l&rsquo;eau lorsqu&rsquo;il y a de la poussi\u00e8re ou des cheveux coll\u00e9s sur la ventouse<br \/>\n&#8211; A utiliser uniquement pendant une courte p\u00e9riode, en cas d&rsquo;utilisation prolong\u00e9e, veillez \u00e0 appuyer sur le t\u00e9l\u00e9phone toutes les 5 minutes pour que la ventouse puisse mieux adh\u00e9rer<\/p>\n<p>&#8211; Comment utiliser : Nettoyez la coque de votre t\u00e9l\u00e9phone et la ventouse, collez la ventouse au milieu de la coque de votre t\u00e9l\u00e9phone puis sur la surface sur laquelle vous souhaitez la coller, assurez vous d&rsquo;exercer suffisamment de pression pour mieux adh\u00e9rer au t\u00e9l\u00e9phone.<\/p>\n<p>&#8211; Non compatible avec notre collection transparente imprim\u00e9e et notre collection miroirs imprim\u00e9s<\/p>\n","protected":false},"featured_media":4534,"comment_status":"closed","ping_status":"closed","template":"","meta":{"_uag_custom_page_level_css":"","site-sidebar-layout":"default","site-content-layout":"","ast-site-content-layout":"default","site-content-style":"default","site-sidebar-style":"default","ast-global-header-display":"","ast-banner-title-visibility":"","ast-main-header-display":"","ast-hfb-above-header-display":"","ast-hfb-below-header-display":"","ast-hfb-mobile-header-display":"","site-post-title":"","ast-breadcrumbs-content":"","ast-featured-img":"","footer-sml-layout":"","ast-disable-related-posts":"","theme-transparent-header-meta":"default","adv-header-id-meta":"","stick-header-meta":"","header-above-stick-meta":"","header-main-stick-meta":"","header-below-stick-meta":"","astra-migrate-meta-layouts":"set","ast-page-background-enabled":"default","ast-page-background-meta":{"desktop":{"background-color":"var(--ast-global-color-4)","background-image":"","background-repeat":"repeat","background-position":"center center","background-size":"auto","background-attachment":"scroll","background-type":"","background-media":"","overlay-type":"","overlay-color":"","overlay-opacity":"","overlay-gradient":""},"tablet":{"background-color":"","background-image":"","background-repeat":"repeat","background-position":"center center","background-size":"auto","background-attachment":"scroll","background-type":"","background-media":"","overlay-type":"","overlay-color":"","overlay-opacity":"","overlay-gradient":""},"mobile":{"background-color":"","background-image":"","background-repeat":"repeat","background-position":"center center","background-size":"auto","background-attachment":"scroll","background-type":"","background-media":"","overlay-type":"","overlay-color":"","overlay-opacity":"","overlay-gradient":""}},"ast-content-background-meta":{"desktop":{"background-color":"var(--ast-global-color-5)","background-image":"","background-repeat":"repeat","background-position":"center center","background-size":"auto","background-attachment":"scroll","background-type":"","background-media":"","overlay-type":"","overlay-color":"","overlay-opacity":"","overlay-gradient":""},"tablet":{"background-color":"var(--ast-global-color-5)","background-image":"","background-repeat":"repeat","background-position":"center center","background-size":"auto","background-attachment":"scroll","background-type":"","background-media":"","overlay-type":"","overlay-color":"","overlay-opacity":"","overlay-gradient":""},"mobile":{"background-color":"var(--ast-global-color-5)","background-image":"","background-repeat":"repeat","background-position":"center center","background-size":"auto","background-attachment":"scroll","background-type":"","background-media":"","overlay-type":"","overlay-color":"","overlay-opacity":"","overlay-gradient":""}},"_themeisle_gutenberg_block_has_review":false},"product_brand":[],"product_cat":[148,94,97,89],"product_tag":[],"class_list":{"0":"post-4500","1":"product","2":"type-product","3":"status-publish","4":"has-post-thumbnail","6":"product_cat-double-ventouse","7":"product_cat-accessoires","8":"product_cat-ventouses","9":"product_cat-voir-tous","10":"desktop-align-center","11":"tablet-align-center","12":"mobile-align-center","14":"first","15":"instock","16":"taxable","17":"shipping-taxable","18":"purchasable","19":"product-type-simple"},"acf":[],"yoast_head":"<!-- This site is optimized with the Yoast SEO plugin v25.1 - https:\/\/yoast.com\/wordpress\/plugins\/seo\/ -->\n<title>Ventouse m\u00e9tal double face rose - test2.bolderparis.com<\/title>\n<meta name=\"robots\" content=\"index, follow, max-snippet:-1, max-image-preview:large, max-video-preview:-1\" \/>\n<link rel=\"canonical\" href=\"https:\/\/test2.bolderparis.com\/produit\/accessories-double-metal-suction-cup-pink\/\" \/>\n<meta property=\"og:locale\" content=\"fr_FR\" \/>\n<meta property=\"og:type\" content=\"article\" \/>\n<meta property=\"og:title\" content=\"Ventouse m\u00e9tal double face rose - test2.bolderparis.com\" \/>\n<meta property=\"og:description\" content=\"- Ventouse m\u00e9tal rose double face - Ne peut \u00eatre utilis\u00e9 qu&#039;avec des coques lisses et sur des surfaces propres et planes (ex : miroir, porte vitr\u00e9e, vitre, murs en marbre...) - Doit \u00eatre lav\u00e9 \u00e0 l&#039;eau lorsqu&#039;il y a de la poussi\u00e8re ou des cheveux coll\u00e9s sur la ventouse - A utiliser uniquement pendant une courte p\u00e9riode, en cas d&#039;utilisation prolong\u00e9e, veillez \u00e0 appuyer sur le t\u00e9l\u00e9phone toutes les 5 minutes pour que la ventouse puisse mieux adh\u00e9rer  - Comment utiliser : Nettoyez la coque de votre t\u00e9l\u00e9phone et la ventouse, collez la ventouse au milieu de la coque de votre t\u00e9l\u00e9phone puis sur la surface sur laquelle vous souhaitez la coller, assurez vous d&#039;exercer suffisamment de pression pour mieux adh\u00e9rer au t\u00e9l\u00e9phone.  - Non compatible avec notre collection transparente imprim\u00e9e et notre collection miroirs imprim\u00e9s\" \/>\n<meta property=\"og:url\" content=\"https:\/\/test2.bolderparis.com\/produit\/accessories-double-metal-suction-cup-pink\/\" \/>\n<meta property=\"og:site_name\" content=\"test2.bolderparis.com\" \/>\n<meta property=\"article:modified_time\" content=\"2024-11-25T23:03:14+00:00\" \/>\n<meta property=\"og:image\" content=\"https:\/\/test2.bolderparis.com\/wp-content\/uploads\/2024\/07\/DOUBLE-ROSE-q.png\" \/>\n\t<meta property=\"og:image:width\" content=\"2195\" \/>\n\t<meta property=\"og:image:height\" content=\"2195\" \/>\n\t<meta property=\"og:image:type\" content=\"image\/png\" \/>\n<meta name=\"twitter:card\" content=\"summary_large_image\" \/>\n<meta name=\"twitter:label1\" content=\"Dur\u00e9e de lecture estim\u00e9e\" \/>\n\t<meta name=\"twitter:data1\" content=\"1 minute\" \/>\n<script type=\"application\/ld+json\" class=\"yoast-schema-graph\">{\"@context\":\"https:\/\/schema.org\",\"@graph\":[{\"@type\":\"WebPage\",\"@id\":\"https:\/\/test2.bolderparis.com\/produit\/accessories-double-metal-suction-cup-pink\/\",\"url\":\"https:\/\/test2.bolderparis.com\/produit\/accessories-double-metal-suction-cup-pink\/\",\"name\":\"Ventouse m\u00e9tal double face rose - test2.bolderparis.com\",\"isPartOf\":{\"@id\":\"https:\/\/test2.bolderparis.com\/#website\"},\"primaryImageOfPage\":{\"@id\":\"https:\/\/test2.bolderparis.com\/produit\/accessories-double-metal-suction-cup-pink\/#primaryimage\"},\"image\":{\"@id\":\"https:\/\/test2.bolderparis.com\/produit\/accessories-double-metal-suction-cup-pink\/#primaryimage\"},\"thumbnailUrl\":\"https:\/\/test2.bolderparis.com\/wp-content\/uploads\/2024\/07\/DOUBLE-ROSE-q.png\",\"datePublished\":\"2024-07-24T09:42:08+00:00\",\"dateModified\":\"2024-11-25T23:03:14+00:00\",\"breadcrumb\":{\"@id\":\"https:\/\/test2.bolderparis.com\/produit\/accessories-double-metal-suction-cup-pink\/#breadcrumb\"},\"inLanguage\":\"fr-FR\",\"potentialAction\":[{\"@type\":\"ReadAction\",\"target\":[\"https:\/\/test2.bolderparis.com\/produit\/accessories-double-metal-suction-cup-pink\/\"]}]},{\"@type\":\"ImageObject\",\"inLanguage\":\"fr-FR\",\"@id\":\"https:\/\/test2.bolderparis.com\/produit\/accessories-double-metal-suction-cup-pink\/#primaryimage\",\"url\":\"https:\/\/test2.bolderparis.com\/wp-content\/uploads\/2024\/07\/DOUBLE-ROSE-q.png\",\"contentUrl\":\"https:\/\/test2.bolderparis.com\/wp-content\/uploads\/2024\/07\/DOUBLE-ROSE-q.png\",\"width\":2195,\"height\":2195},{\"@type\":\"BreadcrumbList\",\"@id\":\"https:\/\/test2.bolderparis.com\/produit\/accessories-double-metal-suction-cup-pink\/#breadcrumb\",\"itemListElement\":[{\"@type\":\"ListItem\",\"position\":1,\"name\":\"Home\",\"item\":\"https:\/\/test2.bolderparis.com\/fr\/\"},{\"@type\":\"ListItem\",\"position\":2,\"name\":\"Boutique\",\"item\":\"https:\/\/test2.bolderparis.com\/shop\/\"},{\"@type\":\"ListItem\",\"position\":3,\"name\":\"Ventouse m\u00e9tal double face rose\"}]},{\"@type\":\"WebSite\",\"@id\":\"https:\/\/test2.bolderparis.com\/#website\",\"url\":\"https:\/\/test2.bolderparis.com\/\",\"name\":\"test2.bolderparis.com\",\"description\":\"only cute people wear kasey\",\"publisher\":{\"@id\":\"https:\/\/test2.bolderparis.com\/#organization\"},\"potentialAction\":[{\"@type\":\"SearchAction\",\"target\":{\"@type\":\"EntryPoint\",\"urlTemplate\":\"https:\/\/test2.bolderparis.com\/?s={search_term_string}\"},\"query-input\":{\"@type\":\"PropertyValueSpecification\",\"valueRequired\":true,\"valueName\":\"search_term_string\"}}],\"inLanguage\":\"fr-FR\"},{\"@type\":\"Organization\",\"@id\":\"https:\/\/test2.bolderparis.com\/#organization\",\"name\":\"KASEY CASES\",\"url\":\"https:\/\/test2.bolderparis.com\/\",\"logo\":{\"@type\":\"ImageObject\",\"inLanguage\":\"fr-FR\",\"@id\":\"https:\/\/test2.bolderparis.com\/#\/schema\/logo\/image\/\",\"url\":\"https:\/\/test2.bolderparis.com\/wp-content\/uploads\/2024\/07\/cropped-Logo-kasey-2.jpg\",\"contentUrl\":\"https:\/\/test2.bolderparis.com\/wp-content\/uploads\/2024\/07\/cropped-Logo-kasey-2.jpg\",\"width\":620,\"height\":357,\"caption\":\"KASEY CASES\"},\"image\":{\"@id\":\"https:\/\/test2.bolderparis.com\/#\/schema\/logo\/image\/\"},\"sameAs\":[\"https:\/\/www.instagram.com\/kaseycases\/\",\"https:\/\/www.tiktok.com\/@kaseycases\"]}]}<\/script>\n<!-- \/ Yoast SEO plugin. -->","yoast_head_json":{"title":"Ventouse m\u00e9tal double face rose - test2.bolderparis.com","robots":{"index":"index","follow":"follow","max-snippet":"max-snippet:-1","max-image-preview":"max-image-preview:large","max-video-preview":"max-video-preview:-1"},"canonical":"https:\/\/test2.bolderparis.com\/produit\/accessories-double-metal-suction-cup-pink\/","og_locale":"fr_FR","og_type":"article","og_title":"Ventouse m\u00e9tal double face rose - test2.bolderparis.com","og_description":"- Ventouse m\u00e9tal rose double face - Ne peut \u00eatre utilis\u00e9 qu'avec des coques lisses et sur des surfaces propres et planes (ex : miroir, porte vitr\u00e9e, vitre, murs en marbre...) - Doit \u00eatre lav\u00e9 \u00e0 l'eau lorsqu'il y a de la poussi\u00e8re ou des cheveux coll\u00e9s sur la ventouse - A utiliser uniquement pendant une courte p\u00e9riode, en cas d'utilisation prolong\u00e9e, veillez \u00e0 appuyer sur le t\u00e9l\u00e9phone toutes les 5 minutes pour que la ventouse puisse mieux adh\u00e9rer  - Comment utiliser : Nettoyez la coque de votre t\u00e9l\u00e9phone et la ventouse, collez la ventouse au milieu de la coque de votre t\u00e9l\u00e9phone puis sur la surface sur laquelle vous souhaitez la coller, assurez vous d'exercer suffisamment de pression pour mieux adh\u00e9rer au t\u00e9l\u00e9phone.  - Non compatible avec notre collection transparente imprim\u00e9e et notre collection miroirs imprim\u00e9s","og_url":"https:\/\/test2.bolderparis.com\/produit\/accessories-double-metal-suction-cup-pink\/","og_site_name":"test2.bolderparis.com","article_modified_time":"2024-11-25T23:03:14+00:00","og_image":[{"width":2195,"height":2195,"url":"https:\/\/test2.bolderparis.com\/wp-content\/uploads\/2024\/07\/DOUBLE-ROSE-q.png","type":"image\/png"}],"twitter_card":"summary_large_image","twitter_misc":{"Dur\u00e9e de lecture estim\u00e9e":"1 minute"},"schema":{"@context":"https:\/\/schema.org","@graph":[{"@type":"WebPage","@id":"https:\/\/test2.bolderparis.com\/produit\/accessories-double-metal-suction-cup-pink\/","url":"https:\/\/test2.bolderparis.com\/produit\/accessories-double-metal-suction-cup-pink\/","name":"Ventouse m\u00e9tal double face rose - test2.bolderparis.com","isPartOf":{"@id":"https:\/\/test2.bolderparis.com\/#website"},"primaryImageOfPage":{"@id":"https:\/\/test2.bolderparis.com\/produit\/accessories-double-metal-suction-cup-pink\/#primaryimage"},"image":{"@id":"https:\/\/test2.bolderparis.com\/produit\/accessories-double-metal-suction-cup-pink\/#primaryimage"},"thumbnailUrl":"https:\/\/test2.bolderparis.com\/wp-content\/uploads\/2024\/07\/DOUBLE-ROSE-q.png","datePublished":"2024-07-24T09:42:08+00:00","dateModified":"2024-11-25T23:03:14+00:00","breadcrumb":{"@id":"https:\/\/test2.bolderparis.com\/produit\/accessories-double-metal-suction-cup-pink\/#breadcrumb"},"inLanguage":"fr-FR","potentialAction":[{"@type":"ReadAction","target":["https:\/\/test2.bolderparis.com\/produit\/accessories-double-metal-suction-cup-pink\/"]}]},{"@type":"ImageObject","inLanguage":"fr-FR","@id":"https:\/\/test2.bolderparis.com\/produit\/accessories-double-metal-suction-cup-pink\/#primaryimage","url":"https:\/\/test2.bolderparis.com\/wp-content\/uploads\/2024\/07\/DOUBLE-ROSE-q.png","contentUrl":"https:\/\/test2.bolderparis.com\/wp-content\/uploads\/2024\/07\/DOUBLE-ROSE-q.png","width":2195,"height":2195},{"@type":"BreadcrumbList","@id":"https:\/\/test2.bolderparis.com\/produit\/accessories-double-metal-suction-cup-pink\/#breadcrumb","itemListElement":[{"@type":"ListItem","position":1,"name":"Home","item":"https:\/\/test2.bolderparis.com\/fr\/"},{"@type":"ListItem","position":2,"name":"Boutique","item":"https:\/\/test2.bolderparis.com\/shop\/"},{"@type":"ListItem","position":3,"name":"Ventouse m\u00e9tal double face rose"}]},{"@type":"WebSite","@id":"https:\/\/test2.bolderparis.com\/#website","url":"https:\/\/test2.bolderparis.com\/","name":"test2.bolderparis.com","description":"only cute people wear kasey","publisher":{"@id":"https:\/\/test2.bolderparis.com\/#organization"},"potentialAction":[{"@type":"SearchAction","target":{"@type":"EntryPoint","urlTemplate":"https:\/\/test2.bolderparis.com\/?s={search_term_string}"},"query-input":{"@type":"PropertyValueSpecification","valueRequired":true,"valueName":"search_term_string"}}],"inLanguage":"fr-FR"},{"@type":"Organization","@id":"https:\/\/test2.bolderparis.com\/#organization","name":"KASEY CASES","url":"https:\/\/test2.bolderparis.com\/","logo":{"@type":"ImageObject","inLanguage":"fr-FR","@id":"https:\/\/test2.bolderparis.com\/#\/schema\/logo\/image\/","url":"https:\/\/test2.bolderparis.com\/wp-content\/uploads\/2024\/07\/cropped-Logo-kasey-2.jpg","contentUrl":"https:\/\/test2.bolderparis.com\/wp-content\/uploads\/2024\/07\/cropped-Logo-kasey-2.jpg","width":620,"height":357,"caption":"KASEY CASES"},"image":{"@id":"https:\/\/test2.bolderparis.com\/#\/schema\/logo\/image\/"},"sameAs":["https:\/\/www.instagram.com\/kaseycases\/","https:\/\/www.tiktok.com\/@kaseycases"]}]}},"uagb_featured_image_src":{"full":["https:\/\/test2.bolderparis.com\/wp-content\/uploads\/2024\/07\/DOUBLE-ROSE-q.png",2195,2195,false],"thumbnail":["https:\/\/test2.bolderparis.com\/wp-content\/uploads\/2024\/07\/DOUBLE-ROSE-q-300x300.png",300,300,true],"medium":["https:\/\/test2.bolderparis.com\/wp-content\/uploads\/2024\/07\/DOUBLE-ROSE-q-360x360.png",360,360,true],"medium_large":["https:\/\/test2.bolderparis.com\/wp-content\/uploads\/2024\/07\/DOUBLE-ROSE-q-768x768.png",768,768,true],"large":["https:\/\/test2.bolderparis.com\/wp-content\/uploads\/2024\/07\/DOUBLE-ROSE-q-900x900.png",900,900,true],"1536x1536":["https:\/\/test2.bolderparis.com\/wp-content\/uploads\/2024\/07\/DOUBLE-ROSE-q-1536x1536.png",1536,1536,true],"2048x2048":["https:\/\/test2.bolderparis.com\/wp-content\/uploads\/2024\/07\/DOUBLE-ROSE-q-2048x2048.png",2048,2048,true],"product-search-thumbnail-32x32":["https:\/\/test2.bolderparis.com\/wp-content\/uploads\/2024\/07\/DOUBLE-ROSE-q-32x32.png",32,32,true],"woocommerce_thumbnail":["https:\/\/test2.bolderparis.com\/wp-content\/uploads\/2024\/07\/DOUBLE-ROSE-q-360x360.png",360,360,true],"woocommerce_single":["https:\/\/test2.bolderparis.com\/wp-content\/uploads\/2024\/07\/DOUBLE-ROSE-q-900x900.png",900,900,true],"woocommerce_gallery_thumbnail":["https:\/\/test2.bolderparis.com\/wp-content\/uploads\/2024\/07\/DOUBLE-ROSE-q-200x200.png",200,200,true],"variation_swatches_image_size":["https:\/\/test2.bolderparis.com\/wp-content\/uploads\/2024\/07\/DOUBLE-ROSE-q-50x50.png",50,50,true],"variation_swatches_tooltip_size":["https:\/\/test2.bolderparis.com\/wp-content\/uploads\/2024\/07\/DOUBLE-ROSE-q-100x100.png",100,100,true]},"uagb_author_info":{"display_name":"test2.bolderparis.com","author_link":"https:\/\/test2.bolderparis.com\/fr\/author\/"},"uagb_comment_info":0,"uagb_excerpt":"- Ventouse m\u00e9tal rose double face - Ne peut \u00eatre utilis\u00e9 qu'avec des coques lisses et sur des surfaces propres et planes (ex : miroir, porte vitr\u00e9e, vitre, murs en marbre...) - Doit \u00eatre lav\u00e9 \u00e0 l'eau lorsqu'il y a de la poussi\u00e8re ou des cheveux coll\u00e9s sur la ventouse - A utiliser uniquement pendant\u2026","jetpack_sharing_enabled":true,"_links":{"self":[{"href":"https:\/\/test2.bolderparis.com\/fr\/wp-json\/wp\/v2\/product\/4500","targetHints":{"allow":["GET"]}}],"collection":[{"href":"https:\/\/test2.bolderparis.com\/fr\/wp-json\/wp\/v2\/product"}],"about":[{"href":"https:\/\/test2.bolderparis.com\/fr\/wp-json\/wp\/v2\/types\/product"}],"replies":[{"embeddable":true,"href":"https:\/\/test2.bolderparis.com\/fr\/wp-json\/wp\/v2\/comments?post=4500"}],"wp:featuredmedia":[{"embeddable":true,"href":"https:\/\/test2.bolderparis.com\/fr\/wp-json\/wp\/v2\/media\/4534"}],"wp:attachment":[{"href":"https:\/\/test2.bolderparis.com\/fr\/wp-json\/wp\/v2\/media?parent=4500"}],"wp:term":[{"taxonomy":"product_brand","embeddable":true,"href":"https:\/\/test2.bolderparis.com\/fr\/wp-json\/wp\/v2\/product_brand?post=4500"},{"taxonomy":"product_cat","embeddable":true,"href":"https:\/\/test2.bolderparis.com\/fr\/wp-json\/wp\/v2\/product_cat?post=4500"},{"taxonomy":"product_tag","embeddable":true,"href":"https:\/\/test2.bolderparis.com\/fr\/wp-json\/wp\/v2\/product_tag?post=4500"}],"curies":[{"name":"wp","href":"https:\/\/api.w.org\/{rel}","templated":true}]}}