{"id":3574,"date":"2024-06-01T10:24:26","date_gmt":"2024-06-01T08:24:26","guid":{"rendered":"https:\/\/test2.bolderparis.com\/product\/lapins-miroir-mangeant-des-fraises\/"},"modified":"2024-11-26T00:04:25","modified_gmt":"2024-11-25T23:04:25","slug":"lapins-miroir-lapin-gourmand","status":"publish","type":"product","link":"https:\/\/test2.bolderparis.com\/fr\/produit\/lapins-miroir-lapin-gourmand\/","title":{"rendered":"Miroir Lapin Gourmand"},"content":{"rendered":"","protected":false},"excerpt":{"rendered":"<p>&#8211; Coque miroir pour t\u00e9l\u00e9phone<br \/>\n&#8211; Dessin Lapins qui mangent des fraises<br \/>\n&#8211; Compartiment haut-parleur ferm\u00e9, r\u00e9sistant \u00e0 la poussi\u00e8re, offrant des effets sonores st\u00e9r\u00e9o et clairs<br \/>\n&#8211; Chaque coin de la coque est renforc\u00e9e pour absorber les chocs<\/p>\n<p>&#8211; Les photos sont \u00e0 titre d&rsquo;illustration uniquement, veuillez vous assurer de s\u00e9lectionner le mod\u00e8le de t\u00e9l\u00e9phone appropri\u00e9.<\/p>\n","protected":false},"featured_media":2816,"comment_status":"closed","ping_status":"closed","template":"","meta":{"_uag_custom_page_level_css":"","site-sidebar-layout":"default","site-content-layout":"","ast-site-content-layout":"default","site-content-style":"default","site-sidebar-style":"default","ast-global-header-display":"","ast-banner-title-visibility":"","ast-main-header-display":"","ast-hfb-above-header-display":"","ast-hfb-below-header-display":"","ast-hfb-mobile-header-display":"","site-post-title":"","ast-breadcrumbs-content":"","ast-featured-img":"","footer-sml-layout":"","ast-disable-related-posts":"","theme-transparent-header-meta":"default","adv-header-id-meta":"","stick-header-meta":"","header-above-stick-meta":"","header-main-stick-meta":"","header-below-stick-meta":"","astra-migrate-meta-layouts":"set","ast-page-background-enabled":"default","ast-page-background-meta":{"desktop":{"background-color":"var(--ast-global-color-4)","background-image":"","background-repeat":"repeat","background-position":"center center","background-size":"auto","background-attachment":"scroll","background-type":"","background-media":"","overlay-type":"","overlay-color":"","overlay-opacity":"","overlay-gradient":""},"tablet":{"background-color":"","background-image":"","background-repeat":"repeat","background-position":"center center","background-size":"auto","background-attachment":"scroll","background-type":"","background-media":"","overlay-type":"","overlay-color":"","overlay-opacity":"","overlay-gradient":""},"mobile":{"background-color":"","background-image":"","background-repeat":"repeat","background-position":"center center","background-size":"auto","background-attachment":"scroll","background-type":"","background-media":"","overlay-type":"","overlay-color":"","overlay-opacity":"","overlay-gradient":""}},"ast-content-background-meta":{"desktop":{"background-color":"var(--ast-global-color-5)","background-image":"","background-repeat":"repeat","background-position":"center center","background-size":"auto","background-attachment":"scroll","background-type":"","background-media":"","overlay-type":"","overlay-color":"","overlay-opacity":"","overlay-gradient":""},"tablet":{"background-color":"var(--ast-global-color-5)","background-image":"","background-repeat":"repeat","background-position":"center center","background-size":"auto","background-attachment":"scroll","background-type":"","background-media":"","overlay-type":"","overlay-color":"","overlay-opacity":"","overlay-gradient":""},"mobile":{"background-color":"var(--ast-global-color-5)","background-image":"","background-repeat":"repeat","background-position":"center center","background-size":"auto","background-attachment":"scroll","background-type":"","background-media":"","overlay-type":"","overlay-color":"","overlay-opacity":"","overlay-gradient":""}},"_themeisle_gutenberg_block_has_review":false},"product_brand":[],"product_cat":[161,101,105,110,134,132,131,89],"product_tag":[],"class_list":{"0":"post-3574","1":"product","2":"type-product","3":"status-publish","4":"has-post-thumbnail","6":"product_cat-meilleures-ventes","7":"product_cat-coques-de-telephone","8":"product_cat-coques-miroir","9":"product_cat-animaux","10":"product_cat-serie-iphone-15","11":"product_cat-serie-iphone-14","12":"product_cat-serie-iphone-13","13":"product_cat-voir-tous","14":"desktop-align-center","15":"tablet-align-center","16":"mobile-align-center","18":"first","19":"instock","20":"taxable","21":"shipping-taxable","22":"purchasable","23":"product-type-variable","24":"has-default-attributes"},"acf":[],"yoast_head":"<!-- This site is optimized with the Yoast SEO plugin v25.1 - https:\/\/yoast.com\/wordpress\/plugins\/seo\/ -->\n<title>Miroir Lapin Gourmand - test2.bolderparis.com<\/title>\n<meta name=\"description\" content=\"Coque de t\u00e9l\u00e9phone miroir avec pare-chocs int\u00e9gr\u00e9s, haut-parleur avec des effets sonores clairs et st\u00e9r\u00e9o et un motif de Lapins qui mangentdes fraises\" \/>\n<meta name=\"robots\" content=\"index, follow, max-snippet:-1, max-image-preview:large, max-video-preview:-1\" \/>\n<link rel=\"canonical\" href=\"https:\/\/test2.bolderparis.com\/produit\/phone-case-mirror-big-bunnies\/\" \/>\n<meta property=\"og:locale\" content=\"fr_FR\" \/>\n<meta property=\"og:type\" content=\"article\" \/>\n<meta property=\"og:title\" content=\"Miroir Lapin Gourmand - test2.bolderparis.com\" \/>\n<meta property=\"og:description\" content=\"Coque de t\u00e9l\u00e9phone miroir avec pare-chocs int\u00e9gr\u00e9s, haut-parleur avec des effets sonores clairs et st\u00e9r\u00e9o et un motif de Lapins qui mangentdes fraises\" \/>\n<meta property=\"og:url\" content=\"https:\/\/test2.bolderparis.com\/produit\/phone-case-mirror-big-bunnies\/\" \/>\n<meta property=\"og:site_name\" content=\"test2.bolderparis.com\" \/>\n<meta property=\"article:modified_time\" content=\"2024-11-25T23:04:25+00:00\" \/>\n<meta property=\"og:image\" content=\"https:\/\/test2.bolderparis.com\/wp-content\/uploads\/2024\/06\/MIRROR-BIG-BUNNIES-1.png\" \/>\n\t<meta property=\"og:image:width\" content=\"2000\" \/>\n\t<meta property=\"og:image:height\" content=\"2000\" \/>\n\t<meta property=\"og:image:type\" content=\"image\/png\" \/>\n<meta name=\"twitter:card\" content=\"summary_large_image\" \/>\n<meta name=\"twitter:label1\" content=\"Dur\u00e9e de lecture estim\u00e9e\" \/>\n\t<meta name=\"twitter:data1\" content=\"1 minute\" \/>\n<script type=\"application\/ld+json\" class=\"yoast-schema-graph\">{\"@context\":\"https:\/\/schema.org\",\"@graph\":[{\"@type\":\"WebPage\",\"@id\":\"https:\/\/test2.bolderparis.com\/produit\/phone-case-mirror-big-bunnies\/\",\"url\":\"https:\/\/test2.bolderparis.com\/produit\/phone-case-mirror-big-bunnies\/\",\"name\":\"Miroir Lapin Gourmand - test2.bolderparis.com\",\"isPartOf\":{\"@id\":\"https:\/\/test2.bolderparis.com\/#website\"},\"primaryImageOfPage\":{\"@id\":\"https:\/\/test2.bolderparis.com\/produit\/phone-case-mirror-big-bunnies\/#primaryimage\"},\"image\":{\"@id\":\"https:\/\/test2.bolderparis.com\/produit\/phone-case-mirror-big-bunnies\/#primaryimage\"},\"thumbnailUrl\":\"https:\/\/test2.bolderparis.com\/wp-content\/uploads\/2024\/06\/MIRROR-BIG-BUNNIES-1.png\",\"datePublished\":\"2024-06-01T08:24:26+00:00\",\"dateModified\":\"2024-11-25T23:04:25+00:00\",\"description\":\"Coque de t\u00e9l\u00e9phone miroir avec pare-chocs int\u00e9gr\u00e9s, haut-parleur avec des effets sonores clairs et st\u00e9r\u00e9o et un motif de Lapins qui mangentdes fraises\",\"breadcrumb\":{\"@id\":\"https:\/\/test2.bolderparis.com\/produit\/phone-case-mirror-big-bunnies\/#breadcrumb\"},\"inLanguage\":\"fr-FR\",\"potentialAction\":[{\"@type\":\"ReadAction\",\"target\":[\"https:\/\/test2.bolderparis.com\/produit\/phone-case-mirror-big-bunnies\/\"]}]},{\"@type\":\"ImageObject\",\"inLanguage\":\"fr-FR\",\"@id\":\"https:\/\/test2.bolderparis.com\/produit\/phone-case-mirror-big-bunnies\/#primaryimage\",\"url\":\"https:\/\/test2.bolderparis.com\/wp-content\/uploads\/2024\/06\/MIRROR-BIG-BUNNIES-1.png\",\"contentUrl\":\"https:\/\/test2.bolderparis.com\/wp-content\/uploads\/2024\/06\/MIRROR-BIG-BUNNIES-1.png\",\"width\":2000,\"height\":2000},{\"@type\":\"BreadcrumbList\",\"@id\":\"https:\/\/test2.bolderparis.com\/produit\/phone-case-mirror-big-bunnies\/#breadcrumb\",\"itemListElement\":[{\"@type\":\"ListItem\",\"position\":1,\"name\":\"Home\",\"item\":\"https:\/\/test2.bolderparis.com\/fr\/\"},{\"@type\":\"ListItem\",\"position\":2,\"name\":\"Boutique\",\"item\":\"https:\/\/test2.bolderparis.com\/shop\/\"},{\"@type\":\"ListItem\",\"position\":3,\"name\":\"Miroir Lapin Gourmand\"}]},{\"@type\":\"WebSite\",\"@id\":\"https:\/\/test2.bolderparis.com\/#website\",\"url\":\"https:\/\/test2.bolderparis.com\/\",\"name\":\"test2.bolderparis.com\",\"description\":\"only cute people wear kasey\",\"publisher\":{\"@id\":\"https:\/\/test2.bolderparis.com\/#organization\"},\"potentialAction\":[{\"@type\":\"SearchAction\",\"target\":{\"@type\":\"EntryPoint\",\"urlTemplate\":\"https:\/\/test2.bolderparis.com\/?s={search_term_string}\"},\"query-input\":{\"@type\":\"PropertyValueSpecification\",\"valueRequired\":true,\"valueName\":\"search_term_string\"}}],\"inLanguage\":\"fr-FR\"},{\"@type\":\"Organization\",\"@id\":\"https:\/\/test2.bolderparis.com\/#organization\",\"name\":\"KASEY CASES\",\"url\":\"https:\/\/test2.bolderparis.com\/\",\"logo\":{\"@type\":\"ImageObject\",\"inLanguage\":\"fr-FR\",\"@id\":\"https:\/\/test2.bolderparis.com\/#\/schema\/logo\/image\/\",\"url\":\"https:\/\/test2.bolderparis.com\/wp-content\/uploads\/2024\/07\/cropped-Logo-kasey-2.jpg\",\"contentUrl\":\"https:\/\/test2.bolderparis.com\/wp-content\/uploads\/2024\/07\/cropped-Logo-kasey-2.jpg\",\"width\":620,\"height\":357,\"caption\":\"KASEY CASES\"},\"image\":{\"@id\":\"https:\/\/test2.bolderparis.com\/#\/schema\/logo\/image\/\"},\"sameAs\":[\"https:\/\/www.instagram.com\/kaseycases\/\",\"https:\/\/www.tiktok.com\/@kaseycases\"]}]}<\/script>\n<!-- \/ Yoast SEO plugin. -->","yoast_head_json":{"title":"Miroir Lapin Gourmand - test2.bolderparis.com","description":"Coque de t\u00e9l\u00e9phone miroir avec pare-chocs int\u00e9gr\u00e9s, haut-parleur avec des effets sonores clairs et st\u00e9r\u00e9o et un motif de Lapins qui mangentdes fraises","robots":{"index":"index","follow":"follow","max-snippet":"max-snippet:-1","max-image-preview":"max-image-preview:large","max-video-preview":"max-video-preview:-1"},"canonical":"https:\/\/test2.bolderparis.com\/produit\/phone-case-mirror-big-bunnies\/","og_locale":"fr_FR","og_type":"article","og_title":"Miroir Lapin Gourmand - test2.bolderparis.com","og_description":"Coque de t\u00e9l\u00e9phone miroir avec pare-chocs int\u00e9gr\u00e9s, haut-parleur avec des effets sonores clairs et st\u00e9r\u00e9o et un motif de Lapins qui mangentdes fraises","og_url":"https:\/\/test2.bolderparis.com\/produit\/phone-case-mirror-big-bunnies\/","og_site_name":"test2.bolderparis.com","article_modified_time":"2024-11-25T23:04:25+00:00","og_image":[{"width":2000,"height":2000,"url":"https:\/\/test2.bolderparis.com\/wp-content\/uploads\/2024\/06\/MIRROR-BIG-BUNNIES-1.png","type":"image\/png"}],"twitter_card":"summary_large_image","twitter_misc":{"Dur\u00e9e de lecture estim\u00e9e":"1 minute"},"schema":{"@context":"https:\/\/schema.org","@graph":[{"@type":"WebPage","@id":"https:\/\/test2.bolderparis.com\/produit\/phone-case-mirror-big-bunnies\/","url":"https:\/\/test2.bolderparis.com\/produit\/phone-case-mirror-big-bunnies\/","name":"Miroir Lapin Gourmand - test2.bolderparis.com","isPartOf":{"@id":"https:\/\/test2.bolderparis.com\/#website"},"primaryImageOfPage":{"@id":"https:\/\/test2.bolderparis.com\/produit\/phone-case-mirror-big-bunnies\/#primaryimage"},"image":{"@id":"https:\/\/test2.bolderparis.com\/produit\/phone-case-mirror-big-bunnies\/#primaryimage"},"thumbnailUrl":"https:\/\/test2.bolderparis.com\/wp-content\/uploads\/2024\/06\/MIRROR-BIG-BUNNIES-1.png","datePublished":"2024-06-01T08:24:26+00:00","dateModified":"2024-11-25T23:04:25+00:00","description":"Coque de t\u00e9l\u00e9phone miroir avec pare-chocs int\u00e9gr\u00e9s, haut-parleur avec des effets sonores clairs et st\u00e9r\u00e9o et un motif de Lapins qui mangentdes fraises","breadcrumb":{"@id":"https:\/\/test2.bolderparis.com\/produit\/phone-case-mirror-big-bunnies\/#breadcrumb"},"inLanguage":"fr-FR","potentialAction":[{"@type":"ReadAction","target":["https:\/\/test2.bolderparis.com\/produit\/phone-case-mirror-big-bunnies\/"]}]},{"@type":"ImageObject","inLanguage":"fr-FR","@id":"https:\/\/test2.bolderparis.com\/produit\/phone-case-mirror-big-bunnies\/#primaryimage","url":"https:\/\/test2.bolderparis.com\/wp-content\/uploads\/2024\/06\/MIRROR-BIG-BUNNIES-1.png","contentUrl":"https:\/\/test2.bolderparis.com\/wp-content\/uploads\/2024\/06\/MIRROR-BIG-BUNNIES-1.png","width":2000,"height":2000},{"@type":"BreadcrumbList","@id":"https:\/\/test2.bolderparis.com\/produit\/phone-case-mirror-big-bunnies\/#breadcrumb","itemListElement":[{"@type":"ListItem","position":1,"name":"Home","item":"https:\/\/test2.bolderparis.com\/fr\/"},{"@type":"ListItem","position":2,"name":"Boutique","item":"https:\/\/test2.bolderparis.com\/shop\/"},{"@type":"ListItem","position":3,"name":"Miroir Lapin Gourmand"}]},{"@type":"WebSite","@id":"https:\/\/test2.bolderparis.com\/#website","url":"https:\/\/test2.bolderparis.com\/","name":"test2.bolderparis.com","description":"only cute people wear kasey","publisher":{"@id":"https:\/\/test2.bolderparis.com\/#organization"},"potentialAction":[{"@type":"SearchAction","target":{"@type":"EntryPoint","urlTemplate":"https:\/\/test2.bolderparis.com\/?s={search_term_string}"},"query-input":{"@type":"PropertyValueSpecification","valueRequired":true,"valueName":"search_term_string"}}],"inLanguage":"fr-FR"},{"@type":"Organization","@id":"https:\/\/test2.bolderparis.com\/#organization","name":"KASEY CASES","url":"https:\/\/test2.bolderparis.com\/","logo":{"@type":"ImageObject","inLanguage":"fr-FR","@id":"https:\/\/test2.bolderparis.com\/#\/schema\/logo\/image\/","url":"https:\/\/test2.bolderparis.com\/wp-content\/uploads\/2024\/07\/cropped-Logo-kasey-2.jpg","contentUrl":"https:\/\/test2.bolderparis.com\/wp-content\/uploads\/2024\/07\/cropped-Logo-kasey-2.jpg","width":620,"height":357,"caption":"KASEY CASES"},"image":{"@id":"https:\/\/test2.bolderparis.com\/#\/schema\/logo\/image\/"},"sameAs":["https:\/\/www.instagram.com\/kaseycases\/","https:\/\/www.tiktok.com\/@kaseycases"]}]}},"uagb_featured_image_src":{"full":["https:\/\/test2.bolderparis.com\/wp-content\/uploads\/2024\/06\/MIRROR-BIG-BUNNIES-1.png",2000,2000,false],"thumbnail":["https:\/\/test2.bolderparis.com\/wp-content\/uploads\/2024\/06\/MIRROR-BIG-BUNNIES-1-300x300.png",300,300,true],"medium":["https:\/\/test2.bolderparis.com\/wp-content\/uploads\/2024\/06\/MIRROR-BIG-BUNNIES-1-360x360.png",360,360,true],"medium_large":["https:\/\/test2.bolderparis.com\/wp-content\/uploads\/2024\/06\/MIRROR-BIG-BUNNIES-1-768x768.png",768,768,true],"large":["https:\/\/test2.bolderparis.com\/wp-content\/uploads\/2024\/06\/MIRROR-BIG-BUNNIES-1-900x900.png",900,900,true],"1536x1536":["https:\/\/test2.bolderparis.com\/wp-content\/uploads\/2024\/06\/MIRROR-BIG-BUNNIES-1-1536x1536.png",1536,1536,true],"2048x2048":["https:\/\/test2.bolderparis.com\/wp-content\/uploads\/2024\/06\/MIRROR-BIG-BUNNIES-1.png",2000,2000,false],"product-search-thumbnail-32x32":["https:\/\/test2.bolderparis.com\/wp-content\/uploads\/2024\/06\/MIRROR-BIG-BUNNIES-1-32x32.png",32,32,true],"woocommerce_thumbnail":["https:\/\/test2.bolderparis.com\/wp-content\/uploads\/2024\/06\/MIRROR-BIG-BUNNIES-1-360x360.png",360,360,true],"woocommerce_single":["https:\/\/test2.bolderparis.com\/wp-content\/uploads\/2024\/06\/MIRROR-BIG-BUNNIES-1-900x900.png",900,900,true],"woocommerce_gallery_thumbnail":["https:\/\/test2.bolderparis.com\/wp-content\/uploads\/2024\/06\/MIRROR-BIG-BUNNIES-1-200x200.png",200,200,true],"variation_swatches_image_size":["https:\/\/test2.bolderparis.com\/wp-content\/uploads\/2024\/06\/MIRROR-BIG-BUNNIES-1-50x50.png",50,50,true],"variation_swatches_tooltip_size":["https:\/\/test2.bolderparis.com\/wp-content\/uploads\/2024\/06\/MIRROR-BIG-BUNNIES-1-100x100.png",100,100,true]},"uagb_author_info":{"display_name":"test2.bolderparis.com","author_link":"https:\/\/test2.bolderparis.com\/fr\/author\/"},"uagb_comment_info":0,"uagb_excerpt":"- Coque miroir pour t\u00e9l\u00e9phone - Dessin Lapins qui mangent des fraises - Compartiment haut-parleur ferm\u00e9, r\u00e9sistant \u00e0 la poussi\u00e8re, offrant des effets sonores st\u00e9r\u00e9o et clairs - Chaque coin de la coque est renforc\u00e9e pour absorber les chocs - Les photos sont \u00e0 titre d'illustration uniquement, veuillez vous assurer de s\u00e9lectionner le mod\u00e8le de\u2026","jetpack_sharing_enabled":true,"_links":{"self":[{"href":"https:\/\/test2.bolderparis.com\/fr\/wp-json\/wp\/v2\/product\/3574","targetHints":{"allow":["GET"]}}],"collection":[{"href":"https:\/\/test2.bolderparis.com\/fr\/wp-json\/wp\/v2\/product"}],"about":[{"href":"https:\/\/test2.bolderparis.com\/fr\/wp-json\/wp\/v2\/types\/product"}],"replies":[{"embeddable":true,"href":"https:\/\/test2.bolderparis.com\/fr\/wp-json\/wp\/v2\/comments?post=3574"}],"wp:featuredmedia":[{"embeddable":true,"href":"https:\/\/test2.bolderparis.com\/fr\/wp-json\/wp\/v2\/media\/2816"}],"wp:attachment":[{"href":"https:\/\/test2.bolderparis.com\/fr\/wp-json\/wp\/v2\/media?parent=3574"}],"wp:term":[{"taxonomy":"product_brand","embeddable":true,"href":"https:\/\/test2.bolderparis.com\/fr\/wp-json\/wp\/v2\/product_brand?post=3574"},{"taxonomy":"product_cat","embeddable":true,"href":"https:\/\/test2.bolderparis.com\/fr\/wp-json\/wp\/v2\/product_cat?post=3574"},{"taxonomy":"product_tag","embeddable":true,"href":"https:\/\/test2.bolderparis.com\/fr\/wp-json\/wp\/v2\/product_tag?post=3574"}],"curies":[{"name":"wp","href":"https:\/\/api.w.org\/{rel}","templated":true}]}}