{"id":3892,"date":"2024-01-17T16:47:59","date_gmt":"2024-01-17T15:47:59","guid":{"rendered":"https:\/\/test2.bolderparis.com\/faq\/"},"modified":"2025-11-06T14:32:11","modified_gmt":"2025-11-06T13:32:11","slug":"faq","status":"publish","type":"page","link":"https:\/\/test2.bolderparis.com\/fr\/faq\/","title":{"rendered":"FAQ"},"content":{"rendered":"\n<div style=\"height:15px\" aria-hidden=\"true\" class=\"wp-block-spacer\"><\/div>\n\n\n\n<h4 class=\"wp-block-heading\"><strong>1. Comment puis-je savoir si ma commande a \u00e9t\u00e9 trait\u00e9e ?<\/strong><\/h4>\n\n\n\n<p>Vous pouvez v\u00e9rifier l&rsquo;\u00e9tat de votre commande directement \u00e0 partir de votre compte personnel.<\/p>\n\n\n\n<p>Une fois que vous aurez proc\u00e9d\u00e9 au paiement, vous recevrez \u00e9galement un e-mail vous informant que votre commande a \u00e9t\u00e9 accept\u00e9e, ce qui signifie que notre \u00e9quipe logistique commencera \u00e0 la pr\u00e9parer.<\/p>\n\n\n\n<div style=\"height:15px\" aria-hidden=\"true\" class=\"wp-block-spacer\"><\/div>\n\n\n\n<h4 class=\"wp-block-heading\"><strong>2. Quand ma commande sera-t-elle exp\u00e9di\u00e9e ?<\/strong><\/h4>\n\n\n\n<p>Une fois votre commande accept\u00e9e, notre \u00e9quipe logistique la recevra dans l&rsquo;heure qui suit.<\/p>\n\n\n\n<p>Le traitement de votre commande prend 1 \u00e0 3 jours ouvr\u00e9s, et l\u2019exp\u00e9dition n\u00e9cessite 2 \u00e0 3 jours ouvr\u00e9s suppl\u00e9mentaires. Selon votre destination, la livraison peut prendre entre 1 \u00e0 8 jours ouvr\u00e9s apr\u00e8s l\u2019envoi.<\/p>\n\n\n\n<p>Notre \u00e9quipe travaille du lundi au vendredi de 9h \u00e0 18h (UTC+2).<\/p>\n\n\n\n<p>Une fois votre commande exp\u00e9di\u00e9e, vous en serez inform\u00e9 et recevrez le num\u00e9ro de suivi par courrier \u00e9lectronique.<\/p>\n\n\n\n<p>Veuillez noter qu&rsquo;en p\u00e9riode de soldes ou de vacances, le traitement des commandes peut prendre plus de temps.<\/p>\n\n\n\n<div style=\"height:15px\" aria-hidden=\"true\" class=\"wp-block-spacer\"><\/div>\n\n\n\n<h4 class=\"wp-block-heading\"><strong>3. Puis-je modifier ou annuler ma commande ?<\/strong><\/h4>\n\n\n\n<p>Notre \u00e9quipe logistique travaille rapidement pour offrir les meilleures performances.\nSi votre commande n&rsquo;a pas encore \u00e9t\u00e9 trait\u00e9e, nous pourrons l&rsquo;annuler ou la modifier pour vous.\nToutefois, si notre \u00e9quipe logistique a commenc\u00e9 \u00e0 emballer votre commande, nous ne pourrons pas l&rsquo;annuler.    <\/p>\n\n\n\n<p>Nous vous invitons \u00e0 v\u00e9rifier soigneusement si les produits qui se trouvent dans votre panier sont tous de la bonne couleur, du bon mod\u00e8le et de la bonne quantit\u00e9, comme vous le souhaitez.<\/p>\n\n\n\n<p>Veuillez vous assurer que vous nous avez fourni l&rsquo;adresse de livraison compl\u00e8te et correcte avant de passer \u00e0 la commande.<\/p>\n\n\n\n<div style=\"height:15px\" aria-hidden=\"true\" class=\"wp-block-spacer\"><\/div>\n\n\n\n<h4 class=\"wp-block-heading\"><strong>4. Que dois-je faire si j&rsquo;ai re\u00e7u une commande d\u00e9fectueuse ?<\/strong><\/h4>\n\n\n\n<p>Chez Kasey, nous veillons \u00e0 contr\u00f4ler chaque article apr\u00e8s la production et avant l&#8217;emballage de votre commande.<\/p>\n\n\n\n<p>Toutefois, si malgr\u00e9 toutes nos pr\u00e9cautions, un produit d\u00e9fectueux a \u00e9t\u00e9 envoy\u00e9 par erreur, nous vous pr\u00e9sentons nos sinc\u00e8res excuses et vous invitons \u00e0 nous contacter et \u00e0 nous communiquer les informations suivantes :<\/p>\n\n\n\n<p>&#8211; Num\u00e9ro de commande<\/p>\n\n\n\n<p>&#8211; Une description du probl\u00e8me<\/p>\n\n\n\n<p>&#8211; Photos du produit d\u00e9fectueux<\/p>\n\n\n\n<p>Nous reviendrons vers vous avec des d\u00e9tails sur la mani\u00e8re de proc\u00e9der au retour.<\/p>\n\n\n\n<div style=\"height:15px\" aria-hidden=\"true\" class=\"wp-block-spacer\"><\/div>\n\n\n\n<h4 class=\"wp-block-heading\"><strong>5. Quelles sont les options d&rsquo;exp\u00e9dition ?<\/strong><\/h4>\n\n\n\n<p>Vous pouvez choisir une livraison standard \u00e0 domicile, une livraison express \u00e0 domicile ou une livraison \u00e0 un point d&rsquo;enl\u00e8vement si cela est possible.<\/p>\n\n\n\n<p>Des frais de livraison seront appliqu\u00e9s si le montant minimum de la commande pour la livraison gratuite n&rsquo;est pas atteint.\nIls seront calcul\u00e9s au moment du paiement. <\/p>\n\n\n\n<p>Nous travaillons actuellement avec La poste, Chronopost et Colis priv\u00e9.<\/p>\n\n\n\n<div style=\"height:15px\" aria-hidden=\"true\" class=\"wp-block-spacer\"><\/div>\n\n\n\n<h4 class=\"wp-block-heading\"><strong>6. Quels sont les taxes internationales, les droits de douane, etc. que je dois payer ?<\/strong><\/h4>\n\n\n\n<p>Si la livraison est effectu\u00e9e en dehors des pays de l&rsquo;Union europ\u00e9enne, tous les droits de douane, taxes ou redevances suppl\u00e9mentaires sont \u00e0 la charge du client et doivent \u00eatre acquitt\u00e9s aupr\u00e8s des autorit\u00e9s douani\u00e8res et fiscales locales.<\/p>\n\n\n\n<p>Avant de passer une commande, nous vous conseillons de v\u00e9rifier aupr\u00e8s des autorit\u00e9s douani\u00e8res et fiscales locales.<strong><\/strong><\/p>\n\n\n\n<div style=\"height:15px\" aria-hidden=\"true\" class=\"wp-block-spacer\"><\/div>\n\n\n\n<h4 class=\"wp-block-heading\"><strong>7. Que dois-je faire si je veux changer un produit que j&rsquo;ai re\u00e7u ?<\/strong><\/h4>\n\n\n\n<p>Afin d&rsquo;\u00e9viter toute erreur concernant le mod\u00e8le, veillez \u00e0 v\u00e9rifier le mod\u00e8le de votre t\u00e9l\u00e9phone avant de l&rsquo;utiliser.<\/p>\n\n\n\n<p>Si vous souhaitez changer de produit, vous devrez renvoyer celui que vous avez re\u00e7u (veuillez consulter la <a href=\"https:\/\/test2.bolderparis.com\/return-and-refund-policy\/\" data-type=\"link\" data-id=\"https:\/\/test2.bolderparis.com\/return-and-refund-policy\/\">page relative \u00e0 la politique de retour et de remboursement<\/a>) et passer une nouvelle commande.<\/p>\n\n\n\n<div style=\"height:15px\" aria-hidden=\"true\" class=\"wp-block-spacer\"><\/div>\n\n\n\n<h4 class=\"wp-block-heading\"><strong>8. Le suivi indique que mon colis est retourn\u00e9 \u00e0 l&rsquo;exp\u00e9diteur, que dois-je faire ?<\/strong><\/h4>\n\n\n\n<p>Si le transporteur n&rsquo;a pas pu livrer le colis, cela signifie qu&rsquo;il n&rsquo;a pas pu vous joindre, qu&rsquo;il y avait une erreur dans l&rsquo;adresse, que le temps d&rsquo;attente dans la consigne a expir\u00e9 (si vous avez choisi un point relais) ou toute autre circonstance qui a fait qu&rsquo;il n&rsquo;a pas pu livrer le colis.<\/p>\n\n\n\n<p>Si vous vous rendez compte assez rapidement que votre colis nous est retourn\u00e9, vous pouvez essayer de contacter le transporteur imm\u00e9diatement pour lui donner des informations suppl\u00e9mentaires afin de l&rsquo;aider \u00e0 vous livrer le colis, si cela est encore possible.\nVous pouvez \u00e9galement nous envoyer un courriel \u00e0 <a href=\"mailto:orders@test2.bolderparis.com\">orders@test2.bolderparis.com<\/a> ou <a href=\"mailto:contact@test2.bolderparis.com\">contact@test2.bolderparis.com<\/a> et nous essaierons de vous aider dans la mesure du possible. <\/p>\n\n\n\n<p>Malheureusement, si le transporteur n&rsquo;a pas la possibilit\u00e9 de vous aider, le colis nous sera retourn\u00e9 et cela peut prendre plus de temps que le d\u00e9lai d&rsquo;exp\u00e9dition.\nVous pourrez v\u00e9rifier l&rsquo;\u00e9tat d&rsquo;avancement du colis gr\u00e2ce au num\u00e9ro de suivi initial. <\/p>\n\n\n\n<p>Une fois que nous aurons re\u00e7u le colis, vous aurez deux options :<\/p>\n\n\n\n<p>&#8211; Si vous souhaitez toujours recevoir votre commande, veuillez nous envoyer un courriel d\u00e8s que vous savez que le colis nous est renvoy\u00e9, en nous communiquant toutes vos informations correctes afin que nous puissions vous livrer le colis.\nDans la mesure du possible, nous vous renverrons le colis, mais nous devrons vous facturer les frais d&rsquo;exp\u00e9dition. <\/p>\n\n\n\n<p>&#8211; Si vous ne souhaitez plus recevoir votre commande, nous proc\u00e9derons au remboursement de votre commande, mais tous les frais encourus (frais d&rsquo;envoi, frais de retour, frais de douane&#8230;) seront d\u00e9duits du montant total de votre remboursement.<\/p>\n\n\n\n<div style=\"height:15px\" aria-hidden=\"true\" class=\"wp-block-spacer\"><\/div>\n\n\n\n<h4 class=\"wp-block-heading\"><strong>9. Quelle est la politique de retour ?<\/strong><\/h4>\n\n\n\n<p>Veuillez consulter la <a href=\"https:\/\/test2.bolderparis.com\/return-and-refund-policy\/\" data-type=\"link\" data-id=\"https:\/\/test2.bolderparis.com\/return-and-refund-policy\/\">page relative \u00e0 la politique de retour et de remboursement<\/a>.<\/p>\n\n\n\n<div style=\"height:15px\" aria-hidden=\"true\" class=\"wp-block-spacer\"><\/div>\n\n\n\n<h4 class=\"wp-block-heading\"><strong>10. Comment puis-je contacter votre entreprise si ma question ne trouve pas de r\u00e9ponse ici ?<\/strong><\/h4>\n\n\n\n<p>Vous pouvez envoyer votre question \u00e0 <a href=\"mailto:contact@test2.bolderparis.com\">contact@test2.bolderparis.com,<\/a> nous serons heureux de vous aider.<\/p>\n","protected":false},"excerpt":{"rendered":"<p>1. Comment puis-je savoir si ma commande a \u00e9t\u00e9 trait\u00e9e ? Vous pouvez v\u00e9rifier l&rsquo;\u00e9tat de votre commande directement \u00e0 partir de votre compte personnel. Une fois que vous aurez proc\u00e9d\u00e9 au paiement, vous recevrez \u00e9galement un e-mail vous informant que votre commande a \u00e9t\u00e9 accept\u00e9e, ce qui signifie que notre \u00e9quipe logistique commencera \u00e0 [&hellip;]<\/p>\n","protected":false},"author":1,"featured_media":0,"parent":0,"menu_order":0,"comment_status":"closed","ping_status":"closed","template":"","meta":{"_uag_custom_page_level_css":"","site-sidebar-layout":"default","site-content-layout":"","ast-site-content-layout":"default","site-content-style":"default","site-sidebar-style":"default","ast-global-header-display":"","ast-banner-title-visibility":"","ast-main-header-display":"","ast-hfb-above-header-display":"","ast-hfb-below-header-display":"","ast-hfb-mobile-header-display":"","site-post-title":"","ast-breadcrumbs-content":"","ast-featured-img":"","footer-sml-layout":"","ast-disable-related-posts":"","theme-transparent-header-meta":"","adv-header-id-meta":"","stick-header-meta":"","header-above-stick-meta":"","header-main-stick-meta":"","header-below-stick-meta":"","astra-migrate-meta-layouts":"set","ast-page-background-enabled":"default","ast-page-background-meta":{"desktop":{"background-color":"var(--ast-global-color-4)","background-image":"","background-repeat":"repeat","background-position":"center center","background-size":"auto","background-attachment":"scroll","background-type":"","background-media":"","overlay-type":"","overlay-color":"","overlay-opacity":"","overlay-gradient":""},"tablet":{"background-color":"","background-image":"","background-repeat":"repeat","background-position":"center center","background-size":"auto","background-attachment":"scroll","background-type":"","background-media":"","overlay-type":"","overlay-color":"","overlay-opacity":"","overlay-gradient":""},"mobile":{"background-color":"","background-image":"","background-repeat":"repeat","background-position":"center center","background-size":"auto","background-attachment":"scroll","background-type":"","background-media":"","overlay-type":"","overlay-color":"","overlay-opacity":"","overlay-gradient":""}},"ast-content-background-meta":{"desktop":{"background-color":"var(--ast-global-color-5)","background-image":"","background-repeat":"repeat","background-position":"center center","background-size":"auto","background-attachment":"scroll","background-type":"","background-media":"","overlay-type":"","overlay-color":"","overlay-opacity":"","overlay-gradient":""},"tablet":{"background-color":"var(--ast-global-color-5)","background-image":"","background-repeat":"repeat","background-position":"center center","background-size":"auto","background-attachment":"scroll","background-type":"","background-media":"","overlay-type":"","overlay-color":"","overlay-opacity":"","overlay-gradient":""},"mobile":{"background-color":"var(--ast-global-color-5)","background-image":"","background-repeat":"repeat","background-position":"center center","background-size":"auto","background-attachment":"scroll","background-type":"","background-media":"","overlay-type":"","overlay-color":"","overlay-opacity":"","overlay-gradient":""}},"_themeisle_gutenberg_block_has_review":false,"footnotes":""},"class_list":["post-3892","page","type-page","status-publish","hentry"],"acf":[],"yoast_head":"<!-- This site is optimized with the Yoast SEO plugin v25.1 - https:\/\/yoast.com\/wordpress\/plugins\/seo\/ -->\n<title>FAQ - test2.bolderparis.com<\/title>\n<meta name=\"robots\" content=\"index, follow, max-snippet:-1, max-image-preview:large, max-video-preview:-1\" \/>\n<link rel=\"canonical\" href=\"https:\/\/test2.bolderparis.com\/fr\/faq\/\" \/>\n<meta property=\"og:locale\" content=\"fr_FR\" \/>\n<meta property=\"og:type\" content=\"article\" \/>\n<meta property=\"og:title\" content=\"FAQ - test2.bolderparis.com\" \/>\n<meta property=\"og:description\" content=\"1. Comment puis-je savoir si ma commande a \u00e9t\u00e9 trait\u00e9e ? Vous pouvez v\u00e9rifier l&rsquo;\u00e9tat de votre commande directement \u00e0 partir de votre compte personnel. Une fois que vous aurez proc\u00e9d\u00e9 au paiement, vous recevrez \u00e9galement un e-mail vous informant que votre commande a \u00e9t\u00e9 accept\u00e9e, ce qui signifie que notre \u00e9quipe logistique commencera \u00e0 [&hellip;]\" \/>\n<meta property=\"og:url\" content=\"https:\/\/test2.bolderparis.com\/fr\/faq\/\" \/>\n<meta property=\"og:site_name\" content=\"test2.bolderparis.com\" \/>\n<meta property=\"article:modified_time\" content=\"2025-11-06T13:32:11+00:00\" \/>\n<meta name=\"twitter:card\" content=\"summary_large_image\" \/>\n<meta name=\"twitter:label1\" content=\"Dur\u00e9e de lecture estim\u00e9e\" \/>\n\t<meta name=\"twitter:data1\" content=\"4 minutes\" \/>\n<script type=\"application\/ld+json\" class=\"yoast-schema-graph\">{\"@context\":\"https:\/\/schema.org\",\"@graph\":[{\"@type\":\"WebPage\",\"@id\":\"https:\/\/test2.bolderparis.com\/fr\/faq\/\",\"url\":\"https:\/\/test2.bolderparis.com\/fr\/faq\/\",\"name\":\"FAQ - test2.bolderparis.com\",\"isPartOf\":{\"@id\":\"https:\/\/test2.bolderparis.com\/#website\"},\"datePublished\":\"2024-01-17T15:47:59+00:00\",\"dateModified\":\"2025-11-06T13:32:11+00:00\",\"breadcrumb\":{\"@id\":\"https:\/\/test2.bolderparis.com\/fr\/faq\/#breadcrumb\"},\"inLanguage\":\"fr-FR\",\"potentialAction\":[{\"@type\":\"ReadAction\",\"target\":[\"https:\/\/test2.bolderparis.com\/fr\/faq\/\"]}]},{\"@type\":\"BreadcrumbList\",\"@id\":\"https:\/\/test2.bolderparis.com\/fr\/faq\/#breadcrumb\",\"itemListElement\":[{\"@type\":\"ListItem\",\"position\":1,\"name\":\"Home\",\"item\":\"https:\/\/test2.bolderparis.com\/fr\/\"},{\"@type\":\"ListItem\",\"position\":2,\"name\":\"FAQ\"}]},{\"@type\":\"WebSite\",\"@id\":\"https:\/\/test2.bolderparis.com\/#website\",\"url\":\"https:\/\/test2.bolderparis.com\/\",\"name\":\"test2.bolderparis.com\",\"description\":\"only cute people wear kasey\",\"publisher\":{\"@id\":\"https:\/\/test2.bolderparis.com\/#organization\"},\"potentialAction\":[{\"@type\":\"SearchAction\",\"target\":{\"@type\":\"EntryPoint\",\"urlTemplate\":\"https:\/\/test2.bolderparis.com\/?s={search_term_string}\"},\"query-input\":{\"@type\":\"PropertyValueSpecification\",\"valueRequired\":true,\"valueName\":\"search_term_string\"}}],\"inLanguage\":\"fr-FR\"},{\"@type\":\"Organization\",\"@id\":\"https:\/\/test2.bolderparis.com\/#organization\",\"name\":\"KASEY CASES\",\"url\":\"https:\/\/test2.bolderparis.com\/\",\"logo\":{\"@type\":\"ImageObject\",\"inLanguage\":\"fr-FR\",\"@id\":\"https:\/\/test2.bolderparis.com\/#\/schema\/logo\/image\/\",\"url\":\"https:\/\/test2.bolderparis.com\/wp-content\/uploads\/2024\/07\/cropped-Logo-kasey-2.jpg\",\"contentUrl\":\"https:\/\/test2.bolderparis.com\/wp-content\/uploads\/2024\/07\/cropped-Logo-kasey-2.jpg\",\"width\":620,\"height\":357,\"caption\":\"KASEY CASES\"},\"image\":{\"@id\":\"https:\/\/test2.bolderparis.com\/#\/schema\/logo\/image\/\"},\"sameAs\":[\"https:\/\/www.instagram.com\/kaseycases\/\",\"https:\/\/www.tiktok.com\/@kaseycases\"]}]}<\/script>\n<!-- \/ Yoast SEO plugin. -->","yoast_head_json":{"title":"FAQ - test2.bolderparis.com","robots":{"index":"index","follow":"follow","max-snippet":"max-snippet:-1","max-image-preview":"max-image-preview:large","max-video-preview":"max-video-preview:-1"},"canonical":"https:\/\/test2.bolderparis.com\/fr\/faq\/","og_locale":"fr_FR","og_type":"article","og_title":"FAQ - test2.bolderparis.com","og_description":"1. Comment puis-je savoir si ma commande a \u00e9t\u00e9 trait\u00e9e ? Vous pouvez v\u00e9rifier l&rsquo;\u00e9tat de votre commande directement \u00e0 partir de votre compte personnel. Une fois que vous aurez proc\u00e9d\u00e9 au paiement, vous recevrez \u00e9galement un e-mail vous informant que votre commande a \u00e9t\u00e9 accept\u00e9e, ce qui signifie que notre \u00e9quipe logistique commencera \u00e0 [&hellip;]","og_url":"https:\/\/test2.bolderparis.com\/fr\/faq\/","og_site_name":"test2.bolderparis.com","article_modified_time":"2025-11-06T13:32:11+00:00","twitter_card":"summary_large_image","twitter_misc":{"Dur\u00e9e de lecture estim\u00e9e":"4 minutes"},"schema":{"@context":"https:\/\/schema.org","@graph":[{"@type":"WebPage","@id":"https:\/\/test2.bolderparis.com\/fr\/faq\/","url":"https:\/\/test2.bolderparis.com\/fr\/faq\/","name":"FAQ - test2.bolderparis.com","isPartOf":{"@id":"https:\/\/test2.bolderparis.com\/#website"},"datePublished":"2024-01-17T15:47:59+00:00","dateModified":"2025-11-06T13:32:11+00:00","breadcrumb":{"@id":"https:\/\/test2.bolderparis.com\/fr\/faq\/#breadcrumb"},"inLanguage":"fr-FR","potentialAction":[{"@type":"ReadAction","target":["https:\/\/test2.bolderparis.com\/fr\/faq\/"]}]},{"@type":"BreadcrumbList","@id":"https:\/\/test2.bolderparis.com\/fr\/faq\/#breadcrumb","itemListElement":[{"@type":"ListItem","position":1,"name":"Home","item":"https:\/\/test2.bolderparis.com\/fr\/"},{"@type":"ListItem","position":2,"name":"FAQ"}]},{"@type":"WebSite","@id":"https:\/\/test2.bolderparis.com\/#website","url":"https:\/\/test2.bolderparis.com\/","name":"test2.bolderparis.com","description":"only cute people wear kasey","publisher":{"@id":"https:\/\/test2.bolderparis.com\/#organization"},"potentialAction":[{"@type":"SearchAction","target":{"@type":"EntryPoint","urlTemplate":"https:\/\/test2.bolderparis.com\/?s={search_term_string}"},"query-input":{"@type":"PropertyValueSpecification","valueRequired":true,"valueName":"search_term_string"}}],"inLanguage":"fr-FR"},{"@type":"Organization","@id":"https:\/\/test2.bolderparis.com\/#organization","name":"KASEY CASES","url":"https:\/\/test2.bolderparis.com\/","logo":{"@type":"ImageObject","inLanguage":"fr-FR","@id":"https:\/\/test2.bolderparis.com\/#\/schema\/logo\/image\/","url":"https:\/\/test2.bolderparis.com\/wp-content\/uploads\/2024\/07\/cropped-Logo-kasey-2.jpg","contentUrl":"https:\/\/test2.bolderparis.com\/wp-content\/uploads\/2024\/07\/cropped-Logo-kasey-2.jpg","width":620,"height":357,"caption":"KASEY CASES"},"image":{"@id":"https:\/\/test2.bolderparis.com\/#\/schema\/logo\/image\/"},"sameAs":["https:\/\/www.instagram.com\/kaseycases\/","https:\/\/www.tiktok.com\/@kaseycases"]}]}},"uagb_featured_image_src":{"full":false,"thumbnail":false,"medium":false,"medium_large":false,"large":false,"1536x1536":false,"2048x2048":false,"product-search-thumbnail-32x32":false,"woocommerce_thumbnail":false,"woocommerce_single":false,"woocommerce_gallery_thumbnail":false,"variation_swatches_image_size":false,"variation_swatches_tooltip_size":false},"uagb_author_info":{"display_name":"test2.bolderparis.com","author_link":"https:\/\/test2.bolderparis.com\/fr\/author\/kaseycases-com\/"},"uagb_comment_info":0,"uagb_excerpt":"1. Comment puis-je savoir si ma commande a \u00e9t\u00e9 trait\u00e9e ? Vous pouvez v\u00e9rifier l&rsquo;\u00e9tat de votre commande directement \u00e0 partir de votre compte personnel. Une fois que vous aurez proc\u00e9d\u00e9 au paiement, vous recevrez \u00e9galement un e-mail vous informant que votre commande a \u00e9t\u00e9 accept\u00e9e, ce qui signifie que notre \u00e9quipe logistique commencera \u00e0\u2026","jetpack_sharing_enabled":true,"_links":{"self":[{"href":"https:\/\/test2.bolderparis.com\/fr\/wp-json\/wp\/v2\/pages\/3892","targetHints":{"allow":["GET"]}}],"collection":[{"href":"https:\/\/test2.bolderparis.com\/fr\/wp-json\/wp\/v2\/pages"}],"about":[{"href":"https:\/\/test2.bolderparis.com\/fr\/wp-json\/wp\/v2\/types\/page"}],"author":[{"embeddable":true,"href":"https:\/\/test2.bolderparis.com\/fr\/wp-json\/wp\/v2\/users\/1"}],"replies":[{"embeddable":true,"href":"https:\/\/test2.bolderparis.com\/fr\/wp-json\/wp\/v2\/comments?post=3892"}],"version-history":[{"count":8,"href":"https:\/\/test2.bolderparis.com\/fr\/wp-json\/wp\/v2\/pages\/3892\/revisions"}],"predecessor-version":[{"id":8269,"href":"https:\/\/test2.bolderparis.com\/fr\/wp-json\/wp\/v2\/pages\/3892\/revisions\/8269"}],"wp:attachment":[{"href":"https:\/\/test2.bolderparis.com\/fr\/wp-json\/wp\/v2\/media?parent=3892"}],"curies":[{"name":"wp","href":"https:\/\/api.w.org\/{rel}","templated":true}]}}