{"id":3890,"date":"2024-01-17T16:17:27","date_gmt":"2024-01-17T15:17:27","guid":{"rendered":"https:\/\/test2.bolderparis.com\/conditions-generales-de-vente\/"},"modified":"2024-07-25T13:12:51","modified_gmt":"2024-07-25T11:12:51","slug":"conditions-generales-de-vente","status":"publish","type":"page","link":"https:\/\/test2.bolderparis.com\/fr\/conditions-generales-de-vente\/","title":{"rendered":"Conditions g\u00e9n\u00e9rales de vente"},"content":{"rendered":"\n<div style=\"height:10px\" aria-hidden=\"true\" class=\"wp-block-spacer\"><\/div>\n\n<p>Les pr\u00e9sentes conditions g\u00e9n\u00e9rales r\u00e9gissent votre utilisation du site web situ\u00e9 \u00e0 l&rsquo;adresse<a href=\"https:\/\/test2.bolderparis.com\" data-type=\"link\" data-id=\"https:\/\/test2.bolderparis.com\"> https:\/\/test2.bolderparis.com<\/a> et de tous les services connexes fournis par Bolder.<\/p>\n\n<p>En acc\u00e9dant \u00e0 <a href=\"https:\/\/test2.bolderparis.com\">https:\/\/test2.bolderparis.com,<\/a> vous acceptez de respecter les pr\u00e9sentes conditions de service et de vous conformer \u00e0 toutes les lois et r\u00e9glementations applicables.\nSi vous n&rsquo;acceptez pas ces conditions de service, il vous est interdit d&rsquo;utiliser ou d&rsquo;acc\u00e9der \u00e0 ce site web ou d&rsquo;utiliser tout autre service fourni par Bolder. <\/p>\n\n<p>Nous, Bolder, nous r\u00e9servons le droit de r\u00e9viser et de modifier ces conditions de service \u00e0 notre seule discr\u00e9tion.\nLe cas \u00e9ch\u00e9ant, nous mettrons \u00e0 jour cette page.\nToute modification de ces conditions de service prendra effet imm\u00e9diatement \u00e0 partir de la date de publication.  <\/p>\n\n<p>Les pr\u00e9sentes conditions d&rsquo;utilisation ont \u00e9t\u00e9 mises \u00e0 jour pour la derni\u00e8re fois le 17 janvier 2024.<\/p>\n\n<h2 class=\"wp-block-heading\">Limites d&rsquo;utilisation<\/h2>\n\n<div style=\"height:10px\" aria-hidden=\"true\" class=\"wp-block-spacer\"><\/div>\n\n<p>En utilisant ce site web, vous garantissez, en votre nom, au nom de vos utilisateurs et des autres parties que vous repr\u00e9sentez, que vous ne le ferez pas :<\/p>\n\n<p>&#8211; modifier, copier, pr\u00e9parer des travaux d\u00e9riv\u00e9s, d\u00e9compiler ou faire de l&rsquo;ing\u00e9nierie inverse de tout mat\u00e9riel ou logiciel contenu sur ce site web ;<\/p>\n\n<p>&#8211; supprimer toute mention de droit d&rsquo;auteur ou autre mention de propri\u00e9t\u00e9 de tout mat\u00e9riel ou logiciel sur ce site web ;<\/p>\n\n<p>&#8211; de transf\u00e9rer le mat\u00e9riel \u00e0 une autre personne ou de cr\u00e9er un \u00ab\u00a0miroir\u00a0\u00bb du mat\u00e9riel sur un autre serveur ;<\/p>\n\n<p>&#8211; utiliser sciemment ou par n\u00e9gligence ce site web ou l&rsquo;un de ses services associ\u00e9s d&rsquo;une mani\u00e8re qui abuse ou perturbe nos r\u00e9seaux ou tout autre service fourni par Bolder ;<\/p>\n\n<p>&#8211; utiliser ce site web ou ses services associ\u00e9s pour transmettre ou publier du mat\u00e9riel harcelant, ind\u00e9cent, obsc\u00e8ne, frauduleux ou ill\u00e9gal ;<\/p>\n\n<p>&#8211; utiliser ce site web ou ses services associ\u00e9s en violation de toute loi ou r\u00e9glementation applicable ;<\/p>\n\n<p>&#8211; utiliser ce site web pour envoyer de la publicit\u00e9 non autoris\u00e9e ou du spam ;<\/p>\n\n<p>&#8211; r\u00e9colter, collecter ou rassembler les donn\u00e9es de l&rsquo;utilisateur sans son consentement ; ou<\/p>\n\n<p>&#8211; utiliser ce site web ou ses services associ\u00e9s d&rsquo;une mani\u00e8re susceptible de porter atteinte \u00e0 la vie priv\u00e9e, aux droits de propri\u00e9t\u00e9 intellectuelle ou \u00e0 d&rsquo;autres droits de tiers.<\/p>\n\n<h2 class=\"wp-block-heading\">Propri\u00e9t\u00e9 intellectuelle<\/h2>\n\n<div style=\"height:10px\" aria-hidden=\"true\" class=\"wp-block-spacer\"><\/div>\n\n<p>La propri\u00e9t\u00e9 intellectuelle du mat\u00e9riel contenu dans ce site web est d\u00e9tenue par Bolder ou lui est conc\u00e9d\u00e9e sous licence et est prot\u00e9g\u00e9e par la l\u00e9gislation applicable en mati\u00e8re de droits d&rsquo;auteur et de marques d\u00e9pos\u00e9es.\nNous autorisons nos utilisateurs \u00e0 t\u00e9l\u00e9charger une copie du mat\u00e9riel pour un usage transitoire personnel et non commercial. <\/p>\n\n<p>Ceci constitue l&rsquo;octroi d&rsquo;une licence et non un transfert de titre.\nCette licence sera automatiquement r\u00e9sili\u00e9e si vous violez l&rsquo;une de ces restrictions ou les conditions de service, et peut \u00eatre r\u00e9sili\u00e9e par Bolder \u00e0 tout moment. <\/p>\n\n<h2 class=\"wp-block-heading\">Contenu g\u00e9n\u00e9r\u00e9 par les utilisateurs  <\/h2>\n\n<div style=\"height:10px\" aria-hidden=\"true\" class=\"wp-block-spacer\"><\/div>\n\n<p>Vous conservez vos droits de propri\u00e9t\u00e9 intellectuelle sur le contenu que vous nous soumettez pour publication sur notre site web.\nNous ne revendiquerons jamais la propri\u00e9t\u00e9 de votre contenu, mais nous avons besoin d&rsquo;une licence de votre part pour l&rsquo;utiliser. <\/p>\n\n<p>Lorsque vous utilisez notre site web ou ses services associ\u00e9s pour publier, t\u00e9l\u00e9charger, partager ou transmettre de toute autre mani\u00e8re un contenu couvert par des droits de propri\u00e9t\u00e9 intellectuelle, vous nous accordez une licence mondiale non exclusive, libre de redevances, transf\u00e9rable et susceptible de faire l&rsquo;objet d&rsquo;une sous-licence pour utiliser, distribuer, modifier, ex\u00e9cuter, copier, afficher publiquement, traduire ou cr\u00e9er de toute autre mani\u00e8re des \u0153uvres d\u00e9riv\u00e9es de votre contenu d&rsquo;une mani\u00e8re conforme \u00e0 vos pr\u00e9f\u00e9rences en mati\u00e8re de protection de la vie priv\u00e9e et \u00e0 notre politique de protection de la vie priv\u00e9e.<\/p>\n\n<p>La licence que vous nous accordez peut \u00eatre r\u00e9sili\u00e9e \u00e0 tout moment en supprimant votre contenu ou votre compte.\nToutefois, dans la mesure o\u00f9 nous (ou nos partenaires) avons utilis\u00e9 votre contenu dans le cadre d&rsquo;un contenu commercial ou sponsoris\u00e9, la licence sera maintenue jusqu&rsquo;\u00e0 ce que nous ayons mis fin \u00e0 la publicit\u00e9 ou au message en question. <\/p>\n\n<p>Vous nous autorisez \u00e0 utiliser votre nom d&rsquo;utilisateur et d&rsquo;autres informations d&rsquo;identification associ\u00e9es \u00e0 votre compte d&rsquo;une mani\u00e8re conforme \u00e0 vos pr\u00e9f\u00e9rences en mati\u00e8re de confidentialit\u00e9 et \u00e0 notre politique de confidentialit\u00e9.<\/p>\n\n<h2 class=\"wp-block-heading\">Responsabilit\u00e9<\/h2>\n\n<div style=\"height:10px\" aria-hidden=\"true\" class=\"wp-block-spacer\"><\/div>\n\n<p>Notre site web et les documents qu&rsquo;il contient sont fournis \u00ab\u00a0en l&rsquo;\u00e9tat\u00a0\u00bb.\nDans la mesure permise par la loi, Bolder ne donne aucune garantie, expresse ou implicite, et rejette et nie par la pr\u00e9sente toutes les autres garanties, y compris, sans limitation, les garanties ou conditions implicites de qualit\u00e9 marchande, d&rsquo;ad\u00e9quation \u00e0 un usage particulier, ou de non-violation de la propri\u00e9t\u00e9 intellectuelle ou d&rsquo;autres violations des droits. <\/p>\n\n<p>En aucun cas Bolder ou ses fournisseurs ne seront responsables de toute perte cons\u00e9cutive subie ou encourue par vous ou par un tiers r\u00e9sultant de l&rsquo;utilisation ou de l&rsquo;incapacit\u00e9 d&rsquo;utiliser ce site Web ou le mat\u00e9riel qui s&rsquo;y trouve, m\u00eame si Bolder ou un repr\u00e9sentant autoris\u00e9 a \u00e9t\u00e9 inform\u00e9, oralement ou par \u00e9crit, de la possibilit\u00e9 d&rsquo;un tel dommage.<\/p>\n\n<p>Dans le contexte du pr\u00e9sent accord, les \u00ab\u00a0pertes indirectes\u00a0\u00bb comprennent toute perte cons\u00e9cutive, perte indirecte, perte de profit r\u00e9elle ou anticip\u00e9e, perte de b\u00e9n\u00e9fice, perte de revenu, perte d&rsquo;activit\u00e9, perte de client\u00e8le, perte d&rsquo;opportunit\u00e9, perte d&rsquo;\u00e9conomies, perte de r\u00e9putation, perte d&rsquo;utilisation et\/ou perte ou corruption de donn\u00e9es, que ce soit en vertu d&rsquo;une loi, d&rsquo;un contrat, de l&rsquo;\u00e9quit\u00e9, d&rsquo;un d\u00e9lit civil (y compris la n\u00e9gligence), d&rsquo;une indemnit\u00e9 ou autre.<\/p>\n\n<p>Comme certaines juridictions n&rsquo;autorisent pas les limitations sur les garanties implicites ou les limitations de responsabilit\u00e9 pour les dommages cons\u00e9cutifs ou accidentels, ces limitations peuvent ne pas s&rsquo;appliquer \u00e0 vous.<\/p>\n\n<h2 class=\"wp-block-heading\">Pr\u00e9cision des mat\u00e9riaux  <\/h2>\n\n<div style=\"height:10px\" aria-hidden=\"true\" class=\"wp-block-spacer\"><\/div>\n\n<p>Les documents figurant sur notre site web ne sont pas exhaustifs et sont destin\u00e9s \u00e0 des fins d&rsquo;information g\u00e9n\u00e9rale uniquement.\nBolder ne garantit pas et ne fait aucune d\u00e9claration concernant l&rsquo;exactitude, les r\u00e9sultats probables ou la fiabilit\u00e9 de l&rsquo;utilisation du mat\u00e9riel sur ce site web, ou concernant ce mat\u00e9riel ou les ressources li\u00e9es \u00e0 ce site web. <\/p>\n\n<h2 class=\"wp-block-heading\">Liens  <\/h2>\n\n<div style=\"height:10px\" aria-hidden=\"true\" class=\"wp-block-spacer\"><\/div>\n\n<p>Bolder n&rsquo;a pas examin\u00e9 tous les sites li\u00e9s \u00e0 son site web et n&rsquo;est pas responsable du contenu de ces sites.\nL&rsquo;inclusion d&rsquo;un lien n&rsquo;implique pas l&rsquo;approbation ou le contr\u00f4le du site par Bolder.\nL&rsquo;utilisation de ces sites li\u00e9s se fait \u00e0 vos propres risques et nous vous conseillons vivement d&rsquo;effectuer vos propres recherches quant \u00e0 l&rsquo;ad\u00e9quation de ces sites.  <\/p>\n\n<h2 class=\"wp-block-heading\">Droit de r\u00e9siliation  <\/h2>\n\n<div style=\"height:10px\" aria-hidden=\"true\" class=\"wp-block-spacer\"><\/div>\n\n<p>Nous pouvons suspendre ou r\u00e9silier votre droit d&rsquo;utiliser notre site web et r\u00e9silier les pr\u00e9sentes conditions de service imm\u00e9diatement apr\u00e8s vous en avoir inform\u00e9 par \u00e9crit en cas de violation des pr\u00e9sentes conditions de service.<\/p>\n\n<h2 class=\"wp-block-heading\">Indemnit\u00e9 de d\u00e9part  <\/h2>\n\n<div style=\"height:10px\" aria-hidden=\"true\" class=\"wp-block-spacer\"><\/div>\n\n<p>Toute clause des pr\u00e9sentes conditions de service qui est totalement ou partiellement nulle ou inapplicable est supprim\u00e9e dans la mesure o\u00f9 elle est nulle ou inapplicable.\nLa validit\u00e9 du reste des pr\u00e9sentes conditions d&rsquo;utilisation n&rsquo;est pas affect\u00e9e. <\/p>\n\n<h2 class=\"wp-block-heading\">Droit applicable  <\/h2>\n\n<div style=\"height:10px\" aria-hidden=\"true\" class=\"wp-block-spacer\"><\/div>\n\n<p>Les pr\u00e9sentes conditions d&rsquo;utilisation sont r\u00e9gies et interpr\u00e9t\u00e9es conform\u00e9ment au droit fran\u00e7ais.\nVous vous soumettez irr\u00e9vocablement \u00e0 la comp\u00e9tence exclusive des tribunaux de cet \u00c9tat ou de ce lieu. <\/p>\n","protected":false},"excerpt":{"rendered":"<p>Les pr\u00e9sentes conditions g\u00e9n\u00e9rales r\u00e9gissent votre utilisation du site web situ\u00e9 \u00e0 l&rsquo;adresse https:\/\/test2.bolderparis.com et de tous les services connexes fournis par Bolder. En acc\u00e9dant \u00e0 https:\/\/test2.bolderparis.com, vous acceptez de respecter les pr\u00e9sentes conditions de service et de vous conformer \u00e0 toutes les lois et r\u00e9glementations applicables. Si vous n&rsquo;acceptez pas ces conditions de service, [&hellip;]<\/p>\n","protected":false},"author":1,"featured_media":0,"parent":0,"menu_order":0,"comment_status":"closed","ping_status":"closed","template":"","meta":{"_uag_custom_page_level_css":"","site-sidebar-layout":"default","site-content-layout":"","ast-site-content-layout":"default","site-content-style":"default","site-sidebar-style":"default","ast-global-header-display":"","ast-banner-title-visibility":"","ast-main-header-display":"","ast-hfb-above-header-display":"","ast-hfb-below-header-display":"","ast-hfb-mobile-header-display":"","site-post-title":"","ast-breadcrumbs-content":"","ast-featured-img":"","footer-sml-layout":"","ast-disable-related-posts":"","theme-transparent-header-meta":"","adv-header-id-meta":"","stick-header-meta":"","header-above-stick-meta":"","header-main-stick-meta":"","header-below-stick-meta":"","astra-migrate-meta-layouts":"default","ast-page-background-enabled":"default","ast-page-background-meta":{"desktop":{"background-color":"var(--ast-global-color-4)","background-image":"","background-repeat":"repeat","background-position":"center center","background-size":"auto","background-attachment":"scroll","background-type":"","background-media":"","overlay-type":"","overlay-color":"","overlay-opacity":"","overlay-gradient":""},"tablet":{"background-color":"","background-image":"","background-repeat":"repeat","background-position":"center center","background-size":"auto","background-attachment":"scroll","background-type":"","background-media":"","overlay-type":"","overlay-color":"","overlay-opacity":"","overlay-gradient":""},"mobile":{"background-color":"","background-image":"","background-repeat":"repeat","background-position":"center center","background-size":"auto","background-attachment":"scroll","background-type":"","background-media":"","overlay-type":"","overlay-color":"","overlay-opacity":"","overlay-gradient":""}},"ast-content-background-meta":{"desktop":{"background-color":"var(--ast-global-color-5)","background-image":"","background-repeat":"repeat","background-position":"center center","background-size":"auto","background-attachment":"scroll","background-type":"","background-media":"","overlay-type":"","overlay-color":"","overlay-opacity":"","overlay-gradient":""},"tablet":{"background-color":"var(--ast-global-color-5)","background-image":"","background-repeat":"repeat","background-position":"center center","background-size":"auto","background-attachment":"scroll","background-type":"","background-media":"","overlay-type":"","overlay-color":"","overlay-opacity":"","overlay-gradient":""},"mobile":{"background-color":"var(--ast-global-color-5)","background-image":"","background-repeat":"repeat","background-position":"center center","background-size":"auto","background-attachment":"scroll","background-type":"","background-media":"","overlay-type":"","overlay-color":"","overlay-opacity":"","overlay-gradient":""}},"_themeisle_gutenberg_block_has_review":false,"footnotes":""},"class_list":["post-3890","page","type-page","status-publish","hentry"],"acf":[],"yoast_head":"<!-- This site is optimized with the Yoast SEO plugin v25.1 - https:\/\/yoast.com\/wordpress\/plugins\/seo\/ -->\n<title>Conditions g\u00e9n\u00e9rales de vente - test2.bolderparis.com<\/title>\n<meta name=\"robots\" content=\"index, follow, max-snippet:-1, max-image-preview:large, max-video-preview:-1\" \/>\n<link rel=\"canonical\" href=\"https:\/\/test2.bolderparis.com\/general-sales-terms-and-conditions\/\" \/>\n<meta property=\"og:locale\" content=\"fr_FR\" \/>\n<meta property=\"og:type\" content=\"article\" \/>\n<meta property=\"og:title\" content=\"Conditions g\u00e9n\u00e9rales de vente - test2.bolderparis.com\" \/>\n<meta property=\"og:description\" content=\"Les pr\u00e9sentes conditions g\u00e9n\u00e9rales r\u00e9gissent votre utilisation du site web situ\u00e9 \u00e0 l&rsquo;adresse https:\/\/test2.bolderparis.com et de tous les services connexes fournis par Bolder. En acc\u00e9dant \u00e0 https:\/\/test2.bolderparis.com, vous acceptez de respecter les pr\u00e9sentes conditions de service et de vous conformer \u00e0 toutes les lois et r\u00e9glementations applicables. Si vous n&rsquo;acceptez pas ces conditions de service, [&hellip;]\" \/>\n<meta property=\"og:url\" content=\"https:\/\/test2.bolderparis.com\/general-sales-terms-and-conditions\/\" \/>\n<meta property=\"og:site_name\" content=\"test2.bolderparis.com\" \/>\n<meta property=\"article:modified_time\" content=\"2024-07-25T11:12:51+00:00\" \/>\n<meta name=\"twitter:card\" content=\"summary_large_image\" \/>\n<meta name=\"twitter:label1\" content=\"Dur\u00e9e de lecture estim\u00e9e\" \/>\n\t<meta name=\"twitter:data1\" content=\"6 minutes\" \/>\n<script type=\"application\/ld+json\" class=\"yoast-schema-graph\">{\"@context\":\"https:\/\/schema.org\",\"@graph\":[{\"@type\":\"WebPage\",\"@id\":\"https:\/\/test2.bolderparis.com\/general-sales-terms-and-conditions\/\",\"url\":\"https:\/\/test2.bolderparis.com\/general-sales-terms-and-conditions\/\",\"name\":\"Conditions g\u00e9n\u00e9rales de vente - test2.bolderparis.com\",\"isPartOf\":{\"@id\":\"https:\/\/test2.bolderparis.com\/#website\"},\"datePublished\":\"2024-01-17T15:17:27+00:00\",\"dateModified\":\"2024-07-25T11:12:51+00:00\",\"breadcrumb\":{\"@id\":\"https:\/\/test2.bolderparis.com\/general-sales-terms-and-conditions\/#breadcrumb\"},\"inLanguage\":\"fr-FR\",\"potentialAction\":[{\"@type\":\"ReadAction\",\"target\":[\"https:\/\/test2.bolderparis.com\/general-sales-terms-and-conditions\/\"]}]},{\"@type\":\"BreadcrumbList\",\"@id\":\"https:\/\/test2.bolderparis.com\/general-sales-terms-and-conditions\/#breadcrumb\",\"itemListElement\":[{\"@type\":\"ListItem\",\"position\":1,\"name\":\"Home\",\"item\":\"https:\/\/test2.bolderparis.com\/fr\/\"},{\"@type\":\"ListItem\",\"position\":2,\"name\":\"Conditions g\u00e9n\u00e9rales de vente\"}]},{\"@type\":\"WebSite\",\"@id\":\"https:\/\/test2.bolderparis.com\/#website\",\"url\":\"https:\/\/test2.bolderparis.com\/\",\"name\":\"test2.bolderparis.com\",\"description\":\"only cute people wear kasey\",\"publisher\":{\"@id\":\"https:\/\/test2.bolderparis.com\/#organization\"},\"potentialAction\":[{\"@type\":\"SearchAction\",\"target\":{\"@type\":\"EntryPoint\",\"urlTemplate\":\"https:\/\/test2.bolderparis.com\/?s={search_term_string}\"},\"query-input\":{\"@type\":\"PropertyValueSpecification\",\"valueRequired\":true,\"valueName\":\"search_term_string\"}}],\"inLanguage\":\"fr-FR\"},{\"@type\":\"Organization\",\"@id\":\"https:\/\/test2.bolderparis.com\/#organization\",\"name\":\"KASEY CASES\",\"url\":\"https:\/\/test2.bolderparis.com\/\",\"logo\":{\"@type\":\"ImageObject\",\"inLanguage\":\"fr-FR\",\"@id\":\"https:\/\/test2.bolderparis.com\/#\/schema\/logo\/image\/\",\"url\":\"https:\/\/test2.bolderparis.com\/wp-content\/uploads\/2024\/07\/cropped-Logo-kasey-2.jpg\",\"contentUrl\":\"https:\/\/test2.bolderparis.com\/wp-content\/uploads\/2024\/07\/cropped-Logo-kasey-2.jpg\",\"width\":620,\"height\":357,\"caption\":\"KASEY CASES\"},\"image\":{\"@id\":\"https:\/\/test2.bolderparis.com\/#\/schema\/logo\/image\/\"},\"sameAs\":[\"https:\/\/www.instagram.com\/kaseycases\/\",\"https:\/\/www.tiktok.com\/@kaseycases\"]}]}<\/script>\n<!-- \/ Yoast SEO plugin. -->","yoast_head_json":{"title":"Conditions g\u00e9n\u00e9rales de vente - test2.bolderparis.com","robots":{"index":"index","follow":"follow","max-snippet":"max-snippet:-1","max-image-preview":"max-image-preview:large","max-video-preview":"max-video-preview:-1"},"canonical":"https:\/\/test2.bolderparis.com\/general-sales-terms-and-conditions\/","og_locale":"fr_FR","og_type":"article","og_title":"Conditions g\u00e9n\u00e9rales de vente - test2.bolderparis.com","og_description":"Les pr\u00e9sentes conditions g\u00e9n\u00e9rales r\u00e9gissent votre utilisation du site web situ\u00e9 \u00e0 l&rsquo;adresse https:\/\/test2.bolderparis.com et de tous les services connexes fournis par Bolder. En acc\u00e9dant \u00e0 https:\/\/test2.bolderparis.com, vous acceptez de respecter les pr\u00e9sentes conditions de service et de vous conformer \u00e0 toutes les lois et r\u00e9glementations applicables. Si vous n&rsquo;acceptez pas ces conditions de service, [&hellip;]","og_url":"https:\/\/test2.bolderparis.com\/general-sales-terms-and-conditions\/","og_site_name":"test2.bolderparis.com","article_modified_time":"2024-07-25T11:12:51+00:00","twitter_card":"summary_large_image","twitter_misc":{"Dur\u00e9e de lecture estim\u00e9e":"6 minutes"},"schema":{"@context":"https:\/\/schema.org","@graph":[{"@type":"WebPage","@id":"https:\/\/test2.bolderparis.com\/general-sales-terms-and-conditions\/","url":"https:\/\/test2.bolderparis.com\/general-sales-terms-and-conditions\/","name":"Conditions g\u00e9n\u00e9rales de vente - test2.bolderparis.com","isPartOf":{"@id":"https:\/\/test2.bolderparis.com\/#website"},"datePublished":"2024-01-17T15:17:27+00:00","dateModified":"2024-07-25T11:12:51+00:00","breadcrumb":{"@id":"https:\/\/test2.bolderparis.com\/general-sales-terms-and-conditions\/#breadcrumb"},"inLanguage":"fr-FR","potentialAction":[{"@type":"ReadAction","target":["https:\/\/test2.bolderparis.com\/general-sales-terms-and-conditions\/"]}]},{"@type":"BreadcrumbList","@id":"https:\/\/test2.bolderparis.com\/general-sales-terms-and-conditions\/#breadcrumb","itemListElement":[{"@type":"ListItem","position":1,"name":"Home","item":"https:\/\/test2.bolderparis.com\/fr\/"},{"@type":"ListItem","position":2,"name":"Conditions g\u00e9n\u00e9rales de vente"}]},{"@type":"WebSite","@id":"https:\/\/test2.bolderparis.com\/#website","url":"https:\/\/test2.bolderparis.com\/","name":"test2.bolderparis.com","description":"only cute people wear kasey","publisher":{"@id":"https:\/\/test2.bolderparis.com\/#organization"},"potentialAction":[{"@type":"SearchAction","target":{"@type":"EntryPoint","urlTemplate":"https:\/\/test2.bolderparis.com\/?s={search_term_string}"},"query-input":{"@type":"PropertyValueSpecification","valueRequired":true,"valueName":"search_term_string"}}],"inLanguage":"fr-FR"},{"@type":"Organization","@id":"https:\/\/test2.bolderparis.com\/#organization","name":"KASEY CASES","url":"https:\/\/test2.bolderparis.com\/","logo":{"@type":"ImageObject","inLanguage":"fr-FR","@id":"https:\/\/test2.bolderparis.com\/#\/schema\/logo\/image\/","url":"https:\/\/test2.bolderparis.com\/wp-content\/uploads\/2024\/07\/cropped-Logo-kasey-2.jpg","contentUrl":"https:\/\/test2.bolderparis.com\/wp-content\/uploads\/2024\/07\/cropped-Logo-kasey-2.jpg","width":620,"height":357,"caption":"KASEY CASES"},"image":{"@id":"https:\/\/test2.bolderparis.com\/#\/schema\/logo\/image\/"},"sameAs":["https:\/\/www.instagram.com\/kaseycases\/","https:\/\/www.tiktok.com\/@kaseycases"]}]}},"uagb_featured_image_src":{"full":false,"thumbnail":false,"medium":false,"medium_large":false,"large":false,"1536x1536":false,"2048x2048":false,"product-search-thumbnail-32x32":false,"woocommerce_thumbnail":false,"woocommerce_single":false,"woocommerce_gallery_thumbnail":false,"variation_swatches_image_size":false,"variation_swatches_tooltip_size":false},"uagb_author_info":{"display_name":"test2.bolderparis.com","author_link":"https:\/\/test2.bolderparis.com\/fr\/author\/kaseycases-com\/"},"uagb_comment_info":0,"uagb_excerpt":"Les pr\u00e9sentes conditions g\u00e9n\u00e9rales r\u00e9gissent votre utilisation du site web situ\u00e9 \u00e0 l&rsquo;adresse https:\/\/test2.bolderparis.com et de tous les services connexes fournis par Bolder. En acc\u00e9dant \u00e0 https:\/\/test2.bolderparis.com, vous acceptez de respecter les pr\u00e9sentes conditions de service et de vous conformer \u00e0 toutes les lois et r\u00e9glementations applicables. Si vous n&rsquo;acceptez pas ces conditions de service,\u2026","jetpack_sharing_enabled":true,"_links":{"self":[{"href":"https:\/\/test2.bolderparis.com\/fr\/wp-json\/wp\/v2\/pages\/3890","targetHints":{"allow":["GET"]}}],"collection":[{"href":"https:\/\/test2.bolderparis.com\/fr\/wp-json\/wp\/v2\/pages"}],"about":[{"href":"https:\/\/test2.bolderparis.com\/fr\/wp-json\/wp\/v2\/types\/page"}],"author":[{"embeddable":true,"href":"https:\/\/test2.bolderparis.com\/fr\/wp-json\/wp\/v2\/users\/1"}],"replies":[{"embeddable":true,"href":"https:\/\/test2.bolderparis.com\/fr\/wp-json\/wp\/v2\/comments?post=3890"}],"version-history":[{"count":2,"href":"https:\/\/test2.bolderparis.com\/fr\/wp-json\/wp\/v2\/pages\/3890\/revisions"}],"predecessor-version":[{"id":3893,"href":"https:\/\/test2.bolderparis.com\/fr\/wp-json\/wp\/v2\/pages\/3890\/revisions\/3893"}],"wp:attachment":[{"href":"https:\/\/test2.bolderparis.com\/fr\/wp-json\/wp\/v2\/media?parent=3890"}],"curies":[{"name":"wp","href":"https:\/\/api.w.org\/{rel}","templated":true}]}}