{"id":3881,"date":"2024-01-17T16:36:03","date_gmt":"2024-01-17T15:36:03","guid":{"rendered":"https:\/\/test2.bolderparis.com\/politique-de-retour-et-de-remboursement\/"},"modified":"2025-02-26T18:09:35","modified_gmt":"2025-02-26T17:09:35","slug":"politique-de-retour-et-de-remboursement","status":"publish","type":"page","link":"https:\/\/test2.bolderparis.com\/fr\/politique-de-retour-et-de-remboursement\/","title":{"rendered":"Politique de retour et de remboursement"},"content":{"rendered":"\n<div class=\"wp-block-group is-layout-flow wp-block-group-is-layout-flow\">\n<div style=\"height:20px\" aria-hidden=\"true\" class=\"wp-block-spacer\"><\/div>\n\n\n\n<h2 class=\"wp-block-heading\">Retour<\/h2>\n\n\n\n<div style=\"height:5px\" aria-hidden=\"true\" class=\"wp-block-spacer\"><\/div>\n\n\n\n<div class=\"wp-block-group is-layout-flow wp-block-group-is-layout-flow\">\n<p>Vous disposez d&rsquo;un d\u00e9lai de 14 jours \u00e0 compter de la r\u00e9ception de votre commande pour changer d&rsquo;avis et nous renvoyer le(s) produit(s) dans son (leur) \u00e9tat d&rsquo;origine. Toutes les \u00e9tiquettes doivent \u00eatre attach\u00e9es aux produits pour nous les renvoyer. Nous ne pouvons pas accepter de rembourser les produits qui ont \u00e9t\u00e9 port\u00e9s et\/ou tach\u00e9s.  <\/p>\n\n\n\n<p>N&rsquo;envoyez pas le colis sans nous avoir contact\u00e9s au pr\u00e9alable par courrier \u00e9lectronique \u00e0 l&rsquo;adresse <a href=\"mailto:contact@test2.bolderparis.com\">contact@test2.bolderparis.com<\/a>, car nous pourrions \u00eatre dans l&rsquo;impossibilit\u00e9 de proc\u00e9der au remboursement. Dans votre courriel, veuillez fournir les informations suivantes : <\/p>\n\n\n\n<p>&#8211; Motif du retour<\/p>\n\n\n\n<p>&#8211; Photos des produits<\/p>\n\n\n\n<p>&#8211; Num\u00e9ro de commande<\/p>\n<\/div>\n<\/div>\n\n<div style=\"height:10px\" aria-hidden=\"true\" class=\"wp-block-spacer\"><\/div>\n\n<div class=\"wp-block-group is-layout-flow wp-block-group-is-layout-flow\">\n<h2 class=\"wp-block-heading\">Exp\u00e9dition<\/h2>\n\n\n\n<div style=\"height:5px\" aria-hidden=\"true\" class=\"wp-block-spacer\"><\/div>\n\n\n\n<div class=\"wp-block-group is-layout-flow wp-block-group-is-layout-flow\">\n<p>Les frais de retour sont \u00e0 votre charge. Vous pouvez choisir la mani\u00e8re dont vous souhaitez nous renvoyer le produit, mais nous vous recommandons d&rsquo;opter pour une m\u00e9thode d&rsquo;exp\u00e9dition avec suivi. <\/p>\n\n\n\n<p>Si vous le pouvez, utilisez notre emballage pour nous renvoyer le(s) produit(s), car il est r\u00e9utilisable.<\/p>\n\n\n\n<p>Si vous renvoyez le colis depuis un pays hors de l&rsquo;Union europ\u00e9enne, il est tr\u00e8s important de coller la facture envoy\u00e9e par e-mail de mani\u00e8re visible sur le colis afin d&rsquo;\u00e9viter qu&rsquo;il ne soit retenu \u00e0 la douane.<\/p>\n\n\n\n<p>Veuillez nous envoyer le num\u00e9ro de suivi, s&rsquo;il est disponible, une fois que vous avez exp\u00e9di\u00e9 le produit.<\/p>\n<\/div>\n<\/div>\n\n<div style=\"height:10px\" aria-hidden=\"true\" class=\"wp-block-spacer\"><\/div>\n\n<div class=\"wp-block-group is-layout-flow wp-block-group-is-layout-flow\">\n<h2 class=\"wp-block-heading\">Remboursement<\/h2>\n\n\n\n<div style=\"height:5px\" aria-hidden=\"true\" class=\"wp-block-spacer\"><\/div>\n\n\n\n<div class=\"wp-block-group is-layout-flow wp-block-group-is-layout-flow\">\n<p>Une fois le colis re\u00e7u, s&rsquo;il est dans les m\u00eames conditions que celles demand\u00e9es, vous recevrez votre remboursement dans un d\u00e9lai de 14 jours ouvrables, nous vous en informerons par email.<\/p>\n\n\n\n<p>Toutefois, si nous ne recevons pas le colis et que nous n&rsquo;avons pas de num\u00e9ro de suivi, nous ne pourrons malheureusement pas rembourser votre commande. Afin d&rsquo;\u00e9viter ce probl\u00e8me, nous vous recommandons vivement de choisir un mode d&rsquo;exp\u00e9dition avec suivi. <\/p>\n\n\n\n<p>Votre demande de remboursement peut \u00e9galement \u00eatre refus\u00e9e si nous constatons que le(s) produit(s) n&rsquo;est (ne sont) pas dans le m\u00eame \u00e9tat initial (c&rsquo;est-\u00e0-dire sans \u00e9tiquette, tach\u00e9(s), utilis\u00e9(s), etc.<\/p>\n\n\n\n<p>Nous vous informons que si le colis nous a \u00e9t\u00e9 retourn\u00e9 parce que vous ne souhaitiez pas payer les droits, taxes ou frais suppl\u00e9mentaires du pays dans lequel vous vous trouvez, nous d\u00e9duirons les frais d&rsquo;exp\u00e9dition du montant total de votre remboursement.<\/p>\n<\/div>\n<\/div>\n\n<div style=\"height:10px\" aria-hidden=\"true\" class=\"wp-block-spacer\"><\/div>\n\n<div class=\"wp-block-group is-layout-flow wp-block-group-is-layout-flow\">\n<h2 class=\"wp-block-heading\">\u00c9change<\/h2>\n\n\n\n<div style=\"height:5px\" aria-hidden=\"true\" class=\"wp-block-spacer\"><\/div>\n\n\n\n<div class=\"wp-block-group is-layout-flow wp-block-group-is-layout-flow\">\n<p>Afin d&rsquo;\u00e9viter toute erreur concernant le mod\u00e8le, veillez \u00e0 v\u00e9rifier le mod\u00e8le du t\u00e9l\u00e9phone.<\/p>\n\n\n\n<p>Si vous souhaitez vraiment changer un produit, vous devrez d&rsquo;abord renvoyer celui que vous avez re\u00e7u, apr\u00e8s avoir v\u00e9rifi\u00e9 qu&rsquo;il est en bon \u00e9tat, nous proc\u00e9derons \u00e0 l&rsquo;\u00e9change. Les frais d&rsquo;envoi sont \u00e0 votre charge. <\/p>\n<\/div>\n<\/div>\n\n<div style=\"height:10px\" aria-hidden=\"true\" class=\"wp-block-spacer\"><\/div>\n\n<div style=\"height:10px\" aria-hidden=\"true\" class=\"wp-block-spacer\"><\/div>\n","protected":false},"excerpt":{"rendered":"<p>Retour Vous disposez d&rsquo;un d\u00e9lai de 14 jours \u00e0 compter de la r\u00e9ception de votre commande pour changer d&rsquo;avis et nous renvoyer le(s) produit(s) dans son (leur) \u00e9tat d&rsquo;origine. Toutes les \u00e9tiquettes doivent \u00eatre attach\u00e9es aux produits pour nous les renvoyer. Nous ne pouvons pas accepter de rembourser les produits qui ont \u00e9t\u00e9 port\u00e9s et\/ou [&hellip;]<\/p>\n","protected":false},"author":1,"featured_media":0,"parent":0,"menu_order":0,"comment_status":"closed","ping_status":"closed","template":"","meta":{"_uag_custom_page_level_css":"","site-sidebar-layout":"default","site-content-layout":"","ast-site-content-layout":"default","site-content-style":"default","site-sidebar-style":"default","ast-global-header-display":"","ast-banner-title-visibility":"","ast-main-header-display":"","ast-hfb-above-header-display":"","ast-hfb-below-header-display":"","ast-hfb-mobile-header-display":"","site-post-title":"","ast-breadcrumbs-content":"","ast-featured-img":"","footer-sml-layout":"","ast-disable-related-posts":"","theme-transparent-header-meta":"","adv-header-id-meta":"","stick-header-meta":"","header-above-stick-meta":"","header-main-stick-meta":"","header-below-stick-meta":"","astra-migrate-meta-layouts":"default","ast-page-background-enabled":"default","ast-page-background-meta":{"desktop":{"background-color":"var(--ast-global-color-4)","background-image":"","background-repeat":"repeat","background-position":"center center","background-size":"auto","background-attachment":"scroll","background-type":"","background-media":"","overlay-type":"","overlay-color":"","overlay-opacity":"","overlay-gradient":""},"tablet":{"background-color":"","background-image":"","background-repeat":"repeat","background-position":"center center","background-size":"auto","background-attachment":"scroll","background-type":"","background-media":"","overlay-type":"","overlay-color":"","overlay-opacity":"","overlay-gradient":""},"mobile":{"background-color":"","background-image":"","background-repeat":"repeat","background-position":"center center","background-size":"auto","background-attachment":"scroll","background-type":"","background-media":"","overlay-type":"","overlay-color":"","overlay-opacity":"","overlay-gradient":""}},"ast-content-background-meta":{"desktop":{"background-color":"var(--ast-global-color-5)","background-image":"","background-repeat":"repeat","background-position":"center center","background-size":"auto","background-attachment":"scroll","background-type":"","background-media":"","overlay-type":"","overlay-color":"","overlay-opacity":"","overlay-gradient":""},"tablet":{"background-color":"var(--ast-global-color-5)","background-image":"","background-repeat":"repeat","background-position":"center center","background-size":"auto","background-attachment":"scroll","background-type":"","background-media":"","overlay-type":"","overlay-color":"","overlay-opacity":"","overlay-gradient":""},"mobile":{"background-color":"var(--ast-global-color-5)","background-image":"","background-repeat":"repeat","background-position":"center center","background-size":"auto","background-attachment":"scroll","background-type":"","background-media":"","overlay-type":"","overlay-color":"","overlay-opacity":"","overlay-gradient":""}},"_themeisle_gutenberg_block_has_review":false,"footnotes":""},"class_list":["post-3881","page","type-page","status-publish","hentry"],"acf":[],"yoast_head":"<!-- This site is optimized with the Yoast SEO plugin v25.1 - https:\/\/yoast.com\/wordpress\/plugins\/seo\/ -->\n<title>Politique de retour et de remboursement - test2.bolderparis.com<\/title>\n<meta name=\"robots\" content=\"index, follow, max-snippet:-1, max-image-preview:large, max-video-preview:-1\" \/>\n<link rel=\"canonical\" href=\"https:\/\/test2.bolderparis.com\/fr\/politique-de-retour-et-de-remboursement\/\" \/>\n<meta property=\"og:locale\" content=\"fr_FR\" \/>\n<meta property=\"og:type\" content=\"article\" \/>\n<meta property=\"og:title\" content=\"Politique de retour et de remboursement - test2.bolderparis.com\" \/>\n<meta property=\"og:description\" content=\"Retour Vous disposez d&rsquo;un d\u00e9lai de 14 jours \u00e0 compter de la r\u00e9ception de votre commande pour changer d&rsquo;avis et nous renvoyer le(s) produit(s) dans son (leur) \u00e9tat d&rsquo;origine. Toutes les \u00e9tiquettes doivent \u00eatre attach\u00e9es aux produits pour nous les renvoyer. Nous ne pouvons pas accepter de rembourser les produits qui ont \u00e9t\u00e9 port\u00e9s et\/ou [&hellip;]\" \/>\n<meta property=\"og:url\" content=\"https:\/\/test2.bolderparis.com\/fr\/politique-de-retour-et-de-remboursement\/\" \/>\n<meta property=\"og:site_name\" content=\"test2.bolderparis.com\" \/>\n<meta property=\"article:modified_time\" content=\"2025-02-26T17:09:35+00:00\" \/>\n<meta name=\"twitter:card\" content=\"summary_large_image\" \/>\n<meta name=\"twitter:label1\" content=\"Dur\u00e9e de lecture estim\u00e9e\" \/>\n\t<meta name=\"twitter:data1\" content=\"2 minutes\" \/>\n<script type=\"application\/ld+json\" class=\"yoast-schema-graph\">{\"@context\":\"https:\/\/schema.org\",\"@graph\":[{\"@type\":\"WebPage\",\"@id\":\"https:\/\/test2.bolderparis.com\/fr\/politique-de-retour-et-de-remboursement\/\",\"url\":\"https:\/\/test2.bolderparis.com\/fr\/politique-de-retour-et-de-remboursement\/\",\"name\":\"Politique de retour et de remboursement - test2.bolderparis.com\",\"isPartOf\":{\"@id\":\"https:\/\/test2.bolderparis.com\/#website\"},\"datePublished\":\"2024-01-17T15:36:03+00:00\",\"dateModified\":\"2025-02-26T17:09:35+00:00\",\"breadcrumb\":{\"@id\":\"https:\/\/test2.bolderparis.com\/fr\/politique-de-retour-et-de-remboursement\/#breadcrumb\"},\"inLanguage\":\"fr-FR\",\"potentialAction\":[{\"@type\":\"ReadAction\",\"target\":[\"https:\/\/test2.bolderparis.com\/fr\/politique-de-retour-et-de-remboursement\/\"]}]},{\"@type\":\"BreadcrumbList\",\"@id\":\"https:\/\/test2.bolderparis.com\/fr\/politique-de-retour-et-de-remboursement\/#breadcrumb\",\"itemListElement\":[{\"@type\":\"ListItem\",\"position\":1,\"name\":\"Home\",\"item\":\"https:\/\/test2.bolderparis.com\/fr\/\"},{\"@type\":\"ListItem\",\"position\":2,\"name\":\"Politique de retour et de remboursement\"}]},{\"@type\":\"WebSite\",\"@id\":\"https:\/\/test2.bolderparis.com\/#website\",\"url\":\"https:\/\/test2.bolderparis.com\/\",\"name\":\"test2.bolderparis.com\",\"description\":\"only cute people wear kasey\",\"publisher\":{\"@id\":\"https:\/\/test2.bolderparis.com\/#organization\"},\"potentialAction\":[{\"@type\":\"SearchAction\",\"target\":{\"@type\":\"EntryPoint\",\"urlTemplate\":\"https:\/\/test2.bolderparis.com\/?s={search_term_string}\"},\"query-input\":{\"@type\":\"PropertyValueSpecification\",\"valueRequired\":true,\"valueName\":\"search_term_string\"}}],\"inLanguage\":\"fr-FR\"},{\"@type\":\"Organization\",\"@id\":\"https:\/\/test2.bolderparis.com\/#organization\",\"name\":\"KASEY CASES\",\"url\":\"https:\/\/test2.bolderparis.com\/\",\"logo\":{\"@type\":\"ImageObject\",\"inLanguage\":\"fr-FR\",\"@id\":\"https:\/\/test2.bolderparis.com\/#\/schema\/logo\/image\/\",\"url\":\"https:\/\/test2.bolderparis.com\/wp-content\/uploads\/2024\/07\/cropped-Logo-kasey-2.jpg\",\"contentUrl\":\"https:\/\/test2.bolderparis.com\/wp-content\/uploads\/2024\/07\/cropped-Logo-kasey-2.jpg\",\"width\":620,\"height\":357,\"caption\":\"KASEY CASES\"},\"image\":{\"@id\":\"https:\/\/test2.bolderparis.com\/#\/schema\/logo\/image\/\"},\"sameAs\":[\"https:\/\/www.instagram.com\/kaseycases\/\",\"https:\/\/www.tiktok.com\/@kaseycases\"]}]}<\/script>\n<!-- \/ Yoast SEO plugin. -->","yoast_head_json":{"title":"Politique de retour et de remboursement - test2.bolderparis.com","robots":{"index":"index","follow":"follow","max-snippet":"max-snippet:-1","max-image-preview":"max-image-preview:large","max-video-preview":"max-video-preview:-1"},"canonical":"https:\/\/test2.bolderparis.com\/fr\/politique-de-retour-et-de-remboursement\/","og_locale":"fr_FR","og_type":"article","og_title":"Politique de retour et de remboursement - test2.bolderparis.com","og_description":"Retour Vous disposez d&rsquo;un d\u00e9lai de 14 jours \u00e0 compter de la r\u00e9ception de votre commande pour changer d&rsquo;avis et nous renvoyer le(s) produit(s) dans son (leur) \u00e9tat d&rsquo;origine. Toutes les \u00e9tiquettes doivent \u00eatre attach\u00e9es aux produits pour nous les renvoyer. Nous ne pouvons pas accepter de rembourser les produits qui ont \u00e9t\u00e9 port\u00e9s et\/ou [&hellip;]","og_url":"https:\/\/test2.bolderparis.com\/fr\/politique-de-retour-et-de-remboursement\/","og_site_name":"test2.bolderparis.com","article_modified_time":"2025-02-26T17:09:35+00:00","twitter_card":"summary_large_image","twitter_misc":{"Dur\u00e9e de lecture estim\u00e9e":"2 minutes"},"schema":{"@context":"https:\/\/schema.org","@graph":[{"@type":"WebPage","@id":"https:\/\/test2.bolderparis.com\/fr\/politique-de-retour-et-de-remboursement\/","url":"https:\/\/test2.bolderparis.com\/fr\/politique-de-retour-et-de-remboursement\/","name":"Politique de retour et de remboursement - test2.bolderparis.com","isPartOf":{"@id":"https:\/\/test2.bolderparis.com\/#website"},"datePublished":"2024-01-17T15:36:03+00:00","dateModified":"2025-02-26T17:09:35+00:00","breadcrumb":{"@id":"https:\/\/test2.bolderparis.com\/fr\/politique-de-retour-et-de-remboursement\/#breadcrumb"},"inLanguage":"fr-FR","potentialAction":[{"@type":"ReadAction","target":["https:\/\/test2.bolderparis.com\/fr\/politique-de-retour-et-de-remboursement\/"]}]},{"@type":"BreadcrumbList","@id":"https:\/\/test2.bolderparis.com\/fr\/politique-de-retour-et-de-remboursement\/#breadcrumb","itemListElement":[{"@type":"ListItem","position":1,"name":"Home","item":"https:\/\/test2.bolderparis.com\/fr\/"},{"@type":"ListItem","position":2,"name":"Politique de retour et de remboursement"}]},{"@type":"WebSite","@id":"https:\/\/test2.bolderparis.com\/#website","url":"https:\/\/test2.bolderparis.com\/","name":"test2.bolderparis.com","description":"only cute people wear kasey","publisher":{"@id":"https:\/\/test2.bolderparis.com\/#organization"},"potentialAction":[{"@type":"SearchAction","target":{"@type":"EntryPoint","urlTemplate":"https:\/\/test2.bolderparis.com\/?s={search_term_string}"},"query-input":{"@type":"PropertyValueSpecification","valueRequired":true,"valueName":"search_term_string"}}],"inLanguage":"fr-FR"},{"@type":"Organization","@id":"https:\/\/test2.bolderparis.com\/#organization","name":"KASEY CASES","url":"https:\/\/test2.bolderparis.com\/","logo":{"@type":"ImageObject","inLanguage":"fr-FR","@id":"https:\/\/test2.bolderparis.com\/#\/schema\/logo\/image\/","url":"https:\/\/test2.bolderparis.com\/wp-content\/uploads\/2024\/07\/cropped-Logo-kasey-2.jpg","contentUrl":"https:\/\/test2.bolderparis.com\/wp-content\/uploads\/2024\/07\/cropped-Logo-kasey-2.jpg","width":620,"height":357,"caption":"KASEY CASES"},"image":{"@id":"https:\/\/test2.bolderparis.com\/#\/schema\/logo\/image\/"},"sameAs":["https:\/\/www.instagram.com\/kaseycases\/","https:\/\/www.tiktok.com\/@kaseycases"]}]}},"uagb_featured_image_src":{"full":false,"thumbnail":false,"medium":false,"medium_large":false,"large":false,"1536x1536":false,"2048x2048":false,"product-search-thumbnail-32x32":false,"woocommerce_thumbnail":false,"woocommerce_single":false,"woocommerce_gallery_thumbnail":false,"variation_swatches_image_size":false,"variation_swatches_tooltip_size":false},"uagb_author_info":{"display_name":"test2.bolderparis.com","author_link":"https:\/\/test2.bolderparis.com\/fr\/author\/kaseycases-com\/"},"uagb_comment_info":0,"uagb_excerpt":"Retour Vous disposez d&rsquo;un d\u00e9lai de 14 jours \u00e0 compter de la r\u00e9ception de votre commande pour changer d&rsquo;avis et nous renvoyer le(s) produit(s) dans son (leur) \u00e9tat d&rsquo;origine. Toutes les \u00e9tiquettes doivent \u00eatre attach\u00e9es aux produits pour nous les renvoyer. Nous ne pouvons pas accepter de rembourser les produits qui ont \u00e9t\u00e9 port\u00e9s et\/ou\u2026","jetpack_sharing_enabled":true,"_links":{"self":[{"href":"https:\/\/test2.bolderparis.com\/fr\/wp-json\/wp\/v2\/pages\/3881","targetHints":{"allow":["GET"]}}],"collection":[{"href":"https:\/\/test2.bolderparis.com\/fr\/wp-json\/wp\/v2\/pages"}],"about":[{"href":"https:\/\/test2.bolderparis.com\/fr\/wp-json\/wp\/v2\/types\/page"}],"author":[{"embeddable":true,"href":"https:\/\/test2.bolderparis.com\/fr\/wp-json\/wp\/v2\/users\/1"}],"replies":[{"embeddable":true,"href":"https:\/\/test2.bolderparis.com\/fr\/wp-json\/wp\/v2\/comments?post=3881"}],"version-history":[{"count":7,"href":"https:\/\/test2.bolderparis.com\/fr\/wp-json\/wp\/v2\/pages\/3881\/revisions"}],"predecessor-version":[{"id":8057,"href":"https:\/\/test2.bolderparis.com\/fr\/wp-json\/wp\/v2\/pages\/3881\/revisions\/8057"}],"wp:attachment":[{"href":"https:\/\/test2.bolderparis.com\/fr\/wp-json\/wp\/v2\/media?parent=3881"}],"curies":[{"name":"wp","href":"https:\/\/api.w.org\/{rel}","templated":true}]}}