{"id":3757,"date":"2021-10-08T06:08:04","date_gmt":"2021-10-08T04:08:04","guid":{"rendered":"https:\/\/test2.bolderparis.com\/a-propos-de-nous\/"},"modified":"2024-07-25T14:17:50","modified_gmt":"2024-07-25T12:17:50","slug":"a-propos-de-nous","status":"publish","type":"page","link":"https:\/\/test2.bolderparis.com\/fr\/a-propos-de-nous\/","title":{"rendered":"A propos"},"content":{"rendered":"\n<div class=\"wp-block-columns is-layout-flex wp-container-core-columns-is-layout-1 wp-block-columns-is-layout-flex\">\n<div class=\"wp-block-column is-layout-flow wp-block-column-is-layout-flow\" style=\"flex-basis:33.33%\">\n<h1 class=\"wp-block-heading\">A propos<\/h1>\n<\/div>\n\n\n\n<div class=\"wp-block-column is-layout-flow wp-block-column-is-layout-flow\" style=\"flex-basis:66.66%\">\n<h4 class=\"wp-block-heading\"><strong>Bienvenue chez KASEY, votre destination ultime pour la mode t\u00e9l\u00e9phonique !<\/strong><\/h4>\n\n\n\n<p>Chez Kasey, nous pensons que votre t\u00e9l\u00e9phone n&rsquo;est pas seulement un appareil, mais une extension de votre style personnel.\nLanc\u00e9 en 2024, notre parcours a commenc\u00e9 par une mission simple : transformer les accessoires de t\u00e9l\u00e9phone de tous les jours en d\u00e9clarations de mode.\nDes \u00e9tuis \u00e9l\u00e9gants aux cha\u00eenes de t\u00e9l\u00e9phone chics, nous nous engageons \u00e0 vous proposer des accessoires qui prot\u00e8gent votre appareil et compl\u00e8tent votre style.  <\/p>\n<\/div>\n<\/div>\n\n<div class=\"wp-block-columns is-layout-flex wp-container-core-columns-is-layout-2 wp-block-columns-is-layout-flex\">\n<div class=\"wp-block-column is-layout-flow wp-block-column-is-layout-flow\" style=\"flex-basis:66.66%\">\n<h4 class=\"wp-block-heading\">Nos produits<\/h4>\n\n\n\n<p>Chaque pi\u00e8ce de notre collection t\u00e9moigne de notre engagement en mati\u00e8re de qualit\u00e9, de style et de durabilit\u00e9.\nNos \u00e9tuis pour t\u00e9l\u00e9phone sont fabriqu\u00e9s \u00e0 partir de mat\u00e9riaux de premi\u00e8re qualit\u00e9 pour garantir une protection optimale de votre appareil, tandis que nos cha\u00eenes pour t\u00e9l\u00e9phone sont con\u00e7ues pour \u00eatre \u00e0 la fois pratiques et \u00e9l\u00e9gantes.\nAvec un large \u00e9ventail de designs et de styles, nous vous garantissons que vous trouverez quelque chose qui refl\u00e8te votre go\u00fbt et votre personnalit\u00e9 uniques.  <\/p>\n<\/div>\n\n\n\n<div class=\"wp-block-column is-layout-flow wp-block-column-is-layout-flow\" style=\"flex-basis:33.33%\"><\/div>\n<\/div>\n\n<div class=\"wp-block-columns is-layout-flex wp-container-core-columns-is-layout-4 wp-block-columns-is-layout-flex\">\n<div class=\"wp-block-column is-layout-flow wp-block-column-is-layout-flow\" style=\"flex-basis:33.33%\">\n<div class=\"wp-block-uagb-container uagb-block-32900938 alignfull uagb-is-root-container\"><div class=\"uagb-container-inner-blocks-wrap\">\n<div class=\"wp-block-columns is-layout-flex wp-container-core-columns-is-layout-3 wp-block-columns-is-layout-flex\">\n<div class=\"wp-block-column is-layout-flow wp-block-column-is-layout-flow\">\n<div class=\"wp-block-uagb-image uagb-block-575cc91d wp-block-uagb-image--layout-default wp-block-uagb-image--effect-static wp-block-uagb-image--align-none\"><figure class=\"wp-block-uagb-image__figure\"><a class=\"\" href=\"https:\/\/www.instagram.com\/kaseycases\/\" target=\"_blank\" rel=\"noreferrer noopener\"><img decoding=\"async\" srcset=\"https:\/\/test2.bolderparis.com\/wp-content\/uploads\/2024\/03\/insta-1.jpg ,https:\/\/test2.bolderparis.com\/wp-content\/uploads\/2024\/03\/insta-1.jpg 780w, https:\/\/test2.bolderparis.com\/wp-content\/uploads\/2024\/03\/insta-1.jpg 360w\" sizes=\"auto, (max-width: 480px) 150px\" src=\"https:\/\/test2.bolderparis.com\/wp-content\/uploads\/2024\/03\/insta-1.jpg\" alt=\"\" class=\"uag-image-2311\" width=\"58\" height=\"58\" title=\"\" loading=\"lazy\"><\/a><\/figure><\/div>\n<\/div>\n\n\n\n<div class=\"wp-block-column is-layout-flow wp-block-column-is-layout-flow\">\n<div class=\"wp-block-uagb-image uagb-block-1d32b6a1 wp-block-uagb-image--layout-default wp-block-uagb-image--effect-static wp-block-uagb-image--align-none\"><figure class=\"wp-block-uagb-image__figure\"><a class=\"\" href=\"https:\/\/www.tiktok.com\/@kaseycases\" target=\"_blank\" rel=\"noreferrer noopener\"><img decoding=\"async\" srcset=\"https:\/\/test2.bolderparis.com\/wp-content\/uploads\/2024\/03\/tiktok.jpg ,https:\/\/test2.bolderparis.com\/wp-content\/uploads\/2024\/03\/tiktok.jpg 780w, https:\/\/test2.bolderparis.com\/wp-content\/uploads\/2024\/03\/tiktok.jpg 360w\" sizes=\"auto, (max-width: 480px) 150px\" src=\"https:\/\/test2.bolderparis.com\/wp-content\/uploads\/2024\/03\/tiktok.jpg\" alt=\"\" class=\"uag-image-2305\" width=\"59\" height=\"42\" title=\"\" loading=\"lazy\"><\/a><\/figure><\/div>\n<\/div>\n\n\n\n<div class=\"wp-block-column is-layout-flow wp-block-column-is-layout-flow\">\n<div class=\"wp-block-uagb-image uagb-block-054b589a wp-block-uagb-image--layout-default wp-block-uagb-image--effect-static wp-block-uagb-image--align-none\"><figure class=\"wp-block-uagb-image__figure\"><a class=\"\" href=\"https:\/\/www.youtube.com\/@kaseycases\" target=\"_blank\" rel=\"noreferrer noopener\"><img decoding=\"async\" srcset=\"https:\/\/test2.bolderparis.com\/wp-content\/uploads\/2024\/03\/youtube.png ,https:\/\/test2.bolderparis.com\/wp-content\/uploads\/2024\/03\/youtube.png 780w, https:\/\/test2.bolderparis.com\/wp-content\/uploads\/2024\/03\/youtube.png 360w\" sizes=\"auto, (max-width: 480px) 150px\" src=\"https:\/\/test2.bolderparis.com\/wp-content\/uploads\/2024\/03\/youtube.png\" alt=\"\" class=\"uag-image-2308\" width=\"59\" height=\"12\" title=\"\" loading=\"lazy\"><\/a><\/figure><\/div>\n<\/div>\n<\/div>\n<\/div><\/div>\n<\/div>\n\n\n\n<div class=\"wp-block-column is-layout-flow wp-block-column-is-layout-flow\" style=\"flex-basis:66.66%\">\n<div class=\"wp-block-uagb-advanced-heading uagb-block-385d553f\"><h4 class=\"uagb-heading-text\"><strong>Rejoignez notre communaut\u00e9<\/strong><\/h4><\/div>\n\n\n\n<p>Nous sommes plus qu&rsquo;une marque &#8211; nous sommes une communaut\u00e9 d&rsquo;individus \u00e0 la pointe de la mode qui osent exprimer leur individualit\u00e9.\nSuivez-nous sur les m\u00e9dias sociaux @kaseycases pour rester au courant de nos derni\u00e8res collections, de nos conseils de style et de nos offres exclusives.\nNous aimons voir comment vous stylisez nos produits, alors n&rsquo;oubliez pas de nous inclure dans vos photos !  <\/p>\n<\/div>\n<\/div>\n\n<div class=\"wp-block-columns is-layout-flex wp-container-core-columns-is-layout-5 wp-block-columns-is-layout-flex\">\n<div class=\"wp-block-column is-layout-flow wp-block-column-is-layout-flow\" style=\"flex-basis:66.66%\">\n<div class=\"wp-block-uagb-advanced-heading uagb-block-93476778\"><h4 class=\"uagb-heading-text\"><strong><strong>Merci d&rsquo;avoir choisi<\/strong><\/strong> Kasey<\/h4><\/div>\n\n\n\n<p>Votre soutien nous est pr\u00e9cieux.\nQue vous fassiez du shopping pour vous-m\u00eame ou que vous cherchiez le cadeau id\u00e9al, nous sommes l\u00e0 pour vous offrir la meilleure exp\u00e9rience d&rsquo;achat.\nSi vous avez des questions ou des commentaires, n&rsquo;h\u00e9sitez pas \u00e0 contacter notre service client\u00e8le.  <\/p>\n\n\n\n<p>Merci de votre visite chez Kasey.\nNous sommes impatients de voir comment nos accessoires rehaussent votre style ! <\/p>\n<\/div>\n\n\n\n<div class=\"wp-block-column is-layout-flow wp-block-column-is-layout-flow\" style=\"flex-basis:33.33%\"><\/div>\n<\/div>\n","protected":false},"excerpt":{"rendered":"<p>A propos Bienvenue chez KASEY, votre destination ultime pour la mode t\u00e9l\u00e9phonique ! Chez Kasey, nous pensons que votre t\u00e9l\u00e9phone n&rsquo;est pas seulement un appareil, mais une extension de votre style personnel. Lanc\u00e9 en 2024, notre parcours a commenc\u00e9 par une mission simple : transformer les accessoires de t\u00e9l\u00e9phone de tous les jours en d\u00e9clarations [&hellip;]<\/p>\n","protected":false},"author":1,"featured_media":0,"parent":0,"menu_order":0,"comment_status":"closed","ping_status":"closed","template":"","meta":{"_uag_custom_page_level_css":"","site-sidebar-layout":"no-sidebar","site-content-layout":"plain-container","ast-site-content-layout":"normal-width-container","site-content-style":"unboxed","site-sidebar-style":"unboxed","ast-global-header-display":"","ast-banner-title-visibility":"","ast-main-header-display":"","ast-hfb-above-header-display":"","ast-hfb-below-header-display":"","ast-hfb-mobile-header-display":"","site-post-title":"disabled","ast-breadcrumbs-content":"","ast-featured-img":"disabled","footer-sml-layout":"","ast-disable-related-posts":"","theme-transparent-header-meta":"disabled","adv-header-id-meta":"","stick-header-meta":"","header-above-stick-meta":"","header-main-stick-meta":"","header-below-stick-meta":"","astra-migrate-meta-layouts":"default","ast-page-background-enabled":"default","ast-page-background-meta":{"desktop":{"background-color":"var(--ast-global-color-4)","background-image":"","background-repeat":"repeat","background-position":"center center","background-size":"auto","background-attachment":"scroll","background-type":"","background-media":"","overlay-type":"","overlay-color":"","overlay-opacity":"","overlay-gradient":""},"tablet":{"background-color":"","background-image":"","background-repeat":"repeat","background-position":"center center","background-size":"auto","background-attachment":"scroll","background-type":"","background-media":"","overlay-type":"","overlay-color":"","overlay-opacity":"","overlay-gradient":""},"mobile":{"background-color":"","background-image":"","background-repeat":"repeat","background-position":"center center","background-size":"auto","background-attachment":"scroll","background-type":"","background-media":"","overlay-type":"","overlay-color":"","overlay-opacity":"","overlay-gradient":""}},"ast-content-background-meta":{"desktop":{"background-color":"var(--ast-global-color-5)","background-image":"","background-repeat":"repeat","background-position":"center center","background-size":"auto","background-attachment":"scroll","background-type":"","background-media":"","overlay-type":"","overlay-color":"","overlay-opacity":"","overlay-gradient":""},"tablet":{"background-color":"var(--ast-global-color-5)","background-image":"","background-repeat":"repeat","background-position":"center center","background-size":"auto","background-attachment":"scroll","background-type":"","background-media":"","overlay-type":"","overlay-color":"","overlay-opacity":"","overlay-gradient":""},"mobile":{"background-color":"var(--ast-global-color-5)","background-image":"","background-repeat":"repeat","background-position":"center center","background-size":"auto","background-attachment":"scroll","background-type":"","background-media":"","overlay-type":"","overlay-color":"","overlay-opacity":"","overlay-gradient":""}},"_themeisle_gutenberg_block_has_review":false,"footnotes":""},"class_list":["post-3757","page","type-page","status-publish","hentry"],"acf":[],"yoast_head":"<!-- This site is optimized with the Yoast SEO plugin v25.1 - https:\/\/yoast.com\/wordpress\/plugins\/seo\/ -->\n<title>A propos - test2.bolderparis.com<\/title>\n<meta name=\"robots\" content=\"index, follow, max-snippet:-1, max-image-preview:large, max-video-preview:-1\" \/>\n<link rel=\"canonical\" href=\"https:\/\/test2.bolderparis.com\/about\/\" \/>\n<meta property=\"og:locale\" content=\"fr_FR\" \/>\n<meta property=\"og:type\" content=\"article\" \/>\n<meta property=\"og:title\" content=\"A propos - test2.bolderparis.com\" \/>\n<meta property=\"og:description\" content=\"A propos Bienvenue chez KASEY, votre destination ultime pour la mode t\u00e9l\u00e9phonique ! Chez Kasey, nous pensons que votre t\u00e9l\u00e9phone n&rsquo;est pas seulement un appareil, mais une extension de votre style personnel. Lanc\u00e9 en 2024, notre parcours a commenc\u00e9 par une mission simple : transformer les accessoires de t\u00e9l\u00e9phone de tous les jours en d\u00e9clarations [&hellip;]\" \/>\n<meta property=\"og:url\" content=\"https:\/\/test2.bolderparis.com\/about\/\" \/>\n<meta property=\"og:site_name\" content=\"test2.bolderparis.com\" \/>\n<meta property=\"article:modified_time\" content=\"2024-07-25T12:17:50+00:00\" \/>\n<meta property=\"og:image\" content=\"https:\/\/test2.bolderparis.com\/wp-content\/uploads\/2024\/03\/insta-1.jpg\" \/>\n<meta name=\"twitter:card\" content=\"summary_large_image\" \/>\n<meta name=\"twitter:label1\" content=\"Dur\u00e9e de lecture estim\u00e9e\" \/>\n\t<meta name=\"twitter:data1\" content=\"2 minutes\" \/>\n<script type=\"application\/ld+json\" class=\"yoast-schema-graph\">{\"@context\":\"https:\/\/schema.org\",\"@graph\":[{\"@type\":\"WebPage\",\"@id\":\"https:\/\/test2.bolderparis.com\/about\/\",\"url\":\"https:\/\/test2.bolderparis.com\/about\/\",\"name\":\"A propos - test2.bolderparis.com\",\"isPartOf\":{\"@id\":\"https:\/\/test2.bolderparis.com\/#website\"},\"primaryImageOfPage\":{\"@id\":\"https:\/\/test2.bolderparis.com\/about\/#primaryimage\"},\"image\":{\"@id\":\"https:\/\/test2.bolderparis.com\/about\/#primaryimage\"},\"thumbnailUrl\":\"https:\/\/test2.bolderparis.com\/wp-content\/uploads\/2024\/03\/insta-1.jpg\",\"datePublished\":\"2021-10-08T04:08:04+00:00\",\"dateModified\":\"2024-07-25T12:17:50+00:00\",\"breadcrumb\":{\"@id\":\"https:\/\/test2.bolderparis.com\/about\/#breadcrumb\"},\"inLanguage\":\"fr-FR\",\"potentialAction\":[{\"@type\":\"ReadAction\",\"target\":[\"https:\/\/test2.bolderparis.com\/about\/\"]}]},{\"@type\":\"ImageObject\",\"inLanguage\":\"fr-FR\",\"@id\":\"https:\/\/test2.bolderparis.com\/about\/#primaryimage\",\"url\":\"https:\/\/test2.bolderparis.com\/wp-content\/uploads\/2024\/03\/insta-1.jpg\",\"contentUrl\":\"https:\/\/test2.bolderparis.com\/wp-content\/uploads\/2024\/03\/insta-1.jpg\"},{\"@type\":\"BreadcrumbList\",\"@id\":\"https:\/\/test2.bolderparis.com\/about\/#breadcrumb\",\"itemListElement\":[{\"@type\":\"ListItem\",\"position\":1,\"name\":\"Home\",\"item\":\"https:\/\/test2.bolderparis.com\/fr\/\"},{\"@type\":\"ListItem\",\"position\":2,\"name\":\"A propos\"}]},{\"@type\":\"WebSite\",\"@id\":\"https:\/\/test2.bolderparis.com\/#website\",\"url\":\"https:\/\/test2.bolderparis.com\/\",\"name\":\"test2.bolderparis.com\",\"description\":\"only cute people wear kasey\",\"publisher\":{\"@id\":\"https:\/\/test2.bolderparis.com\/#organization\"},\"potentialAction\":[{\"@type\":\"SearchAction\",\"target\":{\"@type\":\"EntryPoint\",\"urlTemplate\":\"https:\/\/test2.bolderparis.com\/?s={search_term_string}\"},\"query-input\":{\"@type\":\"PropertyValueSpecification\",\"valueRequired\":true,\"valueName\":\"search_term_string\"}}],\"inLanguage\":\"fr-FR\"},{\"@type\":\"Organization\",\"@id\":\"https:\/\/test2.bolderparis.com\/#organization\",\"name\":\"KASEY CASES\",\"url\":\"https:\/\/test2.bolderparis.com\/\",\"logo\":{\"@type\":\"ImageObject\",\"inLanguage\":\"fr-FR\",\"@id\":\"https:\/\/test2.bolderparis.com\/#\/schema\/logo\/image\/\",\"url\":\"https:\/\/test2.bolderparis.com\/wp-content\/uploads\/2024\/07\/cropped-Logo-kasey-2.jpg\",\"contentUrl\":\"https:\/\/test2.bolderparis.com\/wp-content\/uploads\/2024\/07\/cropped-Logo-kasey-2.jpg\",\"width\":620,\"height\":357,\"caption\":\"KASEY CASES\"},\"image\":{\"@id\":\"https:\/\/test2.bolderparis.com\/#\/schema\/logo\/image\/\"},\"sameAs\":[\"https:\/\/www.instagram.com\/kaseycases\/\",\"https:\/\/www.tiktok.com\/@kaseycases\"]}]}<\/script>\n<!-- \/ Yoast SEO plugin. -->","yoast_head_json":{"title":"A propos - test2.bolderparis.com","robots":{"index":"index","follow":"follow","max-snippet":"max-snippet:-1","max-image-preview":"max-image-preview:large","max-video-preview":"max-video-preview:-1"},"canonical":"https:\/\/test2.bolderparis.com\/about\/","og_locale":"fr_FR","og_type":"article","og_title":"A propos - test2.bolderparis.com","og_description":"A propos Bienvenue chez KASEY, votre destination ultime pour la mode t\u00e9l\u00e9phonique ! Chez Kasey, nous pensons que votre t\u00e9l\u00e9phone n&rsquo;est pas seulement un appareil, mais une extension de votre style personnel. Lanc\u00e9 en 2024, notre parcours a commenc\u00e9 par une mission simple : transformer les accessoires de t\u00e9l\u00e9phone de tous les jours en d\u00e9clarations [&hellip;]","og_url":"https:\/\/test2.bolderparis.com\/about\/","og_site_name":"test2.bolderparis.com","article_modified_time":"2024-07-25T12:17:50+00:00","og_image":[{"url":"https:\/\/test2.bolderparis.com\/wp-content\/uploads\/2024\/03\/insta-1.jpg","type":"","width":"","height":""}],"twitter_card":"summary_large_image","twitter_misc":{"Dur\u00e9e de lecture estim\u00e9e":"2 minutes"},"schema":{"@context":"https:\/\/schema.org","@graph":[{"@type":"WebPage","@id":"https:\/\/test2.bolderparis.com\/about\/","url":"https:\/\/test2.bolderparis.com\/about\/","name":"A propos - test2.bolderparis.com","isPartOf":{"@id":"https:\/\/test2.bolderparis.com\/#website"},"primaryImageOfPage":{"@id":"https:\/\/test2.bolderparis.com\/about\/#primaryimage"},"image":{"@id":"https:\/\/test2.bolderparis.com\/about\/#primaryimage"},"thumbnailUrl":"https:\/\/test2.bolderparis.com\/wp-content\/uploads\/2024\/03\/insta-1.jpg","datePublished":"2021-10-08T04:08:04+00:00","dateModified":"2024-07-25T12:17:50+00:00","breadcrumb":{"@id":"https:\/\/test2.bolderparis.com\/about\/#breadcrumb"},"inLanguage":"fr-FR","potentialAction":[{"@type":"ReadAction","target":["https:\/\/test2.bolderparis.com\/about\/"]}]},{"@type":"ImageObject","inLanguage":"fr-FR","@id":"https:\/\/test2.bolderparis.com\/about\/#primaryimage","url":"https:\/\/test2.bolderparis.com\/wp-content\/uploads\/2024\/03\/insta-1.jpg","contentUrl":"https:\/\/test2.bolderparis.com\/wp-content\/uploads\/2024\/03\/insta-1.jpg"},{"@type":"BreadcrumbList","@id":"https:\/\/test2.bolderparis.com\/about\/#breadcrumb","itemListElement":[{"@type":"ListItem","position":1,"name":"Home","item":"https:\/\/test2.bolderparis.com\/fr\/"},{"@type":"ListItem","position":2,"name":"A propos"}]},{"@type":"WebSite","@id":"https:\/\/test2.bolderparis.com\/#website","url":"https:\/\/test2.bolderparis.com\/","name":"test2.bolderparis.com","description":"only cute people wear kasey","publisher":{"@id":"https:\/\/test2.bolderparis.com\/#organization"},"potentialAction":[{"@type":"SearchAction","target":{"@type":"EntryPoint","urlTemplate":"https:\/\/test2.bolderparis.com\/?s={search_term_string}"},"query-input":{"@type":"PropertyValueSpecification","valueRequired":true,"valueName":"search_term_string"}}],"inLanguage":"fr-FR"},{"@type":"Organization","@id":"https:\/\/test2.bolderparis.com\/#organization","name":"KASEY CASES","url":"https:\/\/test2.bolderparis.com\/","logo":{"@type":"ImageObject","inLanguage":"fr-FR","@id":"https:\/\/test2.bolderparis.com\/#\/schema\/logo\/image\/","url":"https:\/\/test2.bolderparis.com\/wp-content\/uploads\/2024\/07\/cropped-Logo-kasey-2.jpg","contentUrl":"https:\/\/test2.bolderparis.com\/wp-content\/uploads\/2024\/07\/cropped-Logo-kasey-2.jpg","width":620,"height":357,"caption":"KASEY CASES"},"image":{"@id":"https:\/\/test2.bolderparis.com\/#\/schema\/logo\/image\/"},"sameAs":["https:\/\/www.instagram.com\/kaseycases\/","https:\/\/www.tiktok.com\/@kaseycases"]}]}},"uagb_featured_image_src":{"full":false,"thumbnail":false,"medium":false,"medium_large":false,"large":false,"1536x1536":false,"2048x2048":false,"product-search-thumbnail-32x32":false,"woocommerce_thumbnail":false,"woocommerce_single":false,"woocommerce_gallery_thumbnail":false,"variation_swatches_image_size":false,"variation_swatches_tooltip_size":false},"uagb_author_info":{"display_name":"test2.bolderparis.com","author_link":"https:\/\/test2.bolderparis.com\/fr\/author\/kaseycases-com\/"},"uagb_comment_info":0,"uagb_excerpt":"A propos Bienvenue chez KASEY, votre destination ultime pour la mode t\u00e9l\u00e9phonique ! Chez Kasey, nous pensons que votre t\u00e9l\u00e9phone n&rsquo;est pas seulement un appareil, mais une extension de votre style personnel. Lanc\u00e9 en 2024, notre parcours a commenc\u00e9 par une mission simple : transformer les accessoires de t\u00e9l\u00e9phone de tous les jours en d\u00e9clarations\u2026","jetpack_sharing_enabled":true,"_links":{"self":[{"href":"https:\/\/test2.bolderparis.com\/fr\/wp-json\/wp\/v2\/pages\/3757","targetHints":{"allow":["GET"]}}],"collection":[{"href":"https:\/\/test2.bolderparis.com\/fr\/wp-json\/wp\/v2\/pages"}],"about":[{"href":"https:\/\/test2.bolderparis.com\/fr\/wp-json\/wp\/v2\/types\/page"}],"author":[{"embeddable":true,"href":"https:\/\/test2.bolderparis.com\/fr\/wp-json\/wp\/v2\/users\/1"}],"replies":[{"embeddable":true,"href":"https:\/\/test2.bolderparis.com\/fr\/wp-json\/wp\/v2\/comments?post=3757"}],"version-history":[{"count":6,"href":"https:\/\/test2.bolderparis.com\/fr\/wp-json\/wp\/v2\/pages\/3757\/revisions"}],"predecessor-version":[{"id":3989,"href":"https:\/\/test2.bolderparis.com\/fr\/wp-json\/wp\/v2\/pages\/3757\/revisions\/3989"}],"wp:attachment":[{"href":"https:\/\/test2.bolderparis.com\/fr\/wp-json\/wp\/v2\/media?parent=3757"}],"curies":[{"name":"wp","href":"https:\/\/api.w.org\/{rel}","templated":true}]}}