{"id":7352,"date":"2023-02-13T20:00:46","date_gmt":"2023-02-13T19:00:46","guid":{"rendered":"https:\/\/test2.bolderparis.com\/?post_type=product&#038;p=7352"},"modified":"2025-02-20T17:52:13","modified_gmt":"2025-02-20T16:52:13","slug":"cadena-corazon-lavanda","status":"publish","type":"product","link":"https:\/\/test2.bolderparis.com\/es\/producto\/cadena-corazon-lavanda\/","title":{"rendered":"Cadena Corazon Lavanda"},"content":{"rendered":"","protected":false},"excerpt":{"rendered":"<p>&#8211; Dise\u00f1o de corazones y perlas<br \/>\n&#8211; Se puede insertar en el lateral de la funda de tu tel\u00e9fono Kasey o sujetar con nuestra resistente tarjeta de correa met\u00e1lica en el orificio del cargador<br \/>\n&#8211; Tambi\u00e9n se puede utilizar como llavero o accesorio en tu bolso<br \/>\n&#8211; Gancho y tarjeta de correa incluidos<\/p>\n<p>&#8211; Ten en cuenta que la tarjeta de correa s\u00f3lo se puede utilizar en fundas de tel\u00e9fono de cobertura total<\/p>\n","protected":false},"featured_media":7724,"comment_status":"closed","ping_status":"closed","template":"","meta":{"_uag_custom_page_level_css":"","site-sidebar-layout":"default","site-content-layout":"","ast-site-content-layout":"default","site-content-style":"default","site-sidebar-style":"default","ast-global-header-display":"","ast-banner-title-visibility":"","ast-main-header-display":"","ast-hfb-above-header-display":"","ast-hfb-below-header-display":"","ast-hfb-mobile-header-display":"","site-post-title":"","ast-breadcrumbs-content":"","ast-featured-img":"","footer-sml-layout":"","ast-disable-related-posts":"","theme-transparent-header-meta":"default","adv-header-id-meta":"","stick-header-meta":"","header-above-stick-meta":"","header-main-stick-meta":"","header-below-stick-meta":"","astra-migrate-meta-layouts":"set","ast-page-background-enabled":"default","ast-page-background-meta":{"desktop":{"background-color":"var(--ast-global-color-4)","background-image":"","background-repeat":"repeat","background-position":"center center","background-size":"auto","background-attachment":"scroll","background-type":"","background-media":"","overlay-type":"","overlay-color":"","overlay-opacity":"","overlay-gradient":""},"tablet":{"background-color":"","background-image":"","background-repeat":"repeat","background-position":"center center","background-size":"auto","background-attachment":"scroll","background-type":"","background-media":"","overlay-type":"","overlay-color":"","overlay-opacity":"","overlay-gradient":""},"mobile":{"background-color":"","background-image":"","background-repeat":"repeat","background-position":"center center","background-size":"auto","background-attachment":"scroll","background-type":"","background-media":"","overlay-type":"","overlay-color":"","overlay-opacity":"","overlay-gradient":""}},"ast-content-background-meta":{"desktop":{"background-color":"var(--ast-global-color-5)","background-image":"","background-repeat":"repeat","background-position":"center center","background-size":"auto","background-attachment":"scroll","background-type":"","background-media":"","overlay-type":"","overlay-color":"","overlay-opacity":"","overlay-gradient":""},"tablet":{"background-color":"var(--ast-global-color-5)","background-image":"","background-repeat":"repeat","background-position":"center center","background-size":"auto","background-attachment":"scroll","background-type":"","background-media":"","overlay-type":"","overlay-color":"","overlay-opacity":"","overlay-gradient":""},"mobile":{"background-color":"var(--ast-global-color-5)","background-image":"","background-repeat":"repeat","background-position":"center center","background-size":"auto","background-attachment":"scroll","background-type":"","background-media":"","overlay-type":"","overlay-color":"","overlay-opacity":"","overlay-gradient":""}},"_themeisle_gutenberg_block_has_review":false},"product_brand":[],"product_cat":[90,111,95,126,88],"product_tag":[],"class_list":{"0":"post-7352","1":"product","2":"type-product","3":"status-publish","4":"has-post-thumbnail","6":"product_cat-cadenas-para-telefono","7":"product_cat-cadena-corta-de-perlas","8":"product_cat-accesorios","9":"product_cat-novedades","10":"product_cat-ver-todo","11":"desktop-align-center","12":"tablet-align-center","13":"mobile-align-center","15":"first","16":"outofstock","17":"taxable","18":"shipping-taxable","19":"purchasable","20":"product-type-simple"},"acf":[],"yoast_head":"<!-- This site is optimized with the Yoast SEO plugin v25.1 - https:\/\/yoast.com\/wordpress\/plugins\/seo\/ -->\n<title>Cadena Corazon Lavanda - test2.bolderparis.com<\/title>\n<meta name=\"description\" content=\"Kasey accesorios bonitos para tel\u00e9fono - Decora tu tel\u00e9fono o bolso con nuestra cadena Corazon Lavanda de Kasey, dise\u00f1ada con corazones adem\u00e1s de perlas.\" \/>\n<meta name=\"robots\" content=\"index, follow, max-snippet:-1, max-image-preview:large, max-video-preview:-1\" \/>\n<link rel=\"canonical\" href=\"https:\/\/test2.bolderparis.com\/es\/producto\/cadena-corazon-lavanda\/\" \/>\n<meta property=\"og:locale\" content=\"es_ES\" \/>\n<meta property=\"og:type\" content=\"article\" \/>\n<meta property=\"og:title\" content=\"Cadena Corazon Lavanda - test2.bolderparis.com\" \/>\n<meta property=\"og:description\" content=\"Kasey accesorios bonitos para tel\u00e9fono - Decora tu tel\u00e9fono o bolso con nuestra cadena Corazon Lavanda de Kasey, dise\u00f1ada con corazones adem\u00e1s de perlas.\" \/>\n<meta property=\"og:url\" content=\"https:\/\/test2.bolderparis.com\/es\/producto\/cadena-corazon-lavanda\/\" \/>\n<meta property=\"og:site_name\" content=\"test2.bolderparis.com\" \/>\n<meta property=\"article:modified_time\" content=\"2025-02-20T16:52:13+00:00\" \/>\n<meta property=\"og:image\" content=\"https:\/\/test2.bolderparis.com\/wp-content\/uploads\/2025\/02\/IMG_1048.jpeg\" \/>\n\t<meta property=\"og:image:width\" content=\"870\" \/>\n\t<meta property=\"og:image:height\" content=\"870\" \/>\n\t<meta property=\"og:image:type\" content=\"image\/jpeg\" \/>\n<meta name=\"twitter:card\" content=\"summary_large_image\" \/>\n<meta name=\"twitter:label1\" content=\"Tiempo de lectura\" \/>\n\t<meta name=\"twitter:data1\" content=\"1 minuto\" \/>\n<script type=\"application\/ld+json\" class=\"yoast-schema-graph\">{\"@context\":\"https:\/\/schema.org\",\"@graph\":[{\"@type\":\"WebPage\",\"@id\":\"https:\/\/test2.bolderparis.com\/es\/producto\/cadena-corazon-lavanda\/\",\"url\":\"https:\/\/test2.bolderparis.com\/es\/producto\/cadena-corazon-lavanda\/\",\"name\":\"Cadena Corazon Lavanda - test2.bolderparis.com\",\"isPartOf\":{\"@id\":\"https:\/\/test2.bolderparis.com\/#website\"},\"primaryImageOfPage\":{\"@id\":\"https:\/\/test2.bolderparis.com\/es\/producto\/cadena-corazon-lavanda\/#primaryimage\"},\"image\":{\"@id\":\"https:\/\/test2.bolderparis.com\/es\/producto\/cadena-corazon-lavanda\/#primaryimage\"},\"thumbnailUrl\":\"https:\/\/test2.bolderparis.com\/wp-content\/uploads\/2025\/02\/IMG_1048.jpeg\",\"datePublished\":\"2023-02-13T19:00:46+00:00\",\"dateModified\":\"2025-02-20T16:52:13+00:00\",\"description\":\"Kasey accesorios bonitos para tel\u00e9fono - Decora tu tel\u00e9fono o bolso con nuestra cadena Corazon Lavanda de Kasey, dise\u00f1ada con corazones adem\u00e1s de perlas.\",\"breadcrumb\":{\"@id\":\"https:\/\/test2.bolderparis.com\/es\/producto\/cadena-corazon-lavanda\/#breadcrumb\"},\"inLanguage\":\"es\",\"potentialAction\":[{\"@type\":\"ReadAction\",\"target\":[\"https:\/\/test2.bolderparis.com\/es\/producto\/cadena-corazon-lavanda\/\"]}]},{\"@type\":\"ImageObject\",\"inLanguage\":\"es\",\"@id\":\"https:\/\/test2.bolderparis.com\/es\/producto\/cadena-corazon-lavanda\/#primaryimage\",\"url\":\"https:\/\/test2.bolderparis.com\/wp-content\/uploads\/2025\/02\/IMG_1048.jpeg\",\"contentUrl\":\"https:\/\/test2.bolderparis.com\/wp-content\/uploads\/2025\/02\/IMG_1048.jpeg\",\"width\":870,\"height\":870},{\"@type\":\"BreadcrumbList\",\"@id\":\"https:\/\/test2.bolderparis.com\/es\/producto\/cadena-corazon-lavanda\/#breadcrumb\",\"itemListElement\":[{\"@type\":\"ListItem\",\"position\":1,\"name\":\"Home\",\"item\":\"https:\/\/test2.bolderparis.com\/es\/\"},{\"@type\":\"ListItem\",\"position\":2,\"name\":\"Tienda\",\"item\":\"https:\/\/test2.bolderparis.com\/shop\/\"},{\"@type\":\"ListItem\",\"position\":3,\"name\":\"Cadena Corazon Lavanda\"}]},{\"@type\":\"WebSite\",\"@id\":\"https:\/\/test2.bolderparis.com\/#website\",\"url\":\"https:\/\/test2.bolderparis.com\/\",\"name\":\"test2.bolderparis.com\",\"description\":\"only cute people wear kasey\",\"publisher\":{\"@id\":\"https:\/\/test2.bolderparis.com\/#organization\"},\"potentialAction\":[{\"@type\":\"SearchAction\",\"target\":{\"@type\":\"EntryPoint\",\"urlTemplate\":\"https:\/\/test2.bolderparis.com\/?s={search_term_string}\"},\"query-input\":{\"@type\":\"PropertyValueSpecification\",\"valueRequired\":true,\"valueName\":\"search_term_string\"}}],\"inLanguage\":\"es\"},{\"@type\":\"Organization\",\"@id\":\"https:\/\/test2.bolderparis.com\/#organization\",\"name\":\"KASEY CASES\",\"url\":\"https:\/\/test2.bolderparis.com\/\",\"logo\":{\"@type\":\"ImageObject\",\"inLanguage\":\"es\",\"@id\":\"https:\/\/test2.bolderparis.com\/#\/schema\/logo\/image\/\",\"url\":\"https:\/\/test2.bolderparis.com\/wp-content\/uploads\/2024\/07\/cropped-Logo-kasey-2.jpg\",\"contentUrl\":\"https:\/\/test2.bolderparis.com\/wp-content\/uploads\/2024\/07\/cropped-Logo-kasey-2.jpg\",\"width\":620,\"height\":357,\"caption\":\"KASEY CASES\"},\"image\":{\"@id\":\"https:\/\/test2.bolderparis.com\/#\/schema\/logo\/image\/\"},\"sameAs\":[\"https:\/\/www.instagram.com\/kaseycases\/\",\"https:\/\/www.tiktok.com\/@kaseycases\"]}]}<\/script>\n<!-- \/ Yoast SEO plugin. -->","yoast_head_json":{"title":"Cadena Corazon Lavanda - test2.bolderparis.com","description":"Kasey accesorios bonitos para tel\u00e9fono - Decora tu tel\u00e9fono o bolso con nuestra cadena Corazon Lavanda de Kasey, dise\u00f1ada con corazones adem\u00e1s de perlas.","robots":{"index":"index","follow":"follow","max-snippet":"max-snippet:-1","max-image-preview":"max-image-preview:large","max-video-preview":"max-video-preview:-1"},"canonical":"https:\/\/test2.bolderparis.com\/es\/producto\/cadena-corazon-lavanda\/","og_locale":"es_ES","og_type":"article","og_title":"Cadena Corazon Lavanda - test2.bolderparis.com","og_description":"Kasey accesorios bonitos para tel\u00e9fono - Decora tu tel\u00e9fono o bolso con nuestra cadena Corazon Lavanda de Kasey, dise\u00f1ada con corazones adem\u00e1s de perlas.","og_url":"https:\/\/test2.bolderparis.com\/es\/producto\/cadena-corazon-lavanda\/","og_site_name":"test2.bolderparis.com","article_modified_time":"2025-02-20T16:52:13+00:00","og_image":[{"width":870,"height":870,"url":"https:\/\/test2.bolderparis.com\/wp-content\/uploads\/2025\/02\/IMG_1048.jpeg","type":"image\/jpeg"}],"twitter_card":"summary_large_image","twitter_misc":{"Tiempo de lectura":"1 minuto"},"schema":{"@context":"https:\/\/schema.org","@graph":[{"@type":"WebPage","@id":"https:\/\/test2.bolderparis.com\/es\/producto\/cadena-corazon-lavanda\/","url":"https:\/\/test2.bolderparis.com\/es\/producto\/cadena-corazon-lavanda\/","name":"Cadena Corazon Lavanda - test2.bolderparis.com","isPartOf":{"@id":"https:\/\/test2.bolderparis.com\/#website"},"primaryImageOfPage":{"@id":"https:\/\/test2.bolderparis.com\/es\/producto\/cadena-corazon-lavanda\/#primaryimage"},"image":{"@id":"https:\/\/test2.bolderparis.com\/es\/producto\/cadena-corazon-lavanda\/#primaryimage"},"thumbnailUrl":"https:\/\/test2.bolderparis.com\/wp-content\/uploads\/2025\/02\/IMG_1048.jpeg","datePublished":"2023-02-13T19:00:46+00:00","dateModified":"2025-02-20T16:52:13+00:00","description":"Kasey accesorios bonitos para tel\u00e9fono - Decora tu tel\u00e9fono o bolso con nuestra cadena Corazon Lavanda de Kasey, dise\u00f1ada con corazones adem\u00e1s de perlas.","breadcrumb":{"@id":"https:\/\/test2.bolderparis.com\/es\/producto\/cadena-corazon-lavanda\/#breadcrumb"},"inLanguage":"es","potentialAction":[{"@type":"ReadAction","target":["https:\/\/test2.bolderparis.com\/es\/producto\/cadena-corazon-lavanda\/"]}]},{"@type":"ImageObject","inLanguage":"es","@id":"https:\/\/test2.bolderparis.com\/es\/producto\/cadena-corazon-lavanda\/#primaryimage","url":"https:\/\/test2.bolderparis.com\/wp-content\/uploads\/2025\/02\/IMG_1048.jpeg","contentUrl":"https:\/\/test2.bolderparis.com\/wp-content\/uploads\/2025\/02\/IMG_1048.jpeg","width":870,"height":870},{"@type":"BreadcrumbList","@id":"https:\/\/test2.bolderparis.com\/es\/producto\/cadena-corazon-lavanda\/#breadcrumb","itemListElement":[{"@type":"ListItem","position":1,"name":"Home","item":"https:\/\/test2.bolderparis.com\/es\/"},{"@type":"ListItem","position":2,"name":"Tienda","item":"https:\/\/test2.bolderparis.com\/shop\/"},{"@type":"ListItem","position":3,"name":"Cadena Corazon Lavanda"}]},{"@type":"WebSite","@id":"https:\/\/test2.bolderparis.com\/#website","url":"https:\/\/test2.bolderparis.com\/","name":"test2.bolderparis.com","description":"only cute people wear kasey","publisher":{"@id":"https:\/\/test2.bolderparis.com\/#organization"},"potentialAction":[{"@type":"SearchAction","target":{"@type":"EntryPoint","urlTemplate":"https:\/\/test2.bolderparis.com\/?s={search_term_string}"},"query-input":{"@type":"PropertyValueSpecification","valueRequired":true,"valueName":"search_term_string"}}],"inLanguage":"es"},{"@type":"Organization","@id":"https:\/\/test2.bolderparis.com\/#organization","name":"KASEY CASES","url":"https:\/\/test2.bolderparis.com\/","logo":{"@type":"ImageObject","inLanguage":"es","@id":"https:\/\/test2.bolderparis.com\/#\/schema\/logo\/image\/","url":"https:\/\/test2.bolderparis.com\/wp-content\/uploads\/2024\/07\/cropped-Logo-kasey-2.jpg","contentUrl":"https:\/\/test2.bolderparis.com\/wp-content\/uploads\/2024\/07\/cropped-Logo-kasey-2.jpg","width":620,"height":357,"caption":"KASEY CASES"},"image":{"@id":"https:\/\/test2.bolderparis.com\/#\/schema\/logo\/image\/"},"sameAs":["https:\/\/www.instagram.com\/kaseycases\/","https:\/\/www.tiktok.com\/@kaseycases"]}]}},"uagb_featured_image_src":{"full":["https:\/\/test2.bolderparis.com\/wp-content\/uploads\/2025\/02\/IMG_1048.jpeg",870,870,false],"thumbnail":["https:\/\/test2.bolderparis.com\/wp-content\/uploads\/2025\/02\/IMG_1048-300x300.jpeg",300,300,true],"medium":["https:\/\/test2.bolderparis.com\/wp-content\/uploads\/2025\/02\/IMG_1048-360x360.jpeg",360,360,true],"medium_large":["https:\/\/test2.bolderparis.com\/wp-content\/uploads\/2025\/02\/IMG_1048-768x768.jpeg",768,768,true],"large":["https:\/\/test2.bolderparis.com\/wp-content\/uploads\/2025\/02\/IMG_1048.jpeg",870,870,false],"1536x1536":["https:\/\/test2.bolderparis.com\/wp-content\/uploads\/2025\/02\/IMG_1048.jpeg",870,870,false],"2048x2048":["https:\/\/test2.bolderparis.com\/wp-content\/uploads\/2025\/02\/IMG_1048.jpeg",870,870,false],"product-search-thumbnail-32x32":["https:\/\/test2.bolderparis.com\/wp-content\/uploads\/2025\/02\/IMG_1048-32x32.jpeg",32,32,true],"woocommerce_thumbnail":["https:\/\/test2.bolderparis.com\/wp-content\/uploads\/2025\/02\/IMG_1048-360x360.jpeg",360,360,true],"woocommerce_single":["https:\/\/test2.bolderparis.com\/wp-content\/uploads\/2025\/02\/IMG_1048.jpeg",870,870,false],"woocommerce_gallery_thumbnail":["https:\/\/test2.bolderparis.com\/wp-content\/uploads\/2025\/02\/IMG_1048-200x200.jpeg",200,200,true],"variation_swatches_image_size":["https:\/\/test2.bolderparis.com\/wp-content\/uploads\/2025\/02\/IMG_1048-50x50.jpeg",50,50,true],"variation_swatches_tooltip_size":["https:\/\/test2.bolderparis.com\/wp-content\/uploads\/2025\/02\/IMG_1048-100x100.jpeg",100,100,true]},"uagb_author_info":{"display_name":"test2.bolderparis.com","author_link":"https:\/\/test2.bolderparis.com\/es\/author\/"},"uagb_comment_info":0,"uagb_excerpt":"- Dise\u00f1o de corazones y perlas - Se puede insertar en el lateral de la funda de tu tel\u00e9fono Kasey o sujetar con nuestra resistente tarjeta de correa met\u00e1lica en el orificio del cargador - Tambi\u00e9n se puede utilizar como llavero o accesorio en tu bolso - Gancho y tarjeta de correa incluidos - Ten&hellip;","jetpack_sharing_enabled":true,"_links":{"self":[{"href":"https:\/\/test2.bolderparis.com\/es\/wp-json\/wp\/v2\/product\/7352","targetHints":{"allow":["GET"]}}],"collection":[{"href":"https:\/\/test2.bolderparis.com\/es\/wp-json\/wp\/v2\/product"}],"about":[{"href":"https:\/\/test2.bolderparis.com\/es\/wp-json\/wp\/v2\/types\/product"}],"replies":[{"embeddable":true,"href":"https:\/\/test2.bolderparis.com\/es\/wp-json\/wp\/v2\/comments?post=7352"}],"wp:featuredmedia":[{"embeddable":true,"href":"https:\/\/test2.bolderparis.com\/es\/wp-json\/wp\/v2\/media\/7724"}],"wp:attachment":[{"href":"https:\/\/test2.bolderparis.com\/es\/wp-json\/wp\/v2\/media?parent=7352"}],"wp:term":[{"taxonomy":"product_brand","embeddable":true,"href":"https:\/\/test2.bolderparis.com\/es\/wp-json\/wp\/v2\/product_brand?post=7352"},{"taxonomy":"product_cat","embeddable":true,"href":"https:\/\/test2.bolderparis.com\/es\/wp-json\/wp\/v2\/product_cat?post=7352"},{"taxonomy":"product_tag","embeddable":true,"href":"https:\/\/test2.bolderparis.com\/es\/wp-json\/wp\/v2\/product_tag?post=7352"}],"curies":[{"name":"wp","href":"https:\/\/api.w.org\/{rel}","templated":true}]}}