{"id":6915,"date":"2024-10-02T13:33:29","date_gmt":"2024-10-02T11:33:29","guid":{"rendered":"https:\/\/test2.bolderparis.com\/?post_type=product&#038;p=6915"},"modified":"2024-11-26T00:03:59","modified_gmt":"2024-11-25T23:03:59","slug":"accessorios-switchies-a","status":"publish","type":"product","link":"https:\/\/test2.bolderparis.com\/es\/producto\/accessorios-switchies-a\/","title":{"rendered":"Switchies A"},"content":{"rendered":"","protected":false},"excerpt":{"rendered":"<p>&#8211; 5 Cambiadores Instant\u00e1neos de Dise\u00f1o para Fundas de Tel\u00e9fono<br \/>\n&#8211; Se ajustan perfectamente dentro de casi cualquier funda de tel\u00e9fono transparente<br \/>\n&#8211; Cambia los dise\u00f1os para que coincidan con tu estilo o estado de \u00e1nimo<br \/>\n&#8211; Ins\u00e9rtalo en una funda transparente y actualiza tu look al instante<\/p>\n<p>&#8211; Viene en un paquete de 5 Switchies diferentes: aguas met\u00e1licas en movimiento, ondas sedosas met\u00e1licas, espejo, plumas brillantes y efecto vidrio roto<\/p>\n","protected":false},"featured_media":6873,"comment_status":"open","ping_status":"closed","template":"","meta":{"_uag_custom_page_level_css":"","site-sidebar-layout":"default","site-content-layout":"","ast-site-content-layout":"default","site-content-style":"default","site-sidebar-style":"default","ast-global-header-display":"","ast-banner-title-visibility":"","ast-main-header-display":"","ast-hfb-above-header-display":"","ast-hfb-below-header-display":"","ast-hfb-mobile-header-display":"","site-post-title":"","ast-breadcrumbs-content":"","ast-featured-img":"","footer-sml-layout":"","ast-disable-related-posts":"","theme-transparent-header-meta":"default","adv-header-id-meta":"","stick-header-meta":"","header-above-stick-meta":"","header-main-stick-meta":"","header-below-stick-meta":"","astra-migrate-meta-layouts":"set","ast-page-background-enabled":"default","ast-page-background-meta":{"desktop":{"background-color":"var(--ast-global-color-4)","background-image":"","background-repeat":"repeat","background-position":"center center","background-size":"auto","background-attachment":"scroll","background-type":"","background-media":"","overlay-type":"","overlay-color":"","overlay-opacity":"","overlay-gradient":""},"tablet":{"background-color":"","background-image":"","background-repeat":"repeat","background-position":"center center","background-size":"auto","background-attachment":"scroll","background-type":"","background-media":"","overlay-type":"","overlay-color":"","overlay-opacity":"","overlay-gradient":""},"mobile":{"background-color":"","background-image":"","background-repeat":"repeat","background-position":"center center","background-size":"auto","background-attachment":"scroll","background-type":"","background-media":"","overlay-type":"","overlay-color":"","overlay-opacity":"","overlay-gradient":""}},"ast-content-background-meta":{"desktop":{"background-color":"var(--ast-global-color-5)","background-image":"","background-repeat":"repeat","background-position":"center center","background-size":"auto","background-attachment":"scroll","background-type":"","background-media":"","overlay-type":"","overlay-color":"","overlay-opacity":"","overlay-gradient":""},"tablet":{"background-color":"var(--ast-global-color-5)","background-image":"","background-repeat":"repeat","background-position":"center center","background-size":"auto","background-attachment":"scroll","background-type":"","background-media":"","overlay-type":"","overlay-color":"","overlay-opacity":"","overlay-gradient":""},"mobile":{"background-color":"var(--ast-global-color-5)","background-image":"","background-repeat":"repeat","background-position":"center center","background-size":"auto","background-attachment":"scroll","background-type":"","background-media":"","overlay-type":"","overlay-color":"","overlay-opacity":"","overlay-gradient":""}},"_themeisle_gutenberg_block_has_review":false},"product_brand":[],"product_cat":[98,100,104,140,139,141,137,95,88],"product_tag":[],"class_list":{"0":"post-6915","1":"product","2":"type-product","3":"status-publish","4":"has-post-thumbnail","6":"product_cat-fundas-de-telefono","7":"product_cat-fundas-transparentes","8":"product_cat-fundas-mag-safe","9":"product_cat-serie-iphone-16-es","10":"product_cat-serie-iphone-15-es","11":"product_cat-serie-iphone-14-es","12":"product_cat-serie-iphone-13-es","13":"product_cat-accesorios","14":"product_cat-ver-todo","15":"desktop-align-center","16":"tablet-align-center","17":"mobile-align-center","19":"first","20":"instock","21":"taxable","22":"shipping-taxable","23":"purchasable","24":"product-type-variable","25":"has-default-attributes"},"acf":[],"yoast_head":"<!-- This site is optimized with the Yoast SEO plugin v25.1 - https:\/\/yoast.com\/wordpress\/plugins\/seo\/ -->\n<title>Switchies A - test2.bolderparis.com<\/title>\n<meta name=\"description\" content=\"\u00a1Cambia instant\u00e1neamente el dise\u00f1o de tu funda de tel\u00e9fono! Compatible con casi cualquier funda transparente. Paquetes de 5 dise\u00f1os diferentes de switchies.\" \/>\n<meta name=\"robots\" content=\"index, follow, max-snippet:-1, max-image-preview:large, max-video-preview:-1\" \/>\n<link rel=\"canonical\" href=\"https:\/\/test2.bolderparis.com\/producto\/accessories-switchies-a\/\" \/>\n<meta property=\"og:locale\" content=\"es_ES\" \/>\n<meta property=\"og:type\" content=\"article\" \/>\n<meta property=\"og:title\" content=\"Switchies A - test2.bolderparis.com\" \/>\n<meta property=\"og:description\" content=\"\u00a1Cambia instant\u00e1neamente el dise\u00f1o de tu funda de tel\u00e9fono! Compatible con casi cualquier funda transparente. Paquetes de 5 dise\u00f1os diferentes de switchies.\" \/>\n<meta property=\"og:url\" content=\"https:\/\/test2.bolderparis.com\/producto\/accessories-switchies-a\/\" \/>\n<meta property=\"og:site_name\" content=\"test2.bolderparis.com\" \/>\n<meta property=\"article:modified_time\" content=\"2024-11-25T23:03:59+00:00\" \/>\n<meta property=\"og:image\" content=\"https:\/\/test2.bolderparis.com\/wp-content\/uploads\/2024\/10\/transparent-a-4-900x675.png\" \/>\n\t<meta property=\"og:image:width\" content=\"900\" \/>\n\t<meta property=\"og:image:height\" content=\"675\" \/>\n\t<meta property=\"og:image:type\" content=\"image\/png\" \/>\n<meta name=\"twitter:card\" content=\"summary_large_image\" \/>\n<meta name=\"twitter:label1\" content=\"Tiempo de lectura\" \/>\n\t<meta name=\"twitter:data1\" content=\"1 minuto\" \/>\n<script type=\"application\/ld+json\" class=\"yoast-schema-graph\">{\"@context\":\"https:\/\/schema.org\",\"@graph\":[{\"@type\":\"WebPage\",\"@id\":\"https:\/\/test2.bolderparis.com\/producto\/accessories-switchies-a\/\",\"url\":\"https:\/\/test2.bolderparis.com\/producto\/accessories-switchies-a\/\",\"name\":\"Switchies A - test2.bolderparis.com\",\"isPartOf\":{\"@id\":\"https:\/\/test2.bolderparis.com\/#website\"},\"primaryImageOfPage\":{\"@id\":\"https:\/\/test2.bolderparis.com\/producto\/accessories-switchies-a\/#primaryimage\"},\"image\":{\"@id\":\"https:\/\/test2.bolderparis.com\/producto\/accessories-switchies-a\/#primaryimage\"},\"thumbnailUrl\":\"https:\/\/test2.bolderparis.com\/wp-content\/uploads\/2024\/10\/transparent-a-4.png\",\"datePublished\":\"2024-10-02T11:33:29+00:00\",\"dateModified\":\"2024-11-25T23:03:59+00:00\",\"description\":\"\u00a1Cambia instant\u00e1neamente el dise\u00f1o de tu funda de tel\u00e9fono! Compatible con casi cualquier funda transparente. Paquetes de 5 dise\u00f1os diferentes de switchies.\",\"breadcrumb\":{\"@id\":\"https:\/\/test2.bolderparis.com\/producto\/accessories-switchies-a\/#breadcrumb\"},\"inLanguage\":\"es\",\"potentialAction\":[{\"@type\":\"ReadAction\",\"target\":[\"https:\/\/test2.bolderparis.com\/producto\/accessories-switchies-a\/\"]}]},{\"@type\":\"ImageObject\",\"inLanguage\":\"es\",\"@id\":\"https:\/\/test2.bolderparis.com\/producto\/accessories-switchies-a\/#primaryimage\",\"url\":\"https:\/\/test2.bolderparis.com\/wp-content\/uploads\/2024\/10\/transparent-a-4.png\",\"contentUrl\":\"https:\/\/test2.bolderparis.com\/wp-content\/uploads\/2024\/10\/transparent-a-4.png\",\"width\":2560,\"height\":1920},{\"@type\":\"BreadcrumbList\",\"@id\":\"https:\/\/test2.bolderparis.com\/producto\/accessories-switchies-a\/#breadcrumb\",\"itemListElement\":[{\"@type\":\"ListItem\",\"position\":1,\"name\":\"Home\",\"item\":\"https:\/\/test2.bolderparis.com\/es\/\"},{\"@type\":\"ListItem\",\"position\":2,\"name\":\"Tienda\",\"item\":\"https:\/\/test2.bolderparis.com\/shop\/\"},{\"@type\":\"ListItem\",\"position\":3,\"name\":\"Switchies A\"}]},{\"@type\":\"WebSite\",\"@id\":\"https:\/\/test2.bolderparis.com\/#website\",\"url\":\"https:\/\/test2.bolderparis.com\/\",\"name\":\"test2.bolderparis.com\",\"description\":\"only cute people wear kasey\",\"publisher\":{\"@id\":\"https:\/\/test2.bolderparis.com\/#organization\"},\"potentialAction\":[{\"@type\":\"SearchAction\",\"target\":{\"@type\":\"EntryPoint\",\"urlTemplate\":\"https:\/\/test2.bolderparis.com\/?s={search_term_string}\"},\"query-input\":{\"@type\":\"PropertyValueSpecification\",\"valueRequired\":true,\"valueName\":\"search_term_string\"}}],\"inLanguage\":\"es\"},{\"@type\":\"Organization\",\"@id\":\"https:\/\/test2.bolderparis.com\/#organization\",\"name\":\"KASEY CASES\",\"url\":\"https:\/\/test2.bolderparis.com\/\",\"logo\":{\"@type\":\"ImageObject\",\"inLanguage\":\"es\",\"@id\":\"https:\/\/test2.bolderparis.com\/#\/schema\/logo\/image\/\",\"url\":\"https:\/\/test2.bolderparis.com\/wp-content\/uploads\/2024\/07\/cropped-Logo-kasey-2.jpg\",\"contentUrl\":\"https:\/\/test2.bolderparis.com\/wp-content\/uploads\/2024\/07\/cropped-Logo-kasey-2.jpg\",\"width\":620,\"height\":357,\"caption\":\"KASEY CASES\"},\"image\":{\"@id\":\"https:\/\/test2.bolderparis.com\/#\/schema\/logo\/image\/\"},\"sameAs\":[\"https:\/\/www.instagram.com\/kaseycases\/\",\"https:\/\/www.tiktok.com\/@kaseycases\"]}]}<\/script>\n<!-- \/ Yoast SEO plugin. -->","yoast_head_json":{"title":"Switchies A - test2.bolderparis.com","description":"\u00a1Cambia instant\u00e1neamente el dise\u00f1o de tu funda de tel\u00e9fono! Compatible con casi cualquier funda transparente. Paquetes de 5 dise\u00f1os diferentes de switchies.","robots":{"index":"index","follow":"follow","max-snippet":"max-snippet:-1","max-image-preview":"max-image-preview:large","max-video-preview":"max-video-preview:-1"},"canonical":"https:\/\/test2.bolderparis.com\/producto\/accessories-switchies-a\/","og_locale":"es_ES","og_type":"article","og_title":"Switchies A - test2.bolderparis.com","og_description":"\u00a1Cambia instant\u00e1neamente el dise\u00f1o de tu funda de tel\u00e9fono! Compatible con casi cualquier funda transparente. Paquetes de 5 dise\u00f1os diferentes de switchies.","og_url":"https:\/\/test2.bolderparis.com\/producto\/accessories-switchies-a\/","og_site_name":"test2.bolderparis.com","article_modified_time":"2024-11-25T23:03:59+00:00","og_image":[{"width":900,"height":675,"url":"https:\/\/test2.bolderparis.com\/wp-content\/uploads\/2024\/10\/transparent-a-4-900x675.png","type":"image\/png"}],"twitter_card":"summary_large_image","twitter_misc":{"Tiempo de lectura":"1 minuto"},"schema":{"@context":"https:\/\/schema.org","@graph":[{"@type":"WebPage","@id":"https:\/\/test2.bolderparis.com\/producto\/accessories-switchies-a\/","url":"https:\/\/test2.bolderparis.com\/producto\/accessories-switchies-a\/","name":"Switchies A - test2.bolderparis.com","isPartOf":{"@id":"https:\/\/test2.bolderparis.com\/#website"},"primaryImageOfPage":{"@id":"https:\/\/test2.bolderparis.com\/producto\/accessories-switchies-a\/#primaryimage"},"image":{"@id":"https:\/\/test2.bolderparis.com\/producto\/accessories-switchies-a\/#primaryimage"},"thumbnailUrl":"https:\/\/test2.bolderparis.com\/wp-content\/uploads\/2024\/10\/transparent-a-4.png","datePublished":"2024-10-02T11:33:29+00:00","dateModified":"2024-11-25T23:03:59+00:00","description":"\u00a1Cambia instant\u00e1neamente el dise\u00f1o de tu funda de tel\u00e9fono! Compatible con casi cualquier funda transparente. Paquetes de 5 dise\u00f1os diferentes de switchies.","breadcrumb":{"@id":"https:\/\/test2.bolderparis.com\/producto\/accessories-switchies-a\/#breadcrumb"},"inLanguage":"es","potentialAction":[{"@type":"ReadAction","target":["https:\/\/test2.bolderparis.com\/producto\/accessories-switchies-a\/"]}]},{"@type":"ImageObject","inLanguage":"es","@id":"https:\/\/test2.bolderparis.com\/producto\/accessories-switchies-a\/#primaryimage","url":"https:\/\/test2.bolderparis.com\/wp-content\/uploads\/2024\/10\/transparent-a-4.png","contentUrl":"https:\/\/test2.bolderparis.com\/wp-content\/uploads\/2024\/10\/transparent-a-4.png","width":2560,"height":1920},{"@type":"BreadcrumbList","@id":"https:\/\/test2.bolderparis.com\/producto\/accessories-switchies-a\/#breadcrumb","itemListElement":[{"@type":"ListItem","position":1,"name":"Home","item":"https:\/\/test2.bolderparis.com\/es\/"},{"@type":"ListItem","position":2,"name":"Tienda","item":"https:\/\/test2.bolderparis.com\/shop\/"},{"@type":"ListItem","position":3,"name":"Switchies A"}]},{"@type":"WebSite","@id":"https:\/\/test2.bolderparis.com\/#website","url":"https:\/\/test2.bolderparis.com\/","name":"test2.bolderparis.com","description":"only cute people wear kasey","publisher":{"@id":"https:\/\/test2.bolderparis.com\/#organization"},"potentialAction":[{"@type":"SearchAction","target":{"@type":"EntryPoint","urlTemplate":"https:\/\/test2.bolderparis.com\/?s={search_term_string}"},"query-input":{"@type":"PropertyValueSpecification","valueRequired":true,"valueName":"search_term_string"}}],"inLanguage":"es"},{"@type":"Organization","@id":"https:\/\/test2.bolderparis.com\/#organization","name":"KASEY CASES","url":"https:\/\/test2.bolderparis.com\/","logo":{"@type":"ImageObject","inLanguage":"es","@id":"https:\/\/test2.bolderparis.com\/#\/schema\/logo\/image\/","url":"https:\/\/test2.bolderparis.com\/wp-content\/uploads\/2024\/07\/cropped-Logo-kasey-2.jpg","contentUrl":"https:\/\/test2.bolderparis.com\/wp-content\/uploads\/2024\/07\/cropped-Logo-kasey-2.jpg","width":620,"height":357,"caption":"KASEY CASES"},"image":{"@id":"https:\/\/test2.bolderparis.com\/#\/schema\/logo\/image\/"},"sameAs":["https:\/\/www.instagram.com\/kaseycases\/","https:\/\/www.tiktok.com\/@kaseycases"]}]}},"uagb_featured_image_src":{"full":["https:\/\/test2.bolderparis.com\/wp-content\/uploads\/2024\/10\/transparent-a-4.png",2560,1920,false],"thumbnail":["https:\/\/test2.bolderparis.com\/wp-content\/uploads\/2024\/10\/transparent-a-4-300x225.png",300,225,true],"medium":["https:\/\/test2.bolderparis.com\/wp-content\/uploads\/2024\/10\/transparent-a-4-360x270.png",360,270,true],"medium_large":["https:\/\/test2.bolderparis.com\/wp-content\/uploads\/2024\/10\/transparent-a-4-768x576.png",768,576,true],"large":["https:\/\/test2.bolderparis.com\/wp-content\/uploads\/2024\/10\/transparent-a-4-900x675.png",900,675,true],"1536x1536":["https:\/\/test2.bolderparis.com\/wp-content\/uploads\/2024\/10\/transparent-a-4-1536x1152.png",1536,1152,true],"2048x2048":["https:\/\/test2.bolderparis.com\/wp-content\/uploads\/2024\/10\/transparent-a-4-2048x1536.png",2048,1536,true],"product-search-thumbnail-32x32":["https:\/\/test2.bolderparis.com\/wp-content\/uploads\/2024\/10\/transparent-a-4-32x32.png",32,32,true],"woocommerce_thumbnail":["https:\/\/test2.bolderparis.com\/wp-content\/uploads\/2024\/10\/transparent-a-4-360x360.png",360,360,true],"woocommerce_single":["https:\/\/test2.bolderparis.com\/wp-content\/uploads\/2024\/10\/transparent-a-4-900x675.png",900,675,true],"woocommerce_gallery_thumbnail":["https:\/\/test2.bolderparis.com\/wp-content\/uploads\/2024\/10\/transparent-a-4-200x200.png",200,200,true],"variation_swatches_image_size":["https:\/\/test2.bolderparis.com\/wp-content\/uploads\/2024\/10\/transparent-a-4-50x50.png",50,50,true],"variation_swatches_tooltip_size":["https:\/\/test2.bolderparis.com\/wp-content\/uploads\/2024\/10\/transparent-a-4-100x100.png",100,100,true]},"uagb_author_info":{"display_name":"test2.bolderparis.com","author_link":"https:\/\/test2.bolderparis.com\/es\/author\/"},"uagb_comment_info":0,"uagb_excerpt":"- 5 Cambiadores Instant\u00e1neos de Dise\u00f1o para Fundas de Tel\u00e9fono - Se ajustan perfectamente dentro de casi cualquier funda de tel\u00e9fono transparente - Cambia los dise\u00f1os para que coincidan con tu estilo o estado de \u00e1nimo - Ins\u00e9rtalo en una funda transparente y actualiza tu look al instante - Viene en un paquete de 5&hellip;","jetpack_sharing_enabled":true,"_links":{"self":[{"href":"https:\/\/test2.bolderparis.com\/es\/wp-json\/wp\/v2\/product\/6915","targetHints":{"allow":["GET"]}}],"collection":[{"href":"https:\/\/test2.bolderparis.com\/es\/wp-json\/wp\/v2\/product"}],"about":[{"href":"https:\/\/test2.bolderparis.com\/es\/wp-json\/wp\/v2\/types\/product"}],"replies":[{"embeddable":true,"href":"https:\/\/test2.bolderparis.com\/es\/wp-json\/wp\/v2\/comments?post=6915"}],"wp:featuredmedia":[{"embeddable":true,"href":"https:\/\/test2.bolderparis.com\/es\/wp-json\/wp\/v2\/media\/6873"}],"wp:attachment":[{"href":"https:\/\/test2.bolderparis.com\/es\/wp-json\/wp\/v2\/media?parent=6915"}],"wp:term":[{"taxonomy":"product_brand","embeddable":true,"href":"https:\/\/test2.bolderparis.com\/es\/wp-json\/wp\/v2\/product_brand?post=6915"},{"taxonomy":"product_cat","embeddable":true,"href":"https:\/\/test2.bolderparis.com\/es\/wp-json\/wp\/v2\/product_cat?post=6915"},{"taxonomy":"product_tag","embeddable":true,"href":"https:\/\/test2.bolderparis.com\/es\/wp-json\/wp\/v2\/product_tag?post=6915"}],"curies":[{"name":"wp","href":"https:\/\/api.w.org\/{rel}","templated":true}]}}