{"id":4546,"date":"2024-07-26T11:24:24","date_gmt":"2024-07-26T09:24:24","guid":{"rendered":"https:\/\/test2.bolderparis.com\/?post_type=product&#038;p=4546"},"modified":"2024-11-26T00:03:14","modified_gmt":"2024-11-25T23:03:14","slug":"accessorios-ventosa-metal-doble-cara-negro","status":"publish","type":"product","link":"https:\/\/test2.bolderparis.com\/es\/producto\/accessorios-ventosa-metal-doble-cara-negro\/","title":{"rendered":"Ventosa metal doble cara negro"},"content":{"rendered":"","protected":false},"excerpt":{"rendered":"<p>&#8211; Ventosa negro doble cara<br \/>\n&#8211; S\u00f3lo se puede utilizar con fundas planas y sobre superficies limpias y planas (ej: espejo, puerta de cristal, ventana de cristal, paredes de m\u00e1rmol&#8230;)<br \/>\n&#8211; Debe lavarse con agua cuando haya polvo o pelos pegados a la ventosa.<br \/>\n\u2013 Unicamente para un uso corto de tiempo, si se usa por un per\u00edodo prolongado, aseg\u00farese de empujar el tel\u00e9fono cada 5 minutos para que la ventosa se adhiera mejor<\/p>\n<p>&#8211; C\u00f3mo utilizar: Limpie la funda de su tel\u00e9fono y la ventosa, pegue la ventosa en medio de la funda de su tel\u00e9fono y luego en la superficie donde desea pegarla, aseg\u00farese de ejercer suficiente presi\u00f3n para adherir mejor el tel\u00e9fono.<\/p>\n<p>&#8211; No compatible con nuestra colecci\u00f3n transparente impresa y nuestra colecci\u00f3n espejo impresa<\/p>\n","protected":false},"featured_media":4557,"comment_status":"closed","ping_status":"closed","template":"","meta":{"_uag_custom_page_level_css":"","site-sidebar-layout":"default","site-content-layout":"","ast-site-content-layout":"default","site-content-style":"default","site-sidebar-style":"default","ast-global-header-display":"","ast-banner-title-visibility":"","ast-main-header-display":"","ast-hfb-above-header-display":"","ast-hfb-below-header-display":"","ast-hfb-mobile-header-display":"","site-post-title":"","ast-breadcrumbs-content":"","ast-featured-img":"","footer-sml-layout":"","ast-disable-related-posts":"","theme-transparent-header-meta":"default","adv-header-id-meta":"","stick-header-meta":"","header-above-stick-meta":"","header-main-stick-meta":"","header-below-stick-meta":"","astra-migrate-meta-layouts":"set","ast-page-background-enabled":"default","ast-page-background-meta":{"desktop":{"background-color":"var(--ast-global-color-4)","background-image":"","background-repeat":"repeat","background-position":"center center","background-size":"auto","background-attachment":"scroll","background-type":"","background-media":"","overlay-type":"","overlay-color":"","overlay-opacity":"","overlay-gradient":""},"tablet":{"background-color":"","background-image":"","background-repeat":"repeat","background-position":"center center","background-size":"auto","background-attachment":"scroll","background-type":"","background-media":"","overlay-type":"","overlay-color":"","overlay-opacity":"","overlay-gradient":""},"mobile":{"background-color":"","background-image":"","background-repeat":"repeat","background-position":"center center","background-size":"auto","background-attachment":"scroll","background-type":"","background-media":"","overlay-type":"","overlay-color":"","overlay-opacity":"","overlay-gradient":""}},"ast-content-background-meta":{"desktop":{"background-color":"var(--ast-global-color-5)","background-image":"","background-repeat":"repeat","background-position":"center center","background-size":"auto","background-attachment":"scroll","background-type":"","background-media":"","overlay-type":"","overlay-color":"","overlay-opacity":"","overlay-gradient":""},"tablet":{"background-color":"var(--ast-global-color-5)","background-image":"","background-repeat":"repeat","background-position":"center center","background-size":"auto","background-attachment":"scroll","background-type":"","background-media":"","overlay-type":"","overlay-color":"","overlay-opacity":"","overlay-gradient":""},"mobile":{"background-color":"var(--ast-global-color-5)","background-image":"","background-repeat":"repeat","background-position":"center center","background-size":"auto","background-attachment":"scroll","background-type":"","background-media":"","overlay-type":"","overlay-color":"","overlay-opacity":"","overlay-gradient":""}},"_themeisle_gutenberg_block_has_review":false},"product_brand":[],"product_cat":[149,95,96,88],"product_tag":[],"class_list":{"0":"post-4546","1":"product","2":"type-product","3":"status-publish","4":"has-post-thumbnail","6":"product_cat-doble-ventosa","7":"product_cat-accesorios","8":"product_cat-ventosas","9":"product_cat-ver-todo","10":"desktop-align-center","11":"tablet-align-center","12":"mobile-align-center","14":"first","15":"instock","16":"taxable","17":"shipping-taxable","18":"purchasable","19":"product-type-simple"},"acf":[],"yoast_head":"<!-- This site is optimized with the Yoast SEO plugin v25.1 - https:\/\/yoast.com\/wordpress\/plugins\/seo\/ -->\n<title>Ventosa metal doble cara negro - test2.bolderparis.com<\/title>\n<meta name=\"robots\" content=\"index, follow, max-snippet:-1, max-image-preview:large, max-video-preview:-1\" \/>\n<link rel=\"canonical\" href=\"https:\/\/test2.bolderparis.com\/producto\/accessories-double-metal-suction-cup-black\/\" \/>\n<meta property=\"og:locale\" content=\"es_ES\" \/>\n<meta property=\"og:type\" content=\"article\" \/>\n<meta property=\"og:title\" content=\"Ventosa metal doble cara negro - test2.bolderparis.com\" \/>\n<meta property=\"og:description\" content=\"- Ventosa negro doble cara - S\u00f3lo se puede utilizar con fundas planas y sobre superficies limpias y planas (ej: espejo, puerta de cristal, ventana de cristal, paredes de m\u00e1rmol...) - Debe lavarse con agua cuando haya polvo o pelos pegados a la ventosa. \u2013 Unicamente para un uso corto de tiempo, si se usa por un per\u00edodo prolongado, aseg\u00farese de empujar el tel\u00e9fono cada 5 minutos para que la ventosa se adhiera mejor  - C\u00f3mo utilizar: Limpie la funda de su tel\u00e9fono y la ventosa, pegue la ventosa en medio de la funda de su tel\u00e9fono y luego en la superficie donde desea pegarla, aseg\u00farese de ejercer suficiente presi\u00f3n para adherir mejor el tel\u00e9fono.  - No compatible con nuestra colecci\u00f3n transparente impresa y nuestra colecci\u00f3n espejo impresa\" \/>\n<meta property=\"og:url\" content=\"https:\/\/test2.bolderparis.com\/producto\/accessories-double-metal-suction-cup-black\/\" \/>\n<meta property=\"og:site_name\" content=\"test2.bolderparis.com\" \/>\n<meta property=\"article:modified_time\" content=\"2024-11-25T23:03:14+00:00\" \/>\n<meta property=\"og:image\" content=\"https:\/\/test2.bolderparis.com\/wp-content\/uploads\/2024\/07\/DOUBLE-NOIR-w.jpg\" \/>\n\t<meta property=\"og:image:width\" content=\"2257\" \/>\n\t<meta property=\"og:image:height\" content=\"2215\" \/>\n\t<meta property=\"og:image:type\" content=\"image\/jpeg\" \/>\n<meta name=\"twitter:card\" content=\"summary_large_image\" \/>\n<script type=\"application\/ld+json\" class=\"yoast-schema-graph\">{\"@context\":\"https:\/\/schema.org\",\"@graph\":[{\"@type\":\"WebPage\",\"@id\":\"https:\/\/test2.bolderparis.com\/producto\/accessories-double-metal-suction-cup-black\/\",\"url\":\"https:\/\/test2.bolderparis.com\/producto\/accessories-double-metal-suction-cup-black\/\",\"name\":\"Ventosa metal doble cara negro - test2.bolderparis.com\",\"isPartOf\":{\"@id\":\"https:\/\/test2.bolderparis.com\/#website\"},\"primaryImageOfPage\":{\"@id\":\"https:\/\/test2.bolderparis.com\/producto\/accessories-double-metal-suction-cup-black\/#primaryimage\"},\"image\":{\"@id\":\"https:\/\/test2.bolderparis.com\/producto\/accessories-double-metal-suction-cup-black\/#primaryimage\"},\"thumbnailUrl\":\"https:\/\/test2.bolderparis.com\/wp-content\/uploads\/2024\/07\/DOUBLE-NOIR-w.jpg\",\"datePublished\":\"2024-07-26T09:24:24+00:00\",\"dateModified\":\"2024-11-25T23:03:14+00:00\",\"breadcrumb\":{\"@id\":\"https:\/\/test2.bolderparis.com\/producto\/accessories-double-metal-suction-cup-black\/#breadcrumb\"},\"inLanguage\":\"es\",\"potentialAction\":[{\"@type\":\"ReadAction\",\"target\":[\"https:\/\/test2.bolderparis.com\/producto\/accessories-double-metal-suction-cup-black\/\"]}]},{\"@type\":\"ImageObject\",\"inLanguage\":\"es\",\"@id\":\"https:\/\/test2.bolderparis.com\/producto\/accessories-double-metal-suction-cup-black\/#primaryimage\",\"url\":\"https:\/\/test2.bolderparis.com\/wp-content\/uploads\/2024\/07\/DOUBLE-NOIR-w.jpg\",\"contentUrl\":\"https:\/\/test2.bolderparis.com\/wp-content\/uploads\/2024\/07\/DOUBLE-NOIR-w.jpg\",\"width\":2257,\"height\":2215},{\"@type\":\"BreadcrumbList\",\"@id\":\"https:\/\/test2.bolderparis.com\/producto\/accessories-double-metal-suction-cup-black\/#breadcrumb\",\"itemListElement\":[{\"@type\":\"ListItem\",\"position\":1,\"name\":\"Home\",\"item\":\"https:\/\/test2.bolderparis.com\/es\/\"},{\"@type\":\"ListItem\",\"position\":2,\"name\":\"Tienda\",\"item\":\"https:\/\/test2.bolderparis.com\/shop\/\"},{\"@type\":\"ListItem\",\"position\":3,\"name\":\"Ventosa metal doble cara negro\"}]},{\"@type\":\"WebSite\",\"@id\":\"https:\/\/test2.bolderparis.com\/#website\",\"url\":\"https:\/\/test2.bolderparis.com\/\",\"name\":\"test2.bolderparis.com\",\"description\":\"only cute people wear kasey\",\"publisher\":{\"@id\":\"https:\/\/test2.bolderparis.com\/#organization\"},\"potentialAction\":[{\"@type\":\"SearchAction\",\"target\":{\"@type\":\"EntryPoint\",\"urlTemplate\":\"https:\/\/test2.bolderparis.com\/?s={search_term_string}\"},\"query-input\":{\"@type\":\"PropertyValueSpecification\",\"valueRequired\":true,\"valueName\":\"search_term_string\"}}],\"inLanguage\":\"es\"},{\"@type\":\"Organization\",\"@id\":\"https:\/\/test2.bolderparis.com\/#organization\",\"name\":\"KASEY CASES\",\"url\":\"https:\/\/test2.bolderparis.com\/\",\"logo\":{\"@type\":\"ImageObject\",\"inLanguage\":\"es\",\"@id\":\"https:\/\/test2.bolderparis.com\/#\/schema\/logo\/image\/\",\"url\":\"https:\/\/test2.bolderparis.com\/wp-content\/uploads\/2024\/07\/cropped-Logo-kasey-2.jpg\",\"contentUrl\":\"https:\/\/test2.bolderparis.com\/wp-content\/uploads\/2024\/07\/cropped-Logo-kasey-2.jpg\",\"width\":620,\"height\":357,\"caption\":\"KASEY CASES\"},\"image\":{\"@id\":\"https:\/\/test2.bolderparis.com\/#\/schema\/logo\/image\/\"},\"sameAs\":[\"https:\/\/www.instagram.com\/kaseycases\/\",\"https:\/\/www.tiktok.com\/@kaseycases\"]}]}<\/script>\n<!-- \/ Yoast SEO plugin. -->","yoast_head_json":{"title":"Ventosa metal doble cara negro - test2.bolderparis.com","robots":{"index":"index","follow":"follow","max-snippet":"max-snippet:-1","max-image-preview":"max-image-preview:large","max-video-preview":"max-video-preview:-1"},"canonical":"https:\/\/test2.bolderparis.com\/producto\/accessories-double-metal-suction-cup-black\/","og_locale":"es_ES","og_type":"article","og_title":"Ventosa metal doble cara negro - test2.bolderparis.com","og_description":"- Ventosa negro doble cara - S\u00f3lo se puede utilizar con fundas planas y sobre superficies limpias y planas (ej: espejo, puerta de cristal, ventana de cristal, paredes de m\u00e1rmol...) - Debe lavarse con agua cuando haya polvo o pelos pegados a la ventosa. \u2013 Unicamente para un uso corto de tiempo, si se usa por un per\u00edodo prolongado, aseg\u00farese de empujar el tel\u00e9fono cada 5 minutos para que la ventosa se adhiera mejor  - C\u00f3mo utilizar: Limpie la funda de su tel\u00e9fono y la ventosa, pegue la ventosa en medio de la funda de su tel\u00e9fono y luego en la superficie donde desea pegarla, aseg\u00farese de ejercer suficiente presi\u00f3n para adherir mejor el tel\u00e9fono.  - No compatible con nuestra colecci\u00f3n transparente impresa y nuestra colecci\u00f3n espejo impresa","og_url":"https:\/\/test2.bolderparis.com\/producto\/accessories-double-metal-suction-cup-black\/","og_site_name":"test2.bolderparis.com","article_modified_time":"2024-11-25T23:03:14+00:00","og_image":[{"width":2257,"height":2215,"url":"https:\/\/test2.bolderparis.com\/wp-content\/uploads\/2024\/07\/DOUBLE-NOIR-w.jpg","type":"image\/jpeg"}],"twitter_card":"summary_large_image","schema":{"@context":"https:\/\/schema.org","@graph":[{"@type":"WebPage","@id":"https:\/\/test2.bolderparis.com\/producto\/accessories-double-metal-suction-cup-black\/","url":"https:\/\/test2.bolderparis.com\/producto\/accessories-double-metal-suction-cup-black\/","name":"Ventosa metal doble cara negro - test2.bolderparis.com","isPartOf":{"@id":"https:\/\/test2.bolderparis.com\/#website"},"primaryImageOfPage":{"@id":"https:\/\/test2.bolderparis.com\/producto\/accessories-double-metal-suction-cup-black\/#primaryimage"},"image":{"@id":"https:\/\/test2.bolderparis.com\/producto\/accessories-double-metal-suction-cup-black\/#primaryimage"},"thumbnailUrl":"https:\/\/test2.bolderparis.com\/wp-content\/uploads\/2024\/07\/DOUBLE-NOIR-w.jpg","datePublished":"2024-07-26T09:24:24+00:00","dateModified":"2024-11-25T23:03:14+00:00","breadcrumb":{"@id":"https:\/\/test2.bolderparis.com\/producto\/accessories-double-metal-suction-cup-black\/#breadcrumb"},"inLanguage":"es","potentialAction":[{"@type":"ReadAction","target":["https:\/\/test2.bolderparis.com\/producto\/accessories-double-metal-suction-cup-black\/"]}]},{"@type":"ImageObject","inLanguage":"es","@id":"https:\/\/test2.bolderparis.com\/producto\/accessories-double-metal-suction-cup-black\/#primaryimage","url":"https:\/\/test2.bolderparis.com\/wp-content\/uploads\/2024\/07\/DOUBLE-NOIR-w.jpg","contentUrl":"https:\/\/test2.bolderparis.com\/wp-content\/uploads\/2024\/07\/DOUBLE-NOIR-w.jpg","width":2257,"height":2215},{"@type":"BreadcrumbList","@id":"https:\/\/test2.bolderparis.com\/producto\/accessories-double-metal-suction-cup-black\/#breadcrumb","itemListElement":[{"@type":"ListItem","position":1,"name":"Home","item":"https:\/\/test2.bolderparis.com\/es\/"},{"@type":"ListItem","position":2,"name":"Tienda","item":"https:\/\/test2.bolderparis.com\/shop\/"},{"@type":"ListItem","position":3,"name":"Ventosa metal doble cara negro"}]},{"@type":"WebSite","@id":"https:\/\/test2.bolderparis.com\/#website","url":"https:\/\/test2.bolderparis.com\/","name":"test2.bolderparis.com","description":"only cute people wear kasey","publisher":{"@id":"https:\/\/test2.bolderparis.com\/#organization"},"potentialAction":[{"@type":"SearchAction","target":{"@type":"EntryPoint","urlTemplate":"https:\/\/test2.bolderparis.com\/?s={search_term_string}"},"query-input":{"@type":"PropertyValueSpecification","valueRequired":true,"valueName":"search_term_string"}}],"inLanguage":"es"},{"@type":"Organization","@id":"https:\/\/test2.bolderparis.com\/#organization","name":"KASEY CASES","url":"https:\/\/test2.bolderparis.com\/","logo":{"@type":"ImageObject","inLanguage":"es","@id":"https:\/\/test2.bolderparis.com\/#\/schema\/logo\/image\/","url":"https:\/\/test2.bolderparis.com\/wp-content\/uploads\/2024\/07\/cropped-Logo-kasey-2.jpg","contentUrl":"https:\/\/test2.bolderparis.com\/wp-content\/uploads\/2024\/07\/cropped-Logo-kasey-2.jpg","width":620,"height":357,"caption":"KASEY CASES"},"image":{"@id":"https:\/\/test2.bolderparis.com\/#\/schema\/logo\/image\/"},"sameAs":["https:\/\/www.instagram.com\/kaseycases\/","https:\/\/www.tiktok.com\/@kaseycases"]}]}},"uagb_featured_image_src":{"full":["https:\/\/test2.bolderparis.com\/wp-content\/uploads\/2024\/07\/DOUBLE-NOIR-w.jpg",2257,2215,false],"thumbnail":["https:\/\/test2.bolderparis.com\/wp-content\/uploads\/2024\/07\/DOUBLE-NOIR-w-300x294.jpg",300,294,true],"medium":["https:\/\/test2.bolderparis.com\/wp-content\/uploads\/2024\/07\/DOUBLE-NOIR-w-360x353.jpg",360,353,true],"medium_large":["https:\/\/test2.bolderparis.com\/wp-content\/uploads\/2024\/07\/DOUBLE-NOIR-w-768x754.jpg",768,754,true],"large":["https:\/\/test2.bolderparis.com\/wp-content\/uploads\/2024\/07\/DOUBLE-NOIR-w-900x883.jpg",900,883,true],"1536x1536":["https:\/\/test2.bolderparis.com\/wp-content\/uploads\/2024\/07\/DOUBLE-NOIR-w-1536x1507.jpg",1536,1507,true],"2048x2048":["https:\/\/test2.bolderparis.com\/wp-content\/uploads\/2024\/07\/DOUBLE-NOIR-w-2048x2010.jpg",2048,2010,true],"product-search-thumbnail-32x32":["https:\/\/test2.bolderparis.com\/wp-content\/uploads\/2024\/07\/DOUBLE-NOIR-w-32x32.jpg",32,32,true],"woocommerce_thumbnail":["https:\/\/test2.bolderparis.com\/wp-content\/uploads\/2024\/07\/DOUBLE-NOIR-w-360x360.jpg",360,360,true],"woocommerce_single":["https:\/\/test2.bolderparis.com\/wp-content\/uploads\/2024\/07\/DOUBLE-NOIR-w-900x883.jpg",900,883,true],"woocommerce_gallery_thumbnail":["https:\/\/test2.bolderparis.com\/wp-content\/uploads\/2024\/07\/DOUBLE-NOIR-w-200x200.jpg",200,200,true],"variation_swatches_image_size":["https:\/\/test2.bolderparis.com\/wp-content\/uploads\/2024\/07\/DOUBLE-NOIR-w-50x50.jpg",50,50,true],"variation_swatches_tooltip_size":["https:\/\/test2.bolderparis.com\/wp-content\/uploads\/2024\/07\/DOUBLE-NOIR-w-100x100.jpg",100,100,true]},"uagb_author_info":{"display_name":"test2.bolderparis.com","author_link":"https:\/\/test2.bolderparis.com\/es\/author\/"},"uagb_comment_info":0,"uagb_excerpt":"- Ventosa negro doble cara - S\u00f3lo se puede utilizar con fundas planas y sobre superficies limpias y planas (ej: espejo, puerta de cristal, ventana de cristal, paredes de m\u00e1rmol...) - Debe lavarse con agua cuando haya polvo o pelos pegados a la ventosa. \u2013 Unicamente para un uso corto de tiempo, si se usa&hellip;","jetpack_sharing_enabled":true,"_links":{"self":[{"href":"https:\/\/test2.bolderparis.com\/es\/wp-json\/wp\/v2\/product\/4546","targetHints":{"allow":["GET"]}}],"collection":[{"href":"https:\/\/test2.bolderparis.com\/es\/wp-json\/wp\/v2\/product"}],"about":[{"href":"https:\/\/test2.bolderparis.com\/es\/wp-json\/wp\/v2\/types\/product"}],"replies":[{"embeddable":true,"href":"https:\/\/test2.bolderparis.com\/es\/wp-json\/wp\/v2\/comments?post=4546"}],"wp:featuredmedia":[{"embeddable":true,"href":"https:\/\/test2.bolderparis.com\/es\/wp-json\/wp\/v2\/media\/4557"}],"wp:attachment":[{"href":"https:\/\/test2.bolderparis.com\/es\/wp-json\/wp\/v2\/media?parent=4546"}],"wp:term":[{"taxonomy":"product_brand","embeddable":true,"href":"https:\/\/test2.bolderparis.com\/es\/wp-json\/wp\/v2\/product_brand?post=4546"},{"taxonomy":"product_cat","embeddable":true,"href":"https:\/\/test2.bolderparis.com\/es\/wp-json\/wp\/v2\/product_cat?post=4546"},{"taxonomy":"product_tag","embeddable":true,"href":"https:\/\/test2.bolderparis.com\/es\/wp-json\/wp\/v2\/product_tag?post=4546"}],"curies":[{"name":"wp","href":"https:\/\/api.w.org\/{rel}","templated":true}]}}