{"id":4397,"date":"2024-07-25T18:36:36","date_gmt":"2024-07-25T16:36:36","guid":{"rendered":"https:\/\/test2.bolderparis.com\/product\/accessories-magsafe-suction-cup-pink\/"},"modified":"2024-11-26T00:03:15","modified_gmt":"2024-11-25T23:03:15","slug":"accesorios-ventosa-metal-magsafe-rosa","status":"publish","type":"product","link":"https:\/\/test2.bolderparis.com\/es\/producto\/accesorios-ventosa-metal-magsafe-rosa\/","title":{"rendered":"Ventosa metal magsafe rosa"},"content":{"rendered":"","protected":false},"excerpt":{"rendered":"<p>&#8211; Ventosa rosa compatible con magsafe<br \/>\n&#8211; Viene con un anillo de metal que se puede pegar en cualquier tel\u00e9fono o funda sin Magsafe.<br \/>\n&#8211; S\u00f3lo se puede utilizar sobre superficies limpias y planas (ej: espejo, puerta de cristal, ventana de cristal, paredes de m\u00e1rmol&#8230;)<br \/>\n&#8211; Debe lavarse con agua cuando haya polvo o pelos pegados a la ventosa.<\/p>\n<p>&#8211; Unicamente para un uso corto de tiempo, si se usa por un per\u00edodo prolongado, aseg\u00farese de empujar el tel\u00e9fono cada 5 minutos para que la ventosa se adhiera mejor<\/p>\n","protected":false},"featured_media":4522,"comment_status":"closed","ping_status":"closed","template":"","meta":{"_uag_custom_page_level_css":"","site-sidebar-layout":"default","site-content-layout":"","ast-site-content-layout":"default","site-content-style":"default","site-sidebar-style":"default","ast-global-header-display":"","ast-banner-title-visibility":"","ast-main-header-display":"","ast-hfb-above-header-display":"","ast-hfb-below-header-display":"","ast-hfb-mobile-header-display":"","site-post-title":"","ast-breadcrumbs-content":"","ast-featured-img":"","footer-sml-layout":"","ast-disable-related-posts":"","theme-transparent-header-meta":"default","adv-header-id-meta":"","stick-header-meta":"","header-above-stick-meta":"","header-main-stick-meta":"","header-below-stick-meta":"","astra-migrate-meta-layouts":"set","ast-page-background-enabled":"default","ast-page-background-meta":{"desktop":{"background-color":"var(--ast-global-color-4)","background-image":"","background-repeat":"repeat","background-position":"center center","background-size":"auto","background-attachment":"scroll","background-type":"","background-media":"","overlay-type":"","overlay-color":"","overlay-opacity":"","overlay-gradient":""},"tablet":{"background-color":"","background-image":"","background-repeat":"repeat","background-position":"center center","background-size":"auto","background-attachment":"scroll","background-type":"","background-media":"","overlay-type":"","overlay-color":"","overlay-opacity":"","overlay-gradient":""},"mobile":{"background-color":"","background-image":"","background-repeat":"repeat","background-position":"center center","background-size":"auto","background-attachment":"scroll","background-type":"","background-media":"","overlay-type":"","overlay-color":"","overlay-opacity":"","overlay-gradient":""}},"ast-content-background-meta":{"desktop":{"background-color":"var(--ast-global-color-5)","background-image":"","background-repeat":"repeat","background-position":"center center","background-size":"auto","background-attachment":"scroll","background-type":"","background-media":"","overlay-type":"","overlay-color":"","overlay-opacity":"","overlay-gradient":""},"tablet":{"background-color":"var(--ast-global-color-5)","background-image":"","background-repeat":"repeat","background-position":"center center","background-size":"auto","background-attachment":"scroll","background-type":"","background-media":"","overlay-type":"","overlay-color":"","overlay-opacity":"","overlay-gradient":""},"mobile":{"background-color":"var(--ast-global-color-5)","background-image":"","background-repeat":"repeat","background-position":"center center","background-size":"auto","background-attachment":"scroll","background-type":"","background-media":"","overlay-type":"","overlay-color":"","overlay-opacity":"","overlay-gradient":""}},"_themeisle_gutenberg_block_has_review":false},"product_brand":[],"product_cat":[162,95,96,88],"product_tag":[],"class_list":{"0":"post-4397","1":"product","2":"type-product","3":"status-publish","4":"has-post-thumbnail","6":"product_cat-mejores-ventas","7":"product_cat-accesorios","8":"product_cat-ventosas","9":"product_cat-ver-todo","10":"desktop-align-center","11":"tablet-align-center","12":"mobile-align-center","14":"first","15":"instock","16":"taxable","17":"shipping-taxable","18":"purchasable","19":"product-type-simple"},"acf":[],"yoast_head":"<!-- This site is optimized with the Yoast SEO plugin v25.1 - https:\/\/yoast.com\/wordpress\/plugins\/seo\/ -->\n<title>Ventosa metal magsafe rosa - test2.bolderparis.com<\/title>\n<meta name=\"robots\" content=\"index, follow, max-snippet:-1, max-image-preview:large, max-video-preview:-1\" \/>\n<link rel=\"canonical\" href=\"https:\/\/test2.bolderparis.com\/producto\/accessories-magsafe-metal-suction-cup-pink\/\" \/>\n<meta property=\"og:locale\" content=\"es_ES\" \/>\n<meta property=\"og:type\" content=\"article\" \/>\n<meta property=\"og:title\" content=\"Ventosa metal magsafe rosa - test2.bolderparis.com\" \/>\n<meta property=\"og:description\" content=\"- Ventosa rosa compatible con magsafe - Viene con un anillo de metal que se puede pegar en cualquier tel\u00e9fono o funda sin Magsafe. - S\u00f3lo se puede utilizar sobre superficies limpias y planas (ej: espejo, puerta de cristal, ventana de cristal, paredes de m\u00e1rmol...) - Debe lavarse con agua cuando haya polvo o pelos pegados a la ventosa.  - Unicamente para un uso corto de tiempo, si se usa por un per\u00edodo prolongado, aseg\u00farese de empujar el tel\u00e9fono cada 5 minutos para que la ventosa se adhiera mejor\" \/>\n<meta property=\"og:url\" content=\"https:\/\/test2.bolderparis.com\/producto\/accessories-magsafe-metal-suction-cup-pink\/\" \/>\n<meta property=\"og:site_name\" content=\"test2.bolderparis.com\" \/>\n<meta property=\"article:modified_time\" content=\"2024-11-25T23:03:15+00:00\" \/>\n<meta property=\"og:image\" content=\"https:\/\/test2.bolderparis.com\/wp-content\/uploads\/2024\/07\/magsafe-rose-A.jpg\" \/>\n\t<meta property=\"og:image:width\" content=\"2232\" \/>\n\t<meta property=\"og:image:height\" content=\"2232\" \/>\n\t<meta property=\"og:image:type\" content=\"image\/jpeg\" \/>\n<meta name=\"twitter:card\" content=\"summary_large_image\" \/>\n<script type=\"application\/ld+json\" class=\"yoast-schema-graph\">{\"@context\":\"https:\/\/schema.org\",\"@graph\":[{\"@type\":\"WebPage\",\"@id\":\"https:\/\/test2.bolderparis.com\/producto\/accessories-magsafe-metal-suction-cup-pink\/\",\"url\":\"https:\/\/test2.bolderparis.com\/producto\/accessories-magsafe-metal-suction-cup-pink\/\",\"name\":\"Ventosa metal magsafe rosa - test2.bolderparis.com\",\"isPartOf\":{\"@id\":\"https:\/\/test2.bolderparis.com\/#website\"},\"primaryImageOfPage\":{\"@id\":\"https:\/\/test2.bolderparis.com\/producto\/accessories-magsafe-metal-suction-cup-pink\/#primaryimage\"},\"image\":{\"@id\":\"https:\/\/test2.bolderparis.com\/producto\/accessories-magsafe-metal-suction-cup-pink\/#primaryimage\"},\"thumbnailUrl\":\"https:\/\/test2.bolderparis.com\/wp-content\/uploads\/2024\/07\/magsafe-rose-A.jpg\",\"datePublished\":\"2024-07-25T16:36:36+00:00\",\"dateModified\":\"2024-11-25T23:03:15+00:00\",\"breadcrumb\":{\"@id\":\"https:\/\/test2.bolderparis.com\/producto\/accessories-magsafe-metal-suction-cup-pink\/#breadcrumb\"},\"inLanguage\":\"es\",\"potentialAction\":[{\"@type\":\"ReadAction\",\"target\":[\"https:\/\/test2.bolderparis.com\/producto\/accessories-magsafe-metal-suction-cup-pink\/\"]}]},{\"@type\":\"ImageObject\",\"inLanguage\":\"es\",\"@id\":\"https:\/\/test2.bolderparis.com\/producto\/accessories-magsafe-metal-suction-cup-pink\/#primaryimage\",\"url\":\"https:\/\/test2.bolderparis.com\/wp-content\/uploads\/2024\/07\/magsafe-rose-A.jpg\",\"contentUrl\":\"https:\/\/test2.bolderparis.com\/wp-content\/uploads\/2024\/07\/magsafe-rose-A.jpg\",\"width\":2232,\"height\":2232},{\"@type\":\"BreadcrumbList\",\"@id\":\"https:\/\/test2.bolderparis.com\/producto\/accessories-magsafe-metal-suction-cup-pink\/#breadcrumb\",\"itemListElement\":[{\"@type\":\"ListItem\",\"position\":1,\"name\":\"Home\",\"item\":\"https:\/\/test2.bolderparis.com\/es\/\"},{\"@type\":\"ListItem\",\"position\":2,\"name\":\"Tienda\",\"item\":\"https:\/\/test2.bolderparis.com\/shop\/\"},{\"@type\":\"ListItem\",\"position\":3,\"name\":\"Ventosa metal magsafe rosa\"}]},{\"@type\":\"WebSite\",\"@id\":\"https:\/\/test2.bolderparis.com\/#website\",\"url\":\"https:\/\/test2.bolderparis.com\/\",\"name\":\"test2.bolderparis.com\",\"description\":\"only cute people wear kasey\",\"publisher\":{\"@id\":\"https:\/\/test2.bolderparis.com\/#organization\"},\"potentialAction\":[{\"@type\":\"SearchAction\",\"target\":{\"@type\":\"EntryPoint\",\"urlTemplate\":\"https:\/\/test2.bolderparis.com\/?s={search_term_string}\"},\"query-input\":{\"@type\":\"PropertyValueSpecification\",\"valueRequired\":true,\"valueName\":\"search_term_string\"}}],\"inLanguage\":\"es\"},{\"@type\":\"Organization\",\"@id\":\"https:\/\/test2.bolderparis.com\/#organization\",\"name\":\"KASEY CASES\",\"url\":\"https:\/\/test2.bolderparis.com\/\",\"logo\":{\"@type\":\"ImageObject\",\"inLanguage\":\"es\",\"@id\":\"https:\/\/test2.bolderparis.com\/#\/schema\/logo\/image\/\",\"url\":\"https:\/\/test2.bolderparis.com\/wp-content\/uploads\/2024\/07\/cropped-Logo-kasey-2.jpg\",\"contentUrl\":\"https:\/\/test2.bolderparis.com\/wp-content\/uploads\/2024\/07\/cropped-Logo-kasey-2.jpg\",\"width\":620,\"height\":357,\"caption\":\"KASEY CASES\"},\"image\":{\"@id\":\"https:\/\/test2.bolderparis.com\/#\/schema\/logo\/image\/\"},\"sameAs\":[\"https:\/\/www.instagram.com\/kaseycases\/\",\"https:\/\/www.tiktok.com\/@kaseycases\"]}]}<\/script>\n<!-- \/ Yoast SEO plugin. -->","yoast_head_json":{"title":"Ventosa metal magsafe rosa - test2.bolderparis.com","robots":{"index":"index","follow":"follow","max-snippet":"max-snippet:-1","max-image-preview":"max-image-preview:large","max-video-preview":"max-video-preview:-1"},"canonical":"https:\/\/test2.bolderparis.com\/producto\/accessories-magsafe-metal-suction-cup-pink\/","og_locale":"es_ES","og_type":"article","og_title":"Ventosa metal magsafe rosa - test2.bolderparis.com","og_description":"- Ventosa rosa compatible con magsafe - Viene con un anillo de metal que se puede pegar en cualquier tel\u00e9fono o funda sin Magsafe. - S\u00f3lo se puede utilizar sobre superficies limpias y planas (ej: espejo, puerta de cristal, ventana de cristal, paredes de m\u00e1rmol...) - Debe lavarse con agua cuando haya polvo o pelos pegados a la ventosa.  - Unicamente para un uso corto de tiempo, si se usa por un per\u00edodo prolongado, aseg\u00farese de empujar el tel\u00e9fono cada 5 minutos para que la ventosa se adhiera mejor","og_url":"https:\/\/test2.bolderparis.com\/producto\/accessories-magsafe-metal-suction-cup-pink\/","og_site_name":"test2.bolderparis.com","article_modified_time":"2024-11-25T23:03:15+00:00","og_image":[{"width":2232,"height":2232,"url":"https:\/\/test2.bolderparis.com\/wp-content\/uploads\/2024\/07\/magsafe-rose-A.jpg","type":"image\/jpeg"}],"twitter_card":"summary_large_image","schema":{"@context":"https:\/\/schema.org","@graph":[{"@type":"WebPage","@id":"https:\/\/test2.bolderparis.com\/producto\/accessories-magsafe-metal-suction-cup-pink\/","url":"https:\/\/test2.bolderparis.com\/producto\/accessories-magsafe-metal-suction-cup-pink\/","name":"Ventosa metal magsafe rosa - test2.bolderparis.com","isPartOf":{"@id":"https:\/\/test2.bolderparis.com\/#website"},"primaryImageOfPage":{"@id":"https:\/\/test2.bolderparis.com\/producto\/accessories-magsafe-metal-suction-cup-pink\/#primaryimage"},"image":{"@id":"https:\/\/test2.bolderparis.com\/producto\/accessories-magsafe-metal-suction-cup-pink\/#primaryimage"},"thumbnailUrl":"https:\/\/test2.bolderparis.com\/wp-content\/uploads\/2024\/07\/magsafe-rose-A.jpg","datePublished":"2024-07-25T16:36:36+00:00","dateModified":"2024-11-25T23:03:15+00:00","breadcrumb":{"@id":"https:\/\/test2.bolderparis.com\/producto\/accessories-magsafe-metal-suction-cup-pink\/#breadcrumb"},"inLanguage":"es","potentialAction":[{"@type":"ReadAction","target":["https:\/\/test2.bolderparis.com\/producto\/accessories-magsafe-metal-suction-cup-pink\/"]}]},{"@type":"ImageObject","inLanguage":"es","@id":"https:\/\/test2.bolderparis.com\/producto\/accessories-magsafe-metal-suction-cup-pink\/#primaryimage","url":"https:\/\/test2.bolderparis.com\/wp-content\/uploads\/2024\/07\/magsafe-rose-A.jpg","contentUrl":"https:\/\/test2.bolderparis.com\/wp-content\/uploads\/2024\/07\/magsafe-rose-A.jpg","width":2232,"height":2232},{"@type":"BreadcrumbList","@id":"https:\/\/test2.bolderparis.com\/producto\/accessories-magsafe-metal-suction-cup-pink\/#breadcrumb","itemListElement":[{"@type":"ListItem","position":1,"name":"Home","item":"https:\/\/test2.bolderparis.com\/es\/"},{"@type":"ListItem","position":2,"name":"Tienda","item":"https:\/\/test2.bolderparis.com\/shop\/"},{"@type":"ListItem","position":3,"name":"Ventosa metal magsafe rosa"}]},{"@type":"WebSite","@id":"https:\/\/test2.bolderparis.com\/#website","url":"https:\/\/test2.bolderparis.com\/","name":"test2.bolderparis.com","description":"only cute people wear kasey","publisher":{"@id":"https:\/\/test2.bolderparis.com\/#organization"},"potentialAction":[{"@type":"SearchAction","target":{"@type":"EntryPoint","urlTemplate":"https:\/\/test2.bolderparis.com\/?s={search_term_string}"},"query-input":{"@type":"PropertyValueSpecification","valueRequired":true,"valueName":"search_term_string"}}],"inLanguage":"es"},{"@type":"Organization","@id":"https:\/\/test2.bolderparis.com\/#organization","name":"KASEY CASES","url":"https:\/\/test2.bolderparis.com\/","logo":{"@type":"ImageObject","inLanguage":"es","@id":"https:\/\/test2.bolderparis.com\/#\/schema\/logo\/image\/","url":"https:\/\/test2.bolderparis.com\/wp-content\/uploads\/2024\/07\/cropped-Logo-kasey-2.jpg","contentUrl":"https:\/\/test2.bolderparis.com\/wp-content\/uploads\/2024\/07\/cropped-Logo-kasey-2.jpg","width":620,"height":357,"caption":"KASEY CASES"},"image":{"@id":"https:\/\/test2.bolderparis.com\/#\/schema\/logo\/image\/"},"sameAs":["https:\/\/www.instagram.com\/kaseycases\/","https:\/\/www.tiktok.com\/@kaseycases"]}]}},"uagb_featured_image_src":{"full":["https:\/\/test2.bolderparis.com\/wp-content\/uploads\/2024\/07\/magsafe-rose-A.jpg",2232,2232,false],"thumbnail":["https:\/\/test2.bolderparis.com\/wp-content\/uploads\/2024\/07\/magsafe-rose-A-300x300.jpg",300,300,true],"medium":["https:\/\/test2.bolderparis.com\/wp-content\/uploads\/2024\/07\/magsafe-rose-A-360x360.jpg",360,360,true],"medium_large":["https:\/\/test2.bolderparis.com\/wp-content\/uploads\/2024\/07\/magsafe-rose-A-768x768.jpg",768,768,true],"large":["https:\/\/test2.bolderparis.com\/wp-content\/uploads\/2024\/07\/magsafe-rose-A-900x900.jpg",900,900,true],"1536x1536":["https:\/\/test2.bolderparis.com\/wp-content\/uploads\/2024\/07\/magsafe-rose-A-1536x1536.jpg",1536,1536,true],"2048x2048":["https:\/\/test2.bolderparis.com\/wp-content\/uploads\/2024\/07\/magsafe-rose-A-2048x2048.jpg",2048,2048,true],"product-search-thumbnail-32x32":["https:\/\/test2.bolderparis.com\/wp-content\/uploads\/2024\/07\/magsafe-rose-A-32x32.jpg",32,32,true],"woocommerce_thumbnail":["https:\/\/test2.bolderparis.com\/wp-content\/uploads\/2024\/07\/magsafe-rose-A-360x360.jpg",360,360,true],"woocommerce_single":["https:\/\/test2.bolderparis.com\/wp-content\/uploads\/2024\/07\/magsafe-rose-A-900x900.jpg",900,900,true],"woocommerce_gallery_thumbnail":["https:\/\/test2.bolderparis.com\/wp-content\/uploads\/2024\/07\/magsafe-rose-A-200x200.jpg",200,200,true],"variation_swatches_image_size":["https:\/\/test2.bolderparis.com\/wp-content\/uploads\/2024\/07\/magsafe-rose-A-50x50.jpg",50,50,true],"variation_swatches_tooltip_size":["https:\/\/test2.bolderparis.com\/wp-content\/uploads\/2024\/07\/magsafe-rose-A-100x100.jpg",100,100,true]},"uagb_author_info":{"display_name":"test2.bolderparis.com","author_link":"https:\/\/test2.bolderparis.com\/es\/author\/"},"uagb_comment_info":0,"uagb_excerpt":"- Ventosa rosa compatible con magsafe - Viene con un anillo de metal que se puede pegar en cualquier tel\u00e9fono o funda sin Magsafe. - S\u00f3lo se puede utilizar sobre superficies limpias y planas (ej: espejo, puerta de cristal, ventana de cristal, paredes de m\u00e1rmol...) - Debe lavarse con agua cuando haya polvo o pelos&hellip;","jetpack_sharing_enabled":true,"_links":{"self":[{"href":"https:\/\/test2.bolderparis.com\/es\/wp-json\/wp\/v2\/product\/4397","targetHints":{"allow":["GET"]}}],"collection":[{"href":"https:\/\/test2.bolderparis.com\/es\/wp-json\/wp\/v2\/product"}],"about":[{"href":"https:\/\/test2.bolderparis.com\/es\/wp-json\/wp\/v2\/types\/product"}],"replies":[{"embeddable":true,"href":"https:\/\/test2.bolderparis.com\/es\/wp-json\/wp\/v2\/comments?post=4397"}],"wp:featuredmedia":[{"embeddable":true,"href":"https:\/\/test2.bolderparis.com\/es\/wp-json\/wp\/v2\/media\/4522"}],"wp:attachment":[{"href":"https:\/\/test2.bolderparis.com\/es\/wp-json\/wp\/v2\/media?parent=4397"}],"wp:term":[{"taxonomy":"product_brand","embeddable":true,"href":"https:\/\/test2.bolderparis.com\/es\/wp-json\/wp\/v2\/product_brand?post=4397"},{"taxonomy":"product_cat","embeddable":true,"href":"https:\/\/test2.bolderparis.com\/es\/wp-json\/wp\/v2\/product_cat?post=4397"},{"taxonomy":"product_tag","embeddable":true,"href":"https:\/\/test2.bolderparis.com\/es\/wp-json\/wp\/v2\/product_tag?post=4397"}],"curies":[{"name":"wp","href":"https:\/\/api.w.org\/{rel}","templated":true}]}}