{"id":4210,"date":"2024-07-24T11:09:32","date_gmt":"2024-07-24T09:09:32","guid":{"rendered":"https:\/\/test2.bolderparis.com\/product\/phone-chain-lanyard-violet-silver\/"},"modified":"2024-11-26T00:03:17","modified_gmt":"2024-11-25T23:03:17","slug":"cordon-morado-plateado","status":"publish","type":"product","link":"https:\/\/test2.bolderparis.com\/es\/producto\/cordon-morado-plateado\/","title":{"rendered":"Cord\u00f3n morado\/plateado"},"content":{"rendered":"","protected":false},"excerpt":{"rendered":"<p>&#8211; Cord\u00f3n morado con acabado plateado<br \/>\n&#8211; Correas ajustables<br \/>\n&#8211; Se puede enganchar con nuestra resistente tarjeta de correa met\u00e1lica en el orificio del cargador<br \/>\n&#8211; Gancho y tarjeta de correa incluidos<br \/>\n&#8211; Multifuncionalidad: no s\u00f3lo para la funda del tel\u00e9fono, se puede enganchar a cualquier accesorio con nuestro gancho <\/p>\n<p>&#8211; Ten en cuenta que la tarjeta de correa s\u00f3lo se puede utilizar en fundas de tel\u00e9fono con cobertura total  <\/p>\n","protected":false},"featured_media":3302,"comment_status":"closed","ping_status":"closed","template":"","meta":{"_uag_custom_page_level_css":"","site-sidebar-layout":"default","site-content-layout":"","ast-site-content-layout":"default","site-content-style":"default","site-sidebar-style":"default","ast-global-header-display":"","ast-banner-title-visibility":"","ast-main-header-display":"","ast-hfb-above-header-display":"","ast-hfb-below-header-display":"","ast-hfb-mobile-header-display":"","site-post-title":"","ast-breadcrumbs-content":"","ast-featured-img":"","footer-sml-layout":"","ast-disable-related-posts":"","theme-transparent-header-meta":"default","adv-header-id-meta":"","stick-header-meta":"","header-above-stick-meta":"","header-main-stick-meta":"","header-below-stick-meta":"","astra-migrate-meta-layouts":"set","ast-page-background-enabled":"default","ast-page-background-meta":{"desktop":{"background-color":"var(--ast-global-color-4)","background-image":"","background-repeat":"repeat","background-position":"center center","background-size":"auto","background-attachment":"scroll","background-type":"","background-media":"","overlay-type":"","overlay-color":"","overlay-opacity":"","overlay-gradient":""},"tablet":{"background-color":"","background-image":"","background-repeat":"repeat","background-position":"center center","background-size":"auto","background-attachment":"scroll","background-type":"","background-media":"","overlay-type":"","overlay-color":"","overlay-opacity":"","overlay-gradient":""},"mobile":{"background-color":"","background-image":"","background-repeat":"repeat","background-position":"center center","background-size":"auto","background-attachment":"scroll","background-type":"","background-media":"","overlay-type":"","overlay-color":"","overlay-opacity":"","overlay-gradient":""}},"ast-content-background-meta":{"desktop":{"background-color":"var(--ast-global-color-5)","background-image":"","background-repeat":"repeat","background-position":"center center","background-size":"auto","background-attachment":"scroll","background-type":"","background-media":"","overlay-type":"","overlay-color":"","overlay-opacity":"","overlay-gradient":""},"tablet":{"background-color":"var(--ast-global-color-5)","background-image":"","background-repeat":"repeat","background-position":"center center","background-size":"auto","background-attachment":"scroll","background-type":"","background-media":"","overlay-type":"","overlay-color":"","overlay-opacity":"","overlay-gradient":""},"mobile":{"background-color":"var(--ast-global-color-5)","background-image":"","background-repeat":"repeat","background-position":"center center","background-size":"auto","background-attachment":"scroll","background-type":"","background-media":"","overlay-type":"","overlay-color":"","overlay-opacity":"","overlay-gradient":""}},"_themeisle_gutenberg_block_has_review":false},"product_brand":[],"product_cat":[90,93,95,88],"product_tag":[],"class_list":{"0":"post-4210","1":"product","2":"type-product","3":"status-publish","4":"has-post-thumbnail","6":"product_cat-cadenas-para-telefono","7":"product_cat-cadena-larga-ajustable","8":"product_cat-accesorios","9":"product_cat-ver-todo","10":"desktop-align-center","11":"tablet-align-center","12":"mobile-align-center","14":"first","15":"instock","16":"taxable","17":"shipping-taxable","18":"purchasable","19":"product-type-simple"},"acf":[],"yoast_head":"<!-- This site is optimized with the Yoast SEO plugin v25.1 - https:\/\/yoast.com\/wordpress\/plugins\/seo\/ -->\n<title>Cord\u00f3n morado\/plateado - test2.bolderparis.com<\/title>\n<meta name=\"robots\" content=\"index, follow, max-snippet:-1, max-image-preview:large, max-video-preview:-1\" \/>\n<link rel=\"canonical\" href=\"https:\/\/test2.bolderparis.com\/producto\/phone-chain-lanyard-violet-silver\/\" \/>\n<meta property=\"og:locale\" content=\"es_ES\" \/>\n<meta property=\"og:type\" content=\"article\" \/>\n<meta property=\"og:title\" content=\"Cord\u00f3n morado\/plateado - test2.bolderparis.com\" \/>\n<meta property=\"og:description\" content=\"- Cord\u00f3n morado con acabado plateado  - Correas ajustables  - Se puede enganchar con nuestra resistente tarjeta de correa met\u00e1lica en el orificio del cargador  - Gancho y tarjeta de correa incluidos  - Multifuncionalidad: no s\u00f3lo para la funda del tel\u00e9fono, se puede enganchar a cualquier accesorio con nuestro gancho   - Ten en cuenta que la tarjeta de correa s\u00f3lo se puede utilizar en fundas de tel\u00e9fono con cobertura total\" \/>\n<meta property=\"og:url\" content=\"https:\/\/test2.bolderparis.com\/producto\/phone-chain-lanyard-violet-silver\/\" \/>\n<meta property=\"og:site_name\" content=\"test2.bolderparis.com\" \/>\n<meta property=\"article:modified_time\" content=\"2024-11-25T23:03:17+00:00\" \/>\n<meta property=\"og:image\" content=\"https:\/\/test2.bolderparis.com\/wp-content\/uploads\/2024\/07\/MOD-CORDON-LONG-LILA-METAL-ARGENT-01.jpg\" \/>\n\t<meta property=\"og:image:width\" content=\"1981\" \/>\n\t<meta property=\"og:image:height\" content=\"1981\" \/>\n\t<meta property=\"og:image:type\" content=\"image\/jpeg\" \/>\n<meta name=\"twitter:card\" content=\"summary_large_image\" \/>\n<script type=\"application\/ld+json\" class=\"yoast-schema-graph\">{\"@context\":\"https:\/\/schema.org\",\"@graph\":[{\"@type\":\"WebPage\",\"@id\":\"https:\/\/test2.bolderparis.com\/producto\/phone-chain-lanyard-violet-silver\/\",\"url\":\"https:\/\/test2.bolderparis.com\/producto\/phone-chain-lanyard-violet-silver\/\",\"name\":\"Cord\u00f3n morado\/plateado - test2.bolderparis.com\",\"isPartOf\":{\"@id\":\"https:\/\/test2.bolderparis.com\/#website\"},\"primaryImageOfPage\":{\"@id\":\"https:\/\/test2.bolderparis.com\/producto\/phone-chain-lanyard-violet-silver\/#primaryimage\"},\"image\":{\"@id\":\"https:\/\/test2.bolderparis.com\/producto\/phone-chain-lanyard-violet-silver\/#primaryimage\"},\"thumbnailUrl\":\"https:\/\/test2.bolderparis.com\/wp-content\/uploads\/2024\/07\/MOD-CORDON-LONG-LILA-METAL-ARGENT-01.jpg\",\"datePublished\":\"2024-07-24T09:09:32+00:00\",\"dateModified\":\"2024-11-25T23:03:17+00:00\",\"breadcrumb\":{\"@id\":\"https:\/\/test2.bolderparis.com\/producto\/phone-chain-lanyard-violet-silver\/#breadcrumb\"},\"inLanguage\":\"es\",\"potentialAction\":[{\"@type\":\"ReadAction\",\"target\":[\"https:\/\/test2.bolderparis.com\/producto\/phone-chain-lanyard-violet-silver\/\"]}]},{\"@type\":\"ImageObject\",\"inLanguage\":\"es\",\"@id\":\"https:\/\/test2.bolderparis.com\/producto\/phone-chain-lanyard-violet-silver\/#primaryimage\",\"url\":\"https:\/\/test2.bolderparis.com\/wp-content\/uploads\/2024\/07\/MOD-CORDON-LONG-LILA-METAL-ARGENT-01.jpg\",\"contentUrl\":\"https:\/\/test2.bolderparis.com\/wp-content\/uploads\/2024\/07\/MOD-CORDON-LONG-LILA-METAL-ARGENT-01.jpg\",\"width\":1981,\"height\":1981},{\"@type\":\"BreadcrumbList\",\"@id\":\"https:\/\/test2.bolderparis.com\/producto\/phone-chain-lanyard-violet-silver\/#breadcrumb\",\"itemListElement\":[{\"@type\":\"ListItem\",\"position\":1,\"name\":\"Home\",\"item\":\"https:\/\/test2.bolderparis.com\/es\/\"},{\"@type\":\"ListItem\",\"position\":2,\"name\":\"Tienda\",\"item\":\"https:\/\/test2.bolderparis.com\/shop\/\"},{\"@type\":\"ListItem\",\"position\":3,\"name\":\"Cord\u00f3n morado\/plateado\"}]},{\"@type\":\"WebSite\",\"@id\":\"https:\/\/test2.bolderparis.com\/#website\",\"url\":\"https:\/\/test2.bolderparis.com\/\",\"name\":\"test2.bolderparis.com\",\"description\":\"only cute people wear kasey\",\"publisher\":{\"@id\":\"https:\/\/test2.bolderparis.com\/#organization\"},\"potentialAction\":[{\"@type\":\"SearchAction\",\"target\":{\"@type\":\"EntryPoint\",\"urlTemplate\":\"https:\/\/test2.bolderparis.com\/?s={search_term_string}\"},\"query-input\":{\"@type\":\"PropertyValueSpecification\",\"valueRequired\":true,\"valueName\":\"search_term_string\"}}],\"inLanguage\":\"es\"},{\"@type\":\"Organization\",\"@id\":\"https:\/\/test2.bolderparis.com\/#organization\",\"name\":\"KASEY CASES\",\"url\":\"https:\/\/test2.bolderparis.com\/\",\"logo\":{\"@type\":\"ImageObject\",\"inLanguage\":\"es\",\"@id\":\"https:\/\/test2.bolderparis.com\/#\/schema\/logo\/image\/\",\"url\":\"https:\/\/test2.bolderparis.com\/wp-content\/uploads\/2024\/07\/cropped-Logo-kasey-2.jpg\",\"contentUrl\":\"https:\/\/test2.bolderparis.com\/wp-content\/uploads\/2024\/07\/cropped-Logo-kasey-2.jpg\",\"width\":620,\"height\":357,\"caption\":\"KASEY CASES\"},\"image\":{\"@id\":\"https:\/\/test2.bolderparis.com\/#\/schema\/logo\/image\/\"},\"sameAs\":[\"https:\/\/www.instagram.com\/kaseycases\/\",\"https:\/\/www.tiktok.com\/@kaseycases\"]}]}<\/script>\n<!-- \/ Yoast SEO plugin. -->","yoast_head_json":{"title":"Cord\u00f3n morado\/plateado - test2.bolderparis.com","robots":{"index":"index","follow":"follow","max-snippet":"max-snippet:-1","max-image-preview":"max-image-preview:large","max-video-preview":"max-video-preview:-1"},"canonical":"https:\/\/test2.bolderparis.com\/producto\/phone-chain-lanyard-violet-silver\/","og_locale":"es_ES","og_type":"article","og_title":"Cord\u00f3n morado\/plateado - test2.bolderparis.com","og_description":"- Cord\u00f3n morado con acabado plateado  - Correas ajustables  - Se puede enganchar con nuestra resistente tarjeta de correa met\u00e1lica en el orificio del cargador  - Gancho y tarjeta de correa incluidos  - Multifuncionalidad: no s\u00f3lo para la funda del tel\u00e9fono, se puede enganchar a cualquier accesorio con nuestro gancho   - Ten en cuenta que la tarjeta de correa s\u00f3lo se puede utilizar en fundas de tel\u00e9fono con cobertura total","og_url":"https:\/\/test2.bolderparis.com\/producto\/phone-chain-lanyard-violet-silver\/","og_site_name":"test2.bolderparis.com","article_modified_time":"2024-11-25T23:03:17+00:00","og_image":[{"width":1981,"height":1981,"url":"https:\/\/test2.bolderparis.com\/wp-content\/uploads\/2024\/07\/MOD-CORDON-LONG-LILA-METAL-ARGENT-01.jpg","type":"image\/jpeg"}],"twitter_card":"summary_large_image","schema":{"@context":"https:\/\/schema.org","@graph":[{"@type":"WebPage","@id":"https:\/\/test2.bolderparis.com\/producto\/phone-chain-lanyard-violet-silver\/","url":"https:\/\/test2.bolderparis.com\/producto\/phone-chain-lanyard-violet-silver\/","name":"Cord\u00f3n morado\/plateado - test2.bolderparis.com","isPartOf":{"@id":"https:\/\/test2.bolderparis.com\/#website"},"primaryImageOfPage":{"@id":"https:\/\/test2.bolderparis.com\/producto\/phone-chain-lanyard-violet-silver\/#primaryimage"},"image":{"@id":"https:\/\/test2.bolderparis.com\/producto\/phone-chain-lanyard-violet-silver\/#primaryimage"},"thumbnailUrl":"https:\/\/test2.bolderparis.com\/wp-content\/uploads\/2024\/07\/MOD-CORDON-LONG-LILA-METAL-ARGENT-01.jpg","datePublished":"2024-07-24T09:09:32+00:00","dateModified":"2024-11-25T23:03:17+00:00","breadcrumb":{"@id":"https:\/\/test2.bolderparis.com\/producto\/phone-chain-lanyard-violet-silver\/#breadcrumb"},"inLanguage":"es","potentialAction":[{"@type":"ReadAction","target":["https:\/\/test2.bolderparis.com\/producto\/phone-chain-lanyard-violet-silver\/"]}]},{"@type":"ImageObject","inLanguage":"es","@id":"https:\/\/test2.bolderparis.com\/producto\/phone-chain-lanyard-violet-silver\/#primaryimage","url":"https:\/\/test2.bolderparis.com\/wp-content\/uploads\/2024\/07\/MOD-CORDON-LONG-LILA-METAL-ARGENT-01.jpg","contentUrl":"https:\/\/test2.bolderparis.com\/wp-content\/uploads\/2024\/07\/MOD-CORDON-LONG-LILA-METAL-ARGENT-01.jpg","width":1981,"height":1981},{"@type":"BreadcrumbList","@id":"https:\/\/test2.bolderparis.com\/producto\/phone-chain-lanyard-violet-silver\/#breadcrumb","itemListElement":[{"@type":"ListItem","position":1,"name":"Home","item":"https:\/\/test2.bolderparis.com\/es\/"},{"@type":"ListItem","position":2,"name":"Tienda","item":"https:\/\/test2.bolderparis.com\/shop\/"},{"@type":"ListItem","position":3,"name":"Cord\u00f3n morado\/plateado"}]},{"@type":"WebSite","@id":"https:\/\/test2.bolderparis.com\/#website","url":"https:\/\/test2.bolderparis.com\/","name":"test2.bolderparis.com","description":"only cute people wear kasey","publisher":{"@id":"https:\/\/test2.bolderparis.com\/#organization"},"potentialAction":[{"@type":"SearchAction","target":{"@type":"EntryPoint","urlTemplate":"https:\/\/test2.bolderparis.com\/?s={search_term_string}"},"query-input":{"@type":"PropertyValueSpecification","valueRequired":true,"valueName":"search_term_string"}}],"inLanguage":"es"},{"@type":"Organization","@id":"https:\/\/test2.bolderparis.com\/#organization","name":"KASEY CASES","url":"https:\/\/test2.bolderparis.com\/","logo":{"@type":"ImageObject","inLanguage":"es","@id":"https:\/\/test2.bolderparis.com\/#\/schema\/logo\/image\/","url":"https:\/\/test2.bolderparis.com\/wp-content\/uploads\/2024\/07\/cropped-Logo-kasey-2.jpg","contentUrl":"https:\/\/test2.bolderparis.com\/wp-content\/uploads\/2024\/07\/cropped-Logo-kasey-2.jpg","width":620,"height":357,"caption":"KASEY CASES"},"image":{"@id":"https:\/\/test2.bolderparis.com\/#\/schema\/logo\/image\/"},"sameAs":["https:\/\/www.instagram.com\/kaseycases\/","https:\/\/www.tiktok.com\/@kaseycases"]}]}},"uagb_featured_image_src":{"full":["https:\/\/test2.bolderparis.com\/wp-content\/uploads\/2024\/07\/MOD-CORDON-LONG-LILA-METAL-ARGENT-01.jpg",1981,1981,false],"thumbnail":["https:\/\/test2.bolderparis.com\/wp-content\/uploads\/2024\/07\/MOD-CORDON-LONG-LILA-METAL-ARGENT-01-300x300.jpg",300,300,true],"medium":["https:\/\/test2.bolderparis.com\/wp-content\/uploads\/2024\/07\/MOD-CORDON-LONG-LILA-METAL-ARGENT-01-360x360.jpg",360,360,true],"medium_large":["https:\/\/test2.bolderparis.com\/wp-content\/uploads\/2024\/07\/MOD-CORDON-LONG-LILA-METAL-ARGENT-01-768x768.jpg",768,768,true],"large":["https:\/\/test2.bolderparis.com\/wp-content\/uploads\/2024\/07\/MOD-CORDON-LONG-LILA-METAL-ARGENT-01-900x900.jpg",900,900,true],"1536x1536":["https:\/\/test2.bolderparis.com\/wp-content\/uploads\/2024\/07\/MOD-CORDON-LONG-LILA-METAL-ARGENT-01-1536x1536.jpg",1536,1536,true],"2048x2048":["https:\/\/test2.bolderparis.com\/wp-content\/uploads\/2024\/07\/MOD-CORDON-LONG-LILA-METAL-ARGENT-01.jpg",1981,1981,false],"product-search-thumbnail-32x32":["https:\/\/test2.bolderparis.com\/wp-content\/uploads\/2024\/07\/MOD-CORDON-LONG-LILA-METAL-ARGENT-01-32x32.jpg",32,32,true],"woocommerce_thumbnail":["https:\/\/test2.bolderparis.com\/wp-content\/uploads\/2024\/07\/MOD-CORDON-LONG-LILA-METAL-ARGENT-01-360x360.jpg",360,360,true],"woocommerce_single":["https:\/\/test2.bolderparis.com\/wp-content\/uploads\/2024\/07\/MOD-CORDON-LONG-LILA-METAL-ARGENT-01-900x900.jpg",900,900,true],"woocommerce_gallery_thumbnail":["https:\/\/test2.bolderparis.com\/wp-content\/uploads\/2024\/07\/MOD-CORDON-LONG-LILA-METAL-ARGENT-01-200x200.jpg",200,200,true],"variation_swatches_image_size":["https:\/\/test2.bolderparis.com\/wp-content\/uploads\/2024\/07\/MOD-CORDON-LONG-LILA-METAL-ARGENT-01-50x50.jpg",50,50,true],"variation_swatches_tooltip_size":["https:\/\/test2.bolderparis.com\/wp-content\/uploads\/2024\/07\/MOD-CORDON-LONG-LILA-METAL-ARGENT-01-100x100.jpg",100,100,true]},"uagb_author_info":{"display_name":"test2.bolderparis.com","author_link":"https:\/\/test2.bolderparis.com\/es\/author\/"},"uagb_comment_info":0,"uagb_excerpt":"- Cord\u00f3n morado con acabado plateado - Correas ajustables - Se puede enganchar con nuestra resistente tarjeta de correa met\u00e1lica en el orificio del cargador - Gancho y tarjeta de correa incluidos - Multifuncionalidad: no s\u00f3lo para la funda del tel\u00e9fono, se puede enganchar a cualquier accesorio con nuestro gancho - Ten en cuenta que&hellip;","jetpack_sharing_enabled":true,"_links":{"self":[{"href":"https:\/\/test2.bolderparis.com\/es\/wp-json\/wp\/v2\/product\/4210","targetHints":{"allow":["GET"]}}],"collection":[{"href":"https:\/\/test2.bolderparis.com\/es\/wp-json\/wp\/v2\/product"}],"about":[{"href":"https:\/\/test2.bolderparis.com\/es\/wp-json\/wp\/v2\/types\/product"}],"replies":[{"embeddable":true,"href":"https:\/\/test2.bolderparis.com\/es\/wp-json\/wp\/v2\/comments?post=4210"}],"wp:featuredmedia":[{"embeddable":true,"href":"https:\/\/test2.bolderparis.com\/es\/wp-json\/wp\/v2\/media\/3302"}],"wp:attachment":[{"href":"https:\/\/test2.bolderparis.com\/es\/wp-json\/wp\/v2\/media?parent=4210"}],"wp:term":[{"taxonomy":"product_brand","embeddable":true,"href":"https:\/\/test2.bolderparis.com\/es\/wp-json\/wp\/v2\/product_brand?post=4210"},{"taxonomy":"product_cat","embeddable":true,"href":"https:\/\/test2.bolderparis.com\/es\/wp-json\/wp\/v2\/product_cat?post=4210"},{"taxonomy":"product_tag","embeddable":true,"href":"https:\/\/test2.bolderparis.com\/es\/wp-json\/wp\/v2\/product_tag?post=4210"}],"curies":[{"name":"wp","href":"https:\/\/api.w.org\/{rel}","templated":true}]}}