{"id":3845,"date":"2023-12-17T17:12:58","date_gmt":"2023-12-17T16:12:58","guid":{"rendered":"https:\/\/test2.bolderparis.com\/product\/geminis\/"},"modified":"2025-02-26T15:12:51","modified_gmt":"2025-02-26T14:12:51","slug":"funda-telefono-geminis","status":"publish","type":"product","link":"https:\/\/test2.bolderparis.com\/es\/producto\/funda-telefono-geminis\/","title":{"rendered":"G\u00e9minis"},"content":{"rendered":"","protected":false},"excerpt":{"rendered":"<p>&#8211; Funda transparente para tel\u00e9fono<br \/>\n&#8211; Dise\u00f1o G\u00e9minis<br \/>\n&#8211; Dise\u00f1o de altavoz cerrado resistente al polvo que proporciona efectos de sonido est\u00e9reo y claros<br \/>\n&#8211; Cada esquina esta reforzada para absorber los choques<\/p>\n<p>&#8211; Las fotos que se muestran son s\u00f3lo ilustrativas, aseg\u00farate de seleccionar el modelo de tel\u00e9fono correcto.<\/p>\n","protected":false},"featured_media":4270,"comment_status":"closed","ping_status":"closed","template":"","meta":{"_uag_custom_page_level_css":"","site-sidebar-layout":"default","site-content-layout":"","ast-site-content-layout":"default","site-content-style":"default","site-sidebar-style":"default","ast-global-header-display":"","ast-banner-title-visibility":"","ast-main-header-display":"","ast-hfb-above-header-display":"","ast-hfb-below-header-display":"","ast-hfb-mobile-header-display":"","site-post-title":"","ast-breadcrumbs-content":"","ast-featured-img":"","footer-sml-layout":"","ast-disable-related-posts":"","theme-transparent-header-meta":"default","adv-header-id-meta":"","stick-header-meta":"","header-above-stick-meta":"","header-main-stick-meta":"","header-below-stick-meta":"","astra-migrate-meta-layouts":"set","ast-page-background-enabled":"default","ast-page-background-meta":{"desktop":{"background-color":"var(--ast-global-color-4)","background-image":"","background-repeat":"repeat","background-position":"center center","background-size":"auto","background-attachment":"scroll","background-type":"","background-media":"","overlay-type":"","overlay-color":"","overlay-opacity":"","overlay-gradient":""},"tablet":{"background-color":"","background-image":"","background-repeat":"repeat","background-position":"center center","background-size":"auto","background-attachment":"scroll","background-type":"","background-media":"","overlay-type":"","overlay-color":"","overlay-opacity":"","overlay-gradient":""},"mobile":{"background-color":"","background-image":"","background-repeat":"repeat","background-position":"center center","background-size":"auto","background-attachment":"scroll","background-type":"","background-media":"","overlay-type":"","overlay-color":"","overlay-opacity":"","overlay-gradient":""}},"ast-content-background-meta":{"desktop":{"background-color":"var(--ast-global-color-5)","background-image":"","background-repeat":"repeat","background-position":"center center","background-size":"auto","background-attachment":"scroll","background-type":"","background-media":"","overlay-type":"","overlay-color":"","overlay-opacity":"","overlay-gradient":""},"tablet":{"background-color":"var(--ast-global-color-5)","background-image":"","background-repeat":"repeat","background-position":"center center","background-size":"auto","background-attachment":"scroll","background-type":"","background-media":"","overlay-type":"","overlay-color":"","overlay-opacity":"","overlay-gradient":""},"mobile":{"background-color":"var(--ast-global-color-5)","background-image":"","background-repeat":"repeat","background-position":"center center","background-size":"auto","background-attachment":"scroll","background-type":"","background-media":"","overlay-type":"","overlay-color":"","overlay-opacity":"","overlay-gradient":""}},"_themeisle_gutenberg_block_has_review":false},"product_brand":[],"product_cat":[98,100,99,139,141,137,88],"product_tag":[],"class_list":{"0":"post-3845","1":"product","2":"type-product","3":"status-publish","4":"has-post-thumbnail","6":"product_cat-fundas-de-telefono","7":"product_cat-fundas-transparentes","8":"product_cat-zodiaco","9":"product_cat-serie-iphone-15-es","10":"product_cat-serie-iphone-14-es","11":"product_cat-serie-iphone-13-es","12":"product_cat-ver-todo","13":"desktop-align-center","14":"tablet-align-center","15":"mobile-align-center","17":"first","18":"instock","19":"taxable","20":"shipping-taxable","21":"purchasable","22":"product-type-variable","23":"has-default-attributes"},"acf":[],"yoast_head":"<!-- This site is optimized with the Yoast SEO plugin v25.1 - https:\/\/yoast.com\/wordpress\/plugins\/seo\/ -->\n<title>G\u00e9minis - test2.bolderparis.com<\/title>\n<meta name=\"description\" content=\"Funda para tel\u00e9fono con para-choques integrados, dise\u00f1o de altavoz resistente al polvo con efectos de sonido claros y est\u00e9reo y un dise\u00f1o de g\u00e9minis\" \/>\n<meta name=\"robots\" content=\"index, follow, max-snippet:-1, max-image-preview:large, max-video-preview:-1\" \/>\n<link rel=\"canonical\" href=\"https:\/\/test2.bolderparis.com\/es\/producto\/funda-telefono-geminis\/\" \/>\n<meta property=\"og:locale\" content=\"es_ES\" \/>\n<meta property=\"og:type\" content=\"article\" \/>\n<meta property=\"og:title\" content=\"G\u00e9minis - test2.bolderparis.com\" \/>\n<meta property=\"og:description\" content=\"Funda para tel\u00e9fono con para-choques integrados, dise\u00f1o de altavoz resistente al polvo con efectos de sonido claros y est\u00e9reo y un dise\u00f1o de g\u00e9minis\" \/>\n<meta property=\"og:url\" content=\"https:\/\/test2.bolderparis.com\/es\/producto\/funda-telefono-geminis\/\" \/>\n<meta property=\"og:site_name\" content=\"test2.bolderparis.com\" \/>\n<meta property=\"article:modified_time\" content=\"2025-02-26T14:12:51+00:00\" \/>\n<meta property=\"og:image\" content=\"https:\/\/test2.bolderparis.com\/wp-content\/uploads\/2024\/07\/gemini-1.jpg\" \/>\n\t<meta property=\"og:image:width\" content=\"2000\" \/>\n\t<meta property=\"og:image:height\" content=\"2000\" \/>\n\t<meta property=\"og:image:type\" content=\"image\/jpeg\" \/>\n<meta name=\"twitter:card\" content=\"summary_large_image\" \/>\n<meta name=\"twitter:label1\" content=\"Tiempo de lectura\" \/>\n\t<meta name=\"twitter:data1\" content=\"1 minuto\" \/>\n<script type=\"application\/ld+json\" class=\"yoast-schema-graph\">{\"@context\":\"https:\/\/schema.org\",\"@graph\":[{\"@type\":\"WebPage\",\"@id\":\"https:\/\/test2.bolderparis.com\/es\/producto\/funda-telefono-geminis\/\",\"url\":\"https:\/\/test2.bolderparis.com\/es\/producto\/funda-telefono-geminis\/\",\"name\":\"G\u00e9minis - test2.bolderparis.com\",\"isPartOf\":{\"@id\":\"https:\/\/test2.bolderparis.com\/#website\"},\"primaryImageOfPage\":{\"@id\":\"https:\/\/test2.bolderparis.com\/es\/producto\/funda-telefono-geminis\/#primaryimage\"},\"image\":{\"@id\":\"https:\/\/test2.bolderparis.com\/es\/producto\/funda-telefono-geminis\/#primaryimage\"},\"thumbnailUrl\":\"https:\/\/test2.bolderparis.com\/wp-content\/uploads\/2024\/07\/gemini-1.jpg\",\"datePublished\":\"2023-12-17T16:12:58+00:00\",\"dateModified\":\"2025-02-26T14:12:51+00:00\",\"description\":\"Funda para tel\u00e9fono con para-choques integrados, dise\u00f1o de altavoz resistente al polvo con efectos de sonido claros y est\u00e9reo y un dise\u00f1o de g\u00e9minis\",\"breadcrumb\":{\"@id\":\"https:\/\/test2.bolderparis.com\/es\/producto\/funda-telefono-geminis\/#breadcrumb\"},\"inLanguage\":\"es\",\"potentialAction\":[{\"@type\":\"ReadAction\",\"target\":[\"https:\/\/test2.bolderparis.com\/es\/producto\/funda-telefono-geminis\/\"]}]},{\"@type\":\"ImageObject\",\"inLanguage\":\"es\",\"@id\":\"https:\/\/test2.bolderparis.com\/es\/producto\/funda-telefono-geminis\/#primaryimage\",\"url\":\"https:\/\/test2.bolderparis.com\/wp-content\/uploads\/2024\/07\/gemini-1.jpg\",\"contentUrl\":\"https:\/\/test2.bolderparis.com\/wp-content\/uploads\/2024\/07\/gemini-1.jpg\",\"width\":2000,\"height\":2000},{\"@type\":\"BreadcrumbList\",\"@id\":\"https:\/\/test2.bolderparis.com\/es\/producto\/funda-telefono-geminis\/#breadcrumb\",\"itemListElement\":[{\"@type\":\"ListItem\",\"position\":1,\"name\":\"Home\",\"item\":\"https:\/\/test2.bolderparis.com\/es\/\"},{\"@type\":\"ListItem\",\"position\":2,\"name\":\"Tienda\",\"item\":\"https:\/\/test2.bolderparis.com\/shop\/\"},{\"@type\":\"ListItem\",\"position\":3,\"name\":\"G\u00e9minis\"}]},{\"@type\":\"WebSite\",\"@id\":\"https:\/\/test2.bolderparis.com\/#website\",\"url\":\"https:\/\/test2.bolderparis.com\/\",\"name\":\"test2.bolderparis.com\",\"description\":\"only cute people wear kasey\",\"publisher\":{\"@id\":\"https:\/\/test2.bolderparis.com\/#organization\"},\"potentialAction\":[{\"@type\":\"SearchAction\",\"target\":{\"@type\":\"EntryPoint\",\"urlTemplate\":\"https:\/\/test2.bolderparis.com\/?s={search_term_string}\"},\"query-input\":{\"@type\":\"PropertyValueSpecification\",\"valueRequired\":true,\"valueName\":\"search_term_string\"}}],\"inLanguage\":\"es\"},{\"@type\":\"Organization\",\"@id\":\"https:\/\/test2.bolderparis.com\/#organization\",\"name\":\"KASEY CASES\",\"url\":\"https:\/\/test2.bolderparis.com\/\",\"logo\":{\"@type\":\"ImageObject\",\"inLanguage\":\"es\",\"@id\":\"https:\/\/test2.bolderparis.com\/#\/schema\/logo\/image\/\",\"url\":\"https:\/\/test2.bolderparis.com\/wp-content\/uploads\/2024\/07\/cropped-Logo-kasey-2.jpg\",\"contentUrl\":\"https:\/\/test2.bolderparis.com\/wp-content\/uploads\/2024\/07\/cropped-Logo-kasey-2.jpg\",\"width\":620,\"height\":357,\"caption\":\"KASEY CASES\"},\"image\":{\"@id\":\"https:\/\/test2.bolderparis.com\/#\/schema\/logo\/image\/\"},\"sameAs\":[\"https:\/\/www.instagram.com\/kaseycases\/\",\"https:\/\/www.tiktok.com\/@kaseycases\"]}]}<\/script>\n<!-- \/ Yoast SEO plugin. -->","yoast_head_json":{"title":"G\u00e9minis - test2.bolderparis.com","description":"Funda para tel\u00e9fono con para-choques integrados, dise\u00f1o de altavoz resistente al polvo con efectos de sonido claros y est\u00e9reo y un dise\u00f1o de g\u00e9minis","robots":{"index":"index","follow":"follow","max-snippet":"max-snippet:-1","max-image-preview":"max-image-preview:large","max-video-preview":"max-video-preview:-1"},"canonical":"https:\/\/test2.bolderparis.com\/es\/producto\/funda-telefono-geminis\/","og_locale":"es_ES","og_type":"article","og_title":"G\u00e9minis - test2.bolderparis.com","og_description":"Funda para tel\u00e9fono con para-choques integrados, dise\u00f1o de altavoz resistente al polvo con efectos de sonido claros y est\u00e9reo y un dise\u00f1o de g\u00e9minis","og_url":"https:\/\/test2.bolderparis.com\/es\/producto\/funda-telefono-geminis\/","og_site_name":"test2.bolderparis.com","article_modified_time":"2025-02-26T14:12:51+00:00","og_image":[{"width":2000,"height":2000,"url":"https:\/\/test2.bolderparis.com\/wp-content\/uploads\/2024\/07\/gemini-1.jpg","type":"image\/jpeg"}],"twitter_card":"summary_large_image","twitter_misc":{"Tiempo de lectura":"1 minuto"},"schema":{"@context":"https:\/\/schema.org","@graph":[{"@type":"WebPage","@id":"https:\/\/test2.bolderparis.com\/es\/producto\/funda-telefono-geminis\/","url":"https:\/\/test2.bolderparis.com\/es\/producto\/funda-telefono-geminis\/","name":"G\u00e9minis - test2.bolderparis.com","isPartOf":{"@id":"https:\/\/test2.bolderparis.com\/#website"},"primaryImageOfPage":{"@id":"https:\/\/test2.bolderparis.com\/es\/producto\/funda-telefono-geminis\/#primaryimage"},"image":{"@id":"https:\/\/test2.bolderparis.com\/es\/producto\/funda-telefono-geminis\/#primaryimage"},"thumbnailUrl":"https:\/\/test2.bolderparis.com\/wp-content\/uploads\/2024\/07\/gemini-1.jpg","datePublished":"2023-12-17T16:12:58+00:00","dateModified":"2025-02-26T14:12:51+00:00","description":"Funda para tel\u00e9fono con para-choques integrados, dise\u00f1o de altavoz resistente al polvo con efectos de sonido claros y est\u00e9reo y un dise\u00f1o de g\u00e9minis","breadcrumb":{"@id":"https:\/\/test2.bolderparis.com\/es\/producto\/funda-telefono-geminis\/#breadcrumb"},"inLanguage":"es","potentialAction":[{"@type":"ReadAction","target":["https:\/\/test2.bolderparis.com\/es\/producto\/funda-telefono-geminis\/"]}]},{"@type":"ImageObject","inLanguage":"es","@id":"https:\/\/test2.bolderparis.com\/es\/producto\/funda-telefono-geminis\/#primaryimage","url":"https:\/\/test2.bolderparis.com\/wp-content\/uploads\/2024\/07\/gemini-1.jpg","contentUrl":"https:\/\/test2.bolderparis.com\/wp-content\/uploads\/2024\/07\/gemini-1.jpg","width":2000,"height":2000},{"@type":"BreadcrumbList","@id":"https:\/\/test2.bolderparis.com\/es\/producto\/funda-telefono-geminis\/#breadcrumb","itemListElement":[{"@type":"ListItem","position":1,"name":"Home","item":"https:\/\/test2.bolderparis.com\/es\/"},{"@type":"ListItem","position":2,"name":"Tienda","item":"https:\/\/test2.bolderparis.com\/shop\/"},{"@type":"ListItem","position":3,"name":"G\u00e9minis"}]},{"@type":"WebSite","@id":"https:\/\/test2.bolderparis.com\/#website","url":"https:\/\/test2.bolderparis.com\/","name":"test2.bolderparis.com","description":"only cute people wear kasey","publisher":{"@id":"https:\/\/test2.bolderparis.com\/#organization"},"potentialAction":[{"@type":"SearchAction","target":{"@type":"EntryPoint","urlTemplate":"https:\/\/test2.bolderparis.com\/?s={search_term_string}"},"query-input":{"@type":"PropertyValueSpecification","valueRequired":true,"valueName":"search_term_string"}}],"inLanguage":"es"},{"@type":"Organization","@id":"https:\/\/test2.bolderparis.com\/#organization","name":"KASEY CASES","url":"https:\/\/test2.bolderparis.com\/","logo":{"@type":"ImageObject","inLanguage":"es","@id":"https:\/\/test2.bolderparis.com\/#\/schema\/logo\/image\/","url":"https:\/\/test2.bolderparis.com\/wp-content\/uploads\/2024\/07\/cropped-Logo-kasey-2.jpg","contentUrl":"https:\/\/test2.bolderparis.com\/wp-content\/uploads\/2024\/07\/cropped-Logo-kasey-2.jpg","width":620,"height":357,"caption":"KASEY CASES"},"image":{"@id":"https:\/\/test2.bolderparis.com\/#\/schema\/logo\/image\/"},"sameAs":["https:\/\/www.instagram.com\/kaseycases\/","https:\/\/www.tiktok.com\/@kaseycases"]}]}},"uagb_featured_image_src":{"full":["https:\/\/test2.bolderparis.com\/wp-content\/uploads\/2024\/07\/gemini-1.jpg",2000,2000,false],"thumbnail":["https:\/\/test2.bolderparis.com\/wp-content\/uploads\/2024\/07\/gemini-1-300x300.jpg",300,300,true],"medium":["https:\/\/test2.bolderparis.com\/wp-content\/uploads\/2024\/07\/gemini-1-360x360.jpg",360,360,true],"medium_large":["https:\/\/test2.bolderparis.com\/wp-content\/uploads\/2024\/07\/gemini-1-768x768.jpg",768,768,true],"large":["https:\/\/test2.bolderparis.com\/wp-content\/uploads\/2024\/07\/gemini-1-900x900.jpg",900,900,true],"1536x1536":["https:\/\/test2.bolderparis.com\/wp-content\/uploads\/2024\/07\/gemini-1-1536x1536.jpg",1536,1536,true],"2048x2048":["https:\/\/test2.bolderparis.com\/wp-content\/uploads\/2024\/07\/gemini-1.jpg",2000,2000,false],"product-search-thumbnail-32x32":["https:\/\/test2.bolderparis.com\/wp-content\/uploads\/2024\/07\/gemini-1-32x32.jpg",32,32,true],"woocommerce_thumbnail":["https:\/\/test2.bolderparis.com\/wp-content\/uploads\/2024\/07\/gemini-1-360x360.jpg",360,360,true],"woocommerce_single":["https:\/\/test2.bolderparis.com\/wp-content\/uploads\/2024\/07\/gemini-1-900x900.jpg",900,900,true],"woocommerce_gallery_thumbnail":["https:\/\/test2.bolderparis.com\/wp-content\/uploads\/2024\/07\/gemini-1-200x200.jpg",200,200,true],"variation_swatches_image_size":["https:\/\/test2.bolderparis.com\/wp-content\/uploads\/2024\/07\/gemini-1-50x50.jpg",50,50,true],"variation_swatches_tooltip_size":["https:\/\/test2.bolderparis.com\/wp-content\/uploads\/2024\/07\/gemini-1-100x100.jpg",100,100,true]},"uagb_author_info":{"display_name":"test2.bolderparis.com","author_link":"https:\/\/test2.bolderparis.com\/es\/author\/"},"uagb_comment_info":0,"uagb_excerpt":"- Funda transparente para tel\u00e9fono - Dise\u00f1o G\u00e9minis - Dise\u00f1o de altavoz cerrado resistente al polvo que proporciona efectos de sonido est\u00e9reo y claros - Cada esquina esta reforzada para absorber los choques - Las fotos que se muestran son s\u00f3lo ilustrativas, aseg\u00farate de seleccionar el modelo de tel\u00e9fono correcto.","jetpack_sharing_enabled":true,"_links":{"self":[{"href":"https:\/\/test2.bolderparis.com\/es\/wp-json\/wp\/v2\/product\/3845","targetHints":{"allow":["GET"]}}],"collection":[{"href":"https:\/\/test2.bolderparis.com\/es\/wp-json\/wp\/v2\/product"}],"about":[{"href":"https:\/\/test2.bolderparis.com\/es\/wp-json\/wp\/v2\/types\/product"}],"replies":[{"embeddable":true,"href":"https:\/\/test2.bolderparis.com\/es\/wp-json\/wp\/v2\/comments?post=3845"}],"wp:featuredmedia":[{"embeddable":true,"href":"https:\/\/test2.bolderparis.com\/es\/wp-json\/wp\/v2\/media\/4270"}],"wp:attachment":[{"href":"https:\/\/test2.bolderparis.com\/es\/wp-json\/wp\/v2\/media?parent=3845"}],"wp:term":[{"taxonomy":"product_brand","embeddable":true,"href":"https:\/\/test2.bolderparis.com\/es\/wp-json\/wp\/v2\/product_brand?post=3845"},{"taxonomy":"product_cat","embeddable":true,"href":"https:\/\/test2.bolderparis.com\/es\/wp-json\/wp\/v2\/product_cat?post=3845"},{"taxonomy":"product_tag","embeddable":true,"href":"https:\/\/test2.bolderparis.com\/es\/wp-json\/wp\/v2\/product_tag?post=3845"}],"curies":[{"name":"wp","href":"https:\/\/api.w.org\/{rel}","templated":true}]}}