{"id":3918,"date":"2024-01-17T16:36:03","date_gmt":"2024-01-17T15:36:03","guid":{"rendered":"https:\/\/test2.bolderparis.com\/politica-de-devoluciones-y-reembolsos\/"},"modified":"2024-12-18T21:33:14","modified_gmt":"2024-12-18T20:33:14","slug":"politica-de-devoluciones-y-reembolsos","status":"publish","type":"page","link":"https:\/\/test2.bolderparis.com\/es\/politica-de-devoluciones-y-reembolsos\/","title":{"rendered":"Pol\u00edtica de devoluciones y reembolsos"},"content":{"rendered":"\n<div class=\"wp-block-group is-layout-flow wp-block-group-is-layout-flow\">\n<div style=\"height:20px\" aria-hidden=\"true\" class=\"wp-block-spacer\"><\/div>\n\n\n\n<h2 class=\"wp-block-heading\">Devoluci\u00f3n<\/h2>\n\n\n\n<div style=\"height:5px\" aria-hidden=\"true\" class=\"wp-block-spacer\"><\/div>\n\n\n\n<div class=\"wp-block-group is-layout-flow wp-block-group-is-layout-flow\">\n<p>Dispondr\u00e1s de 14 d\u00edas a partir del d\u00eda en que recibas tu pedido para cambiar de opini\u00f3n y devolvernos el\/los producto(s) en su estado original.\nTodas las etiquetas deben estar pegadas a los productos para devolv\u00e9rnoslos.\nNo podemos aceptar la devoluci\u00f3n de productos que hayan sido usados y\/o manchados.  <\/p>\n\n\n\n<p>No nos env\u00edes el paquete sin contactar antes con nosotros por correo electr\u00f3nico a <a href=\"mailto:contact@test2.bolderparis.com\">contact@test2.bolderparis.com<\/a>, ya que es posible que no podamos tramitar tu devoluci\u00f3n. En tu correo electr\u00f3nico, facil\u00edtanos la siguiente informaci\u00f3n: <\/p>\n\n\n\n<p>&#8211; Motivo de la devoluci\u00f3n<\/p>\n\n\n\n<p>&#8211; Fotos de los productos<\/p>\n\n\n\n<p>&#8211; N\u00famero de pedido<\/p>\n<\/div>\n<\/div>\n\n<div style=\"height:10px\" aria-hidden=\"true\" class=\"wp-block-spacer\"><\/div>\n\n<div class=\"wp-block-group is-layout-flow wp-block-group-is-layout-flow\">\n<h2 class=\"wp-block-heading\">Env\u00edo<\/h2>\n\n\n\n<div style=\"height:5px\" aria-hidden=\"true\" class=\"wp-block-spacer\"><\/div>\n\n\n\n<div class=\"wp-block-group is-layout-flow wp-block-group-is-layout-flow\">\n<p>Ser\u00e1s responsable de los gastos de env\u00edo de la devoluci\u00f3n.\nPuedes elegir c\u00f3mo quieres devolvernos el producto, pero te recomendamos que elijas un m\u00e9todo de env\u00edo con seguimiento. <\/p>\n\n\n\n<p>Si puedes, utiliza nuestro paquete para devolvernos los productos, ya que es reutilizable.<\/p>\n\n\n\n<p>Si devuelves el paquete desde un pa\u00eds de fuera de la Uni\u00f3n Europea, es muy importante que pegues la factura enviada por correo electr\u00f3nico visible en el paquete para evitar que lo retengan en la aduana.<\/p>\n\n\n\n<p>Por favor, env\u00edanos el n\u00famero de seguimiento si est\u00e1 disponible una vez que hayas enviado el producto.<\/p>\n<\/div>\n<\/div>\n\n<div style=\"height:10px\" aria-hidden=\"true\" class=\"wp-block-spacer\"><\/div>\n\n<div class=\"wp-block-group is-layout-flow wp-block-group-is-layout-flow\">\n<h2 class=\"wp-block-heading\">Reembolso<\/h2>\n\n\n\n<div style=\"height:5px\" aria-hidden=\"true\" class=\"wp-block-spacer\"><\/div>\n\n\n\n<div class=\"wp-block-group is-layout-flow wp-block-group-is-layout-flow\">\n<p>Una vez que recibamos el paquete, si est\u00e1 en las mismas condiciones que lo solicitaste, recibir\u00e1s el reembolso en un plazo de 14 d\u00edas laborables, te informaremos por correo electr\u00f3nico.<\/p>\n\n\n\n<p>Sin embargo, si no recibimos el paquete y no tenemos ning\u00fan n\u00famero de seguimiento, lamentablemente no podremos reembolsarte el pedido.\nPara evitar este problema, te recomendamos encarecidamente que elijas un m\u00e9todo de env\u00edo con seguimiento. <\/p>\n\n\n\n<p>Tu solicitud de devoluci\u00f3n tambi\u00e9n puede ser rechazada si comprobamos que el producto o productos no est\u00e1n en las mismas condiciones iniciales (es decir, sin etiquetas colgantes, manchados, usados, etc.).<\/p>\n\n\n\n<p>Te informamos de que si el paquete nos ha sido devuelto porque no has querido pagar derechos, impuestos o costes adicionales del pa\u00eds en el que te encuentras, descontaremos los gastos de env\u00edo del importe total de tu reembolso.<\/p>\n<\/div>\n<\/div>\n\n<div style=\"height:10px\" aria-hidden=\"true\" class=\"wp-block-spacer\"><\/div>\n\n<div class=\"wp-block-group is-layout-flow wp-block-group-is-layout-flow\">\n<h2 class=\"wp-block-heading\">Cambio<\/h2>\n\n\n\n<div style=\"height:5px\" aria-hidden=\"true\" class=\"wp-block-spacer\"><\/div>\n\n\n\n<div class=\"wp-block-group is-layout-flow wp-block-group-is-layout-flow\">\n<p>Para evitar cualquier error con respecto al modelo, aseg\u00farate de comprobar el modelo del tel\u00e9fono.<\/p>\n\n\n\n<p>Si realmente quieres cambiar un producto, tendr\u00e1s que devolver primero el que recibiste, una vez comprobado que est\u00e1 en buenas condiciones, procederemos al cambio. Los gastos de env\u00edo correr\u00e1n por tu cuenta. <\/p>\n<\/div>\n<\/div>\n\n<div style=\"height:10px\" aria-hidden=\"true\" class=\"wp-block-spacer\"><\/div>\n\n<div style=\"height:10px\" aria-hidden=\"true\" class=\"wp-block-spacer\"><\/div>\n","protected":false},"excerpt":{"rendered":"<p>Devoluci\u00f3n Dispondr\u00e1s de 14 d\u00edas a partir del d\u00eda en que recibas tu pedido para cambiar de opini\u00f3n y devolvernos el\/los producto(s) en su estado original. Todas las etiquetas deben estar pegadas a los productos para devolv\u00e9rnoslos. No podemos aceptar la devoluci\u00f3n de productos que hayan sido usados y\/o manchados. No nos env\u00edes el paquete [&hellip;]<\/p>\n","protected":false},"author":1,"featured_media":0,"parent":0,"menu_order":0,"comment_status":"closed","ping_status":"closed","template":"","meta":{"_uag_custom_page_level_css":"","site-sidebar-layout":"default","site-content-layout":"","ast-site-content-layout":"default","site-content-style":"default","site-sidebar-style":"default","ast-global-header-display":"","ast-banner-title-visibility":"","ast-main-header-display":"","ast-hfb-above-header-display":"","ast-hfb-below-header-display":"","ast-hfb-mobile-header-display":"","site-post-title":"","ast-breadcrumbs-content":"","ast-featured-img":"","footer-sml-layout":"","ast-disable-related-posts":"","theme-transparent-header-meta":"","adv-header-id-meta":"","stick-header-meta":"","header-above-stick-meta":"","header-main-stick-meta":"","header-below-stick-meta":"","astra-migrate-meta-layouts":"default","ast-page-background-enabled":"default","ast-page-background-meta":{"desktop":{"background-color":"var(--ast-global-color-4)","background-image":"","background-repeat":"repeat","background-position":"center center","background-size":"auto","background-attachment":"scroll","background-type":"","background-media":"","overlay-type":"","overlay-color":"","overlay-opacity":"","overlay-gradient":""},"tablet":{"background-color":"","background-image":"","background-repeat":"repeat","background-position":"center center","background-size":"auto","background-attachment":"scroll","background-type":"","background-media":"","overlay-type":"","overlay-color":"","overlay-opacity":"","overlay-gradient":""},"mobile":{"background-color":"","background-image":"","background-repeat":"repeat","background-position":"center center","background-size":"auto","background-attachment":"scroll","background-type":"","background-media":"","overlay-type":"","overlay-color":"","overlay-opacity":"","overlay-gradient":""}},"ast-content-background-meta":{"desktop":{"background-color":"var(--ast-global-color-5)","background-image":"","background-repeat":"repeat","background-position":"center center","background-size":"auto","background-attachment":"scroll","background-type":"","background-media":"","overlay-type":"","overlay-color":"","overlay-opacity":"","overlay-gradient":""},"tablet":{"background-color":"var(--ast-global-color-5)","background-image":"","background-repeat":"repeat","background-position":"center center","background-size":"auto","background-attachment":"scroll","background-type":"","background-media":"","overlay-type":"","overlay-color":"","overlay-opacity":"","overlay-gradient":""},"mobile":{"background-color":"var(--ast-global-color-5)","background-image":"","background-repeat":"repeat","background-position":"center center","background-size":"auto","background-attachment":"scroll","background-type":"","background-media":"","overlay-type":"","overlay-color":"","overlay-opacity":"","overlay-gradient":""}},"_themeisle_gutenberg_block_has_review":false,"footnotes":""},"class_list":["post-3918","page","type-page","status-publish","hentry"],"acf":[],"yoast_head":"<!-- This site is optimized with the Yoast SEO plugin v25.1 - https:\/\/yoast.com\/wordpress\/plugins\/seo\/ -->\n<title>Pol\u00edtica de devoluciones y reembolsos - test2.bolderparis.com<\/title>\n<meta name=\"robots\" content=\"index, follow, max-snippet:-1, max-image-preview:large, max-video-preview:-1\" \/>\n<link rel=\"canonical\" href=\"https:\/\/test2.bolderparis.com\/return-and-refund-policy\/\" \/>\n<meta property=\"og:locale\" content=\"es_ES\" \/>\n<meta property=\"og:type\" content=\"article\" \/>\n<meta property=\"og:title\" content=\"Pol\u00edtica de devoluciones y reembolsos - test2.bolderparis.com\" \/>\n<meta property=\"og:description\" content=\"Devoluci\u00f3n Dispondr\u00e1s de 14 d\u00edas a partir del d\u00eda en que recibas tu pedido para cambiar de opini\u00f3n y devolvernos el\/los producto(s) en su estado original. Todas las etiquetas deben estar pegadas a los productos para devolv\u00e9rnoslos. No podemos aceptar la devoluci\u00f3n de productos que hayan sido usados y\/o manchados. No nos env\u00edes el paquete [&hellip;]\" \/>\n<meta property=\"og:url\" content=\"https:\/\/test2.bolderparis.com\/return-and-refund-policy\/\" \/>\n<meta property=\"og:site_name\" content=\"test2.bolderparis.com\" \/>\n<meta property=\"article:modified_time\" content=\"2024-12-18T20:33:14+00:00\" \/>\n<meta name=\"twitter:card\" content=\"summary_large_image\" \/>\n<meta name=\"twitter:label1\" content=\"Tiempo de lectura\" \/>\n\t<meta name=\"twitter:data1\" content=\"2 minutos\" \/>\n<script type=\"application\/ld+json\" class=\"yoast-schema-graph\">{\"@context\":\"https:\/\/schema.org\",\"@graph\":[{\"@type\":\"WebPage\",\"@id\":\"https:\/\/test2.bolderparis.com\/return-and-refund-policy\/\",\"url\":\"https:\/\/test2.bolderparis.com\/return-and-refund-policy\/\",\"name\":\"Pol\u00edtica de devoluciones y reembolsos - test2.bolderparis.com\",\"isPartOf\":{\"@id\":\"https:\/\/test2.bolderparis.com\/#website\"},\"datePublished\":\"2024-01-17T15:36:03+00:00\",\"dateModified\":\"2024-12-18T20:33:14+00:00\",\"breadcrumb\":{\"@id\":\"https:\/\/test2.bolderparis.com\/return-and-refund-policy\/#breadcrumb\"},\"inLanguage\":\"es\",\"potentialAction\":[{\"@type\":\"ReadAction\",\"target\":[\"https:\/\/test2.bolderparis.com\/return-and-refund-policy\/\"]}]},{\"@type\":\"BreadcrumbList\",\"@id\":\"https:\/\/test2.bolderparis.com\/return-and-refund-policy\/#breadcrumb\",\"itemListElement\":[{\"@type\":\"ListItem\",\"position\":1,\"name\":\"Home\",\"item\":\"https:\/\/test2.bolderparis.com\/es\/\"},{\"@type\":\"ListItem\",\"position\":2,\"name\":\"Pol\u00edtica de devoluciones y reembolsos\"}]},{\"@type\":\"WebSite\",\"@id\":\"https:\/\/test2.bolderparis.com\/#website\",\"url\":\"https:\/\/test2.bolderparis.com\/\",\"name\":\"test2.bolderparis.com\",\"description\":\"only cute people wear kasey\",\"publisher\":{\"@id\":\"https:\/\/test2.bolderparis.com\/#organization\"},\"potentialAction\":[{\"@type\":\"SearchAction\",\"target\":{\"@type\":\"EntryPoint\",\"urlTemplate\":\"https:\/\/test2.bolderparis.com\/?s={search_term_string}\"},\"query-input\":{\"@type\":\"PropertyValueSpecification\",\"valueRequired\":true,\"valueName\":\"search_term_string\"}}],\"inLanguage\":\"es\"},{\"@type\":\"Organization\",\"@id\":\"https:\/\/test2.bolderparis.com\/#organization\",\"name\":\"KASEY CASES\",\"url\":\"https:\/\/test2.bolderparis.com\/\",\"logo\":{\"@type\":\"ImageObject\",\"inLanguage\":\"es\",\"@id\":\"https:\/\/test2.bolderparis.com\/#\/schema\/logo\/image\/\",\"url\":\"https:\/\/test2.bolderparis.com\/wp-content\/uploads\/2024\/07\/cropped-Logo-kasey-2.jpg\",\"contentUrl\":\"https:\/\/test2.bolderparis.com\/wp-content\/uploads\/2024\/07\/cropped-Logo-kasey-2.jpg\",\"width\":620,\"height\":357,\"caption\":\"KASEY CASES\"},\"image\":{\"@id\":\"https:\/\/test2.bolderparis.com\/#\/schema\/logo\/image\/\"},\"sameAs\":[\"https:\/\/www.instagram.com\/kaseycases\/\",\"https:\/\/www.tiktok.com\/@kaseycases\"]}]}<\/script>\n<!-- \/ Yoast SEO plugin. -->","yoast_head_json":{"title":"Pol\u00edtica de devoluciones y reembolsos - test2.bolderparis.com","robots":{"index":"index","follow":"follow","max-snippet":"max-snippet:-1","max-image-preview":"max-image-preview:large","max-video-preview":"max-video-preview:-1"},"canonical":"https:\/\/test2.bolderparis.com\/return-and-refund-policy\/","og_locale":"es_ES","og_type":"article","og_title":"Pol\u00edtica de devoluciones y reembolsos - test2.bolderparis.com","og_description":"Devoluci\u00f3n Dispondr\u00e1s de 14 d\u00edas a partir del d\u00eda en que recibas tu pedido para cambiar de opini\u00f3n y devolvernos el\/los producto(s) en su estado original. Todas las etiquetas deben estar pegadas a los productos para devolv\u00e9rnoslos. No podemos aceptar la devoluci\u00f3n de productos que hayan sido usados y\/o manchados. No nos env\u00edes el paquete [&hellip;]","og_url":"https:\/\/test2.bolderparis.com\/return-and-refund-policy\/","og_site_name":"test2.bolderparis.com","article_modified_time":"2024-12-18T20:33:14+00:00","twitter_card":"summary_large_image","twitter_misc":{"Tiempo de lectura":"2 minutos"},"schema":{"@context":"https:\/\/schema.org","@graph":[{"@type":"WebPage","@id":"https:\/\/test2.bolderparis.com\/return-and-refund-policy\/","url":"https:\/\/test2.bolderparis.com\/return-and-refund-policy\/","name":"Pol\u00edtica de devoluciones y reembolsos - test2.bolderparis.com","isPartOf":{"@id":"https:\/\/test2.bolderparis.com\/#website"},"datePublished":"2024-01-17T15:36:03+00:00","dateModified":"2024-12-18T20:33:14+00:00","breadcrumb":{"@id":"https:\/\/test2.bolderparis.com\/return-and-refund-policy\/#breadcrumb"},"inLanguage":"es","potentialAction":[{"@type":"ReadAction","target":["https:\/\/test2.bolderparis.com\/return-and-refund-policy\/"]}]},{"@type":"BreadcrumbList","@id":"https:\/\/test2.bolderparis.com\/return-and-refund-policy\/#breadcrumb","itemListElement":[{"@type":"ListItem","position":1,"name":"Home","item":"https:\/\/test2.bolderparis.com\/es\/"},{"@type":"ListItem","position":2,"name":"Pol\u00edtica de devoluciones y reembolsos"}]},{"@type":"WebSite","@id":"https:\/\/test2.bolderparis.com\/#website","url":"https:\/\/test2.bolderparis.com\/","name":"test2.bolderparis.com","description":"only cute people wear kasey","publisher":{"@id":"https:\/\/test2.bolderparis.com\/#organization"},"potentialAction":[{"@type":"SearchAction","target":{"@type":"EntryPoint","urlTemplate":"https:\/\/test2.bolderparis.com\/?s={search_term_string}"},"query-input":{"@type":"PropertyValueSpecification","valueRequired":true,"valueName":"search_term_string"}}],"inLanguage":"es"},{"@type":"Organization","@id":"https:\/\/test2.bolderparis.com\/#organization","name":"KASEY CASES","url":"https:\/\/test2.bolderparis.com\/","logo":{"@type":"ImageObject","inLanguage":"es","@id":"https:\/\/test2.bolderparis.com\/#\/schema\/logo\/image\/","url":"https:\/\/test2.bolderparis.com\/wp-content\/uploads\/2024\/07\/cropped-Logo-kasey-2.jpg","contentUrl":"https:\/\/test2.bolderparis.com\/wp-content\/uploads\/2024\/07\/cropped-Logo-kasey-2.jpg","width":620,"height":357,"caption":"KASEY CASES"},"image":{"@id":"https:\/\/test2.bolderparis.com\/#\/schema\/logo\/image\/"},"sameAs":["https:\/\/www.instagram.com\/kaseycases\/","https:\/\/www.tiktok.com\/@kaseycases"]}]}},"uagb_featured_image_src":{"full":false,"thumbnail":false,"medium":false,"medium_large":false,"large":false,"1536x1536":false,"2048x2048":false,"product-search-thumbnail-32x32":false,"woocommerce_thumbnail":false,"woocommerce_single":false,"woocommerce_gallery_thumbnail":false,"variation_swatches_image_size":false,"variation_swatches_tooltip_size":false},"uagb_author_info":{"display_name":"test2.bolderparis.com","author_link":"https:\/\/test2.bolderparis.com\/es\/author\/kaseycases-com\/"},"uagb_comment_info":0,"uagb_excerpt":"Devoluci\u00f3n Dispondr\u00e1s de 14 d\u00edas a partir del d\u00eda en que recibas tu pedido para cambiar de opini\u00f3n y devolvernos el\/los producto(s) en su estado original. Todas las etiquetas deben estar pegadas a los productos para devolv\u00e9rnoslos. No podemos aceptar la devoluci\u00f3n de productos que hayan sido usados y\/o manchados. No nos env\u00edes el paquete&hellip;","jetpack_sharing_enabled":true,"_links":{"self":[{"href":"https:\/\/test2.bolderparis.com\/es\/wp-json\/wp\/v2\/pages\/3918","targetHints":{"allow":["GET"]}}],"collection":[{"href":"https:\/\/test2.bolderparis.com\/es\/wp-json\/wp\/v2\/pages"}],"about":[{"href":"https:\/\/test2.bolderparis.com\/es\/wp-json\/wp\/v2\/types\/page"}],"author":[{"embeddable":true,"href":"https:\/\/test2.bolderparis.com\/es\/wp-json\/wp\/v2\/users\/1"}],"replies":[{"embeddable":true,"href":"https:\/\/test2.bolderparis.com\/es\/wp-json\/wp\/v2\/comments?post=3918"}],"version-history":[{"count":9,"href":"https:\/\/test2.bolderparis.com\/es\/wp-json\/wp\/v2\/pages\/3918\/revisions"}],"predecessor-version":[{"id":7284,"href":"https:\/\/test2.bolderparis.com\/es\/wp-json\/wp\/v2\/pages\/3918\/revisions\/7284"}],"wp:attachment":[{"href":"https:\/\/test2.bolderparis.com\/es\/wp-json\/wp\/v2\/media?parent=3918"}],"curies":[{"name":"wp","href":"https:\/\/api.w.org\/{rel}","templated":true}]}}