{"id":3896,"date":"2024-01-17T16:23:30","date_gmt":"2024-01-17T15:23:30","guid":{"rendered":"https:\/\/test2.bolderparis.com\/aviso-legal\/"},"modified":"2024-07-25T13:12:51","modified_gmt":"2024-07-25T11:12:51","slug":"aviso-legal","status":"publish","type":"page","link":"https:\/\/test2.bolderparis.com\/es\/aviso-legal\/","title":{"rendered":"Aviso legal"},"content":{"rendered":"\n<div style=\"height:15px\" aria-hidden=\"true\" class=\"wp-block-spacer\"><\/div>\n\n<h2 class=\"wp-block-heading\">Presentaci\u00f3n del sitio web<\/h2>\n\n<div style=\"height:5px\" aria-hidden=\"true\" class=\"wp-block-spacer\"><\/div>\n\n<p>En virtud del art\u00edculo 6 de la Ley n\u00ba 2004-575 de 21 de junio de 2004 sobre la confianza en la econom\u00eda digital, se informa a los usuarios del sitio<a href=\"https:\/\/test2.bolderparis.com\"> https:\/\/test2.bolderparis.com<\/a> de la identidad de las distintas partes interesadas en el marco de su aplicaci\u00f3n y seguimiento:<\/p>\n\n<p>Propietario: Bolder<br\/>SIRET: 91377466700012<br\/>Direcci\u00f3n postal: 66 Avenue des Champs Elys\u00e9es, 75008 Par\u00eds, Francia<br\/>Directora de la publicaci\u00f3n: Christelle Hu<br\/>Anfitri\u00f3n: Hostinger<\/p>\n\n<div style=\"height:15px\" aria-hidden=\"true\" class=\"wp-block-spacer\"><\/div>\n\n<h2 class=\"wp-block-heading\">Condiciones generales de uso del sitio y de los servicios ofrecidos<\/h2>\n\n<div style=\"height:5px\" aria-hidden=\"true\" class=\"wp-block-spacer\"><\/div>\n\n<p>El uso del sitio <a href=\"https:\/\/test2.bolderparis.com\">https:\/\/test2.bolderparis.com<\/a> implica la plena aceptaci\u00f3n de las condiciones generales de uso que se describen a continuaci\u00f3n.\nEstas condiciones de uso pueden ser modificadas o completadas en cualquier momento, por lo que se invita a los usuarios del sitio <a href=\"https:\/\/test2.bolderparis.com\">https:\/\/test2.bolderparis.com<\/a> a consultarlas peri\u00f3dicamente. <\/p>\n\n<p>Este sitio es normalmente accesible a los usuarios en cualquier momento.\nNo obstante, una interrupci\u00f3n debida a mantenimiento t\u00e9cnico podr\u00e1 ser decidida por Bolder, que se esforzar\u00e1 por comunicar a los usuarios con antelaci\u00f3n las fechas y horas de la intervenci\u00f3n. <\/p>\n\n<p>El sitio <a href=\"https:\/\/test2.bolderparis.com\">https:\/\/test2.bolderparis.com<\/a> es actualizado regularmente por el equipo editorial bajo la responsabilidad del responsable de la publicaci\u00f3n.\nDel mismo modo, los avisos legales pueden modificarse en cualquier momento: no obstante, se imponen al usuario, al que se invita a consultarlos con la mayor frecuencia posible para familiarizarse con ellos. <\/p>\n\n<div style=\"height:15px\" aria-hidden=\"true\" class=\"wp-block-spacer\"><\/div>\n\n<h2 class=\"wp-block-heading\">Descripci\u00f3n de los servicios prestados<\/h2>\n\n<div style=\"height:5px\" aria-hidden=\"true\" class=\"wp-block-spacer\"><\/div>\n\n<p>La finalidad del sitio https:\/\/test2.bolderparis.com es proporcionar informaci\u00f3n relativa a todas las actividades de la empresa, as\u00ed como a la comercializaci\u00f3n de art\u00edculos.\nBolder se esfuerza por proporcionar en el sitio https:\/\/test2.bolderparis.com informaci\u00f3n lo m\u00e1s exacta posible.\nSin embargo, no se hace responsable de las omisiones, inexactitudes y deficiencias en la actualizaci\u00f3n, ya sea por s\u00ed misma o por los terceros asociados que le proporcionan esta informaci\u00f3n.  <\/p>\n\n<p>Toda la informaci\u00f3n indicada en el sitio https:\/\/test2.bolderparis.com se facilita \u00fanicamente a t\u00edtulo informativo y est\u00e1 sujeta a cambios.\nAdem\u00e1s, las informaciones que figuran en el sitio https:\/\/test2.bolderparis.com no son exhaustivas.\nSe dan a reserva de que se hayan introducido modificaciones desde su puesta en l\u00ednea.  <\/p>\n\n<p>Los detalles relativos al comercio electr\u00f3nico est\u00e1n disponibles en las condiciones generales de venta, que prevalecen sobre estos avisos.<\/p>\n\n<div style=\"height:15px\" aria-hidden=\"true\" class=\"wp-block-spacer\"><\/div>\n\n<h2 class=\"wp-block-heading\">Limitaciones contractuales de los datos t\u00e9cnicos<\/h2>\n\n<div style=\"height:5px\" aria-hidden=\"true\" class=\"wp-block-spacer\"><\/div>\n\n<p>El sitio utiliza tecnolog\u00eda JavaScript.<\/p>\n\n<p>El sitio web no se hace responsable de los da\u00f1os materiales relacionados con el uso del sitio.\nAdem\u00e1s, el usuario del sitio se compromete a acceder al sitio utilizando equipos recientes, que no contengan virus y con un navegador actualizado de \u00faltima generaci\u00f3n. <\/p>\n\n<div style=\"height:15px\" aria-hidden=\"true\" class=\"wp-block-spacer\"><\/div>\n\n<h2 class=\"wp-block-heading\">Propiedad intelectual e infracciones<\/h2>\n\n<div style=\"height:5px\" aria-hidden=\"true\" class=\"wp-block-spacer\"><\/div>\n\n<p>A menos que se especifique lo contrario, Bolder es el propietario de los derechos de propiedad intelectual u ostenta los derechos de uso sobre todos los elementos accesibles en el sitio, en particular los textos, im\u00e1genes, gr\u00e1ficos, logotipo, iconos, sonidos, software.<\/p>\n\n<p>Cualquier reproducci\u00f3n, representaci\u00f3n, modificaci\u00f3n, publicaci\u00f3n, adaptaci\u00f3n de la totalidad o parte de los elementos del sitio, cualesquiera que sean los medios o procedimientos utilizados, est\u00e1 prohibida, salvo autorizaci\u00f3n previa por escrito de: Bolder<\/p>\n\n<p>Cualquier uso no autorizado del sitio o de cualquiera de los elementos que contiene se considerar\u00e1 constitutivo de infracci\u00f3n y se perseguir\u00e1 de conformidad con lo dispuesto en los art\u00edculos L.335-2 y siguientes del C\u00f3digo de la Propiedad Intelectual.<\/p>\n\n<div style=\"height:15px\" aria-hidden=\"true\" class=\"wp-block-spacer\"><\/div>\n\n<h2 class=\"wp-block-heading\">Limitaciones de responsabilidad<\/h2>\n\n<div style=\"height:5px\" aria-hidden=\"true\" class=\"wp-block-spacer\"><\/div>\n\n<p>Bolder no se hace responsable de los da\u00f1os directos o indirectos causados al equipo del usuario al acceder al sitio https:\/\/test2.bolderparis.com, y que resulten bien del uso de un equipo que no cumpla las especificaciones indicadas en el punto 4, bien de la aparici\u00f3n de un error o de una incompatibilidad.<\/p>\n\n<p>Bolder tampoco se hace responsable de los da\u00f1os consecuentes (como la p\u00e9rdida de mercado o la p\u00e9rdida de oportunidades) derivados del uso del sitio<a href=\"https:\/\/bolderparis.com\" target=\"_blank\" rel=\"noreferrer noopener\"> https:\/\/test2.bolderparis.com<\/a>.<\/p>\n\n<p>Los usuarios tienen a su disposici\u00f3n espacios interactivos (posibilidad de hacer preguntas en el espacio de contacto).\nBolder se reserva el derecho a eliminar, sin previo aviso, cualquier contenido publicado en este espacio que contravenga la legislaci\u00f3n aplicable en Francia, en particular las disposiciones relativas a la protecci\u00f3n de datos.\nEn su caso, Bolder tambi\u00e9n se reserva el derecho a cuestionar la responsabilidad civil y\/o penal del usuario, en particular en caso de mensaje racista, abusivo, difamatorio o pornogr\u00e1fico, independientemente del medio utilizado (texto, fotograf\u00eda, etc.).  <\/p>\n\n<div style=\"height:15px\" aria-hidden=\"true\" class=\"wp-block-spacer\"><\/div>\n\n<h2 class=\"wp-block-heading\">Ley aplicable y atribuci\u00f3n de jurisdicci\u00f3n<\/h2>\n\n<div style=\"height:5px\" aria-hidden=\"true\" class=\"wp-block-spacer\"><\/div>\n\n<p>Cualquier litigio relacionado con el uso del sitio<a href=\"https:\/\/www.bolderparis.com\" target=\"_blank\" rel=\"noreferrer noopener\"> https:\/\/test2.bolderparis.com<\/a> est\u00e1 sujeto a la legislaci\u00f3n francesa.\nLa jurisdicci\u00f3n exclusiva corresponde a los tribunales competentes del domicilio social de Bolder. <\/p>\n\n<div style=\"height:15px\" aria-hidden=\"true\" class=\"wp-block-spacer\"><\/div>\n\n<h2 class=\"wp-block-heading\">Las principales leyes afectadas<\/h2>\n\n<div style=\"height:5px\" aria-hidden=\"true\" class=\"wp-block-spacer\"><\/div>\n\n<p>Ley n\u00b0 78-87 de 6 de enero de 1978, modificada en particular por la ley n\u00b0 2004-801 de 6 de agosto de 2004 relativa a la inform\u00e1tica, a los ficheros y a las libertades.<br\/>Ley n\u00b0 2004-575 de 21 de junio de 2004 para la confianza en la econom\u00eda digital.<br\/>Reglamento General de Protecci\u00f3n de Datos (RGPD)<\/p>\n\n<div style=\"height:15px\" aria-hidden=\"true\" class=\"wp-block-spacer\"><\/div>\n\n<h2 class=\"wp-block-heading\">L\u00e9xico<\/h2>\n\n<div style=\"height:5px\" aria-hidden=\"true\" class=\"wp-block-spacer\"><\/div>\n\n<p>Usuario: usuario de Internet que se conecta y utiliza el sitio mencionado.<br\/>Informaci\u00f3n personal: \u00abinformaci\u00f3n que permite, bajo cualquier forma, directa o indirectamente, la identificaci\u00f3n de las personas f\u00edsicas a las que se aplica\u00bb (art\u00edculo 4 de la ley n\u00b0 78-17 de 6 de enero de 1978).<br\/><\/p>\n","protected":false},"excerpt":{"rendered":"<p>Presentaci\u00f3n del sitio web En virtud del art\u00edculo 6 de la Ley n\u00ba 2004-575 de 21 de junio de 2004 sobre la confianza en la econom\u00eda digital, se informa a los usuarios del sitio https:\/\/test2.bolderparis.com de la identidad de las distintas partes interesadas en el marco de su aplicaci\u00f3n y seguimiento: Propietario: BolderSIRET: 91377466700012Direcci\u00f3n postal: [&hellip;]<\/p>\n","protected":false},"author":1,"featured_media":0,"parent":0,"menu_order":0,"comment_status":"closed","ping_status":"closed","template":"","meta":{"_uag_custom_page_level_css":"","site-sidebar-layout":"default","site-content-layout":"","ast-site-content-layout":"default","site-content-style":"default","site-sidebar-style":"default","ast-global-header-display":"","ast-banner-title-visibility":"","ast-main-header-display":"","ast-hfb-above-header-display":"","ast-hfb-below-header-display":"","ast-hfb-mobile-header-display":"","site-post-title":"","ast-breadcrumbs-content":"","ast-featured-img":"","footer-sml-layout":"","ast-disable-related-posts":"","theme-transparent-header-meta":"","adv-header-id-meta":"","stick-header-meta":"","header-above-stick-meta":"","header-main-stick-meta":"","header-below-stick-meta":"","astra-migrate-meta-layouts":"default","ast-page-background-enabled":"default","ast-page-background-meta":{"desktop":{"background-color":"var(--ast-global-color-4)","background-image":"","background-repeat":"repeat","background-position":"center center","background-size":"auto","background-attachment":"scroll","background-type":"","background-media":"","overlay-type":"","overlay-color":"","overlay-opacity":"","overlay-gradient":""},"tablet":{"background-color":"","background-image":"","background-repeat":"repeat","background-position":"center center","background-size":"auto","background-attachment":"scroll","background-type":"","background-media":"","overlay-type":"","overlay-color":"","overlay-opacity":"","overlay-gradient":""},"mobile":{"background-color":"","background-image":"","background-repeat":"repeat","background-position":"center center","background-size":"auto","background-attachment":"scroll","background-type":"","background-media":"","overlay-type":"","overlay-color":"","overlay-opacity":"","overlay-gradient":""}},"ast-content-background-meta":{"desktop":{"background-color":"var(--ast-global-color-5)","background-image":"","background-repeat":"repeat","background-position":"center center","background-size":"auto","background-attachment":"scroll","background-type":"","background-media":"","overlay-type":"","overlay-color":"","overlay-opacity":"","overlay-gradient":""},"tablet":{"background-color":"var(--ast-global-color-5)","background-image":"","background-repeat":"repeat","background-position":"center center","background-size":"auto","background-attachment":"scroll","background-type":"","background-media":"","overlay-type":"","overlay-color":"","overlay-opacity":"","overlay-gradient":""},"mobile":{"background-color":"var(--ast-global-color-5)","background-image":"","background-repeat":"repeat","background-position":"center center","background-size":"auto","background-attachment":"scroll","background-type":"","background-media":"","overlay-type":"","overlay-color":"","overlay-opacity":"","overlay-gradient":""}},"_themeisle_gutenberg_block_has_review":false,"footnotes":""},"class_list":["post-3896","page","type-page","status-publish","hentry"],"acf":[],"yoast_head":"<!-- This site is optimized with the Yoast SEO plugin v25.1 - https:\/\/yoast.com\/wordpress\/plugins\/seo\/ -->\n<title>Aviso legal - test2.bolderparis.com<\/title>\n<meta name=\"robots\" content=\"index, follow, max-snippet:-1, max-image-preview:large, max-video-preview:-1\" \/>\n<link rel=\"canonical\" href=\"https:\/\/test2.bolderparis.com\/legal-notice\/\" \/>\n<meta property=\"og:locale\" content=\"es_ES\" \/>\n<meta property=\"og:type\" content=\"article\" \/>\n<meta property=\"og:title\" content=\"Aviso legal - test2.bolderparis.com\" \/>\n<meta property=\"og:description\" content=\"Presentaci\u00f3n del sitio web En virtud del art\u00edculo 6 de la Ley n\u00ba 2004-575 de 21 de junio de 2004 sobre la confianza en la econom\u00eda digital, se informa a los usuarios del sitio https:\/\/test2.bolderparis.com de la identidad de las distintas partes interesadas en el marco de su aplicaci\u00f3n y seguimiento: Propietario: BolderSIRET: 91377466700012Direcci\u00f3n postal: [&hellip;]\" \/>\n<meta property=\"og:url\" content=\"https:\/\/test2.bolderparis.com\/legal-notice\/\" \/>\n<meta property=\"og:site_name\" content=\"test2.bolderparis.com\" \/>\n<meta property=\"article:modified_time\" content=\"2024-07-25T11:12:51+00:00\" \/>\n<meta name=\"twitter:card\" content=\"summary_large_image\" \/>\n<meta name=\"twitter:label1\" content=\"Tiempo de lectura\" \/>\n\t<meta name=\"twitter:data1\" content=\"5 minutos\" \/>\n<script type=\"application\/ld+json\" class=\"yoast-schema-graph\">{\"@context\":\"https:\/\/schema.org\",\"@graph\":[{\"@type\":\"WebPage\",\"@id\":\"https:\/\/test2.bolderparis.com\/legal-notice\/\",\"url\":\"https:\/\/test2.bolderparis.com\/legal-notice\/\",\"name\":\"Aviso legal - test2.bolderparis.com\",\"isPartOf\":{\"@id\":\"https:\/\/test2.bolderparis.com\/#website\"},\"datePublished\":\"2024-01-17T15:23:30+00:00\",\"dateModified\":\"2024-07-25T11:12:51+00:00\",\"breadcrumb\":{\"@id\":\"https:\/\/test2.bolderparis.com\/legal-notice\/#breadcrumb\"},\"inLanguage\":\"es\",\"potentialAction\":[{\"@type\":\"ReadAction\",\"target\":[\"https:\/\/test2.bolderparis.com\/legal-notice\/\"]}]},{\"@type\":\"BreadcrumbList\",\"@id\":\"https:\/\/test2.bolderparis.com\/legal-notice\/#breadcrumb\",\"itemListElement\":[{\"@type\":\"ListItem\",\"position\":1,\"name\":\"Home\",\"item\":\"https:\/\/test2.bolderparis.com\/es\/\"},{\"@type\":\"ListItem\",\"position\":2,\"name\":\"Aviso legal\"}]},{\"@type\":\"WebSite\",\"@id\":\"https:\/\/test2.bolderparis.com\/#website\",\"url\":\"https:\/\/test2.bolderparis.com\/\",\"name\":\"test2.bolderparis.com\",\"description\":\"only cute people wear kasey\",\"publisher\":{\"@id\":\"https:\/\/test2.bolderparis.com\/#organization\"},\"potentialAction\":[{\"@type\":\"SearchAction\",\"target\":{\"@type\":\"EntryPoint\",\"urlTemplate\":\"https:\/\/test2.bolderparis.com\/?s={search_term_string}\"},\"query-input\":{\"@type\":\"PropertyValueSpecification\",\"valueRequired\":true,\"valueName\":\"search_term_string\"}}],\"inLanguage\":\"es\"},{\"@type\":\"Organization\",\"@id\":\"https:\/\/test2.bolderparis.com\/#organization\",\"name\":\"KASEY CASES\",\"url\":\"https:\/\/test2.bolderparis.com\/\",\"logo\":{\"@type\":\"ImageObject\",\"inLanguage\":\"es\",\"@id\":\"https:\/\/test2.bolderparis.com\/#\/schema\/logo\/image\/\",\"url\":\"https:\/\/test2.bolderparis.com\/wp-content\/uploads\/2024\/07\/cropped-Logo-kasey-2.jpg\",\"contentUrl\":\"https:\/\/test2.bolderparis.com\/wp-content\/uploads\/2024\/07\/cropped-Logo-kasey-2.jpg\",\"width\":620,\"height\":357,\"caption\":\"KASEY CASES\"},\"image\":{\"@id\":\"https:\/\/test2.bolderparis.com\/#\/schema\/logo\/image\/\"},\"sameAs\":[\"https:\/\/www.instagram.com\/kaseycases\/\",\"https:\/\/www.tiktok.com\/@kaseycases\"]}]}<\/script>\n<!-- \/ Yoast SEO plugin. -->","yoast_head_json":{"title":"Aviso legal - test2.bolderparis.com","robots":{"index":"index","follow":"follow","max-snippet":"max-snippet:-1","max-image-preview":"max-image-preview:large","max-video-preview":"max-video-preview:-1"},"canonical":"https:\/\/test2.bolderparis.com\/legal-notice\/","og_locale":"es_ES","og_type":"article","og_title":"Aviso legal - test2.bolderparis.com","og_description":"Presentaci\u00f3n del sitio web En virtud del art\u00edculo 6 de la Ley n\u00ba 2004-575 de 21 de junio de 2004 sobre la confianza en la econom\u00eda digital, se informa a los usuarios del sitio https:\/\/test2.bolderparis.com de la identidad de las distintas partes interesadas en el marco de su aplicaci\u00f3n y seguimiento: Propietario: BolderSIRET: 91377466700012Direcci\u00f3n postal: [&hellip;]","og_url":"https:\/\/test2.bolderparis.com\/legal-notice\/","og_site_name":"test2.bolderparis.com","article_modified_time":"2024-07-25T11:12:51+00:00","twitter_card":"summary_large_image","twitter_misc":{"Tiempo de lectura":"5 minutos"},"schema":{"@context":"https:\/\/schema.org","@graph":[{"@type":"WebPage","@id":"https:\/\/test2.bolderparis.com\/legal-notice\/","url":"https:\/\/test2.bolderparis.com\/legal-notice\/","name":"Aviso legal - test2.bolderparis.com","isPartOf":{"@id":"https:\/\/test2.bolderparis.com\/#website"},"datePublished":"2024-01-17T15:23:30+00:00","dateModified":"2024-07-25T11:12:51+00:00","breadcrumb":{"@id":"https:\/\/test2.bolderparis.com\/legal-notice\/#breadcrumb"},"inLanguage":"es","potentialAction":[{"@type":"ReadAction","target":["https:\/\/test2.bolderparis.com\/legal-notice\/"]}]},{"@type":"BreadcrumbList","@id":"https:\/\/test2.bolderparis.com\/legal-notice\/#breadcrumb","itemListElement":[{"@type":"ListItem","position":1,"name":"Home","item":"https:\/\/test2.bolderparis.com\/es\/"},{"@type":"ListItem","position":2,"name":"Aviso legal"}]},{"@type":"WebSite","@id":"https:\/\/test2.bolderparis.com\/#website","url":"https:\/\/test2.bolderparis.com\/","name":"test2.bolderparis.com","description":"only cute people wear kasey","publisher":{"@id":"https:\/\/test2.bolderparis.com\/#organization"},"potentialAction":[{"@type":"SearchAction","target":{"@type":"EntryPoint","urlTemplate":"https:\/\/test2.bolderparis.com\/?s={search_term_string}"},"query-input":{"@type":"PropertyValueSpecification","valueRequired":true,"valueName":"search_term_string"}}],"inLanguage":"es"},{"@type":"Organization","@id":"https:\/\/test2.bolderparis.com\/#organization","name":"KASEY CASES","url":"https:\/\/test2.bolderparis.com\/","logo":{"@type":"ImageObject","inLanguage":"es","@id":"https:\/\/test2.bolderparis.com\/#\/schema\/logo\/image\/","url":"https:\/\/test2.bolderparis.com\/wp-content\/uploads\/2024\/07\/cropped-Logo-kasey-2.jpg","contentUrl":"https:\/\/test2.bolderparis.com\/wp-content\/uploads\/2024\/07\/cropped-Logo-kasey-2.jpg","width":620,"height":357,"caption":"KASEY CASES"},"image":{"@id":"https:\/\/test2.bolderparis.com\/#\/schema\/logo\/image\/"},"sameAs":["https:\/\/www.instagram.com\/kaseycases\/","https:\/\/www.tiktok.com\/@kaseycases"]}]}},"uagb_featured_image_src":{"full":false,"thumbnail":false,"medium":false,"medium_large":false,"large":false,"1536x1536":false,"2048x2048":false,"product-search-thumbnail-32x32":false,"woocommerce_thumbnail":false,"woocommerce_single":false,"woocommerce_gallery_thumbnail":false,"variation_swatches_image_size":false,"variation_swatches_tooltip_size":false},"uagb_author_info":{"display_name":"test2.bolderparis.com","author_link":"https:\/\/test2.bolderparis.com\/es\/author\/kaseycases-com\/"},"uagb_comment_info":0,"uagb_excerpt":"Presentaci\u00f3n del sitio web En virtud del art\u00edculo 6 de la Ley n\u00ba 2004-575 de 21 de junio de 2004 sobre la confianza en la econom\u00eda digital, se informa a los usuarios del sitio https:\/\/test2.bolderparis.com de la identidad de las distintas partes interesadas en el marco de su aplicaci\u00f3n y seguimiento: Propietario: BolderSIRET: 91377466700012Direcci\u00f3n postal:&hellip;","jetpack_sharing_enabled":true,"_links":{"self":[{"href":"https:\/\/test2.bolderparis.com\/es\/wp-json\/wp\/v2\/pages\/3896","targetHints":{"allow":["GET"]}}],"collection":[{"href":"https:\/\/test2.bolderparis.com\/es\/wp-json\/wp\/v2\/pages"}],"about":[{"href":"https:\/\/test2.bolderparis.com\/es\/wp-json\/wp\/v2\/types\/page"}],"author":[{"embeddable":true,"href":"https:\/\/test2.bolderparis.com\/es\/wp-json\/wp\/v2\/users\/1"}],"replies":[{"embeddable":true,"href":"https:\/\/test2.bolderparis.com\/es\/wp-json\/wp\/v2\/comments?post=3896"}],"version-history":[{"count":2,"href":"https:\/\/test2.bolderparis.com\/es\/wp-json\/wp\/v2\/pages\/3896\/revisions"}],"predecessor-version":[{"id":3899,"href":"https:\/\/test2.bolderparis.com\/es\/wp-json\/wp\/v2\/pages\/3896\/revisions\/3899"}],"wp:attachment":[{"href":"https:\/\/test2.bolderparis.com\/es\/wp-json\/wp\/v2\/media?parent=3896"}],"curies":[{"name":"wp","href":"https:\/\/api.w.org\/{rel}","templated":true}]}}