{"id":3887,"date":"2024-01-17T16:47:59","date_gmt":"2024-01-17T15:47:59","guid":{"rendered":"https:\/\/test2.bolderparis.com\/preguntas-frecuentes\/"},"modified":"2024-07-25T15:05:15","modified_gmt":"2024-07-25T13:05:15","slug":"preguntas-frecuentes","status":"publish","type":"page","link":"https:\/\/test2.bolderparis.com\/es\/preguntas-frecuentes\/","title":{"rendered":"Preguntas frecuentes"},"content":{"rendered":"\n<div style=\"height:15px\" aria-hidden=\"true\" class=\"wp-block-spacer\"><\/div>\n\n<h4 class=\"wp-block-heading\"><strong>1. \u00bfC\u00f3mo s\u00e9 si mi pedido ha sido procesado?<\/strong><\/h4>\n\n<p>Puedes comprobar el estado de tu pedido directamente desde tu cuenta personal.<\/p>\n\n<p>Una vez que hayas procedido al pago, tambi\u00e9n recibir\u00e1s un correo electr\u00f3nico cuando tu pedido haya sido aceptado, lo que significa que nuestro equipo log\u00edstico empezar\u00e1 a prepararlo.<\/p>\n\n<div style=\"height:15px\" aria-hidden=\"true\" class=\"wp-block-spacer\"><\/div>\n\n<h4 class=\"wp-block-heading\"><strong>2. \u00bfCu\u00e1ndo se enviar\u00e1 mi pedido?<\/strong><\/h4>\n\n<p>Una vez aceptado tu pedido, nuestro equipo log\u00edstico lo recibir\u00e1 en menos de una hora.<\/p>\n\n<p>Si tu compra se ha realizado antes de las 9 de la ma\u00f1ana (UTC+2), nuestro equipo podr\u00e1 enviarla el mismo d\u00eda si es laborable.<\/p>\n\n<p>Si tu pedido se ha procesado despu\u00e9s de las 9 de la ma\u00f1ana (UTC+2), se enviar\u00e1 el siguiente d\u00eda laborable.<\/p>\n\n<p>Nuestro equipo trabaja de lunes a viernes de 9 a 18 h (UTC+2).<\/p>\n\n<p>Una vez enviado tu pedido, se te informar\u00e1 y facilitar\u00e1 el n\u00famero de seguimiento por correo electr\u00f3nico.<\/p>\n\n<p>Ten en cuenta que durante las rebajas o la temporada de vacaciones, los pedidos pueden tardar m\u00e1s en procesarse.<\/p>\n\n<div style=\"height:15px\" aria-hidden=\"true\" class=\"wp-block-spacer\"><\/div>\n\n<h4 class=\"wp-block-heading\"><strong>3. \u00bfPuedo cambiar o cancelar mi pedido?<\/strong><\/h4>\n\n<p>Nuestro equipo log\u00edstico trabaja con rapidez para ofrecerte el mejor rendimiento.\nSi tu pedido a\u00fan no ha sido procesado, podremos cancelarlo o cambiarlo por ti.\nSin embargo, si nuestro equipo de log\u00edstica empez\u00f3 a empaquetar tu pedido, no podremos cancelarlo.    <\/p>\n\n<p>Te invitamos a que compruebes detenidamente si los productos que hay en tu cesta son todos del color, modelo y cantidad deseados.<\/p>\n\n<p>Aseg\u00farate de que nos has proporcionado la direcci\u00f3n de entrega completa correcta antes de pasar por caja.<\/p>\n\n<div style=\"height:15px\" aria-hidden=\"true\" class=\"wp-block-spacer\"><\/div>\n\n<h4 class=\"wp-block-heading\"><strong>4. \u00bfQu\u00e9 hago si recibo un pedido defectuoso?<\/strong><\/h4>\n\n<p>En Kasey, nos aseguramos de controlar cada art\u00edculo despu\u00e9s de la producci\u00f3n y antes de empaquetar tu pedido.<\/p>\n\n<p>Sin embargo, si a pesar de todas nuestras precauciones, se ha enviado un producto defectuoso por error, te pedimos sinceramente disculpas y te invitamos a que te pongas en contacto con nosotros y nos facilites la siguiente informaci\u00f3n:<\/p>\n\n<p>&#8211; N\u00famero de pedido<\/p>\n\n<p>&#8211; Una descripci\u00f3n del problema<\/p>\n\n<p>&#8211; Fotos del producto defectuoso<\/p>\n\n<p>Nos pondremos en contacto contigo para indicarte c\u00f3mo proceder a la devoluci\u00f3n.<\/p>\n\n<div style=\"height:15px\" aria-hidden=\"true\" class=\"wp-block-spacer\"><\/div>\n\n<h4 class=\"wp-block-heading\"><strong>5. \u00bfCu\u00e1les son las opciones de env\u00edo?<\/strong><\/h4>\n\n<p>Puedes elegir una entrega a domicilio est\u00e1ndar, una entrega a domicilio expr\u00e9s o la entrega en un punto de recogida si es posible.<\/p>\n\n<p>Se aplicar\u00e1n gastos de env\u00edo si no se alcanza el importe m\u00ednimo del pedido para la entrega gratuita.\nSe calcular\u00e1n al realizar el pedido. <\/p>\n\n<p>Actualmente trabajamos con Chronopost y Colis priv\u00e9.<\/p>\n\n<div style=\"height:15px\" aria-hidden=\"true\" class=\"wp-block-spacer\"><\/div>\n\n<h4 class=\"wp-block-heading\"><strong>6. \u00bfCu\u00e1les son los impuestos internacionales, aranceles, etc., que tengo que pagar?<\/strong><\/h4>\n\n<p>Si la entrega se realiza fuera de los pa\u00edses de la Uni\u00f3n Europea, cualquier derecho de aduana, impuesto o tasa adicional correr\u00e1 a cargo del cliente ante las autoridades aduaneras y fiscales locales.<\/p>\n\n<p>Antes de hacer un pedido, te aconsejamos que consultes con las autoridades aduaneras y fiscales de tu pa\u00eds.<strong><\/strong><\/p>\n\n<div style=\"height:15px\" aria-hidden=\"true\" class=\"wp-block-spacer\"><\/div>\n\n<h4 class=\"wp-block-heading\"><strong>7. \u00bfQu\u00e9 hago si quiero cambiar un producto que he recibido?<\/strong><\/h4>\n\n<p>Para evitar cualquier error con respecto al modelo, aseg\u00farate de comprobar antes el modelo de tu tel\u00e9fono.<\/p>\n\n<p>Si quieres cambiar un producto, tendr\u00e1s que devolver el que recibiste (consulta la <a href=\"https:\/\/test2.bolderparis.com\/return-and-refund-policy\/\" data-type=\"link\" data-id=\"https:\/\/test2.bolderparis.com\/return-and-refund-policy\/\">p\u00e1gina de pol\u00edtica de devoluciones y reembolsos<\/a>) y hacer un nuevo pedido.<\/p>\n\n<div style=\"height:15px\" aria-hidden=\"true\" class=\"wp-block-spacer\"><\/div>\n\n<h4 class=\"wp-block-heading\"><strong>8. El seguimiento dice que mi paquete est\u00e1 siendo devuelto al remitente, \u00bfqu\u00e9 hago?<\/strong><\/h4>\n\n<p>Si el transportista no pudo entregar el paquete, significa que o bien no pudo localizarte, hubo un error en la direcci\u00f3n, expir\u00f3 el tiempo de espera en taquilla (si elegiste un punto de relevo) o cualquier otra circunstancia que hizo que no pudiera entregar el paquete.<\/p>\n\n<p>Si te das cuenta pronto de que nos devuelven el paquete, puedes intentar ponerte en contacto inmediatamente con el transportista para darle m\u00e1s informaci\u00f3n que le ayude a entregarte el paquete si a\u00fan es posible.\nTambi\u00e9n puedes enviarnos un correo electr\u00f3nico a <a href=\"mailto:orders@test2.bolderparis.com\">orders@test2.bolderparis.com<\/a> o <a href=\"mailto:contact@test2.bolderparis.com\">contact@test2.bolderparis.com<\/a> e intentaremos ayudarte si es posible. <\/p>\n\n<p>Lamentablemente, si no hay posibilidad de que el transportista te ayude, el paquete nos ser\u00e1 devuelto y puede tardar m\u00e1s que el tiempo de env\u00edo.\nPodr\u00e1s comprobar el progreso con el n\u00famero de seguimiento inicial. <\/p>\n\n<p>Una vez que recibamos el paquete, tendr\u00e1s dos opciones:<\/p>\n\n<p>&#8211; Si a\u00fan as\u00ed quieres recibir tu pedido, env\u00edanos un correo electr\u00f3nico en el momento en que sepas que nos devuelven el paquete, d\u00e1ndonos todos tus datos correctos para poder entregarte el paquete.\nSi es posible, te devolveremos el paquete pero tendremos que cobrarte los gastos de env\u00edo. <\/p>\n\n<p>&#8211; Si ya no quieres tu pedido, procederemos al reembolso de tu pedido, pero todos los gastos ocasionados (gastos de env\u00edo, gastos de devoluci\u00f3n, gastos de aduana&#8230;) se deducir\u00e1n del importe total de tu reembolso.<\/p>\n\n<div style=\"height:15px\" aria-hidden=\"true\" class=\"wp-block-spacer\"><\/div>\n\n<h4 class=\"wp-block-heading\"><strong>9. \u00bfCu\u00e1l es la pol\u00edtica de devoluciones?<\/strong><\/h4>\n\n<p>Consulta la <a href=\"https:\/\/test2.bolderparis.com\/return-and-refund-policy\/\" data-type=\"link\" data-id=\"https:\/\/test2.bolderparis.com\/return-and-refund-policy\/\">p\u00e1gina de pol\u00edtica de devoluciones y reembolsos<\/a>.<\/p>\n\n<div style=\"height:15px\" aria-hidden=\"true\" class=\"wp-block-spacer\"><\/div>\n\n<h4 class=\"wp-block-heading\"><strong>10. \u00bfC\u00f3mo puedo ponerme en contacto con tu empresa si mi pregunta no se responde aqu\u00ed?<\/strong><\/h4>\n\n<p>Puedes enviar tu pregunta a <a href=\"mailto:contact@test2.bolderparis.com\">contact@test2.bolderparis.com,<\/a> estaremos encantados de ayudarte.<\/p>\n","protected":false},"excerpt":{"rendered":"<p>1. \u00bfC\u00f3mo s\u00e9 si mi pedido ha sido procesado? Puedes comprobar el estado de tu pedido directamente desde tu cuenta personal. Una vez que hayas procedido al pago, tambi\u00e9n recibir\u00e1s un correo electr\u00f3nico cuando tu pedido haya sido aceptado, lo que significa que nuestro equipo log\u00edstico empezar\u00e1 a prepararlo. 2. \u00bfCu\u00e1ndo se enviar\u00e1 mi pedido? [&hellip;]<\/p>\n","protected":false},"author":1,"featured_media":0,"parent":0,"menu_order":0,"comment_status":"closed","ping_status":"closed","template":"","meta":{"_uag_custom_page_level_css":"","site-sidebar-layout":"default","site-content-layout":"","ast-site-content-layout":"default","site-content-style":"default","site-sidebar-style":"default","ast-global-header-display":"","ast-banner-title-visibility":"","ast-main-header-display":"","ast-hfb-above-header-display":"","ast-hfb-below-header-display":"","ast-hfb-mobile-header-display":"","site-post-title":"","ast-breadcrumbs-content":"","ast-featured-img":"","footer-sml-layout":"","ast-disable-related-posts":"","theme-transparent-header-meta":"","adv-header-id-meta":"","stick-header-meta":"","header-above-stick-meta":"","header-main-stick-meta":"","header-below-stick-meta":"","astra-migrate-meta-layouts":"default","ast-page-background-enabled":"default","ast-page-background-meta":{"desktop":{"background-color":"var(--ast-global-color-4)","background-image":"","background-repeat":"repeat","background-position":"center center","background-size":"auto","background-attachment":"scroll","background-type":"","background-media":"","overlay-type":"","overlay-color":"","overlay-opacity":"","overlay-gradient":""},"tablet":{"background-color":"","background-image":"","background-repeat":"repeat","background-position":"center center","background-size":"auto","background-attachment":"scroll","background-type":"","background-media":"","overlay-type":"","overlay-color":"","overlay-opacity":"","overlay-gradient":""},"mobile":{"background-color":"","background-image":"","background-repeat":"repeat","background-position":"center center","background-size":"auto","background-attachment":"scroll","background-type":"","background-media":"","overlay-type":"","overlay-color":"","overlay-opacity":"","overlay-gradient":""}},"ast-content-background-meta":{"desktop":{"background-color":"var(--ast-global-color-5)","background-image":"","background-repeat":"repeat","background-position":"center center","background-size":"auto","background-attachment":"scroll","background-type":"","background-media":"","overlay-type":"","overlay-color":"","overlay-opacity":"","overlay-gradient":""},"tablet":{"background-color":"var(--ast-global-color-5)","background-image":"","background-repeat":"repeat","background-position":"center center","background-size":"auto","background-attachment":"scroll","background-type":"","background-media":"","overlay-type":"","overlay-color":"","overlay-opacity":"","overlay-gradient":""},"mobile":{"background-color":"var(--ast-global-color-5)","background-image":"","background-repeat":"repeat","background-position":"center center","background-size":"auto","background-attachment":"scroll","background-type":"","background-media":"","overlay-type":"","overlay-color":"","overlay-opacity":"","overlay-gradient":""}},"_themeisle_gutenberg_block_has_review":false,"footnotes":""},"class_list":["post-3887","page","type-page","status-publish","hentry"],"acf":[],"yoast_head":"<!-- This site is optimized with the Yoast SEO plugin v25.1 - https:\/\/yoast.com\/wordpress\/plugins\/seo\/ -->\n<title>Preguntas frecuentes - test2.bolderparis.com<\/title>\n<meta name=\"robots\" content=\"index, follow, max-snippet:-1, max-image-preview:large, max-video-preview:-1\" \/>\n<link rel=\"canonical\" href=\"https:\/\/test2.bolderparis.com\/faq\/\" \/>\n<meta property=\"og:locale\" content=\"es_ES\" \/>\n<meta property=\"og:type\" content=\"article\" \/>\n<meta property=\"og:title\" content=\"Preguntas frecuentes - test2.bolderparis.com\" \/>\n<meta property=\"og:description\" content=\"1. \u00bfC\u00f3mo s\u00e9 si mi pedido ha sido procesado? Puedes comprobar el estado de tu pedido directamente desde tu cuenta personal. Una vez que hayas procedido al pago, tambi\u00e9n recibir\u00e1s un correo electr\u00f3nico cuando tu pedido haya sido aceptado, lo que significa que nuestro equipo log\u00edstico empezar\u00e1 a prepararlo. 2. \u00bfCu\u00e1ndo se enviar\u00e1 mi pedido? [&hellip;]\" \/>\n<meta property=\"og:url\" content=\"https:\/\/test2.bolderparis.com\/faq\/\" \/>\n<meta property=\"og:site_name\" content=\"test2.bolderparis.com\" \/>\n<meta property=\"article:modified_time\" content=\"2024-07-25T13:05:15+00:00\" \/>\n<meta name=\"twitter:card\" content=\"summary_large_image\" \/>\n<meta name=\"twitter:label1\" content=\"Tiempo de lectura\" \/>\n\t<meta name=\"twitter:data1\" content=\"4 minutos\" \/>\n<script type=\"application\/ld+json\" class=\"yoast-schema-graph\">{\"@context\":\"https:\/\/schema.org\",\"@graph\":[{\"@type\":\"WebPage\",\"@id\":\"https:\/\/test2.bolderparis.com\/faq\/\",\"url\":\"https:\/\/test2.bolderparis.com\/faq\/\",\"name\":\"Preguntas frecuentes - test2.bolderparis.com\",\"isPartOf\":{\"@id\":\"https:\/\/test2.bolderparis.com\/#website\"},\"datePublished\":\"2024-01-17T15:47:59+00:00\",\"dateModified\":\"2024-07-25T13:05:15+00:00\",\"breadcrumb\":{\"@id\":\"https:\/\/test2.bolderparis.com\/faq\/#breadcrumb\"},\"inLanguage\":\"es\",\"potentialAction\":[{\"@type\":\"ReadAction\",\"target\":[\"https:\/\/test2.bolderparis.com\/faq\/\"]}]},{\"@type\":\"BreadcrumbList\",\"@id\":\"https:\/\/test2.bolderparis.com\/faq\/#breadcrumb\",\"itemListElement\":[{\"@type\":\"ListItem\",\"position\":1,\"name\":\"Home\",\"item\":\"https:\/\/test2.bolderparis.com\/es\/\"},{\"@type\":\"ListItem\",\"position\":2,\"name\":\"Preguntas frecuentes\"}]},{\"@type\":\"WebSite\",\"@id\":\"https:\/\/test2.bolderparis.com\/#website\",\"url\":\"https:\/\/test2.bolderparis.com\/\",\"name\":\"test2.bolderparis.com\",\"description\":\"only cute people wear kasey\",\"publisher\":{\"@id\":\"https:\/\/test2.bolderparis.com\/#organization\"},\"potentialAction\":[{\"@type\":\"SearchAction\",\"target\":{\"@type\":\"EntryPoint\",\"urlTemplate\":\"https:\/\/test2.bolderparis.com\/?s={search_term_string}\"},\"query-input\":{\"@type\":\"PropertyValueSpecification\",\"valueRequired\":true,\"valueName\":\"search_term_string\"}}],\"inLanguage\":\"es\"},{\"@type\":\"Organization\",\"@id\":\"https:\/\/test2.bolderparis.com\/#organization\",\"name\":\"KASEY CASES\",\"url\":\"https:\/\/test2.bolderparis.com\/\",\"logo\":{\"@type\":\"ImageObject\",\"inLanguage\":\"es\",\"@id\":\"https:\/\/test2.bolderparis.com\/#\/schema\/logo\/image\/\",\"url\":\"https:\/\/test2.bolderparis.com\/wp-content\/uploads\/2024\/07\/cropped-Logo-kasey-2.jpg\",\"contentUrl\":\"https:\/\/test2.bolderparis.com\/wp-content\/uploads\/2024\/07\/cropped-Logo-kasey-2.jpg\",\"width\":620,\"height\":357,\"caption\":\"KASEY CASES\"},\"image\":{\"@id\":\"https:\/\/test2.bolderparis.com\/#\/schema\/logo\/image\/\"},\"sameAs\":[\"https:\/\/www.instagram.com\/kaseycases\/\",\"https:\/\/www.tiktok.com\/@kaseycases\"]}]}<\/script>\n<!-- \/ Yoast SEO plugin. -->","yoast_head_json":{"title":"Preguntas frecuentes - test2.bolderparis.com","robots":{"index":"index","follow":"follow","max-snippet":"max-snippet:-1","max-image-preview":"max-image-preview:large","max-video-preview":"max-video-preview:-1"},"canonical":"https:\/\/test2.bolderparis.com\/faq\/","og_locale":"es_ES","og_type":"article","og_title":"Preguntas frecuentes - test2.bolderparis.com","og_description":"1. \u00bfC\u00f3mo s\u00e9 si mi pedido ha sido procesado? Puedes comprobar el estado de tu pedido directamente desde tu cuenta personal. Una vez que hayas procedido al pago, tambi\u00e9n recibir\u00e1s un correo electr\u00f3nico cuando tu pedido haya sido aceptado, lo que significa que nuestro equipo log\u00edstico empezar\u00e1 a prepararlo. 2. \u00bfCu\u00e1ndo se enviar\u00e1 mi pedido? [&hellip;]","og_url":"https:\/\/test2.bolderparis.com\/faq\/","og_site_name":"test2.bolderparis.com","article_modified_time":"2024-07-25T13:05:15+00:00","twitter_card":"summary_large_image","twitter_misc":{"Tiempo de lectura":"4 minutos"},"schema":{"@context":"https:\/\/schema.org","@graph":[{"@type":"WebPage","@id":"https:\/\/test2.bolderparis.com\/faq\/","url":"https:\/\/test2.bolderparis.com\/faq\/","name":"Preguntas frecuentes - test2.bolderparis.com","isPartOf":{"@id":"https:\/\/test2.bolderparis.com\/#website"},"datePublished":"2024-01-17T15:47:59+00:00","dateModified":"2024-07-25T13:05:15+00:00","breadcrumb":{"@id":"https:\/\/test2.bolderparis.com\/faq\/#breadcrumb"},"inLanguage":"es","potentialAction":[{"@type":"ReadAction","target":["https:\/\/test2.bolderparis.com\/faq\/"]}]},{"@type":"BreadcrumbList","@id":"https:\/\/test2.bolderparis.com\/faq\/#breadcrumb","itemListElement":[{"@type":"ListItem","position":1,"name":"Home","item":"https:\/\/test2.bolderparis.com\/es\/"},{"@type":"ListItem","position":2,"name":"Preguntas frecuentes"}]},{"@type":"WebSite","@id":"https:\/\/test2.bolderparis.com\/#website","url":"https:\/\/test2.bolderparis.com\/","name":"test2.bolderparis.com","description":"only cute people wear kasey","publisher":{"@id":"https:\/\/test2.bolderparis.com\/#organization"},"potentialAction":[{"@type":"SearchAction","target":{"@type":"EntryPoint","urlTemplate":"https:\/\/test2.bolderparis.com\/?s={search_term_string}"},"query-input":{"@type":"PropertyValueSpecification","valueRequired":true,"valueName":"search_term_string"}}],"inLanguage":"es"},{"@type":"Organization","@id":"https:\/\/test2.bolderparis.com\/#organization","name":"KASEY CASES","url":"https:\/\/test2.bolderparis.com\/","logo":{"@type":"ImageObject","inLanguage":"es","@id":"https:\/\/test2.bolderparis.com\/#\/schema\/logo\/image\/","url":"https:\/\/test2.bolderparis.com\/wp-content\/uploads\/2024\/07\/cropped-Logo-kasey-2.jpg","contentUrl":"https:\/\/test2.bolderparis.com\/wp-content\/uploads\/2024\/07\/cropped-Logo-kasey-2.jpg","width":620,"height":357,"caption":"KASEY CASES"},"image":{"@id":"https:\/\/test2.bolderparis.com\/#\/schema\/logo\/image\/"},"sameAs":["https:\/\/www.instagram.com\/kaseycases\/","https:\/\/www.tiktok.com\/@kaseycases"]}]}},"uagb_featured_image_src":{"full":false,"thumbnail":false,"medium":false,"medium_large":false,"large":false,"1536x1536":false,"2048x2048":false,"product-search-thumbnail-32x32":false,"woocommerce_thumbnail":false,"woocommerce_single":false,"woocommerce_gallery_thumbnail":false,"variation_swatches_image_size":false,"variation_swatches_tooltip_size":false},"uagb_author_info":{"display_name":"test2.bolderparis.com","author_link":"https:\/\/test2.bolderparis.com\/es\/author\/kaseycases-com\/"},"uagb_comment_info":0,"uagb_excerpt":"1. \u00bfC\u00f3mo s\u00e9 si mi pedido ha sido procesado? Puedes comprobar el estado de tu pedido directamente desde tu cuenta personal. Una vez que hayas procedido al pago, tambi\u00e9n recibir\u00e1s un correo electr\u00f3nico cuando tu pedido haya sido aceptado, lo que significa que nuestro equipo log\u00edstico empezar\u00e1 a prepararlo. 2. \u00bfCu\u00e1ndo se enviar\u00e1 mi pedido?&hellip;","jetpack_sharing_enabled":true,"_links":{"self":[{"href":"https:\/\/test2.bolderparis.com\/es\/wp-json\/wp\/v2\/pages\/3887","targetHints":{"allow":["GET"]}}],"collection":[{"href":"https:\/\/test2.bolderparis.com\/es\/wp-json\/wp\/v2\/pages"}],"about":[{"href":"https:\/\/test2.bolderparis.com\/es\/wp-json\/wp\/v2\/types\/page"}],"author":[{"embeddable":true,"href":"https:\/\/test2.bolderparis.com\/es\/wp-json\/wp\/v2\/users\/1"}],"replies":[{"embeddable":true,"href":"https:\/\/test2.bolderparis.com\/es\/wp-json\/wp\/v2\/comments?post=3887"}],"version-history":[{"count":4,"href":"https:\/\/test2.bolderparis.com\/es\/wp-json\/wp\/v2\/pages\/3887\/revisions"}],"predecessor-version":[{"id":4004,"href":"https:\/\/test2.bolderparis.com\/es\/wp-json\/wp\/v2\/pages\/3887\/revisions\/4004"}],"wp:attachment":[{"href":"https:\/\/test2.bolderparis.com\/es\/wp-json\/wp\/v2\/media?parent=3887"}],"curies":[{"name":"wp","href":"https:\/\/api.w.org\/{rel}","templated":true}]}}