{"id":3884,"date":"2024-01-17T16:17:27","date_gmt":"2024-01-17T15:17:27","guid":{"rendered":"https:\/\/test2.bolderparis.com\/condiciones-generales-de-venta\/"},"modified":"2024-07-25T13:12:51","modified_gmt":"2024-07-25T11:12:51","slug":"condiciones-generales-de-venta","status":"publish","type":"page","link":"https:\/\/test2.bolderparis.com\/es\/condiciones-generales-de-venta\/","title":{"rendered":"Condiciones generales de venta"},"content":{"rendered":"\n<div style=\"height:10px\" aria-hidden=\"true\" class=\"wp-block-spacer\"><\/div>\n\n<p>Estos T\u00e9rminos y Condiciones rigen tu uso del sitio web ubicado en<a href=\"https:\/\/test2.bolderparis.com\" data-type=\"link\" data-id=\"https:\/\/test2.bolderparis.com\"> https:\/\/test2.bolderparis.com<\/a> y de cualquier servicio relacionado proporcionado por Bolder.<\/p>\n\n<p>Al acceder a <a href=\"https:\/\/test2.bolderparis.com\">https:\/\/test2.bolderparis.com<\/a>, te comprometes a respetar estas Condiciones del servicio y a cumplir todas las leyes y normativas aplicables.\nSi no est\u00e1s de acuerdo con estas Condiciones del servicio, se te proh\u00edbe utilizar o acceder a este sitio web o utilizar cualquier otro servicio proporcionado por Bolder. <\/p>\n\n<p>Nosotros, Bolder, nos reservamos el derecho a revisar y modificar cualquiera de estas Condiciones del servicio a nuestra entera discreci\u00f3n.\nAl hacerlo, actualizaremos esta p\u00e1gina.\nCualquier cambio en estas Condiciones del servicio entrar\u00e1 en vigor inmediatamente a partir de la fecha de su publicaci\u00f3n.  <\/p>\n\n<p>Estas Condiciones del servicio se actualizaron por \u00faltima vez el 17 de enero de 2024.<\/p>\n\n<h2 class=\"wp-block-heading\">Limitaciones de uso<\/h2>\n\n<div style=\"height:10px\" aria-hidden=\"true\" class=\"wp-block-spacer\"><\/div>\n\n<p>Al utilizar este sitio web, garantizas en tu nombre, en el de tus usuarios y en el de otras partes a las que representas que no lo har\u00e1s:<\/p>\n\n<p>&#8211; modificar, copiar, preparar trabajos derivados, descompilar o realizar ingenier\u00eda inversa de cualquier material y software contenido en este sitio web;<\/p>\n\n<p>&#8211; eliminar cualquier copyright u otras anotaciones de propiedad de cualquier material y software de este sitio web;<\/p>\n\n<p>&#8211; transferir los materiales a otra persona o \u00abreflejar\u00bb los materiales en cualquier otro servidor;<\/p>\n\n<p>&#8211; utilizar de forma consciente o negligente este sitio web o cualquiera de sus servicios asociados de forma que abuse o perturbe nuestras redes o cualquier otro servicio que Bolder proporcione;<\/p>\n\n<p>&#8211; utilizar este sitio web o sus servicios asociados para transmitir o publicar cualquier material acosador, indecente, obsceno, fraudulento o ilegal;<\/p>\n\n<p>&#8211; utilizar este sitio web o sus servicios asociados infringiendo cualquier ley o normativa aplicable;<\/p>\n\n<p>&#8211; utilizar este sitio web junto con el env\u00edo de publicidad no autorizada o spam;<\/p>\n\n<p>&#8211; recoger, recopilar o reunir datos del usuario sin su consentimiento; o<\/p>\n\n<p>&#8211; utilizar este sitio web o sus servicios asociados de forma que pueda infringir la privacidad, los derechos de propiedad intelectual u otros derechos de terceros.<\/p>\n\n<h2 class=\"wp-block-heading\">Propiedad intelectual<\/h2>\n\n<div style=\"height:10px\" aria-hidden=\"true\" class=\"wp-block-spacer\"><\/div>\n\n<p>La propiedad intelectual de los materiales contenidos en este sitio web son propiedad de Bolder o est\u00e1n licenciados a Bolder y est\u00e1n protegidos por la legislaci\u00f3n aplicable sobre derechos de autor y marcas registradas.\nConcedemos a nuestros usuarios permiso para descargar una copia de los materiales para uso personal, no comercial y transitorio. <\/p>\n\n<p>Esto constituye la concesi\u00f3n de una licencia, no una transferencia de titularidad.\nEsta licencia finalizar\u00e1 autom\u00e1ticamente si infringes cualquiera de estas restricciones o las Condiciones del Servicio, y podr\u00e1 ser rescindida por Bolder en cualquier momento. <\/p>\n\n<h2 class=\"wp-block-heading\">Contenidos generados por los usuarios  <\/h2>\n\n<div style=\"height:10px\" aria-hidden=\"true\" class=\"wp-block-spacer\"><\/div>\n\n<p>Conservas tus derechos de propiedad intelectual sobre el contenido que nos env\u00edes para su publicaci\u00f3n en nuestro sitio web.\nNunca reclamaremos la propiedad de tu contenido, pero te pedimos una licencia para poder utilizarlo. <\/p>\n\n<p>Cuando utilizas nuestro sitio web o sus servicios asociados para publicar, cargar, compartir o transmitir de cualquier otro modo contenidos amparados por derechos de propiedad intelectual, nos concedes una licencia no exclusiva, libre de derechos de autor, transferible, sublicenciable y mundial para utilizar, distribuir, modificar, ejecutar, copiar, mostrar p\u00fablicamente, traducir o crear de cualquier otro modo obras derivadas de tus contenidos de forma coherente con tus preferencias de privacidad y nuestra Pol\u00edtica de privacidad.<\/p>\n\n<p>La licencia que nos concedes puede rescindirse en cualquier momento eliminando tu contenido o tu cuenta.\nSin embargo, en la medida en que nosotros (o nuestros socios) hayamos utilizado tu contenido en relaci\u00f3n con contenido comercial o patrocinado, la licencia continuar\u00e1 hasta que hayamos interrumpido el anuncio o la publicaci\u00f3n correspondiente. <\/p>\n\n<p>Nos das permiso para utilizar tu nombre de usuario y otra informaci\u00f3n identificativa asociada a tu cuenta de forma coherente con tus preferencias de privacidad y con nuestra Pol\u00edtica de privacidad.<\/p>\n\n<h2 class=\"wp-block-heading\">Responsabilidad<\/h2>\n\n<div style=\"height:10px\" aria-hidden=\"true\" class=\"wp-block-spacer\"><\/div>\n\n<p>Nuestro sitio web y los materiales que contiene se proporcionan \u00abtal cual\u00bb.\nEn la medida en que lo permita la ley, Bolder no ofrece garant\u00edas, expresas o impl\u00edcitas, y por la presente renuncia y niega cualquier otra garant\u00eda, incluidas, sin limitaci\u00f3n, las garant\u00edas o condiciones impl\u00edcitas de comerciabilidad, adecuaci\u00f3n para un fin determinado o no infracci\u00f3n de la propiedad intelectual u otra violaci\u00f3n de derechos. <\/p>\n\n<p>En ning\u00fan caso Bolder o sus proveedores ser\u00e1n responsables de ninguna p\u00e9rdida consecuente sufrida o incurrida por ti o por terceros derivada del uso o de la incapacidad de usar este sitio web o los materiales de este sitio web, incluso si Bolder o un representante autorizado ha sido notificado, oralmente o por escrito, de la posibilidad de tales da\u00f1os.<\/p>\n\n<p>En el contexto de este acuerdo, \u00abp\u00e9rdida consecuencial\u00bb incluye cualquier p\u00e9rdida consecuencial, p\u00e9rdida indirecta, p\u00e9rdida real o anticipada de beneficios, p\u00e9rdida de beneficios, p\u00e9rdida de ingresos, p\u00e9rdida de negocio, p\u00e9rdida de fondo de comercio, p\u00e9rdida de oportunidades, p\u00e9rdida de ahorros, p\u00e9rdida de reputaci\u00f3n, p\u00e9rdida de uso y\/o p\u00e9rdida o corrupci\u00f3n de datos, ya sea en virtud de estatuto, contrato, equidad, agravio (incluyendo negligencia), indemnizaci\u00f3n o de otro modo.<\/p>\n\n<p>Debido a que algunas jurisdicciones no permiten limitaciones en las garant\u00edas impl\u00edcitas, o limitaciones de responsabilidad por da\u00f1os consecuenciales o incidentales, estas limitaciones pueden no ser aplicables en tu caso.<\/p>\n\n<h2 class=\"wp-block-heading\">Precisi\u00f3n de los materiales  <\/h2>\n\n<div style=\"height:10px\" aria-hidden=\"true\" class=\"wp-block-spacer\"><\/div>\n\n<p>Los materiales que aparecen en nuestro sitio web no son exhaustivos y s\u00f3lo tienen fines de informaci\u00f3n general.\nBolder no garantiza ni hace ninguna declaraci\u00f3n sobre la exactitud, los resultados probables o la fiabilidad del uso de los materiales de este sitio web, ni sobre cualquier otro aspecto relacionado con dichos materiales o sobre cualquier recurso vinculado a este sitio web. <\/p>\n\n<h2 class=\"wp-block-heading\">Enlaces  <\/h2>\n\n<div style=\"height:10px\" aria-hidden=\"true\" class=\"wp-block-spacer\"><\/div>\n\n<p>Bolder no ha revisado todos los sitios vinculados a su sitio web y no es responsable de los contenidos de dichos sitios vinculados.\nLa inclusi\u00f3n de cualquier enlace no implica el respaldo, aprobaci\u00f3n o control del sitio por parte de Bolder.\nEl uso de cualquiera de dichos sitios enlazados corre por tu cuenta y riesgo y te recomendamos encarecidamente que realices tus propias investigaciones con respecto a la idoneidad de dichos sitios.  <\/p>\n\n<h2 class=\"wp-block-heading\">Derecho de rescisi\u00f3n  <\/h2>\n\n<div style=\"height:10px\" aria-hidden=\"true\" class=\"wp-block-spacer\"><\/div>\n\n<p>Podemos suspender o rescindir tu derecho a utilizar nuestro sitio web y rescindir estas Condiciones del servicio inmediatamente tras notific\u00e1rtelo por escrito por cualquier incumplimiento de estas Condiciones del servicio.<\/p>\n\n<h2 class=\"wp-block-heading\">Indemnizaci\u00f3n  <\/h2>\n\n<div style=\"height:10px\" aria-hidden=\"true\" class=\"wp-block-spacer\"><\/div>\n\n<p>Cualquier cl\u00e1usula de estas Condiciones del servicio que sea total o parcialmente nula o inaplicable quedar\u00e1 anulada en la medida en que sea nula o inaplicable.\nLa validez del resto de estas Condiciones del servicio no se ver\u00e1 afectada. <\/p>\n\n<h2 class=\"wp-block-heading\">Legislaci\u00f3n aplicable  <\/h2>\n\n<div style=\"height:10px\" aria-hidden=\"true\" class=\"wp-block-spacer\"><\/div>\n\n<p>Estas Condiciones del servicio se rigen e interpretan de acuerdo con las leyes de Francia.\nTe sometes irrevocablemente a la jurisdicci\u00f3n exclusiva de los tribunales de dicho Estado o localidad. <\/p>\n","protected":false},"excerpt":{"rendered":"<p>Estos T\u00e9rminos y Condiciones rigen tu uso del sitio web ubicado en https:\/\/test2.bolderparis.com y de cualquier servicio relacionado proporcionado por Bolder. Al acceder a https:\/\/test2.bolderparis.com, te comprometes a respetar estas Condiciones del servicio y a cumplir todas las leyes y normativas aplicables. Si no est\u00e1s de acuerdo con estas Condiciones del servicio, se te proh\u00edbe [&hellip;]<\/p>\n","protected":false},"author":1,"featured_media":0,"parent":0,"menu_order":0,"comment_status":"closed","ping_status":"closed","template":"","meta":{"_uag_custom_page_level_css":"","site-sidebar-layout":"default","site-content-layout":"","ast-site-content-layout":"default","site-content-style":"default","site-sidebar-style":"default","ast-global-header-display":"","ast-banner-title-visibility":"","ast-main-header-display":"","ast-hfb-above-header-display":"","ast-hfb-below-header-display":"","ast-hfb-mobile-header-display":"","site-post-title":"","ast-breadcrumbs-content":"","ast-featured-img":"","footer-sml-layout":"","ast-disable-related-posts":"","theme-transparent-header-meta":"","adv-header-id-meta":"","stick-header-meta":"","header-above-stick-meta":"","header-main-stick-meta":"","header-below-stick-meta":"","astra-migrate-meta-layouts":"default","ast-page-background-enabled":"default","ast-page-background-meta":{"desktop":{"background-color":"var(--ast-global-color-4)","background-image":"","background-repeat":"repeat","background-position":"center center","background-size":"auto","background-attachment":"scroll","background-type":"","background-media":"","overlay-type":"","overlay-color":"","overlay-opacity":"","overlay-gradient":""},"tablet":{"background-color":"","background-image":"","background-repeat":"repeat","background-position":"center center","background-size":"auto","background-attachment":"scroll","background-type":"","background-media":"","overlay-type":"","overlay-color":"","overlay-opacity":"","overlay-gradient":""},"mobile":{"background-color":"","background-image":"","background-repeat":"repeat","background-position":"center center","background-size":"auto","background-attachment":"scroll","background-type":"","background-media":"","overlay-type":"","overlay-color":"","overlay-opacity":"","overlay-gradient":""}},"ast-content-background-meta":{"desktop":{"background-color":"var(--ast-global-color-5)","background-image":"","background-repeat":"repeat","background-position":"center center","background-size":"auto","background-attachment":"scroll","background-type":"","background-media":"","overlay-type":"","overlay-color":"","overlay-opacity":"","overlay-gradient":""},"tablet":{"background-color":"var(--ast-global-color-5)","background-image":"","background-repeat":"repeat","background-position":"center center","background-size":"auto","background-attachment":"scroll","background-type":"","background-media":"","overlay-type":"","overlay-color":"","overlay-opacity":"","overlay-gradient":""},"mobile":{"background-color":"var(--ast-global-color-5)","background-image":"","background-repeat":"repeat","background-position":"center center","background-size":"auto","background-attachment":"scroll","background-type":"","background-media":"","overlay-type":"","overlay-color":"","overlay-opacity":"","overlay-gradient":""}},"_themeisle_gutenberg_block_has_review":false,"footnotes":""},"class_list":["post-3884","page","type-page","status-publish","hentry"],"acf":[],"yoast_head":"<!-- This site is optimized with the Yoast SEO plugin v25.1 - https:\/\/yoast.com\/wordpress\/plugins\/seo\/ -->\n<title>Condiciones generales de venta - test2.bolderparis.com<\/title>\n<meta name=\"robots\" content=\"index, follow, max-snippet:-1, max-image-preview:large, max-video-preview:-1\" \/>\n<link rel=\"canonical\" href=\"https:\/\/test2.bolderparis.com\/general-sales-terms-and-conditions\/\" \/>\n<meta property=\"og:locale\" content=\"es_ES\" \/>\n<meta property=\"og:type\" content=\"article\" \/>\n<meta property=\"og:title\" content=\"Condiciones generales de venta - test2.bolderparis.com\" \/>\n<meta property=\"og:description\" content=\"Estos T\u00e9rminos y Condiciones rigen tu uso del sitio web ubicado en https:\/\/test2.bolderparis.com y de cualquier servicio relacionado proporcionado por Bolder. Al acceder a https:\/\/test2.bolderparis.com, te comprometes a respetar estas Condiciones del servicio y a cumplir todas las leyes y normativas aplicables. Si no est\u00e1s de acuerdo con estas Condiciones del servicio, se te proh\u00edbe [&hellip;]\" \/>\n<meta property=\"og:url\" content=\"https:\/\/test2.bolderparis.com\/general-sales-terms-and-conditions\/\" \/>\n<meta property=\"og:site_name\" content=\"test2.bolderparis.com\" \/>\n<meta property=\"article:modified_time\" content=\"2024-07-25T11:12:51+00:00\" \/>\n<meta name=\"twitter:card\" content=\"summary_large_image\" \/>\n<meta name=\"twitter:label1\" content=\"Tiempo de lectura\" \/>\n\t<meta name=\"twitter:data1\" content=\"6 minutos\" \/>\n<script type=\"application\/ld+json\" class=\"yoast-schema-graph\">{\"@context\":\"https:\/\/schema.org\",\"@graph\":[{\"@type\":\"WebPage\",\"@id\":\"https:\/\/test2.bolderparis.com\/general-sales-terms-and-conditions\/\",\"url\":\"https:\/\/test2.bolderparis.com\/general-sales-terms-and-conditions\/\",\"name\":\"Condiciones generales de venta - test2.bolderparis.com\",\"isPartOf\":{\"@id\":\"https:\/\/test2.bolderparis.com\/#website\"},\"datePublished\":\"2024-01-17T15:17:27+00:00\",\"dateModified\":\"2024-07-25T11:12:51+00:00\",\"breadcrumb\":{\"@id\":\"https:\/\/test2.bolderparis.com\/general-sales-terms-and-conditions\/#breadcrumb\"},\"inLanguage\":\"es\",\"potentialAction\":[{\"@type\":\"ReadAction\",\"target\":[\"https:\/\/test2.bolderparis.com\/general-sales-terms-and-conditions\/\"]}]},{\"@type\":\"BreadcrumbList\",\"@id\":\"https:\/\/test2.bolderparis.com\/general-sales-terms-and-conditions\/#breadcrumb\",\"itemListElement\":[{\"@type\":\"ListItem\",\"position\":1,\"name\":\"Home\",\"item\":\"https:\/\/test2.bolderparis.com\/es\/\"},{\"@type\":\"ListItem\",\"position\":2,\"name\":\"Condiciones generales de venta\"}]},{\"@type\":\"WebSite\",\"@id\":\"https:\/\/test2.bolderparis.com\/#website\",\"url\":\"https:\/\/test2.bolderparis.com\/\",\"name\":\"test2.bolderparis.com\",\"description\":\"only cute people wear kasey\",\"publisher\":{\"@id\":\"https:\/\/test2.bolderparis.com\/#organization\"},\"potentialAction\":[{\"@type\":\"SearchAction\",\"target\":{\"@type\":\"EntryPoint\",\"urlTemplate\":\"https:\/\/test2.bolderparis.com\/?s={search_term_string}\"},\"query-input\":{\"@type\":\"PropertyValueSpecification\",\"valueRequired\":true,\"valueName\":\"search_term_string\"}}],\"inLanguage\":\"es\"},{\"@type\":\"Organization\",\"@id\":\"https:\/\/test2.bolderparis.com\/#organization\",\"name\":\"KASEY CASES\",\"url\":\"https:\/\/test2.bolderparis.com\/\",\"logo\":{\"@type\":\"ImageObject\",\"inLanguage\":\"es\",\"@id\":\"https:\/\/test2.bolderparis.com\/#\/schema\/logo\/image\/\",\"url\":\"https:\/\/test2.bolderparis.com\/wp-content\/uploads\/2024\/07\/cropped-Logo-kasey-2.jpg\",\"contentUrl\":\"https:\/\/test2.bolderparis.com\/wp-content\/uploads\/2024\/07\/cropped-Logo-kasey-2.jpg\",\"width\":620,\"height\":357,\"caption\":\"KASEY CASES\"},\"image\":{\"@id\":\"https:\/\/test2.bolderparis.com\/#\/schema\/logo\/image\/\"},\"sameAs\":[\"https:\/\/www.instagram.com\/kaseycases\/\",\"https:\/\/www.tiktok.com\/@kaseycases\"]}]}<\/script>\n<!-- \/ Yoast SEO plugin. -->","yoast_head_json":{"title":"Condiciones generales de venta - test2.bolderparis.com","robots":{"index":"index","follow":"follow","max-snippet":"max-snippet:-1","max-image-preview":"max-image-preview:large","max-video-preview":"max-video-preview:-1"},"canonical":"https:\/\/test2.bolderparis.com\/general-sales-terms-and-conditions\/","og_locale":"es_ES","og_type":"article","og_title":"Condiciones generales de venta - test2.bolderparis.com","og_description":"Estos T\u00e9rminos y Condiciones rigen tu uso del sitio web ubicado en https:\/\/test2.bolderparis.com y de cualquier servicio relacionado proporcionado por Bolder. Al acceder a https:\/\/test2.bolderparis.com, te comprometes a respetar estas Condiciones del servicio y a cumplir todas las leyes y normativas aplicables. Si no est\u00e1s de acuerdo con estas Condiciones del servicio, se te proh\u00edbe [&hellip;]","og_url":"https:\/\/test2.bolderparis.com\/general-sales-terms-and-conditions\/","og_site_name":"test2.bolderparis.com","article_modified_time":"2024-07-25T11:12:51+00:00","twitter_card":"summary_large_image","twitter_misc":{"Tiempo de lectura":"6 minutos"},"schema":{"@context":"https:\/\/schema.org","@graph":[{"@type":"WebPage","@id":"https:\/\/test2.bolderparis.com\/general-sales-terms-and-conditions\/","url":"https:\/\/test2.bolderparis.com\/general-sales-terms-and-conditions\/","name":"Condiciones generales de venta - test2.bolderparis.com","isPartOf":{"@id":"https:\/\/test2.bolderparis.com\/#website"},"datePublished":"2024-01-17T15:17:27+00:00","dateModified":"2024-07-25T11:12:51+00:00","breadcrumb":{"@id":"https:\/\/test2.bolderparis.com\/general-sales-terms-and-conditions\/#breadcrumb"},"inLanguage":"es","potentialAction":[{"@type":"ReadAction","target":["https:\/\/test2.bolderparis.com\/general-sales-terms-and-conditions\/"]}]},{"@type":"BreadcrumbList","@id":"https:\/\/test2.bolderparis.com\/general-sales-terms-and-conditions\/#breadcrumb","itemListElement":[{"@type":"ListItem","position":1,"name":"Home","item":"https:\/\/test2.bolderparis.com\/es\/"},{"@type":"ListItem","position":2,"name":"Condiciones generales de venta"}]},{"@type":"WebSite","@id":"https:\/\/test2.bolderparis.com\/#website","url":"https:\/\/test2.bolderparis.com\/","name":"test2.bolderparis.com","description":"only cute people wear kasey","publisher":{"@id":"https:\/\/test2.bolderparis.com\/#organization"},"potentialAction":[{"@type":"SearchAction","target":{"@type":"EntryPoint","urlTemplate":"https:\/\/test2.bolderparis.com\/?s={search_term_string}"},"query-input":{"@type":"PropertyValueSpecification","valueRequired":true,"valueName":"search_term_string"}}],"inLanguage":"es"},{"@type":"Organization","@id":"https:\/\/test2.bolderparis.com\/#organization","name":"KASEY CASES","url":"https:\/\/test2.bolderparis.com\/","logo":{"@type":"ImageObject","inLanguage":"es","@id":"https:\/\/test2.bolderparis.com\/#\/schema\/logo\/image\/","url":"https:\/\/test2.bolderparis.com\/wp-content\/uploads\/2024\/07\/cropped-Logo-kasey-2.jpg","contentUrl":"https:\/\/test2.bolderparis.com\/wp-content\/uploads\/2024\/07\/cropped-Logo-kasey-2.jpg","width":620,"height":357,"caption":"KASEY CASES"},"image":{"@id":"https:\/\/test2.bolderparis.com\/#\/schema\/logo\/image\/"},"sameAs":["https:\/\/www.instagram.com\/kaseycases\/","https:\/\/www.tiktok.com\/@kaseycases"]}]}},"uagb_featured_image_src":{"full":false,"thumbnail":false,"medium":false,"medium_large":false,"large":false,"1536x1536":false,"2048x2048":false,"product-search-thumbnail-32x32":false,"woocommerce_thumbnail":false,"woocommerce_single":false,"woocommerce_gallery_thumbnail":false,"variation_swatches_image_size":false,"variation_swatches_tooltip_size":false},"uagb_author_info":{"display_name":"test2.bolderparis.com","author_link":"https:\/\/test2.bolderparis.com\/es\/author\/kaseycases-com\/"},"uagb_comment_info":0,"uagb_excerpt":"Estos T\u00e9rminos y Condiciones rigen tu uso del sitio web ubicado en https:\/\/test2.bolderparis.com y de cualquier servicio relacionado proporcionado por Bolder. Al acceder a https:\/\/test2.bolderparis.com, te comprometes a respetar estas Condiciones del servicio y a cumplir todas las leyes y normativas aplicables. Si no est\u00e1s de acuerdo con estas Condiciones del servicio, se te proh\u00edbe&hellip;","jetpack_sharing_enabled":true,"_links":{"self":[{"href":"https:\/\/test2.bolderparis.com\/es\/wp-json\/wp\/v2\/pages\/3884","targetHints":{"allow":["GET"]}}],"collection":[{"href":"https:\/\/test2.bolderparis.com\/es\/wp-json\/wp\/v2\/pages"}],"about":[{"href":"https:\/\/test2.bolderparis.com\/es\/wp-json\/wp\/v2\/types\/page"}],"author":[{"embeddable":true,"href":"https:\/\/test2.bolderparis.com\/es\/wp-json\/wp\/v2\/users\/1"}],"replies":[{"embeddable":true,"href":"https:\/\/test2.bolderparis.com\/es\/wp-json\/wp\/v2\/comments?post=3884"}],"version-history":[{"count":2,"href":"https:\/\/test2.bolderparis.com\/es\/wp-json\/wp\/v2\/pages\/3884\/revisions"}],"predecessor-version":[{"id":3886,"href":"https:\/\/test2.bolderparis.com\/es\/wp-json\/wp\/v2\/pages\/3884\/revisions\/3886"}],"wp:attachment":[{"href":"https:\/\/test2.bolderparis.com\/es\/wp-json\/wp\/v2\/media?parent=3884"}],"curies":[{"name":"wp","href":"https:\/\/api.w.org\/{rel}","templated":true}]}}